{"id":2076,"date":"2025-05-10T20:26:44","date_gmt":"2025-05-10T18:26:44","guid":{"rendered":"https:\/\/wordpress.nibis.de\/gsleng\/?page_id=2076"},"modified":"2026-01-03T15:34:18","modified_gmt":"2026-01-03T14:34:18","slug":"lehrerkollegium","status":"publish","type":"page","link":"https:\/\/wordpress.nibis.de\/gsleng\/lehrerkollegium\/","title":{"rendered":"Lehrerkollegium"},"content":{"rendered":"\n<p>Im Schuljahr 2024\/25 besteht unser Team der Grundschule Lengerich aus&nbsp;unserer Schulleitung, sieben Lehrkr\u00e4ften, einer F\u00f6rderschullehrkraft, einem Referendar, einer Schulsozialarbeiterin, einem Hausmeister sowie 6 p\u00e4dagogischen Mitarbeiterinnen.<\/p>\n","protected":false},"excerpt":{"rendered":"<p>Im Schuljahr 2024\/25 besteht unser Team der Grundschule Lengerich aus&nbsp;unserer Schulleitung, sieben Lehrkr\u00e4ften, einer F\u00f6rderschullehrkraft, einem Referendar, einer Schulsozialarbeiterin, einem<\/p>\n","protected":false},"author":9193462,"featured_media":0,"parent":0,"menu_order":0,"comment_status":"closed","ping_status":"closed","template":"","meta":{"footnotes":""},"class_list":["post-2076","page","type-page","status-publish","hentry"],"_links":{"self":[{"href":"https:\/\/wordpress.nibis.de\/gsleng\/wp-json\/wp\/v2\/pages\/2076","targetHints":{"allow":["GET"]}}],"collection":[{"href":"https:\/\/wordpress.nibis.de\/gsleng\/wp-json\/wp\/v2\/pages"}],"about":[{"href":"https:\/\/wordpress.nibis.de\/gsleng\/wp-json\/wp\/v2\/types\/page"}],"author":[{"embeddable":true,"href":"https:\/\/wordpress.nibis.de\/gsleng\/wp-json\/wp\/v2\/users\/9193462"}],"replies":[{"embeddable":true,"href":"https:\/\/wordpress.nibis.de\/gsleng\/wp-json\/wp\/v2\/comments?post=2076"}],"version-history":[{"count":4,"href":"https:\/\/wordpress.nibis.de\/gsleng\/wp-json\/wp\/v2\/pages\/2076\/revisions"}],"predecessor-version":[{"id":2437,"href":"https:\/\/wordpress.nibis.de\/gsleng\/wp-json\/wp\/v2\/pages\/2076\/revisions\/2437"}],"wp:attachment":[{"href":"https:\/\/wordpress.nibis.de\/gsleng\/wp-json\/wp\/v2\/media?parent=2076"}],"curies":[{"name":"wp","href":"https:\/\/api.w.org\/{rel}","templated":true}]}}