{"id":2078,"date":"2025-05-10T20:26:46","date_gmt":"2025-05-10T18:26:46","guid":{"rendered":"https:\/\/wordpress.nibis.de\/gsleng\/?page_id=2078"},"modified":"2025-05-27T14:20:30","modified_gmt":"2025-05-27T12:20:30","slug":"oeffnungszeiten-sekretariat","status":"publish","type":"page","link":"https:\/\/wordpress.nibis.de\/gsleng\/oeffnungszeiten-sekretariat\/","title":{"rendered":"\u00d6ffnungszeiten Sekretariat"},"content":{"rendered":"\n<div class=\"wp-block-image\"><figure class=\"alignleft size-large is-resized\"><img loading=\"lazy\" decoding=\"async\" src=\"https:\/\/wordpress.nibis.de\/gsleng\/files\/2025\/05\/Screenshot-2025-05-27-141336-512x675.png\" alt=\"\" class=\"wp-image-2203\" width=\"527\" height=\"695\" \/><\/figure><\/div>\n\n\n\n<p><\/p>\n\n\n\n<p><\/p>\n\n\n\n<p>Herzlich Willkommen!<\/p>\n\n\n\n<p>Wir freuen uns sehr Frau Geers als neue Sekret\u00e4rin an unserer Schule begr\u00fc\u00dfen zu d\u00fcrfen.<\/p>\n\n\n\n<p><br>Das Sekretariat wird zuk\u00fcnftig montags und mittwochs im Zeitraum von 07:55 Uhr &#8211; 11:50 Uhr von ihr besetzt sein.<\/p>\n","protected":false},"excerpt":{"rendered":"<p>Herzlich Willkommen! Wir freuen uns sehr Frau Geers als neue Sekret\u00e4rin an unserer Schule begr\u00fc\u00dfen zu d\u00fcrfen. Das Sekretariat wird<\/p>\n","protected":false},"author":9193462,"featured_media":0,"parent":0,"menu_order":0,"comment_status":"closed","ping_status":"closed","template":"","meta":{"footnotes":""},"class_list":["post-2078","page","type-page","status-publish","hentry"],"_links":{"self":[{"href":"https:\/\/wordpress.nibis.de\/gsleng\/wp-json\/wp\/v2\/pages\/2078","targetHints":{"allow":["GET"]}}],"collection":[{"href":"https:\/\/wordpress.nibis.de\/gsleng\/wp-json\/wp\/v2\/pages"}],"about":[{"href":"https:\/\/wordpress.nibis.de\/gsleng\/wp-json\/wp\/v2\/types\/page"}],"author":[{"embeddable":true,"href":"https:\/\/wordpress.nibis.de\/gsleng\/wp-json\/wp\/v2\/users\/9193462"}],"replies":[{"embeddable":true,"href":"https:\/\/wordpress.nibis.de\/gsleng\/wp-json\/wp\/v2\/comments?post=2078"}],"version-history":[{"count":11,"href":"https:\/\/wordpress.nibis.de\/gsleng\/wp-json\/wp\/v2\/pages\/2078\/revisions"}],"predecessor-version":[{"id":2212,"href":"https:\/\/wordpress.nibis.de\/gsleng\/wp-json\/wp\/v2\/pages\/2078\/revisions\/2212"}],"wp:attachment":[{"href":"https:\/\/wordpress.nibis.de\/gsleng\/wp-json\/wp\/v2\/media?parent=2078"}],"curies":[{"name":"wp","href":"https:\/\/api.w.org\/{rel}","templated":true}]}}