{"id":2149,"date":"2025-05-10T20:52:28","date_gmt":"2025-05-10T18:52:28","guid":{"rendered":"https:\/\/wordpress.nibis.de\/gsleng\/?page_id=2149"},"modified":"2025-06-01T20:46:34","modified_gmt":"2025-06-01T18:46:34","slug":"vorstand","status":"publish","type":"page","link":"https:\/\/wordpress.nibis.de\/gsleng\/vorstand\/","title":{"rendered":"F\u00f6rderverein Grundschule Lengerich e. V."},"content":{"rendered":"\n<h1 class=\"wp-block-heading\">Vorstand <\/h1>\n\n\n\n<ol class=\"wp-block-list\" type=\"1\"><li>Vorsitzende: Nadine Breckweg<\/li><li>Vorsitzende: Cornelia Kuhl<\/li><\/ol>\n\n\n\n<p>Kassenwartin: Katja H\u00f6ving<\/p>\n\n\n\n<p>Schriftf\u00fchrerin: Anja Richter<\/p>\n\n\n\n<p>Kassenpr\u00fcfer: Kerstin Holterhus und Philipp Kalmer<\/p>\n\n\n\n<p><\/p>\n\n\n\n<h2 class=\"wp-block-heading\">Brosch\u00fcre F\u00f6rderverein Grundschule Lengerich e. V.<\/h2>\n\n\n\n<div data-wp-interactive=\"core\/file\" class=\"wp-block-file\"><object data-wp-bind--hidden=\"!state.hasPdfPreview\" hidden class=\"wp-block-file__embed\" data=\"https:\/\/wordpress.nibis.de\/gsleng\/files\/2025\/06\/Broschuere.pdf\" type=\"application\/pdf\" style=\"width:100%;height:600px\" aria-label=\"Einbettung von Einbettung von Brosch\u00fcre F\u00f6rderverein..\"><\/object><a id=\"wp-block-file--media-152ec62a-bb17-4f3d-986c-f15d660969a8\" href=\"https:\/\/wordpress.nibis.de\/gsleng\/files\/2025\/06\/Broschuere.pdf\">Brosch\u00fcre F\u00f6rderverein<\/a><a href=\"https:\/\/wordpress.nibis.de\/gsleng\/files\/2025\/06\/Broschuere.pdf\" class=\"wp-block-file__button\" download aria-describedby=\"wp-block-file--media-152ec62a-bb17-4f3d-986c-f15d660969a8\">Herunterladen<\/a><\/div>\n\n\n\n<p><\/p>\n","protected":false},"excerpt":{"rendered":"<p>Vorstand Vorsitzende: Nadine Breckweg Vorsitzende: Cornelia Kuhl Kassenwartin: Katja H\u00f6ving Schriftf\u00fchrerin: Anja Richter Kassenpr\u00fcfer: Kerstin Holterhus und Philipp Kalmer Brosch\u00fcre<\/p>\n","protected":false},"author":9193462,"featured_media":0,"parent":0,"menu_order":0,"comment_status":"closed","ping_status":"closed","template":"","meta":{"footnotes":""},"class_list":["post-2149","page","type-page","status-publish","hentry"],"_links":{"self":[{"href":"https:\/\/wordpress.nibis.de\/gsleng\/wp-json\/wp\/v2\/pages\/2149","targetHints":{"allow":["GET"]}}],"collection":[{"href":"https:\/\/wordpress.nibis.de\/gsleng\/wp-json\/wp\/v2\/pages"}],"about":[{"href":"https:\/\/wordpress.nibis.de\/gsleng\/wp-json\/wp\/v2\/types\/page"}],"author":[{"embeddable":true,"href":"https:\/\/wordpress.nibis.de\/gsleng\/wp-json\/wp\/v2\/users\/9193462"}],"replies":[{"embeddable":true,"href":"https:\/\/wordpress.nibis.de\/gsleng\/wp-json\/wp\/v2\/comments?post=2149"}],"version-history":[{"count":5,"href":"https:\/\/wordpress.nibis.de\/gsleng\/wp-json\/wp\/v2\/pages\/2149\/revisions"}],"predecessor-version":[{"id":2221,"href":"https:\/\/wordpress.nibis.de\/gsleng\/wp-json\/wp\/v2\/pages\/2149\/revisions\/2221"}],"wp:attachment":[{"href":"https:\/\/wordpress.nibis.de\/gsleng\/wp-json\/wp\/v2\/media?parent=2149"}],"curies":[{"name":"wp","href":"https:\/\/api.w.org\/{rel}","templated":true}]}}