{"id":2151,"date":"2025-05-10T20:52:29","date_gmt":"2025-05-10T18:52:29","guid":{"rendered":"https:\/\/wordpress.nibis.de\/gsleng\/?page_id=2151"},"modified":"2025-06-02T09:30:46","modified_gmt":"2025-06-02T07:30:46","slug":"aktivitaeten","status":"publish","type":"page","link":"https:\/\/wordpress.nibis.de\/gsleng\/aktivitaeten\/","title":{"rendered":"Aktivit\u00e4ten"},"content":{"rendered":"\n<p>Es gelingt dem F\u00f6rderverein und dessen Unterst\u00fctzern schon seit vielen Jahren materielle und ideelle Dinge f\u00fcr die Schule und die Sch\u00fclerInnen anzuschaffen und bei Projekten zu unterst\u00fctzen. Aber auch die F\u00f6rderung der Schulgemeinschaft stand immer schon im Mittelpunkte des F\u00f6rdervereins. So gab es auch immer wieder Feste und Begegnungen, die durch den F\u00f6rderverein und die vielen Unterst\u00fctzer noch sch\u00f6ner geworden sind.<\/p>\n\n\n\n<p>Wunschzettel<\/p>\n\n\n\n<p>Dank unseres engagierten F\u00f6rdervereins konnten zahlreiche W\u00fcnsche erf\u00fcllt werden:<\/p>\n\n\n\n<ul class=\"wp-block-list\"><li>neue Spiele auf unserem Schulhof<\/li><li>Gesellschaftsspiele f\u00fcr die Betreuung und den Ganztag<\/li><li>Kooperationsspiele f\u00fcr unser Sozialtraining<\/li><li>Headsets f\u00fcr Auftritte<\/li><li>Mobile Lautsprecheranlage<\/li><li>ein Kamishibai (Erz\u00e4hltheater)<\/li><li>Geobretter f\u00fcr den Matheunterricht<\/li><li>kostenlose Schulplaner f\u00fcr jeden Sch\u00fcler<\/li><\/ul>\n\n\n\n<p>VIELEN DANK!<\/p>\n\n\n\n<h2 class=\"wp-block-heading\">03.03.2025 Rosenmontag<\/h2>\n\n\n\n<p>Am Rosenmontag \u00fcberraschte uns der F\u00f6rderverein mit einer Extraportion Kamelle f\u00fcr unsere Sch\u00fclerinnen und Sch\u00fcler. Wir freuten uns sehr \u00fcber die gelungene Aktion.<\/p>\n\n\n\n<figure class=\"wp-block-image size-large is-resized\"><img loading=\"lazy\" decoding=\"async\" src=\"https:\/\/wordpress.nibis.de\/gsleng\/files\/2025\/06\/Rosenmontag-klein-640x675.jpg\" alt=\"\" class=\"wp-image-2228\" width=\"375\" height=\"395\" \/><\/figure>\n\n\n\n<h2 class=\"wp-block-heading\">10.08.2024 Spenden\u00fcbergabe neue Nestschaukel<\/h2>\n\n\n\n<figure class=\"wp-block-image size-full\"><img loading=\"lazy\" decoding=\"async\" width=\"768\" height=\"640\" src=\"https:\/\/wordpress.nibis.de\/gsleng\/files\/2025\/06\/Spende.png\" alt=\"\" class=\"wp-image-2226\" srcset=\"https:\/\/wordpress.nibis.de\/gsleng\/files\/2025\/06\/Spende.png 768w, https:\/\/wordpress.nibis.de\/gsleng\/files\/2025\/06\/Spende-169x141.png 169w\" sizes=\"auto, (max-width: 768px) 100vw, 768px\" \/><\/figure>\n\n\n\n<h2 class=\"wp-block-heading\">19.04.2024 Schulfest<\/h2>\n\n\n\n<figure class=\"wp-block-image size-large\"><img loading=\"lazy\" decoding=\"async\" width=\"562\" height=\"675\" src=\"https:\/\/wordpress.nibis.de\/gsleng\/files\/2025\/06\/Bericht-Schulfest-562x675.jpg\" alt=\"\" class=\"wp-image-2224\" \/><\/figure>\n","protected":false},"excerpt":{"rendered":"<p>Es gelingt dem F\u00f6rderverein und dessen Unterst\u00fctzern schon seit vielen Jahren materielle und ideelle Dinge f\u00fcr die Schule und die<\/p>\n","protected":false},"author":9193462,"featured_media":0,"parent":0,"menu_order":0,"comment_status":"closed","ping_status":"closed","template":"","meta":{"footnotes":""},"class_list":["post-2151","page","type-page","status-publish","hentry"],"_links":{"self":[{"href":"https:\/\/wordpress.nibis.de\/gsleng\/wp-json\/wp\/v2\/pages\/2151","targetHints":{"allow":["GET"]}}],"collection":[{"href":"https:\/\/wordpress.nibis.de\/gsleng\/wp-json\/wp\/v2\/pages"}],"about":[{"href":"https:\/\/wordpress.nibis.de\/gsleng\/wp-json\/wp\/v2\/types\/page"}],"author":[{"embeddable":true,"href":"https:\/\/wordpress.nibis.de\/gsleng\/wp-json\/wp\/v2\/users\/9193462"}],"replies":[{"embeddable":true,"href":"https:\/\/wordpress.nibis.de\/gsleng\/wp-json\/wp\/v2\/comments?post=2151"}],"version-history":[{"count":5,"href":"https:\/\/wordpress.nibis.de\/gsleng\/wp-json\/wp\/v2\/pages\/2151\/revisions"}],"predecessor-version":[{"id":2230,"href":"https:\/\/wordpress.nibis.de\/gsleng\/wp-json\/wp\/v2\/pages\/2151\/revisions\/2230"}],"wp:attachment":[{"href":"https:\/\/wordpress.nibis.de\/gsleng\/wp-json\/wp\/v2\/media?parent=2151"}],"curies":[{"name":"wp","href":"https:\/\/api.w.org\/{rel}","templated":true}]}}