{"id":2162,"date":"2025-05-10T20:56:59","date_gmt":"2025-05-10T18:56:59","guid":{"rendered":"https:\/\/wordpress.nibis.de\/gsleng\/?page_id=2162"},"modified":"2025-06-01T20:49:36","modified_gmt":"2025-06-01T18:49:36","slug":"mitglied-werden","status":"publish","type":"page","link":"https:\/\/wordpress.nibis.de\/gsleng\/mitglied-werden\/","title":{"rendered":"Mitglied werden"},"content":{"rendered":"\n<p>Unser F\u00f6rderverein unterst\u00fctzt und erm\u00f6glicht viele Aktivit\u00e4ten\/Projekte f\u00fcr unsere Sch\u00fclerinnen und Sch\u00fcler (einige Beispiele f\u00fcr diese k\u00f6nnen unter der Rubrik &#8222;Aktivit\u00e4ten&#8220; eingesehen werden). Um dies weiterhin zu gew\u00e4hrleisten, ist es wichtig, dass er viele Mitglieder hat. <\/p>\n\n\n\n<p>Wir freuen uns \u00fcber jedes Mitglied und Ihr Engagement!<\/p>\n\n\n\n<p>Nachfolgend finden Sie auf dieser Seite die Beitrittserkl\u00e4rung f\u00fcr den F\u00f6rderverein Grundschule Lengerich e. V.  <\/p>\n\n\n\n<div data-wp-interactive=\"core\/file\" class=\"wp-block-file\"><object data-wp-bind--hidden=\"!state.hasPdfPreview\" hidden class=\"wp-block-file__embed\" data=\"https:\/\/wordpress.nibis.de\/gsleng\/files\/2025\/06\/Beitrittserklaerung-1.pdf\" type=\"application\/pdf\" style=\"width:100%;height:600px\" aria-label=\"Einbettung von Einbettung von Beitrittserklaerung..\"><\/object><a id=\"wp-block-file--media-322ab43e-78e5-4c4d-ac7f-e28dc339eeab\" href=\"https:\/\/wordpress.nibis.de\/gsleng\/files\/2025\/06\/Beitrittserklaerung-1.pdf\">Beitrittserklaerung<\/a><a href=\"https:\/\/wordpress.nibis.de\/gsleng\/files\/2025\/06\/Beitrittserklaerung-1.pdf\" class=\"wp-block-file__button\" download aria-describedby=\"wp-block-file--media-322ab43e-78e5-4c4d-ac7f-e28dc339eeab\">Herunterladen<\/a><\/div>\n\n\n\n<p><\/p>\n","protected":false},"excerpt":{"rendered":"<p>Unser F\u00f6rderverein unterst\u00fctzt und erm\u00f6glicht viele Aktivit\u00e4ten\/Projekte f\u00fcr unsere Sch\u00fclerinnen und Sch\u00fcler (einige Beispiele f\u00fcr diese k\u00f6nnen unter der Rubrik<\/p>\n","protected":false},"author":9193462,"featured_media":0,"parent":0,"menu_order":0,"comment_status":"closed","ping_status":"closed","template":"","meta":{"footnotes":""},"class_list":["post-2162","page","type-page","status-publish","hentry"],"_links":{"self":[{"href":"https:\/\/wordpress.nibis.de\/gsleng\/wp-json\/wp\/v2\/pages\/2162","targetHints":{"allow":["GET"]}}],"collection":[{"href":"https:\/\/wordpress.nibis.de\/gsleng\/wp-json\/wp\/v2\/pages"}],"about":[{"href":"https:\/\/wordpress.nibis.de\/gsleng\/wp-json\/wp\/v2\/types\/page"}],"author":[{"embeddable":true,"href":"https:\/\/wordpress.nibis.de\/gsleng\/wp-json\/wp\/v2\/users\/9193462"}],"replies":[{"embeddable":true,"href":"https:\/\/wordpress.nibis.de\/gsleng\/wp-json\/wp\/v2\/comments?post=2162"}],"version-history":[{"count":3,"href":"https:\/\/wordpress.nibis.de\/gsleng\/wp-json\/wp\/v2\/pages\/2162\/revisions"}],"predecessor-version":[{"id":2222,"href":"https:\/\/wordpress.nibis.de\/gsleng\/wp-json\/wp\/v2\/pages\/2162\/revisions\/2222"}],"wp:attachment":[{"href":"https:\/\/wordpress.nibis.de\/gsleng\/wp-json\/wp\/v2\/media?parent=2162"}],"curies":[{"name":"wp","href":"https:\/\/api.w.org\/{rel}","templated":true}]}}