{"id":2272,"date":"2025-08-21T07:41:54","date_gmt":"2025-08-21T05:41:54","guid":{"rendered":"https:\/\/wordpress.nibis.de\/gsleng\/?page_id=2272"},"modified":"2025-08-21T07:49:34","modified_gmt":"2025-08-21T05:49:34","slug":"verlaessliche-grundschule","status":"publish","type":"page","link":"https:\/\/wordpress.nibis.de\/gsleng\/verlaessliche-grundschule\/","title":{"rendered":"Verl\u00e4ssliche Grundschule"},"content":{"rendered":"\n<p>Im Rahmen der Verl\u00e4sslichkeit wird den Eltern die verl\u00e4ssliche Betreuung ihres Kindes von f\u00fcnf Stunden am Vormittag zugesichert.<\/p>\n\n\n\n<p>Nach dem Kernunterricht in den Jahrg\u00e4ngen 1 und 2 besteht f\u00fcr alle Sch\u00fclerinnen und Sch\u00fcler dieser Jahrg\u00e4nge die M\u00f6glichkeit der Betreuung durch p\u00e4dagogische Mitarbeiterinnen.<br><strong><br>Vormittag<\/strong><br>07.55 Uhr:&nbsp; Beginn der 1. Unterrichtsstunde<br>11.45 Uhr:&nbsp; &nbsp;Ende der 4. Unterrichtsstunde<br>11.50 bis 12.35 Uhr: Betreuungsstunde<br><br>Die Betreuungsstunde ist ein freiwilliges Angebot f\u00fcr die Klasse 1 und 2, das f\u00fcr die komplette Woche gew\u00e4hlt werden muss.<\/p>\n\n\n\n<p>Die Anmeldung ist immer zum Schuljahresbeginn und zum Halbjahr m\u00f6glich. Hierzu erhalten Sie einen Elternbrief.<\/p>\n","protected":false},"excerpt":{"rendered":"<p>Im Rahmen der Verl\u00e4sslichkeit wird den Eltern die verl\u00e4ssliche Betreuung ihres Kindes von f\u00fcnf Stunden am Vormittag zugesichert. Nach dem<\/p>\n","protected":false},"author":9193462,"featured_media":0,"parent":0,"menu_order":0,"comment_status":"closed","ping_status":"closed","template":"","meta":{"footnotes":""},"class_list":["post-2272","page","type-page","status-publish","hentry"],"_links":{"self":[{"href":"https:\/\/wordpress.nibis.de\/gsleng\/wp-json\/wp\/v2\/pages\/2272","targetHints":{"allow":["GET"]}}],"collection":[{"href":"https:\/\/wordpress.nibis.de\/gsleng\/wp-json\/wp\/v2\/pages"}],"about":[{"href":"https:\/\/wordpress.nibis.de\/gsleng\/wp-json\/wp\/v2\/types\/page"}],"author":[{"embeddable":true,"href":"https:\/\/wordpress.nibis.de\/gsleng\/wp-json\/wp\/v2\/users\/9193462"}],"replies":[{"embeddable":true,"href":"https:\/\/wordpress.nibis.de\/gsleng\/wp-json\/wp\/v2\/comments?post=2272"}],"version-history":[{"count":2,"href":"https:\/\/wordpress.nibis.de\/gsleng\/wp-json\/wp\/v2\/pages\/2272\/revisions"}],"predecessor-version":[{"id":2320,"href":"https:\/\/wordpress.nibis.de\/gsleng\/wp-json\/wp\/v2\/pages\/2272\/revisions\/2320"}],"wp:attachment":[{"href":"https:\/\/wordpress.nibis.de\/gsleng\/wp-json\/wp\/v2\/media?parent=2272"}],"curies":[{"name":"wp","href":"https:\/\/api.w.org\/{rel}","templated":true}]}}