{"id":2273,"date":"2025-08-21T07:41:54","date_gmt":"2025-08-21T05:41:54","guid":{"rendered":"https:\/\/wordpress.nibis.de\/gsleng\/?page_id=2273"},"modified":"2025-08-21T07:50:05","modified_gmt":"2025-08-21T05:50:05","slug":"ganztagsschule","status":"publish","type":"page","link":"https:\/\/wordpress.nibis.de\/gsleng\/ganztagsschule\/","title":{"rendered":"Ganztagsschule"},"content":{"rendered":"\n<p>Im Rahmen eines offenen Ganztagsangebotes hat jedes Kind die M\u00f6glichkeit, von Montag bis Donnerstag an nachmitt\u00e4glichen Angeboten einschlie\u00dflich Mittagessen und Hausaufgabenbetreuung teilzunehmen.<br><strong><br>Mittagessen<\/strong><br>12.35 \u2013 13.10 Uhr in der Mensa der Oberschule<br><br><strong>Nachmittag<br><\/strong>13.10 \u2013 13.30 Uhr: Freies Spielen (meistens drau\u00dfen)&nbsp;&nbsp;&nbsp; &nbsp;&nbsp;&nbsp; &nbsp;&nbsp;&nbsp; &nbsp;&nbsp;&nbsp;&nbsp;&nbsp;<br>13.30 \u2013 14.30 Uhr: Hausaufgabenzeit<br>14.30 \u2013 15.30 Uhr: Arbeitsgemeinschaften<\/p>\n\n\n\n<p>Die Anmeldung ist verbindlich f\u00fcr ein Halbjahr. Hierzu erhalten Sie einen Elternbrief zum Schuljahresbeginn und zum Halbjahr.&nbsp;<\/p>\n","protected":false},"excerpt":{"rendered":"<p>Im Rahmen eines offenen Ganztagsangebotes hat jedes Kind die M\u00f6glichkeit, von Montag bis Donnerstag an nachmitt\u00e4glichen Angeboten einschlie\u00dflich Mittagessen und<\/p>\n","protected":false},"author":9193462,"featured_media":0,"parent":0,"menu_order":0,"comment_status":"closed","ping_status":"closed","template":"","meta":{"footnotes":""},"class_list":["post-2273","page","type-page","status-publish","hentry"],"_links":{"self":[{"href":"https:\/\/wordpress.nibis.de\/gsleng\/wp-json\/wp\/v2\/pages\/2273","targetHints":{"allow":["GET"]}}],"collection":[{"href":"https:\/\/wordpress.nibis.de\/gsleng\/wp-json\/wp\/v2\/pages"}],"about":[{"href":"https:\/\/wordpress.nibis.de\/gsleng\/wp-json\/wp\/v2\/types\/page"}],"author":[{"embeddable":true,"href":"https:\/\/wordpress.nibis.de\/gsleng\/wp-json\/wp\/v2\/users\/9193462"}],"replies":[{"embeddable":true,"href":"https:\/\/wordpress.nibis.de\/gsleng\/wp-json\/wp\/v2\/comments?post=2273"}],"version-history":[{"count":2,"href":"https:\/\/wordpress.nibis.de\/gsleng\/wp-json\/wp\/v2\/pages\/2273\/revisions"}],"predecessor-version":[{"id":2321,"href":"https:\/\/wordpress.nibis.de\/gsleng\/wp-json\/wp\/v2\/pages\/2273\/revisions\/2321"}],"wp:attachment":[{"href":"https:\/\/wordpress.nibis.de\/gsleng\/wp-json\/wp\/v2\/media?parent=2273"}],"curies":[{"name":"wp","href":"https:\/\/api.w.org\/{rel}","templated":true}]}}