{"id":2340,"date":"2025-08-21T13:35:35","date_gmt":"2025-08-21T11:35:35","guid":{"rendered":"https:\/\/wordpress.nibis.de\/gsleng\/?page_id=2340"},"modified":"2025-09-08T15:11:54","modified_gmt":"2025-09-08T13:11:54","slug":"schuelervollversammlung","status":"publish","type":"page","link":"https:\/\/wordpress.nibis.de\/gsleng\/schuelervollversammlung\/","title":{"rendered":"Sch\u00fclervollversammlung"},"content":{"rendered":"\n<ol class=\"wp-block-list\"><li>Sch\u00fclervollversammlung<\/li><\/ol>\n\n\n\n<p>Am 28.08.2025 fand unsere erste Sch\u00fclervollsammlung im neuen Schuljahr statt.<\/p>\n\n\n\n<p>Nachdem die neuen 1. Kl\u00e4ssler begr\u00fc\u00dft wurden, wurden uns unsere neuen Pausenhofspielzeuge und -ger\u00e4te von unserem F\u00f6rderverein vorgestellt. Au\u00dferdem haben wir als Motto des Monats weiterhin die Toilettenhygiene festgehalten, welche auch unseren Erstkl\u00e4sslern noch einmal erkl\u00e4rt wurden.<\/p>\n","protected":false},"excerpt":{"rendered":"<p>Sch\u00fclervollversammlung Am 28.08.2025 fand unsere erste Sch\u00fclervollsammlung im neuen Schuljahr statt. Nachdem die neuen 1. Kl\u00e4ssler begr\u00fc\u00dft wurden, wurden uns<\/p>\n","protected":false},"author":9193462,"featured_media":0,"parent":0,"menu_order":0,"comment_status":"closed","ping_status":"closed","template":"","meta":{"footnotes":""},"class_list":["post-2340","page","type-page","status-publish","hentry"],"_links":{"self":[{"href":"https:\/\/wordpress.nibis.de\/gsleng\/wp-json\/wp\/v2\/pages\/2340","targetHints":{"allow":["GET"]}}],"collection":[{"href":"https:\/\/wordpress.nibis.de\/gsleng\/wp-json\/wp\/v2\/pages"}],"about":[{"href":"https:\/\/wordpress.nibis.de\/gsleng\/wp-json\/wp\/v2\/types\/page"}],"author":[{"embeddable":true,"href":"https:\/\/wordpress.nibis.de\/gsleng\/wp-json\/wp\/v2\/users\/9193462"}],"replies":[{"embeddable":true,"href":"https:\/\/wordpress.nibis.de\/gsleng\/wp-json\/wp\/v2\/comments?post=2340"}],"version-history":[{"count":3,"href":"https:\/\/wordpress.nibis.de\/gsleng\/wp-json\/wp\/v2\/pages\/2340\/revisions"}],"predecessor-version":[{"id":2384,"href":"https:\/\/wordpress.nibis.de\/gsleng\/wp-json\/wp\/v2\/pages\/2340\/revisions\/2384"}],"wp:attachment":[{"href":"https:\/\/wordpress.nibis.de\/gsleng\/wp-json\/wp\/v2\/media?parent=2340"}],"curies":[{"name":"wp","href":"https:\/\/api.w.org\/{rel}","templated":true}]}}