{"id":2368,"date":"2025-09-08T13:19:03","date_gmt":"2025-09-08T11:19:03","guid":{"rendered":"https:\/\/wordpress.nibis.de\/gsleng\/?page_id=2368"},"modified":"2025-09-08T15:03:07","modified_gmt":"2025-09-08T13:03:07","slug":"schulobst","status":"publish","type":"page","link":"https:\/\/wordpress.nibis.de\/gsleng\/schulobst\/","title":{"rendered":"Schulobst"},"content":{"rendered":"\n<p>Wir freuen uns sehr dar\u00fcber, dass wir in diesem Schuljahr (2025\/2026) an dem Schulobstprogramm der Europ\u00e4ischen Union teilnehmen k\u00f6nnen.<\/p>\n\n\n\n<p>Dank der hervorragenden Unterst\u00fctzung unserer Elternschaft, kann dieses auch problemlos umgesetzt werden.<\/p>\n\n\n\n<p>Am 16.09.2025 erhalten die Kinder zum ersten Mal in ihren Klassen das Obst, dass von den Eltern dienstags, mittwochs und donnerstags gewaschen, portioniert und ausgeteilt wird.<\/p>\n\n\n\n<p>Mittwochs unterst\u00fctzen einige Kinder der Klasse 4 die Eltern beim Portionieren des Obstes und dem Verteilen der Dosen.<\/p>\n\n\n\n<p>Das EU-Schulprogramm unterst\u00fctzt die kostenlose Verteilung von Obst, Gem\u00fcse und Milch in der gesamten Europ\u00e4ischen Union und ist Teil eines umfassenderen Bildungsprogramms zur europ\u00e4ischen Landwirtschaft und zu den Vorteilen gesunder Ern\u00e4hrung. Es wird in Niedersachsen fl\u00e4chendeckend angeboten.<\/p>\n\n\n\n<p>Weitere Informationen zum EU-Schulprogramm finden Sie <a href=\"https:\/\/www.schulprogramm.niedersachsen.de\/informationen-fuer-bildungseinrichtungen\/\">hier<\/a>.<\/p>\n","protected":false},"excerpt":{"rendered":"<p>Wir freuen uns sehr dar\u00fcber, dass wir in diesem Schuljahr (2025\/2026) an dem Schulobstprogramm der Europ\u00e4ischen Union teilnehmen k\u00f6nnen. Dank<\/p>\n","protected":false},"author":9193462,"featured_media":0,"parent":0,"menu_order":0,"comment_status":"closed","ping_status":"closed","template":"","meta":{"footnotes":""},"class_list":["post-2368","page","type-page","status-publish","hentry"],"_links":{"self":[{"href":"https:\/\/wordpress.nibis.de\/gsleng\/wp-json\/wp\/v2\/pages\/2368","targetHints":{"allow":["GET"]}}],"collection":[{"href":"https:\/\/wordpress.nibis.de\/gsleng\/wp-json\/wp\/v2\/pages"}],"about":[{"href":"https:\/\/wordpress.nibis.de\/gsleng\/wp-json\/wp\/v2\/types\/page"}],"author":[{"embeddable":true,"href":"https:\/\/wordpress.nibis.de\/gsleng\/wp-json\/wp\/v2\/users\/9193462"}],"replies":[{"embeddable":true,"href":"https:\/\/wordpress.nibis.de\/gsleng\/wp-json\/wp\/v2\/comments?post=2368"}],"version-history":[{"count":3,"href":"https:\/\/wordpress.nibis.de\/gsleng\/wp-json\/wp\/v2\/pages\/2368\/revisions"}],"predecessor-version":[{"id":2382,"href":"https:\/\/wordpress.nibis.de\/gsleng\/wp-json\/wp\/v2\/pages\/2368\/revisions\/2382"}],"wp:attachment":[{"href":"https:\/\/wordpress.nibis.de\/gsleng\/wp-json\/wp\/v2\/media?parent=2368"}],"curies":[{"name":"wp","href":"https:\/\/api.w.org\/{rel}","templated":true}]}}