{"id":131,"date":"2021-11-17T14:05:49","date_gmt":"2021-11-17T13:05:49","guid":{"rendered":"https:\/\/wordpress.nibis.de\/gslengden\/?page_id=131"},"modified":"2022-09-28T18:44:39","modified_gmt":"2022-09-28T16:44:39","slug":"kooperation-deutsches-theater","status":"publish","type":"page","link":"https:\/\/wordpress.nibis.de\/gslengden\/kooperation-deutsches-theater\/","title":{"rendered":"Schultanzwoche"},"content":{"rendered":"<p style=\"text-align: center\"><span style=\"font-family: helvetica, arial, sans-serif;font-size: 14pt\"><strong>Schultanzwoche &#8222;MUSA&#8220;<\/strong><\/span><\/p>\n<p style=\"text-align: left\"><span style=\"font-family: helvetica, arial, sans-serif\"><strong><a href=\"https:\/\/wordpress.nibis.de\/gslengden\/kooperation-deutsches-theater\/img_0110-001\/\" rel=\"attachment wp-att-265\"><img loading=\"lazy\" decoding=\"async\" class=\"alignnone size-full wp-image-265\" src=\"https:\/\/wordpress.nibis.de\/gslengden\/files\/2022\/09\/IMG_0110-001-scaled.jpg\" alt=\"\" width=\"2560\" height=\"1707\" srcset=\"https:\/\/wordpress.nibis.de\/gslengden\/files\/2022\/09\/IMG_0110-001-scaled.jpg 2560w, https:\/\/wordpress.nibis.de\/gslengden\/files\/2022\/09\/IMG_0110-001-768x512.jpg 768w, https:\/\/wordpress.nibis.de\/gslengden\/files\/2022\/09\/IMG_0110-001-1536x1024.jpg 1536w, https:\/\/wordpress.nibis.de\/gslengden\/files\/2022\/09\/IMG_0110-001-2048x1366.jpg 2048w\" sizes=\"auto, (max-width: 2560px) 100vw, 2560px\" \/><\/a><\/strong><\/span><\/p>\n<p style=\"text-align: center\"><span style=\"font-family: helvetica, arial, sans-serif\"><strong>WARUM TANZ?<\/strong><\/span><\/p>\n<p><span style=\"font-family: helvetica, arial, sans-serif\">Tanz, Bewegung, Choreographie und gemeinsames Auftreten er\u00f6ffnen den Kindern eine neue Welt, in der auf ein gemeinsames Ergebnis hingearbeitet wird. Tanz bedeutet Spa\u00df und f\u00f6rdert wichtige Entwicklungsschritte. Die Kinder entwickeln individuelle Ausdrucksm\u00f6glichkeiten und lernen auf kreative Weise gegenseitiges Vertrauen und Respekt (vgl. Musa Schultanzwochen).<\/span><\/p>\n<p><a href=\"https:\/\/wordpress.nibis.de\/gslengden\/kooperation-deutsches-theater\/img_6222-002\/\" rel=\"attachment wp-att-268\"><img loading=\"lazy\" decoding=\"async\" class=\"alignnone size-full wp-image-268\" src=\"https:\/\/wordpress.nibis.de\/gslengden\/files\/2022\/09\/IMG_6222-002.jpg\" alt=\"\" width=\"640\" height=\"432\" \/><\/a><\/p>\n<p><a href=\"https:\/\/wordpress.nibis.de\/gslengden\/kooperation-deutsches-theater\/img_6163\/\" rel=\"attachment wp-att-270\"><img loading=\"lazy\" decoding=\"async\" class=\"alignnone size-full wp-image-270\" src=\"https:\/\/wordpress.nibis.de\/gslengden\/files\/2022\/09\/IMG_6163.jpg\" alt=\"\" width=\"640\" height=\"480\" \/><\/a><\/p>\n<p><span style=\"font-family: helvetica, arial, sans-serif\">Vom 2. \u2013 6. Mai 2022 <\/span><span style=\"font-family: helvetica, arial, sans-serif\">fand unsere Schultanzwoche statt.<\/span><\/p>\n<p><span style=\"font-family: helvetica, arial, sans-serif\">Wir bildeten 4 Gruppen. Jede Gruppe erhielt eine Woche lang t\u00e4glich 2 Stunden lang Unterricht in einer Tanzart: Hip-Hop, Break Dance, Modern Dance oder Kontaktimprovisation.<\/span><\/p>\n<p><span style=\"font-family: helvetica, arial, sans-serif\"> Am Ende der Woche gab es eine Vorf\u00fchrung, in der die Kinder ihre Ergebnisse pr\u00e4sentierten. Alle Eltern waren hierzu herzlich eingeladen. <\/span><\/p>\n<p><span style=\"font-family: helvetica, arial, sans-serif\">Die Kinder ernteten donnernden Applaus. <\/span><span style=\"font-family: helvetica, arial, sans-serif\">Als herzliches Dankesch\u00f6n f\u00fcr dieses gro\u00dfartige Erlebnis \u00fcberreichten die Kinder ihren Trainer*innen eine Tulpe.<\/span><\/p>\n","protected":false},"excerpt":{"rendered":"<p>Schultanzwoche &#8222;MUSA&#8220; WARUM TANZ? Tanz, Bewegung, Choreographie und gemeinsames Auftreten er\u00f6ffnen den Kindern eine neue Welt, in der auf ein gemeinsames Ergebnis hingearbeitet wird. Tanz bedeutet Spa\u00df und f\u00f6rdert wichtige Entwicklungsschritte. Die Kinder entwickeln individuelle Ausdrucksm\u00f6glichkeiten und lernen auf kreative Weise gegenseitiges Vertrauen und Respekt (vgl. Musa Schultanzwochen). Vom 2. \u2013 6. Mai 2022 fand &#8230; <a title=\"Schultanzwoche\" class=\"read-more\" href=\"https:\/\/wordpress.nibis.de\/gslengden\/kooperation-deutsches-theater\/\" aria-label=\"Mehr Informationen \u00fcber Schultanzwoche\">Weiterlesen<\/a><\/p>\n","protected":false},"author":9193904,"featured_media":0,"parent":0,"menu_order":0,"comment_status":"closed","ping_status":"closed","template":"","meta":{"footnotes":""},"class_list":["post-131","page","type-page","status-publish"],"_links":{"self":[{"href":"https:\/\/wordpress.nibis.de\/gslengden\/wp-json\/wp\/v2\/pages\/131","targetHints":{"allow":["GET"]}}],"collection":[{"href":"https:\/\/wordpress.nibis.de\/gslengden\/wp-json\/wp\/v2\/pages"}],"about":[{"href":"https:\/\/wordpress.nibis.de\/gslengden\/wp-json\/wp\/v2\/types\/page"}],"author":[{"embeddable":true,"href":"https:\/\/wordpress.nibis.de\/gslengden\/wp-json\/wp\/v2\/users\/9193904"}],"replies":[{"embeddable":true,"href":"https:\/\/wordpress.nibis.de\/gslengden\/wp-json\/wp\/v2\/comments?post=131"}],"version-history":[{"count":8,"href":"https:\/\/wordpress.nibis.de\/gslengden\/wp-json\/wp\/v2\/pages\/131\/revisions"}],"predecessor-version":[{"id":272,"href":"https:\/\/wordpress.nibis.de\/gslengden\/wp-json\/wp\/v2\/pages\/131\/revisions\/272"}],"wp:attachment":[{"href":"https:\/\/wordpress.nibis.de\/gslengden\/wp-json\/wp\/v2\/media?parent=131"}],"curies":[{"name":"wp","href":"https:\/\/api.w.org\/{rel}","templated":true}]}}