{"id":140,"date":"2021-11-17T14:10:25","date_gmt":"2021-11-17T13:10:25","guid":{"rendered":"https:\/\/wordpress.nibis.de\/gslengden\/?page_id=140"},"modified":"2023-09-15T14:17:57","modified_gmt":"2023-09-15T12:17:57","slug":"elterninformation","status":"publish","type":"page","link":"https:\/\/wordpress.nibis.de\/gslengden\/elterninformation\/","title":{"rendered":"Elterninformation"},"content":{"rendered":"<p><span style=\"font-family: arial, helvetica, sans-serif\">Liebe Eltern,<\/span><\/p>\n<p><span style=\"font-family: arial, helvetica, sans-serif\">wir bieten im Schulhalbjahr 2023 \/ 2024 an 4 Tagen (Montag \u2013 Donnerstag) eine Ganztagsbetreuung bis 15.30 Uhr (16.00 Uhr f\u00fcr Fahrsch\u00fcler*innen) an. Sie k\u00f6nnen Ihr Kind f\u00fcr die Teilnahme an 1, 2, 3 oder 4 Nachmittagen anmelden.<\/span><\/p>\n<p><span style=\"font-family: arial, helvetica, sans-serif\">Mittags wird ein warmes Essen angeboten. Die Kosten betragen 4,10 Euro pro Mahlzeit (Empf\u00e4nger*innen von Sozialleistungen k\u00f6nnen einen Zuschuss aus dem Bildungs- und Teilhabepaket beantragen). Es besteht auch die M\u00f6glichkeit, dass Ihr Kind mitgebrachte Speisen (Brot, etc.) verzehrt.<\/span><\/p>\n<p><span style=\"font-family: arial, helvetica, sans-serif\">Hierzu noch einige Hinweise:<\/span><\/p>\n<ul>\n<li><span style=\"font-family: arial, helvetica, sans-serif\">Die Teilnahme am Ganztagsangebot ist freiwillig. Sollten Sie Ihr Kind anmelden, ist die Anmeldung jedoch f\u00fcr <strong>ein<\/strong> <strong>Schulhalbjahr<\/strong> <strong>verbindlich<\/strong>.<\/span><\/li>\n<li><span style=\"font-family: arial, helvetica, sans-serif\">Als <strong>Entschuldigungen<\/strong> f\u00fcr das Fehlen werden Gr\u00fcnde anerkannt, die auch f\u00fcr den Unterricht am Vormittag gelten.<\/span><\/li>\n<li><span style=\"font-family: arial, helvetica, sans-serif\">Der Ganztagsbetrieb endet regul\u00e4r um <strong>15.30 Uhr<\/strong> bzw. <strong>16.00 Uhr<\/strong>. Wir haben eine zus\u00e4tzliche Abholzeit um <strong>14.15 Uhr<\/strong> eingerichtet. Bitte informieren Sie das Ganztagsteam \u00fcber IServ (<a href=\"&#x6d;&#97;&#x69;&#x6c;t&#x6f;&#58;g&#x61;&#110;z&#x74;&#97;&#x67;&#x40;g&#x73;&#45;g&#x72;&#111;s&#x73;&#108;&#x65;&#x6e;&#103;&#x64;&#x65;n&#x2e;&#100;e\">&#103;&#x61;n&#122;&#x74;a&#103;&#x40;g&#115;&#x2d;g&#114;&#x6f;s&#115;&#x6c;e&#110;&#x67;d&#101;&#x6e;&#46;&#100;&#x65;<\/a>) oder die Klassenlehrerin schriftlich \u00fcber die Postmappe, falls Sie die fr\u00fchere Zeit w\u00fcnschen. \u00a0Zu anderen Zeiten k\u00f6nnen die Kinder nicht abgeholt werden. Es ist nicht m\u00f6glich, dass die Kinder w\u00e4hrend des Ganztages die Schule verlassen und zu einem sp\u00e4teren Zeitpunkt zur\u00fcckkehren.<\/span><\/li>\n<li><span style=\"font-family: arial, helvetica, sans-serif\">Bitte warten Sie vor dem Schulgeb\u00e4ude auf Ihre Kinder.<\/span><\/li>\n<\/ul>\n<p><span style=\"font-family: arial, helvetica, sans-serif\">Mit freundlichen Gr\u00fc\u00dfen<\/span><\/p>\n<p><span style=\"font-family: arial, helvetica, sans-serif\"><strong>Silke Preu\u00dfe<\/strong><\/span><\/p>\n","protected":false},"excerpt":{"rendered":"<p>Liebe Eltern, wir bieten im Schulhalbjahr 2023 \/ 2024 an 4 Tagen (Montag \u2013 Donnerstag) eine Ganztagsbetreuung bis 15.30 Uhr (16.00 Uhr f\u00fcr Fahrsch\u00fcler*innen) an. Sie k\u00f6nnen Ihr Kind f\u00fcr die Teilnahme an 1, 2, 3 oder 4 Nachmittagen anmelden. Mittags wird ein warmes Essen angeboten. Die Kosten betragen 4,10 Euro pro Mahlzeit (Empf\u00e4nger*innen von &#8230; <a title=\"Elterninformation\" class=\"read-more\" href=\"https:\/\/wordpress.nibis.de\/gslengden\/elterninformation\/\" aria-label=\"Mehr Informationen \u00fcber Elterninformation\">Weiterlesen<\/a><\/p>\n","protected":false},"author":9193904,"featured_media":0,"parent":0,"menu_order":0,"comment_status":"closed","ping_status":"closed","template":"","meta":{"footnotes":""},"class_list":["post-140","page","type-page","status-publish"],"_links":{"self":[{"href":"https:\/\/wordpress.nibis.de\/gslengden\/wp-json\/wp\/v2\/pages\/140","targetHints":{"allow":["GET"]}}],"collection":[{"href":"https:\/\/wordpress.nibis.de\/gslengden\/wp-json\/wp\/v2\/pages"}],"about":[{"href":"https:\/\/wordpress.nibis.de\/gslengden\/wp-json\/wp\/v2\/types\/page"}],"author":[{"embeddable":true,"href":"https:\/\/wordpress.nibis.de\/gslengden\/wp-json\/wp\/v2\/users\/9193904"}],"replies":[{"embeddable":true,"href":"https:\/\/wordpress.nibis.de\/gslengden\/wp-json\/wp\/v2\/comments?post=140"}],"version-history":[{"count":6,"href":"https:\/\/wordpress.nibis.de\/gslengden\/wp-json\/wp\/v2\/pages\/140\/revisions"}],"predecessor-version":[{"id":309,"href":"https:\/\/wordpress.nibis.de\/gslengden\/wp-json\/wp\/v2\/pages\/140\/revisions\/309"}],"wp:attachment":[{"href":"https:\/\/wordpress.nibis.de\/gslengden\/wp-json\/wp\/v2\/media?parent=140"}],"curies":[{"name":"wp","href":"https:\/\/api.w.org\/{rel}","templated":true}]}}