{"id":155,"date":"2021-11-19T19:17:07","date_gmt":"2021-11-19T18:17:07","guid":{"rendered":"https:\/\/wordpress.nibis.de\/gslengden\/?page_id=155"},"modified":"2021-11-22T14:27:14","modified_gmt":"2021-11-22T13:27:14","slug":"iserv","status":"publish","type":"page","link":"https:\/\/wordpress.nibis.de\/gslengden\/iserv\/","title":{"rendered":"IServ"},"content":{"rendered":"\r\n<p>Die Grundschule Gro\u00df Lengden nutzt den Schulserver IServ.<\/p>\r\n\r\n\r\n\r\n<p>Die Eltern der Grundschule Gro\u00df Lengden erhalten Zugang zu unserem Server. IServ ist eine abgesicherte Kommunikationsplattform, die ausschlie\u00dflich schulintern f\u00fcr schulische Zwecke genutzt wird. Alle Erziehungsberechtigten, Sch\u00fcler und Mitarbeiter der Grundschule Gro\u00df Lengden haben Zugriff, jeder durch einen eigenen Benutzernamen mit eigenem Passwort.<\/p>\r\n<p><a href=\"https:\/\/gs-grosslengden.de\/\" target=\"_blank\" rel=\"noopener\">https:\/\/gs-grosslengden.de\/<\/a><\/p>\r\n\r\n\r\n\r\n<p>&nbsp;<\/p>\r\n","protected":false},"excerpt":{"rendered":"<p>Die Grundschule Gro\u00df Lengden nutzt den Schulserver IServ. Die Eltern der Grundschule Gro\u00df Lengden erhalten Zugang zu unserem Server. IServ ist eine abgesicherte Kommunikationsplattform, die ausschlie\u00dflich schulintern f\u00fcr schulische Zwecke genutzt wird. Alle Erziehungsberechtigten, Sch\u00fcler und Mitarbeiter der Grundschule Gro\u00df Lengden haben Zugriff, jeder durch einen eigenen Benutzernamen mit eigenem Passwort. https:\/\/gs-grosslengden.de\/ &nbsp;<\/p>\n","protected":false},"author":9193904,"featured_media":0,"parent":0,"menu_order":0,"comment_status":"closed","ping_status":"closed","template":"","meta":{"footnotes":""},"class_list":["post-155","page","type-page","status-publish"],"_links":{"self":[{"href":"https:\/\/wordpress.nibis.de\/gslengden\/wp-json\/wp\/v2\/pages\/155","targetHints":{"allow":["GET"]}}],"collection":[{"href":"https:\/\/wordpress.nibis.de\/gslengden\/wp-json\/wp\/v2\/pages"}],"about":[{"href":"https:\/\/wordpress.nibis.de\/gslengden\/wp-json\/wp\/v2\/types\/page"}],"author":[{"embeddable":true,"href":"https:\/\/wordpress.nibis.de\/gslengden\/wp-json\/wp\/v2\/users\/9193904"}],"replies":[{"embeddable":true,"href":"https:\/\/wordpress.nibis.de\/gslengden\/wp-json\/wp\/v2\/comments?post=155"}],"version-history":[{"count":3,"href":"https:\/\/wordpress.nibis.de\/gslengden\/wp-json\/wp\/v2\/pages\/155\/revisions"}],"predecessor-version":[{"id":180,"href":"https:\/\/wordpress.nibis.de\/gslengden\/wp-json\/wp\/v2\/pages\/155\/revisions\/180"}],"wp:attachment":[{"href":"https:\/\/wordpress.nibis.de\/gslengden\/wp-json\/wp\/v2\/media?parent=155"}],"curies":[{"name":"wp","href":"https:\/\/api.w.org\/{rel}","templated":true}]}}