{"id":189,"date":"2021-11-24T11:33:17","date_gmt":"2021-11-24T10:33:17","guid":{"rendered":"https:\/\/wordpress.nibis.de\/gslengden\/?page_id=189"},"modified":"2025-09-16T16:06:56","modified_gmt":"2025-09-16T14:06:56","slug":"leitbild","status":"publish","type":"page","link":"https:\/\/wordpress.nibis.de\/gslengden\/leitbild\/","title":{"rendered":"Leitbild"},"content":{"rendered":"<p><span style=\"font-family: arial, helvetica, sans-serif\"><strong>Pr\u00e4ambel<\/strong><\/span><\/p>\n<p><span style=\"font-family: arial, helvetica, sans-serif\">Wir verstehen uns als demokratischen Lern- und Lebensort, in dem alle an Schule Beteiligten mit Freude lernen und arbeiten. Wir m\u00f6chten gemeinsam ein Fundament f\u00fcr eine nachhaltige und erf\u00fcllte Zukunft gestalten.<\/span><\/p>\n<p><span style=\"font-family: arial, helvetica, sans-serif\">Unser Ziel ist es, die Potentiale und Pers\u00f6nlichkeiten der uns anvertrauten Kinder zu f\u00f6rdern, indem wir eine Atmosph\u00e4re des Respekts, der Toleranz und der Vielfalt leben und sch\u00e4tzen.<\/span><\/p>\n<p>&nbsp;<\/p>\n<p><span style=\"font-family: arial, helvetica, sans-serif\"><strong>Leitbild<\/strong><\/span><\/p>\n<p><span style=\"font-family: arial, helvetica, sans-serif\">\u00a0Im Fokus unserer Arbeit stehen folgende Aspekte:<\/span><\/p>\n<p><span style=\"font-family: arial, helvetica, sans-serif\"><u>Demokratie leben: <\/u><\/span><\/p>\n<p><span style=\"font-family: arial, helvetica, sans-serif\">Wir f\u00f6rdern die Mitbestimmung und Eigenverantwortung der Kinder und bieten ihnen einen Raum, ihre Meinung respektvoll zu \u00e4u\u00dfern und Entscheidungen, die unseren Schulalltag betreffen, aktiv mitzugestalten.<\/span><\/p>\n<p><span style=\"font-family: arial, helvetica, sans-serif\"><u>Vielfalt sch\u00e4tzen:<\/u><\/span><\/p>\n<p><span style=\"font-family: arial, helvetica, sans-serif\">In unserer Schule begegnen wir uns mit Achtung und Akzeptanz, unabh\u00e4ngig von Herkunft, Religion und F\u00e4higkeiten. Wir sehen Vielfalt in unserer Schulgemeinschaft als Bereicherung.<\/span><\/p>\n<p><span style=\"font-family: arial, helvetica, sans-serif\"><u>Schule als Lern- und Lebensort: <\/u><\/span><\/p>\n<p><span style=\"font-family: arial, helvetica, sans-serif\">Wir setzen uns f\u00fcr eine positive und wertsch\u00e4tzende Atmosph\u00e4re ein, in der sich alle Kinder willkommen und sicher f\u00fchlen k\u00f6nnen. Auf diese Weise schaffen wir eine Basis f\u00fcr Freude am Lernen, wecken die Neugier der Kinder und erm\u00f6glichen ihnen, kreativ zu sein und sich auszuprobieren.<\/span><\/p>\n","protected":false},"excerpt":{"rendered":"<p>Pr\u00e4ambel Wir verstehen uns als demokratischen Lern- und Lebensort, in dem alle an Schule Beteiligten mit Freude lernen und arbeiten. Wir m\u00f6chten gemeinsam ein Fundament f\u00fcr eine nachhaltige und erf\u00fcllte Zukunft gestalten. Unser Ziel ist es, die Potentiale und Pers\u00f6nlichkeiten der uns anvertrauten Kinder zu f\u00f6rdern, indem wir eine Atmosph\u00e4re des Respekts, der Toleranz und &#8230; <a title=\"Leitbild\" class=\"read-more\" href=\"https:\/\/wordpress.nibis.de\/gslengden\/leitbild\/\" aria-label=\"Mehr Informationen \u00fcber Leitbild\">Weiterlesen<\/a><\/p>\n","protected":false},"author":9193904,"featured_media":0,"parent":0,"menu_order":0,"comment_status":"closed","ping_status":"closed","template":"","meta":{"footnotes":""},"class_list":["post-189","page","type-page","status-publish"],"_links":{"self":[{"href":"https:\/\/wordpress.nibis.de\/gslengden\/wp-json\/wp\/v2\/pages\/189","targetHints":{"allow":["GET"]}}],"collection":[{"href":"https:\/\/wordpress.nibis.de\/gslengden\/wp-json\/wp\/v2\/pages"}],"about":[{"href":"https:\/\/wordpress.nibis.de\/gslengden\/wp-json\/wp\/v2\/types\/page"}],"author":[{"embeddable":true,"href":"https:\/\/wordpress.nibis.de\/gslengden\/wp-json\/wp\/v2\/users\/9193904"}],"replies":[{"embeddable":true,"href":"https:\/\/wordpress.nibis.de\/gslengden\/wp-json\/wp\/v2\/comments?post=189"}],"version-history":[{"count":4,"href":"https:\/\/wordpress.nibis.de\/gslengden\/wp-json\/wp\/v2\/pages\/189\/revisions"}],"predecessor-version":[{"id":208,"href":"https:\/\/wordpress.nibis.de\/gslengden\/wp-json\/wp\/v2\/pages\/189\/revisions\/208"}],"wp:attachment":[{"href":"https:\/\/wordpress.nibis.de\/gslengden\/wp-json\/wp\/v2\/media?parent=189"}],"curies":[{"name":"wp","href":"https:\/\/api.w.org\/{rel}","templated":true}]}}