{"id":46,"date":"2021-11-16T14:54:40","date_gmt":"2021-11-16T13:54:40","guid":{"rendered":"https:\/\/wordpress.nibis.de\/gslengden\/?page_id=46"},"modified":"2023-09-15T14:19:41","modified_gmt":"2023-09-15T12:19:41","slug":"unsere-schule","status":"publish","type":"page","link":"https:\/\/wordpress.nibis.de\/gslengden\/unsere-schule\/","title":{"rendered":"Unsere Schule"},"content":{"rendered":"\r\n<p><span style=\"font-family: arial, helvetica, sans-serif\">Die Grundschule Gro\u00df Lengden liegt am Ortsrand von Gro\u00df Lengden in l\u00e4ndlicher Umgebung. Schultr\u00e4ger ist die Gemeinde Gleichen im Landkreis G\u00f6ttingen. Ihr Einzugsgebiet umfasst die Ortschaften Klein Lengden und Gro\u00df Lengden.<\/span><\/p>\r\n<p><span style=\"font-family: arial, helvetica, sans-serif\">Es handelt sich um eine offene Ganztagsschule mit Betreuungsangebot an vier Tagen. An der Schule arbeiten 6 Lehrkr\u00e4fte, 1 F\u00f6rderschullehrerin, 3 p\u00e4dagogische Mitarbeiterinnen, eine Bundesfreiwilligendienstleistende, eine Sekret\u00e4rin (an einem Tag in der Woche), ein Hausmeister und eine Schulleiterin.<\/span><\/p>\r\n<p><span style=\"font-family: arial, helvetica, sans-serif\">Zurzeit besuchen 62 Sch\u00fclerinnen und Sch\u00fcler die Grundschule Gro\u00df Lengden.<\/span><\/p>\r\n","protected":false},"excerpt":{"rendered":"<p>Die Grundschule Gro\u00df Lengden liegt am Ortsrand von Gro\u00df Lengden in l\u00e4ndlicher Umgebung. Schultr\u00e4ger ist die Gemeinde Gleichen im Landkreis G\u00f6ttingen. Ihr Einzugsgebiet umfasst die Ortschaften Klein Lengden und Gro\u00df Lengden. Es handelt sich um eine offene Ganztagsschule mit Betreuungsangebot an vier Tagen. An der Schule arbeiten 6 Lehrkr\u00e4fte, 1 F\u00f6rderschullehrerin, 3 p\u00e4dagogische Mitarbeiterinnen, eine &#8230; <a title=\"Unsere Schule\" class=\"read-more\" href=\"https:\/\/wordpress.nibis.de\/gslengden\/unsere-schule\/\" aria-label=\"Mehr Informationen \u00fcber Unsere Schule\">Weiterlesen<\/a><\/p>\n","protected":false},"author":9193904,"featured_media":0,"parent":0,"menu_order":0,"comment_status":"closed","ping_status":"closed","template":"","meta":{"footnotes":""},"class_list":["post-46","page","type-page","status-publish"],"_links":{"self":[{"href":"https:\/\/wordpress.nibis.de\/gslengden\/wp-json\/wp\/v2\/pages\/46","targetHints":{"allow":["GET"]}}],"collection":[{"href":"https:\/\/wordpress.nibis.de\/gslengden\/wp-json\/wp\/v2\/pages"}],"about":[{"href":"https:\/\/wordpress.nibis.de\/gslengden\/wp-json\/wp\/v2\/types\/page"}],"author":[{"embeddable":true,"href":"https:\/\/wordpress.nibis.de\/gslengden\/wp-json\/wp\/v2\/users\/9193904"}],"replies":[{"embeddable":true,"href":"https:\/\/wordpress.nibis.de\/gslengden\/wp-json\/wp\/v2\/comments?post=46"}],"version-history":[{"count":7,"href":"https:\/\/wordpress.nibis.de\/gslengden\/wp-json\/wp\/v2\/pages\/46\/revisions"}],"predecessor-version":[{"id":310,"href":"https:\/\/wordpress.nibis.de\/gslengden\/wp-json\/wp\/v2\/pages\/46\/revisions\/310"}],"wp:attachment":[{"href":"https:\/\/wordpress.nibis.de\/gslengden\/wp-json\/wp\/v2\/media?parent=46"}],"curies":[{"name":"wp","href":"https:\/\/api.w.org\/{rel}","templated":true}]}}