{"id":52,"date":"2021-11-16T14:55:06","date_gmt":"2021-11-16T13:55:06","guid":{"rendered":"https:\/\/wordpress.nibis.de\/gslengden\/?page_id=52"},"modified":"2022-08-18T15:50:15","modified_gmt":"2022-08-18T13:50:15","slug":"ganztag","status":"publish","type":"page","link":"https:\/\/wordpress.nibis.de\/gslengden\/ganztag\/","title":{"rendered":"Ganztag"},"content":{"rendered":"<p><span style=\"font-family: arial, helvetica, sans-serif\"><\/span><\/p>\r\n<p><img loading=\"lazy\" decoding=\"async\" class=\"alignnone size-medium wp-image-235\" src=\"https:\/\/wordpress.nibis.de\/gslengden\/files\/2022\/08\/Ganztag-850x478.jpg\" alt=\"\" width=\"850\" height=\"478\" srcset=\"https:\/\/wordpress.nibis.de\/gslengden\/files\/2022\/08\/Ganztag-850x478.jpg 850w, https:\/\/wordpress.nibis.de\/gslengden\/files\/2022\/08\/Ganztag-1200x675.jpg 1200w, https:\/\/wordpress.nibis.de\/gslengden\/files\/2022\/08\/Ganztag-250x141.jpg 250w\" sizes=\"auto, (max-width: 850px) 100vw, 850px\" \/><\/p>\r\n<p><span style=\"font-family: arial, helvetica, sans-serif\">Die offene Ganztagsschule Gro\u00df Lengden bietet von Montag bis Donnerstag von 8.00-16.00 Uhr ein verl\u00e4ssliches, ganzheitliches Bildungsangebot.<\/span><\/p>\r\n<p><span style=\"font-family: arial, helvetica, sans-serif\">Dieses Angebot umfasst<\/span><\/p>\r\n<ul>\r\n<li><span style=\"font-family: arial, helvetica, sans-serif\">den Unterrichtsvormittag von 8.00 \u2013 13.00 Uhr<\/span><\/li>\r\n<li><span style=\"font-family: arial, helvetica, sans-serif\">ein gesundes, warmes Mittagessen<\/span><\/li>\r\n<li><span style=\"font-family: arial, helvetica, sans-serif\">die Lernzeit zur Anfertigung der Hausarbeiten<\/span><\/li>\r\n<li><span style=\"font-family: arial, helvetica, sans-serif\">offene Angebote aus den Bereichen Sport, Spiel und Kreativit\u00e4t<\/span><\/li>\r\n<li><span style=\"font-family: arial, helvetica, sans-serif\">freie Spielangebote<\/span><\/li>\r\n<\/ul>\r\n<p><span style=\"font-family: arial, helvetica, sans-serif\">Im Nachmittagsbereich arbeiten wir nach einem alters\u00fcbergreifenden, offenen Konzept.<\/span><\/p>\r\n<p><span style=\"font-family: arial, helvetica, sans-serif\">Werkstattarbeit im Sinne der Reggio-P\u00e4dagogik, vielf\u00e4ltige Angebote aus unterschiedlichen Bereichen wie Sport- und Bewegungsangebote, Musik-, Kunst-, Theaterangebote, Erkundungen der Natur sowie freies Spiel f\u00f6rdern die ganzheitliche Bildung der Kinder. Sie w\u00e4hlen &#8211; entsprechend ihrem Bed\u00fcrfnis &#8211; frei ihre Besch\u00e4ftigung und st\u00e4rken so ihre Selbstkompetenz.<\/span><\/p>\r\n<p><span style=\"font-family: arial, helvetica, sans-serif\">Das alters\u00fcbergreifende Konzept im Nachmittagsbereich erm\u00f6glicht, dass die verschiedenen Altersgruppen voneinander lernen. Im Miteinander der Kinder wird durch gegenseitiges Anregen, Helfen, R\u00fccksichtnahme, sowie Durchstehen und L\u00f6sen von Konfliktsituationen die soziale Kompetenz\u00a0 gest\u00e4rkt. Dabei werden die Kinder von den Erwachsenen kontinuierlich unterst\u00fctzt.<\/span><\/p>\r\n<p><img loading=\"lazy\" decoding=\"async\" class=\"alignnone size-medium wp-image-231\" src=\"https:\/\/wordpress.nibis.de\/gslengden\/files\/2022\/08\/20210419_114849-850x478.jpg\" alt=\"\" width=\"850\" height=\"478\" srcset=\"https:\/\/wordpress.nibis.de\/gslengden\/files\/2022\/08\/20210419_114849-850x478.jpg 850w, https:\/\/wordpress.nibis.de\/gslengden\/files\/2022\/08\/20210419_114849-1200x675.jpg 1200w, https:\/\/wordpress.nibis.de\/gslengden\/files\/2022\/08\/20210419_114849-250x141.jpg 250w\" sizes=\"auto, (max-width: 850px) 100vw, 850px\" \/><\/p>\r\n<p><span style=\"font-family: arial, helvetica, sans-serif\"><\/span><\/p>","protected":false},"excerpt":{"rendered":"<p>Die offene Ganztagsschule Gro\u00df Lengden bietet von Montag bis Donnerstag von 8.00-16.00 Uhr ein verl\u00e4ssliches, ganzheitliches Bildungsangebot. Dieses Angebot umfasst den Unterrichtsvormittag von 8.00 \u2013 13.00 Uhr ein gesundes, warmes Mittagessen die Lernzeit zur Anfertigung der Hausarbeiten offene Angebote aus den Bereichen Sport, Spiel und Kreativit\u00e4t freie Spielangebote Im Nachmittagsbereich arbeiten wir nach einem alters\u00fcbergreifenden, &#8230; <a title=\"Ganztag\" class=\"read-more\" href=\"https:\/\/wordpress.nibis.de\/gslengden\/ganztag\/\" aria-label=\"Mehr Informationen \u00fcber Ganztag\">Weiterlesen<\/a><\/p>\n","protected":false},"author":9193904,"featured_media":0,"parent":0,"menu_order":0,"comment_status":"closed","ping_status":"closed","template":"","meta":{"footnotes":""},"class_list":["post-52","page","type-page","status-publish"],"_links":{"self":[{"href":"https:\/\/wordpress.nibis.de\/gslengden\/wp-json\/wp\/v2\/pages\/52","targetHints":{"allow":["GET"]}}],"collection":[{"href":"https:\/\/wordpress.nibis.de\/gslengden\/wp-json\/wp\/v2\/pages"}],"about":[{"href":"https:\/\/wordpress.nibis.de\/gslengden\/wp-json\/wp\/v2\/types\/page"}],"author":[{"embeddable":true,"href":"https:\/\/wordpress.nibis.de\/gslengden\/wp-json\/wp\/v2\/users\/9193904"}],"replies":[{"embeddable":true,"href":"https:\/\/wordpress.nibis.de\/gslengden\/wp-json\/wp\/v2\/comments?post=52"}],"version-history":[{"count":5,"href":"https:\/\/wordpress.nibis.de\/gslengden\/wp-json\/wp\/v2\/pages\/52\/revisions"}],"predecessor-version":[{"id":236,"href":"https:\/\/wordpress.nibis.de\/gslengden\/wp-json\/wp\/v2\/pages\/52\/revisions\/236"}],"wp:attachment":[{"href":"https:\/\/wordpress.nibis.de\/gslengden\/wp-json\/wp\/v2\/media?parent=52"}],"curies":[{"name":"wp","href":"https:\/\/api.w.org\/{rel}","templated":true}]}}