{"id":58,"date":"2021-11-16T14:29:07","date_gmt":"2021-11-16T13:29:07","guid":{"rendered":"https:\/\/wordpress.nibis.de\/gslengden\/?page_id=58"},"modified":"2023-09-18T16:29:11","modified_gmt":"2023-09-18T14:29:11","slug":"impressum","status":"publish","type":"page","link":"https:\/\/wordpress.nibis.de\/gslengden\/impressum\/","title":{"rendered":"Impressum"},"content":{"rendered":"\r\n<p><strong>Angaben gem\u00e4\u00df \u00a7 5 TMG:<\/strong><\/p>\r\n\r\n\r\n\r\n<p><strong>Land Niedersachsen (Diensteanbieter im Sinne des Telemediengesetzes)<\/strong><\/p>\r\n\r\n\r\n\r\n<p><strong>Das Land Niedersachsen ist eine juristische Person des \u00f6ffentlichen Rechts vertreten durch:<\/strong><\/p>\r\n\r\n\r\n\r\n<p><strong>Schulleiterrin<\/strong><br \/>Silke Preu\u00dfe<\/p>\r\n\r\n\r\n\r\n<p><strong>Grundschule Gro\u00df Lengden<\/strong><br \/>Wilhelm-Bendick-Stra\u00dfe 37<br \/>37130 Gleichen<\/p>\r\n\r\n\r\n\r\n<p><strong>Sekretariat<\/strong><br \/>Frau Thom\u00e4<br \/><strong>Tel.:<\/strong> 05508 415<br \/><strong>Fax:<\/strong> 05508 9749098<br \/><strong>E-Mail:<\/strong> <a href=\"&#109;&#x61;&#x69;l&#116;&#x6f;&#x3a;g&#115;&#x67;r&#111;&#x73;&#x73;l&#101;&#x6e;g&#100;&#x65;&#x6e;&#64;&#103;&#x6d;&#x78;&#46;&#x64;&#x65;\">gsgros&#115;&#108;&#101;&#110;&#103;&#100;&#101;&#x6e;&#x40;&#x74;&#x2d;&#x6f;&#x6e;&#x6c;&#x69;&#x6e;&#x65;&#x2e;&#x64;e<\/a><br \/><strong>Schulische(r) Datenschutzbeauftragte(r):<\/strong> <a href=\"&#x6d;&#97;&#x69;&#x6c;&#116;&#x6f;&#58;d&#x61;&#116;e&#x6e;&#115;c&#x68;&#117;t&#x7a;&#64;&#x67;&#x73;&#45;&#x67;&#x72;&#111;&#x73;&#115;l&#x65;&#110;g&#x64;&#101;n&#x2e;&#100;e\">&#x64;&#x61;&#x74;&#101;&#110;sc&#x68;&#x75;&#x74;&#122;&#64;gs&#x2d;&#x67;&#x72;&#111;&#115;sl&#x65;&#x6e;&#x67;&#100;&#101;n&#46;&#x64;&#x65;<\/a><\/p>\r\n\r\n\r\n\r\n<p><strong>Haftungsausschluss<\/strong><\/p>\r\n\r\n\r\n\r\n<p>Diese Webseite beinhaltet externe Links. Deren Inhalte entziehen sich unserer Einflussnahme, sodass eine Gew\u00e4hr f\u00fcr solche Inhalte von uns nicht \u00fcbernommen werden kann.<\/p>\r\n\r\n\r\n\r\n<p>Die Verantwortung liegt stets beim jeweiligen Betreiber der externen Seiten. Zum Zeitpunkt der Verkn\u00fcpfung der externen Links waren keine Rechtsverst\u00f6\u00dfe ersichtlich. Die permanente \u00dcberwachung fremder Inhalte auf Rechtsverst\u00f6\u00dfe ohne konkrete Hinweise ist uns nicht zumutbar.<\/p>\r\n\r\n\r\n\r\n<p>Sollten wir Kenntnis von Rechtsverletzungen erlangen, werden wir die entsprechenden externen Links unverz\u00fcglich entfernen.<\/p>\r\n","protected":false},"excerpt":{"rendered":"<p>Angaben gem\u00e4\u00df \u00a7 5 TMG: Land Niedersachsen (Diensteanbieter im Sinne des Telemediengesetzes) Das Land Niedersachsen ist eine juristische Person des \u00f6ffentlichen Rechts vertreten durch: SchulleiterrinSilke Preu\u00dfe Grundschule Gro\u00df LengdenWilhelm-Bendick-Stra\u00dfe 3737130 Gleichen SekretariatFrau Thom\u00e4Tel.: 05508 415Fax: 05508 9749098E-Mail: gsgr&#111;&#115;&#115;&#108;&#101;&#x6e;&#x67;&#x64;&#x65;&#x6e;&#x40;&#x74;-onl&#105;&#110;&#101;&#46;&#100;&#x65;Schulische(r) Datenschutzbeauftragte(r): &#100;a&#116;e&#110;s&#x63;h&#x75;t&#x7a;&#64;&#x67;s&#x2d;g&#x72;o&#x73;s&#x6c;e&#x6e;g&#x64;&#101;&#x6e;&#46;&#x64;&#101; Haftungsausschluss Diese Webseite beinhaltet externe Links. Deren Inhalte entziehen sich unserer Einflussnahme, sodass eine Gew\u00e4hr &#8230; <a title=\"Impressum\" class=\"read-more\" href=\"https:\/\/wordpress.nibis.de\/gslengden\/impressum\/\" aria-label=\"Mehr Informationen \u00fcber Impressum\">Weiterlesen<\/a><\/p>\n","protected":false},"author":953,"featured_media":0,"parent":0,"menu_order":0,"comment_status":"closed","ping_status":"closed","template":"","meta":{"footnotes":""},"class_list":["post-58","page","type-page","status-publish"],"_links":{"self":[{"href":"https:\/\/wordpress.nibis.de\/gslengden\/wp-json\/wp\/v2\/pages\/58","targetHints":{"allow":["GET"]}}],"collection":[{"href":"https:\/\/wordpress.nibis.de\/gslengden\/wp-json\/wp\/v2\/pages"}],"about":[{"href":"https:\/\/wordpress.nibis.de\/gslengden\/wp-json\/wp\/v2\/types\/page"}],"author":[{"embeddable":true,"href":"https:\/\/wordpress.nibis.de\/gslengden\/wp-json\/wp\/v2\/users\/953"}],"replies":[{"embeddable":true,"href":"https:\/\/wordpress.nibis.de\/gslengden\/wp-json\/wp\/v2\/comments?post=58"}],"version-history":[{"count":3,"href":"https:\/\/wordpress.nibis.de\/gslengden\/wp-json\/wp\/v2\/pages\/58\/revisions"}],"predecessor-version":[{"id":383,"href":"https:\/\/wordpress.nibis.de\/gslengden\/wp-json\/wp\/v2\/pages\/58\/revisions\/383"}],"wp:attachment":[{"href":"https:\/\/wordpress.nibis.de\/gslengden\/wp-json\/wp\/v2\/media?parent=58"}],"curies":[{"name":"wp","href":"https:\/\/api.w.org\/{rel}","templated":true}]}}