{"id":106,"date":"2019-11-28T09:43:22","date_gmt":"2019-11-28T08:43:22","guid":{"rendered":"https:\/\/wordpress.nibis.de\/gslessen\/?page_id=106"},"modified":"2025-03-04T10:48:39","modified_gmt":"2025-03-04T09:48:39","slug":"impressum-und-datenschutz","status":"publish","type":"page","link":"https:\/\/wordpress.nibis.de\/gslessen\/impressum-und-datenschutz\/","title":{"rendered":"Impressum und Datenschutz"},"content":{"rendered":"\n<p><strong>Impressum des Internetauftritts\u00a0der Grundschule Gro\u00df Lessen<\/strong><\/p>\n<p><strong>Verantwortlich f\u00fcr die Webseite:<br \/><\/strong>Die Homepage der Grundschule Gro\u00df Lessen wird vom Sekretariat gepflegt.<br \/>F\u00fcr die redaktionelle und inhaltliche Arbeit ist die Schulleiterin Frau Maren Sieck-Oetker verantwortlich.<br \/>F\u00fcr Fragen, Anregungen und Kritik stehen wir Ihnen gerne unter &#x67;&#114;u&#x6e;&#100;s&#x63;&#104;u&#x6c;&#x65;&#95;&#x67;&#x72;&#111;s&#x73;&#95;l&#x65;&#115;s&#x65;&#x6e;&#64;&#x74;&#x2d;&#111;n&#x6c;&#105;n&#x65;&#46;d&#x65; zur Verf\u00fcgung.<\/p>\n<p><strong>Schulleitung:<br \/><\/strong>Frau Maren Sieck-Oetker<br \/>Gro\u00df Lessen 38<br \/>27232 Sulingen<br \/>Telefon: 04271 2701<br \/>Telefax: 04271 952104<br \/>E-Mail: &#x67;&#114;u&#x6e;&#x64;&#115;c&#x68;&#x75;&#108;e&#x5f;&#103;r&#x6f;&#x73;&#115;_&#x6c;&#x65;&#115;s&#x65;&#110;&#64;&#x74;&#x2d;&#111;n&#x6c;&#x69;&#110;e&#x2e;&#100;&#101;\u00a0<\/p>\n<p>Die Grundschule Gro\u00df Lessen ist Urheber der Texte und Fotos, die auf dieser Internetseite ver\u00f6ffentlicht sind. Die Inhalte sind urheberrechtlich gesch\u00fctzt &#8211; sie zu kopieren oder zu ver\u00e4ndern ist nur mit Genehmigung des Urhebers gestattet.<\/p>\n<p><strong>Datenschutz:<br \/><\/strong>Die Datenschutzbeauftragte der Grundschule Gro\u00df Lessen ist Ina Lindau.<\/p>\n<p><strong>Haftungsausschluss:<br \/><\/strong>Mit Urteil vom 12.05.1998 hat das LG Hamburg entschieden, dass man durch Ausbringung eines Links die Inhalte der gelinkten Seite ggf. mit zu verantworten hat. Dies kann, so das LG, nur dadurch verhindert werden, dass man sich ausdr\u00fccklich von diesen Inhalten distanziert.<\/p>\n<p>Die Grundschule Gro\u00df Lessen distanziert sich ausdr\u00fccklich von den Inhalten aller Seiten, zu denen Links von dieser Homepage f\u00fchren, und macht sich diese nicht zu Eigen.<\/p>\n","protected":false},"excerpt":{"rendered":"<p>Impressum des Internetauftritts\u00a0der Grundschule Gro\u00df Lessen Verantwortlich f\u00fcr die Webseite:Die Homepage der Grundschule Gro\u00df Lessen wird vom Sekretariat gepflegt.F\u00fcr die redaktionelle und inhaltliche Arbeit ist die Schulleiterin Frau Maren Sieck-Oetker verantwortlich.F\u00fcr Fragen, Anregungen und Kritik stehen wir Ihnen gerne unter grun&#100;&#115;&#99;&#104;&#117;&#108;&#101;&#x5f;&#x67;&#x72;&#x6f;&#x73;&#x73;&#x5f;&#x6c;&#x65;ssen&#64;&#116;&#45;&#111;&#110;&#108;&#105;&#x6e;&#x65;&#x2e;&#x64;&#x65; zur Verf\u00fcgung. Schulleitung:Frau Maren Sieck-OetkerGro\u00df Lessen 3827232 SulingenTelefon: 04271 2701Telefax: 04271 952104E-Mail: &#103;&#x72;u&#x6e;&#x64;&#115;&#x63;h&#117;&#x6c;&#101;&#x5f;g&#114;&#x6f;s&#x73;_&#108;&#x65;s&#x73;&#x65;&#110;&#x40;t&#45;&#x6f;&#110;&#x6c;i&#110;&#x65;&#46;&#x64;e\u00a0 Die &hellip; <a href=\"https:\/\/wordpress.nibis.de\/gslessen\/impressum-und-datenschutz\/\" class=\"more-link\"><span class=\"screen-reader-text\">Impressum und Datenschutz<\/span> weiterlesen <span class=\"meta-nav\">&rarr;<\/span><\/a><\/p>\n","protected":false},"author":9193018,"featured_media":0,"parent":0,"menu_order":0,"comment_status":"closed","ping_status":"closed","template":"","meta":{"footnotes":""},"class_list":["post-106","page","type-page","status-publish","hentry"],"_links":{"self":[{"href":"https:\/\/wordpress.nibis.de\/gslessen\/wp-json\/wp\/v2\/pages\/106","targetHints":{"allow":["GET"]}}],"collection":[{"href":"https:\/\/wordpress.nibis.de\/gslessen\/wp-json\/wp\/v2\/pages"}],"about":[{"href":"https:\/\/wordpress.nibis.de\/gslessen\/wp-json\/wp\/v2\/types\/page"}],"author":[{"embeddable":true,"href":"https:\/\/wordpress.nibis.de\/gslessen\/wp-json\/wp\/v2\/users\/9193018"}],"replies":[{"embeddable":true,"href":"https:\/\/wordpress.nibis.de\/gslessen\/wp-json\/wp\/v2\/comments?post=106"}],"version-history":[{"count":2,"href":"https:\/\/wordpress.nibis.de\/gslessen\/wp-json\/wp\/v2\/pages\/106\/revisions"}],"predecessor-version":[{"id":979,"href":"https:\/\/wordpress.nibis.de\/gslessen\/wp-json\/wp\/v2\/pages\/106\/revisions\/979"}],"wp:attachment":[{"href":"https:\/\/wordpress.nibis.de\/gslessen\/wp-json\/wp\/v2\/media?parent=106"}],"curies":[{"name":"wp","href":"https:\/\/api.w.org\/{rel}","templated":true}]}}