{"id":11,"date":"2019-03-26T08:46:37","date_gmt":"2019-03-26T07:46:37","guid":{"rendered":"https:\/\/wordpress.nibis.de\/gslessen\/?page_id=11"},"modified":"2024-10-17T19:17:05","modified_gmt":"2024-10-17T17:17:05","slug":"unsere-schueler-und-schuelerinnen","status":"publish","type":"page","link":"https:\/\/wordpress.nibis.de\/gslessen\/unsere-schueler-und-schuelerinnen\/","title":{"rendered":"Unsere Sch\u00fcler und Sch\u00fclerinnen"},"content":{"rendered":"\n<p>Wir haben vier Jahrg\u00e4nge, die flei\u00dfig unsere Schulb\u00e4nke dr\u00fccken. Es gibt im Rahmen der Eingangsstufe drei kombinierte Klassen, die jeweils aus Erstkl\u00e4sslern und Zweitkl\u00e4sslern bestehen. Au\u00dferdem gibt es noch zwei weitere Klassen&#8230; N\u00e4mlich unsere dritte Klasse sowie die \u201cganz sch\u00f6n gro\u00dfen\u201d Viertkl\u00e4ssler. <\/p>\n\n\n\n<p><\/p>\n\n\n\n<p>Fotos unserer Klassen folgen in K\u00fcrze.<\/p>\n\n\n\n<p><\/p>\n\n\n\n<div class=\"wp-block-group\"><div class=\"wp-block-group__inner-container is-layout-flow wp-block-group-is-layout-flow\"><\/div><\/div>\n\n\n\n<p><\/p>\n\n\n\n\n\n<p><\/p>\n","protected":false},"excerpt":{"rendered":"<p>Wir haben vier Jahrg\u00e4nge, die flei\u00dfig unsere Schulb\u00e4nke dr\u00fccken. Es gibt im Rahmen der Eingangsstufe drei kombinierte Klassen, die jeweils aus Erstkl\u00e4sslern und Zweitkl\u00e4sslern bestehen. Au\u00dferdem gibt es noch zwei weitere Klassen&#8230; N\u00e4mlich unsere dritte Klasse sowie die \u201cganz sch\u00f6n gro\u00dfen\u201d Viertkl\u00e4ssler. Fotos unserer Klassen folgen in K\u00fcrze.<\/p>\n","protected":false},"author":9193018,"featured_media":0,"parent":0,"menu_order":0,"comment_status":"closed","ping_status":"closed","template":"","meta":{"footnotes":""},"class_list":["post-11","page","type-page","status-publish","hentry"],"_links":{"self":[{"href":"https:\/\/wordpress.nibis.de\/gslessen\/wp-json\/wp\/v2\/pages\/11","targetHints":{"allow":["GET"]}}],"collection":[{"href":"https:\/\/wordpress.nibis.de\/gslessen\/wp-json\/wp\/v2\/pages"}],"about":[{"href":"https:\/\/wordpress.nibis.de\/gslessen\/wp-json\/wp\/v2\/types\/page"}],"author":[{"embeddable":true,"href":"https:\/\/wordpress.nibis.de\/gslessen\/wp-json\/wp\/v2\/users\/9193018"}],"replies":[{"embeddable":true,"href":"https:\/\/wordpress.nibis.de\/gslessen\/wp-json\/wp\/v2\/comments?post=11"}],"version-history":[{"count":18,"href":"https:\/\/wordpress.nibis.de\/gslessen\/wp-json\/wp\/v2\/pages\/11\/revisions"}],"predecessor-version":[{"id":855,"href":"https:\/\/wordpress.nibis.de\/gslessen\/wp-json\/wp\/v2\/pages\/11\/revisions\/855"}],"wp:attachment":[{"href":"https:\/\/wordpress.nibis.de\/gslessen\/wp-json\/wp\/v2\/media?parent=11"}],"curies":[{"name":"wp","href":"https:\/\/api.w.org\/{rel}","templated":true}]}}