{"id":47,"date":"2019-03-28T08:36:22","date_gmt":"2019-03-28T07:36:22","guid":{"rendered":"https:\/\/wordpress.nibis.de\/gslessen\/?page_id=47"},"modified":"2025-01-02T15:19:38","modified_gmt":"2025-01-02T14:19:38","slug":"unser-kollegium-stellt-sich-vor","status":"publish","type":"page","link":"https:\/\/wordpress.nibis.de\/gslessen\/unser-kollegium-stellt-sich-vor\/","title":{"rendered":"Unser Kollegium stellt sich vor"},"content":{"rendered":"<p><img loading=\"lazy\" decoding=\"async\" class=\"alignnone  wp-image-55\" src=\"https:\/\/wordpress.nibis.de\/gslessen\/files\/2019\/03\/Maren-Sieck-Oetker-25.jpg\" alt=\"\" width=\"172\" height=\"241\" srcset=\"https:\/\/wordpress.nibis.de\/gslessen\/files\/2019\/03\/Maren-Sieck-Oetker-25.jpg 375w, https:\/\/wordpress.nibis.de\/gslessen\/files\/2019\/03\/Maren-Sieck-Oetker-25-214x300.jpg 214w\" sizes=\"auto, (max-width: 172px) 100vw, 172px\" \/><img loading=\"lazy\" decoding=\"async\" class=\"alignright wp-image-51\" src=\"https:\/\/wordpress.nibis.de\/gslessen\/files\/2019\/03\/Astrid-Westphal-25.jpg\" alt=\"\" width=\"172\" height=\"241\" srcset=\"https:\/\/wordpress.nibis.de\/gslessen\/files\/2019\/03\/Astrid-Westphal-25.jpg 375w, https:\/\/wordpress.nibis.de\/gslessen\/files\/2019\/03\/Astrid-Westphal-25-214x300.jpg 214w\" sizes=\"auto, (max-width: 172px) 100vw, 172px\" \/><\/p>\n<p>Maren Sieck-Oetker\u00a0 \u00a0 \u00a0 \u00a0 \u00a0 \u00a0 \u00a0 \u00a0 \u00a0 \u00a0 \u00a0 \u00a0 \u00a0 \u00a0 \u00a0 \u00a0 \u00a0 \u00a0 \u00a0 \u00a0 \u00a0 \u00a0 \u00a0 \u00a0 \u00a0 \u00a0 \u00a0 \u00a0 \u00a0 \u00a0 \u00a0 Astrid Westphal<br \/>\nSchulleiterin\u00a0 \u00a0 \u00a0 \u00a0 \u00a0 \u00a0 \u00a0 \u00a0 \u00a0 \u00a0 \u00a0 \u00a0 \u00a0 \u00a0 \u00a0 \u00a0 \u00a0 \u00a0 \u00a0 \u00a0 \u00a0 \u00a0 \u00a0 \u00a0 \u00a0 \u00a0 \u00a0 \u00a0 \u00a0 \u00a0 \u00a0 \u00a0 \u00a0 \u00a0 \u00a0 \u00a0 \u00a0 \u00a0 \u00a0 \u00a0Klassenlehrerin 4\u00a0 Klassenlehrerin der Eingangsstufen<\/p>\n<p><img loading=\"lazy\" decoding=\"async\" class=\"alignnone wp-image-53\" src=\"https:\/\/wordpress.nibis.de\/gslessen\/files\/2019\/03\/Ina-Lindau-25.jpg\" alt=\"\" width=\"172\" height=\"241\" srcset=\"https:\/\/wordpress.nibis.de\/gslessen\/files\/2019\/03\/Ina-Lindau-25.jpg 375w, https:\/\/wordpress.nibis.de\/gslessen\/files\/2019\/03\/Ina-Lindau-25-214x300.jpg 214w\" sizes=\"auto, (max-width: 172px) 100vw, 172px\" \/><img loading=\"lazy\" decoding=\"async\" class=\"wp-image-54 alignright\" src=\"https:\/\/wordpress.nibis.de\/gslessen\/files\/2019\/03\/Katja-Wacker-25.jpg\" alt=\"\" width=\"172\" height=\"241\" srcset=\"https:\/\/wordpress.nibis.de\/gslessen\/files\/2019\/03\/Katja-Wacker-25.jpg 375w, https:\/\/wordpress.nibis.de\/gslessen\/files\/2019\/03\/Katja-Wacker-25-214x300.jpg 214w\" sizes=\"auto, (max-width: 172px) 100vw, 172px\" \/><\/p>\n<p>Ina Lindau\u00a0 \u00a0 \u00a0 \u00a0 \u00a0 \u00a0 \u00a0 \u00a0 \u00a0 \u00a0 \u00a0 \u00a0 \u00a0 \u00a0 \u00a0 \u00a0 \u00a0 \u00a0 \u00a0 \u00a0 \u00a0 \u00a0 \u00a0 \u00a0 \u00a0 \u00a0 \u00a0 \u00a0 \u00a0 \u00a0 \u00a0 \u00a0 \u00a0 \u00a0 \u00a0 \u00a0 \u00a0 \u00a0 \u00a0 \u00a0 \u00a0Katja Wacker<br \/>\nKlassenlehrerin der Eingangsstufe\u00a0 \u00a0 \u00a0 \u00a0 \u00a0 \u00a0 \u00a0 \u00a0 \u00a0 \u00a0 \u00a0 \u00a0 \u00a0 \u00a0F\u00f6rderschullehrerin<\/p>\n<p>Unterst\u00fctzt wird unser Team durch Frau D\u00f6pkens und Frau K\u00f6nig\u00a0 (Klassenlehrerinnen der Eingangsstufe), durch Frau R\u00f6sing (Klasse 3) und durch unsere p\u00e4dagogischen Mitarbeiterinnen Frau Kolloge und Frau Kuhlmann.<\/p>\n<p>Unsere Sekret\u00e4rin Frau Eickhoff ist montags- mittwochs von 8.30-12.00 Uhr zu erreichen. Bitte nutzen Sie auch unseren Anrufbeantworter. Wir rufen gerne zur\u00fcck!<\/p>\n","protected":false},"excerpt":{"rendered":"<p>Maren Sieck-Oetker\u00a0 \u00a0 \u00a0 \u00a0 \u00a0 \u00a0 \u00a0 \u00a0 \u00a0 \u00a0 \u00a0 \u00a0 \u00a0 \u00a0 \u00a0 \u00a0 \u00a0 \u00a0 \u00a0 \u00a0 \u00a0 \u00a0 \u00a0 \u00a0 \u00a0 \u00a0 \u00a0 \u00a0 \u00a0 \u00a0 \u00a0 Astrid Westphal Schulleiterin\u00a0 \u00a0 \u00a0 \u00a0 \u00a0 \u00a0 \u00a0 \u00a0 \u00a0 \u00a0 \u00a0 \u00a0 \u00a0 \u00a0 \u00a0 \u00a0 \u00a0 \u00a0 \u00a0 \u00a0 \u00a0 &hellip; <a href=\"https:\/\/wordpress.nibis.de\/gslessen\/unser-kollegium-stellt-sich-vor\/\" class=\"more-link\"><span class=\"screen-reader-text\">Unser Kollegium stellt sich vor<\/span> weiterlesen <span class=\"meta-nav\">&rarr;<\/span><\/a><\/p>\n","protected":false},"author":9193018,"featured_media":0,"parent":0,"menu_order":0,"comment_status":"closed","ping_status":"closed","template":"","meta":{"footnotes":""},"class_list":["post-47","page","type-page","status-publish","hentry"],"_links":{"self":[{"href":"https:\/\/wordpress.nibis.de\/gslessen\/wp-json\/wp\/v2\/pages\/47","targetHints":{"allow":["GET"]}}],"collection":[{"href":"https:\/\/wordpress.nibis.de\/gslessen\/wp-json\/wp\/v2\/pages"}],"about":[{"href":"https:\/\/wordpress.nibis.de\/gslessen\/wp-json\/wp\/v2\/types\/page"}],"author":[{"embeddable":true,"href":"https:\/\/wordpress.nibis.de\/gslessen\/wp-json\/wp\/v2\/users\/9193018"}],"replies":[{"embeddable":true,"href":"https:\/\/wordpress.nibis.de\/gslessen\/wp-json\/wp\/v2\/comments?post=47"}],"version-history":[{"count":23,"href":"https:\/\/wordpress.nibis.de\/gslessen\/wp-json\/wp\/v2\/pages\/47\/revisions"}],"predecessor-version":[{"id":860,"href":"https:\/\/wordpress.nibis.de\/gslessen\/wp-json\/wp\/v2\/pages\/47\/revisions\/860"}],"wp:attachment":[{"href":"https:\/\/wordpress.nibis.de\/gslessen\/wp-json\/wp\/v2\/media?parent=47"}],"curies":[{"name":"wp","href":"https:\/\/api.w.org\/{rel}","templated":true}]}}