{"id":60,"date":"2019-05-16T11:05:19","date_gmt":"2019-05-16T09:05:19","guid":{"rendered":"https:\/\/wordpress.nibis.de\/gslessen\/?page_id=60"},"modified":"2019-05-16T11:17:20","modified_gmt":"2019-05-16T09:17:20","slug":"leitbild-der-grundschule-gross-lessen","status":"publish","type":"page","link":"https:\/\/wordpress.nibis.de\/gslessen\/leitbild-der-grundschule-gross-lessen\/","title":{"rendered":"Leitbild der Grundschule"},"content":{"rendered":"\n<p><img loading=\"lazy\" decoding=\"async\" width=\"466\" height=\"261\" class=\"alignnone  wp-image-61\" alt=\"\" src=\"https:\/\/wordpress.nibis.de\/gslessen\/files\/2019\/05\/Leitbild.jpg\" srcset=\"https:\/\/wordpress.nibis.de\/gslessen\/files\/2019\/05\/Leitbild.jpg 396w, https:\/\/wordpress.nibis.de\/gslessen\/files\/2019\/05\/Leitbild-300x168.jpg 300w\" sizes=\"auto, (max-width: 466px) 100vw, 466px\" \/><\/p>\n<p>Die Grundschule Gro\u00df Lessen ist eine einz\u00fcgige, verl\u00e4ssliche Halbtagsschule, die westlich von Sulingen im Landkreis Diepholz liegt. Wir haben die flexible Eingangsstufe f\u00fcr uns als optimale Grundlage f\u00fcr den individuellen Bildungsweg gefunden. Das zentrale Merkmal einer solchen Schuleingangsstufe ist, dass das erste und zweite Schuljahr nicht als getrennte Jahrgangsklassen, sondern als jahrgangs\u00fcbergreifende Lerngruppen organisiert werden. In diesen Lerngruppen, die anteilig aus Erst- und Zweitkl\u00e4sslern zusammengesetzt sind, steht das gemeinsame Lernen im Vordergrund. Die Kinder durchlaufen die Eingangsstufe in ein bis drei Jahren, in diesen sie sowohl von den gr\u00f6\u00dferen Kindern lernen, als auch selbst als Helfer fungieren. Durch den Einsatz von Arbeitspl\u00e4nen, eine Umstrukturierung der Unterrichtsstunden, kooperative Lernformen und eine klare Rhythmisierung ist es m\u00f6glich, dass die Kinder in ihrem eigenen Tempo individuell lernen k\u00f6nnen. Um die Unterrichtsqualit\u00e4t m\u00f6glichst hoch zu halten, wird fast ausschlie\u00dflich Fachlehrerunterricht gegeben.<\/p>\n","protected":false},"excerpt":{"rendered":"<p>Die Grundschule Gro\u00df Lessen ist eine einz\u00fcgige, verl\u00e4ssliche Halbtagsschule, die westlich von Sulingen im Landkreis Diepholz liegt. Wir haben die flexible Eingangsstufe f\u00fcr uns als optimale Grundlage f\u00fcr den individuellen Bildungsweg gefunden. Das zentrale Merkmal einer solchen Schuleingangsstufe ist, dass das erste und zweite Schuljahr nicht als getrennte Jahrgangsklassen, sondern als jahrgangs\u00fcbergreifende Lerngruppen organisiert werden. &hellip; <a href=\"https:\/\/wordpress.nibis.de\/gslessen\/leitbild-der-grundschule-gross-lessen\/\" class=\"more-link\"><span class=\"screen-reader-text\">Leitbild der Grundschule<\/span> weiterlesen <span class=\"meta-nav\">&rarr;<\/span><\/a><\/p>\n","protected":false},"author":9193018,"featured_media":0,"parent":0,"menu_order":0,"comment_status":"closed","ping_status":"closed","template":"","meta":{"footnotes":""},"class_list":["post-60","page","type-page","status-publish","hentry"],"_links":{"self":[{"href":"https:\/\/wordpress.nibis.de\/gslessen\/wp-json\/wp\/v2\/pages\/60","targetHints":{"allow":["GET"]}}],"collection":[{"href":"https:\/\/wordpress.nibis.de\/gslessen\/wp-json\/wp\/v2\/pages"}],"about":[{"href":"https:\/\/wordpress.nibis.de\/gslessen\/wp-json\/wp\/v2\/types\/page"}],"author":[{"embeddable":true,"href":"https:\/\/wordpress.nibis.de\/gslessen\/wp-json\/wp\/v2\/users\/9193018"}],"replies":[{"embeddable":true,"href":"https:\/\/wordpress.nibis.de\/gslessen\/wp-json\/wp\/v2\/comments?post=60"}],"version-history":[{"count":3,"href":"https:\/\/wordpress.nibis.de\/gslessen\/wp-json\/wp\/v2\/pages\/60\/revisions"}],"predecessor-version":[{"id":66,"href":"https:\/\/wordpress.nibis.de\/gslessen\/wp-json\/wp\/v2\/pages\/60\/revisions\/66"}],"wp:attachment":[{"href":"https:\/\/wordpress.nibis.de\/gslessen\/wp-json\/wp\/v2\/media?parent=60"}],"curies":[{"name":"wp","href":"https:\/\/api.w.org\/{rel}","templated":true}]}}