{"id":70,"date":"2019-05-23T10:15:29","date_gmt":"2019-05-23T08:15:29","guid":{"rendered":"https:\/\/wordpress.nibis.de\/gslessen\/?page_id=70"},"modified":"2024-01-03T17:29:23","modified_gmt":"2024-01-03T16:29:23","slug":"wir-machen-mit","status":"publish","type":"page","link":"https:\/\/wordpress.nibis.de\/gslessen\/wir-machen-mit\/","title":{"rendered":"Wir machen mit&#8230;"},"content":{"rendered":"\n<p>F\u00fcr uns ist ein faires Bildungssystem von hoher Bedeutung. Deshalb versuchen wir, auf die pers\u00f6nlichen St\u00e4rken und Ressourcen der Kinder einzugehen, sie zu f\u00f6rdern und zu fordern, um ihnen somit die bestm\u00f6glichen Lern- und Entwicklungsm\u00f6glichkeiten zu bieten.<\/p>\n<p><img loading=\"lazy\" decoding=\"async\" class=\"alignnone  wp-image-72\" src=\"https:\/\/wordpress.nibis.de\/gslessen\/files\/2019\/05\/Leistung_macht_Schule_Logo_mUnterzeile_Online.png\" alt=\"\" width=\"205\" height=\"166\" srcset=\"https:\/\/wordpress.nibis.de\/gslessen\/files\/2019\/05\/Leistung_macht_Schule_Logo_mUnterzeile_Online.png 305w, https:\/\/wordpress.nibis.de\/gslessen\/files\/2019\/05\/Leistung_macht_Schule_Logo_mUnterzeile_Online-300x244.png 300w\" sizes=\"auto, (max-width: 205px) 100vw, 205px\" \/> \u00a0\u00a0\u00a0\u00a0\u00a0\u00a0\u00a0\u00a0\u00a0\u00a0\u00a0\u00a0\u00a0\u00a0\u00a0\u00a0\u00a0\u00a0\u00a0\u00a0\u00a0 <img loading=\"lazy\" decoding=\"async\" class=\"alignnone  wp-image-73\" src=\"https:\/\/wordpress.nibis.de\/gslessen\/files\/2019\/05\/F\u00f6rderung-besonderer-Begabungen.jpg\" alt=\"\" width=\"168\" height=\"129\" srcset=\"https:\/\/wordpress.nibis.de\/gslessen\/files\/2019\/05\/F\u00f6rderung-besonderer-Begabungen.jpg 881w, https:\/\/wordpress.nibis.de\/gslessen\/files\/2019\/05\/F\u00f6rderung-besonderer-Begabungen-300x231.jpg 300w, https:\/\/wordpress.nibis.de\/gslessen\/files\/2019\/05\/F\u00f6rderung-besonderer-Begabungen-768x591.jpg 768w\" sizes=\"auto, (max-width: 168px) 100vw, 168px\" \/><\/p>\n","protected":false},"excerpt":{"rendered":"<p>F\u00fcr uns ist ein faires Bildungssystem von hoher Bedeutung. Deshalb versuchen wir, auf die pers\u00f6nlichen St\u00e4rken und Ressourcen der Kinder einzugehen, sie zu f\u00f6rdern und zu fordern, um ihnen somit die bestm\u00f6glichen Lern- und Entwicklungsm\u00f6glichkeiten zu bieten. \u00a0\u00a0\u00a0\u00a0\u00a0\u00a0\u00a0\u00a0\u00a0\u00a0\u00a0\u00a0\u00a0\u00a0\u00a0\u00a0\u00a0\u00a0\u00a0\u00a0\u00a0<\/p>\n","protected":false},"author":9193018,"featured_media":0,"parent":0,"menu_order":0,"comment_status":"closed","ping_status":"closed","template":"","meta":{"footnotes":""},"class_list":["post-70","page","type-page","status-publish","hentry"],"_links":{"self":[{"href":"https:\/\/wordpress.nibis.de\/gslessen\/wp-json\/wp\/v2\/pages\/70","targetHints":{"allow":["GET"]}}],"collection":[{"href":"https:\/\/wordpress.nibis.de\/gslessen\/wp-json\/wp\/v2\/pages"}],"about":[{"href":"https:\/\/wordpress.nibis.de\/gslessen\/wp-json\/wp\/v2\/types\/page"}],"author":[{"embeddable":true,"href":"https:\/\/wordpress.nibis.de\/gslessen\/wp-json\/wp\/v2\/users\/9193018"}],"replies":[{"embeddable":true,"href":"https:\/\/wordpress.nibis.de\/gslessen\/wp-json\/wp\/v2\/comments?post=70"}],"version-history":[{"count":2,"href":"https:\/\/wordpress.nibis.de\/gslessen\/wp-json\/wp\/v2\/pages\/70\/revisions"}],"predecessor-version":[{"id":74,"href":"https:\/\/wordpress.nibis.de\/gslessen\/wp-json\/wp\/v2\/pages\/70\/revisions\/74"}],"wp:attachment":[{"href":"https:\/\/wordpress.nibis.de\/gslessen\/wp-json\/wp\/v2\/media?parent=70"}],"curies":[{"name":"wp","href":"https:\/\/api.w.org\/{rel}","templated":true}]}}