{"id":763,"date":"2024-01-03T11:18:27","date_gmt":"2024-01-03T10:18:27","guid":{"rendered":"https:\/\/wordpress.nibis.de\/gslessen\/?page_id=763"},"modified":"2025-03-04T10:52:58","modified_gmt":"2025-03-04T09:52:58","slug":"aktuelles","status":"publish","type":"page","link":"https:\/\/wordpress.nibis.de\/gslessen\/aktuelles\/","title":{"rendered":"Aktuelles"},"content":{"rendered":"\n<h2 class=\"wp-block-heading\"><br><\/h2>\n\n\n\n<h2 class=\"wp-block-heading\">Karneval<\/h2>\n\n\n\n<p>Auch bei uns waren die Narren los. Es wurde getanzt, gelacht und viele Spiele gespielt. Der F\u00f6rderverein hat uns wieder Berliner gesponsert<\/p>\n\n\n\n<p>Vielen Dank!<\/p>\n\n\n\n<p><\/p>\n\n\n\n<p><\/p>\n\n\n\n<p><\/p>\n\n\n\n<p><\/p>\n\n\n\n<p><\/p>\n\n\n\n<p><\/p>\n\n\n\n<h2 class=\"wp-block-heading\">Weihnachtssingen <\/h2>\n\n\n\n<p>Am letzten Mittwoch vor den Ferien hatten wir Besuch von Hans-J\u00fcrgen  und Willi.  Es wurde gesungen und viele Kekse genascht.  Vielen Dank an Hans- J\u00fcrgen Schumacher, der uns mit seiner Gitarre  begleitet hat. <\/p>\n\n\n\n<figure class=\"wp-block-gallery has-nested-images columns-default is-cropped wp-block-gallery-1 is-layout-flex wp-block-gallery-is-layout-flex\">\n<figure class=\"wp-block-image size-medium\"><img loading=\"lazy\" decoding=\"async\" width=\"225\" height=\"300\" data-id=\"882\" src=\"https:\/\/wordpress.nibis.de\/gslessen\/files\/2025\/01\/IMG_1038-225x300.jpg\" alt=\"\" class=\"wp-image-882\" srcset=\"https:\/\/wordpress.nibis.de\/gslessen\/files\/2025\/01\/IMG_1038-225x300.jpg 225w, https:\/\/wordpress.nibis.de\/gslessen\/files\/2025\/01\/IMG_1038-rotated.jpg 240w\" sizes=\"auto, (max-width: 225px) 100vw, 225px\" \/><\/figure>\n\n\n\n<figure class=\"wp-block-image size-full\"><img loading=\"lazy\" decoding=\"async\" width=\"240\" height=\"320\" data-id=\"885\" src=\"https:\/\/wordpress.nibis.de\/gslessen\/files\/2025\/01\/IMG_1028-2-rotated.jpg\" alt=\"\" class=\"wp-image-885\" srcset=\"https:\/\/wordpress.nibis.de\/gslessen\/files\/2025\/01\/IMG_1028-2-rotated.jpg 240w, https:\/\/wordpress.nibis.de\/gslessen\/files\/2025\/01\/IMG_1028-2-225x300.jpg 225w\" sizes=\"auto, (max-width: 240px) 100vw, 240px\" \/><\/figure>\n\n\n\n<figure class=\"wp-block-image size-full\"><img loading=\"lazy\" decoding=\"async\" width=\"240\" height=\"320\" data-id=\"886\" src=\"https:\/\/wordpress.nibis.de\/gslessen\/files\/2025\/01\/IMG_1041-1-rotated.jpg\" alt=\"\" class=\"wp-image-886\" srcset=\"https:\/\/wordpress.nibis.de\/gslessen\/files\/2025\/01\/IMG_1041-1-rotated.jpg 240w, https:\/\/wordpress.nibis.de\/gslessen\/files\/2025\/01\/IMG_1041-1-225x300.jpg 225w\" sizes=\"auto, (max-width: 240px) 100vw, 240px\" \/><\/figure>\n<\/figure>\n\n\n\n<p><\/p>\n\n\n\n<h2 class=\"wp-block-heading\">Weihnachtsbasteln<\/h2>\n\n\n\n<p>Es ist inzwischen Tradition, dass wir am Donnerstag vor dem ersten Advent unser Weihnachtsbasteln durchf\u00fchren. Viele Helfer waren da und nach vier Stunden war unsere Schule weihnachtlich geschm\u00fcckt. Die vierte Klasse hat mit Unterst\u00fctzung der Eltern wieder Waffeln und Punsch zubereitet. Ein toller Start in die Adventszeit! <\/p>\n\n\n\n<figure class=\"wp-block-gallery has-nested-images columns-default is-cropped wp-block-gallery-2 is-layout-flex wp-block-gallery-is-layout-flex\">\n<figure class=\"wp-block-image size-large\"><img loading=\"lazy\" decoding=\"async\" width=\"768\" height=\"1024\" data-id=\"889\" src=\"https:\/\/wordpress.nibis.de\/gslessen\/files\/2025\/01\/IMG_0854-768x1024.jpg\" alt=\"\" class=\"wp-image-889\" srcset=\"https:\/\/wordpress.nibis.de\/gslessen\/files\/2025\/01\/IMG_0854-768x1024.jpg 768w, https:\/\/wordpress.nibis.de\/gslessen\/files\/2025\/01\/IMG_0854-225x300.jpg 225w, https:\/\/wordpress.nibis.de\/gslessen\/files\/2025\/01\/IMG_0854-1152x1536.jpg 1152w, https:\/\/wordpress.nibis.de\/gslessen\/files\/2025\/01\/IMG_0854-1536x2048.jpg 1536w, https:\/\/wordpress.nibis.de\/gslessen\/files\/2025\/01\/IMG_0854-scaled.jpg 1920w\" sizes=\"auto, (max-width: 768px) 100vw, 768px\" \/><\/figure>\n\n\n\n<figure class=\"wp-block-image size-large\"><img loading=\"lazy\" decoding=\"async\" width=\"768\" height=\"1024\" data-id=\"890\" src=\"https:\/\/wordpress.nibis.de\/gslessen\/files\/2025\/01\/IMG_0859-768x1024.jpg\" alt=\"\" class=\"wp-image-890\" srcset=\"https:\/\/wordpress.nibis.de\/gslessen\/files\/2025\/01\/IMG_0859-768x1024.jpg 768w, https:\/\/wordpress.nibis.de\/gslessen\/files\/2025\/01\/IMG_0859-225x300.jpg 225w, https:\/\/wordpress.nibis.de\/gslessen\/files\/2025\/01\/IMG_0859-1152x1536.jpg 1152w, https:\/\/wordpress.nibis.de\/gslessen\/files\/2025\/01\/IMG_0859-1536x2048.jpg 1536w, https:\/\/wordpress.nibis.de\/gslessen\/files\/2025\/01\/IMG_0859-scaled.jpg 1920w\" sizes=\"auto, (max-width: 768px) 100vw, 768px\" \/><\/figure>\n<\/figure>\n\n\n\n<h2 class=\"wp-block-heading\">Fahrt ins Universum<\/h2>\n\n\n\n<p>Anfang Dezember ging es f\u00fcr die gesamte Schule ins Universum. Durch eine finanzielle Unterst\u00fctzung des F\u00f6rdervereins konnten wir einen tollen Tag im Universum in Bremen verbringen. Es wurde experimentiert, gestaunt und viel ausprobiert. <\/p>\n\n\n\n<figure class=\"wp-block-gallery has-nested-images columns-default is-cropped wp-block-gallery-3 is-layout-flex wp-block-gallery-is-layout-flex\">\n<figure class=\"wp-block-image size-large\"><img loading=\"lazy\" decoding=\"async\" width=\"768\" height=\"1024\" data-id=\"901\" src=\"https:\/\/wordpress.nibis.de\/gslessen\/files\/2025\/01\/IMG_0969-3-768x1024.jpg\" alt=\"\" class=\"wp-image-901\" srcset=\"https:\/\/wordpress.nibis.de\/gslessen\/files\/2025\/01\/IMG_0969-3-768x1024.jpg 768w, https:\/\/wordpress.nibis.de\/gslessen\/files\/2025\/01\/IMG_0969-3-225x300.jpg 225w, https:\/\/wordpress.nibis.de\/gslessen\/files\/2025\/01\/IMG_0969-3-1152x1536.jpg 1152w, https:\/\/wordpress.nibis.de\/gslessen\/files\/2025\/01\/IMG_0969-3-1536x2048.jpg 1536w, https:\/\/wordpress.nibis.de\/gslessen\/files\/2025\/01\/IMG_0969-3-scaled.jpg 1920w\" sizes=\"auto, (max-width: 768px) 100vw, 768px\" \/><\/figure>\n\n\n\n<figure class=\"wp-block-image size-large\"><img loading=\"lazy\" decoding=\"async\" width=\"768\" height=\"1024\" data-id=\"908\" src=\"https:\/\/wordpress.nibis.de\/gslessen\/files\/2025\/01\/IMG_0973-768x1024.jpg\" alt=\"\" class=\"wp-image-908\" srcset=\"https:\/\/wordpress.nibis.de\/gslessen\/files\/2025\/01\/IMG_0973-768x1024.jpg 768w, https:\/\/wordpress.nibis.de\/gslessen\/files\/2025\/01\/IMG_0973-225x300.jpg 225w, https:\/\/wordpress.nibis.de\/gslessen\/files\/2025\/01\/IMG_0973-1152x1536.jpg 1152w, https:\/\/wordpress.nibis.de\/gslessen\/files\/2025\/01\/IMG_0973-rotated.jpg 1512w\" sizes=\"auto, (max-width: 768px) 100vw, 768px\" \/><\/figure>\n\n\n\n<figure class=\"wp-block-image size-large\"><img loading=\"lazy\" decoding=\"async\" width=\"768\" height=\"1024\" data-id=\"909\" src=\"https:\/\/wordpress.nibis.de\/gslessen\/files\/2025\/01\/IMG_0971-7-768x1024.jpg\" alt=\"\" class=\"wp-image-909\" srcset=\"https:\/\/wordpress.nibis.de\/gslessen\/files\/2025\/01\/IMG_0971-7-768x1024.jpg 768w, https:\/\/wordpress.nibis.de\/gslessen\/files\/2025\/01\/IMG_0971-7-225x300.jpg 225w, https:\/\/wordpress.nibis.de\/gslessen\/files\/2025\/01\/IMG_0971-7-1152x1536.jpg 1152w, https:\/\/wordpress.nibis.de\/gslessen\/files\/2025\/01\/IMG_0971-7-1536x2048.jpg 1536w, https:\/\/wordpress.nibis.de\/gslessen\/files\/2025\/01\/IMG_0971-7-scaled.jpg 1920w\" sizes=\"auto, (max-width: 768px) 100vw, 768px\" \/><\/figure>\n<\/figure>\n\n\n\n<h2 class=\"wp-block-heading\">Bundesweiter Vorlesetag<\/h2>\n\n\n\n<p>Am 15. November haben wir am bundesweiten Vorlesetag teilgenommen.  In kleinen Gruppen wurde gelesen und zugeh\u00f6rt. Spannende Abenteuer und lustige Geschichten wurden vorgelesen. <\/p>\n\n\n\n<div class=\"wp-block-group\"><div class=\"wp-block-group__inner-container is-layout-flow wp-block-group-is-layout-flow\">\n<figure class=\"wp-block-gallery has-nested-images columns-default is-cropped wp-block-gallery-4 is-layout-flex wp-block-gallery-is-layout-flex\">\n<figure class=\"wp-block-image size-large\"><img loading=\"lazy\" decoding=\"async\" width=\"480\" height=\"640\" data-id=\"910\" src=\"https:\/\/wordpress.nibis.de\/gslessen\/files\/2025\/01\/IMG_0779-rotated.jpg\" alt=\"\" class=\"wp-image-910\" srcset=\"https:\/\/wordpress.nibis.de\/gslessen\/files\/2025\/01\/IMG_0779-rotated.jpg 480w, https:\/\/wordpress.nibis.de\/gslessen\/files\/2025\/01\/IMG_0779-225x300.jpg 225w\" sizes=\"auto, (max-width: 480px) 100vw, 480px\" \/><\/figure>\n\n\n\n<figure class=\"wp-block-image size-large\"><img loading=\"lazy\" decoding=\"async\" width=\"480\" height=\"640\" data-id=\"911\" src=\"https:\/\/wordpress.nibis.de\/gslessen\/files\/2025\/01\/IMG_0773-rotated.jpg\" alt=\"\" class=\"wp-image-911\" srcset=\"https:\/\/wordpress.nibis.de\/gslessen\/files\/2025\/01\/IMG_0773-rotated.jpg 480w, https:\/\/wordpress.nibis.de\/gslessen\/files\/2025\/01\/IMG_0773-225x300.jpg 225w\" sizes=\"auto, (max-width: 480px) 100vw, 480px\" \/><\/figure>\n\n\n\n<figure class=\"wp-block-image size-large\"><img loading=\"lazy\" decoding=\"async\" width=\"480\" height=\"640\" data-id=\"912\" src=\"https:\/\/wordpress.nibis.de\/gslessen\/files\/2025\/01\/IMG_0781-rotated.jpg\" alt=\"\" class=\"wp-image-912\" srcset=\"https:\/\/wordpress.nibis.de\/gslessen\/files\/2025\/01\/IMG_0781-rotated.jpg 480w, https:\/\/wordpress.nibis.de\/gslessen\/files\/2025\/01\/IMG_0781-225x300.jpg 225w\" sizes=\"auto, (max-width: 480px) 100vw, 480px\" \/><\/figure>\n<\/figure>\n<\/div><\/div>\n\n\n\n<div class=\"wp-block-group\"><div class=\"wp-block-group__inner-container is-layout-flow wp-block-group-is-layout-flow\">\n<figure class=\"wp-block-gallery has-nested-images columns-default is-cropped wp-block-gallery-5 is-layout-flex wp-block-gallery-is-layout-flex\">\n<figure class=\"wp-block-image size-large\"><img loading=\"lazy\" decoding=\"async\" width=\"480\" height=\"640\" data-id=\"913\" src=\"https:\/\/wordpress.nibis.de\/gslessen\/files\/2025\/01\/IMG_0774-rotated.jpg\" alt=\"\" class=\"wp-image-913\" srcset=\"https:\/\/wordpress.nibis.de\/gslessen\/files\/2025\/01\/IMG_0774-rotated.jpg 480w, https:\/\/wordpress.nibis.de\/gslessen\/files\/2025\/01\/IMG_0774-225x300.jpg 225w\" sizes=\"auto, (max-width: 480px) 100vw, 480px\" \/><\/figure>\n\n\n\n<figure class=\"wp-block-image size-large\"><img loading=\"lazy\" decoding=\"async\" width=\"480\" height=\"640\" data-id=\"914\" src=\"https:\/\/wordpress.nibis.de\/gslessen\/files\/2025\/01\/IMG_0770-rotated.jpg\" alt=\"\" class=\"wp-image-914\" srcset=\"https:\/\/wordpress.nibis.de\/gslessen\/files\/2025\/01\/IMG_0770-rotated.jpg 480w, https:\/\/wordpress.nibis.de\/gslessen\/files\/2025\/01\/IMG_0770-225x300.jpg 225w\" sizes=\"auto, (max-width: 480px) 100vw, 480px\" \/><\/figure>\n\n\n\n<figure class=\"wp-block-image size-large\"><img loading=\"lazy\" decoding=\"async\" width=\"480\" height=\"640\" data-id=\"915\" src=\"https:\/\/wordpress.nibis.de\/gslessen\/files\/2025\/01\/IMG_0769-rotated.jpg\" alt=\"\" class=\"wp-image-915\" srcset=\"https:\/\/wordpress.nibis.de\/gslessen\/files\/2025\/01\/IMG_0769-rotated.jpg 480w, https:\/\/wordpress.nibis.de\/gslessen\/files\/2025\/01\/IMG_0769-225x300.jpg 225w\" sizes=\"auto, (max-width: 480px) 100vw, 480px\" \/><\/figure>\n<\/figure>\n<\/div><\/div>\n\n\n\n<p><\/p>\n","protected":false},"excerpt":{"rendered":"<p>Karneval Auch bei uns waren die Narren los. Es wurde getanzt, gelacht und viele Spiele gespielt. Der F\u00f6rderverein hat uns wieder Berliner gesponsert Vielen Dank! Weihnachtssingen Am letzten Mittwoch vor den Ferien hatten wir Besuch von Hans-J\u00fcrgen und Willi. Es wurde gesungen und viele Kekse genascht. Vielen Dank an Hans- J\u00fcrgen Schumacher, der uns mit &hellip; <a href=\"https:\/\/wordpress.nibis.de\/gslessen\/aktuelles\/\" class=\"more-link\"><span class=\"screen-reader-text\">Aktuelles<\/span> weiterlesen <span class=\"meta-nav\">&rarr;<\/span><\/a><\/p>\n","protected":false},"author":9193018,"featured_media":0,"parent":0,"menu_order":0,"comment_status":"closed","ping_status":"closed","template":"","meta":{"footnotes":""},"class_list":["post-763","page","type-page","status-publish","hentry"],"_links":{"self":[{"href":"https:\/\/wordpress.nibis.de\/gslessen\/wp-json\/wp\/v2\/pages\/763","targetHints":{"allow":["GET"]}}],"collection":[{"href":"https:\/\/wordpress.nibis.de\/gslessen\/wp-json\/wp\/v2\/pages"}],"about":[{"href":"https:\/\/wordpress.nibis.de\/gslessen\/wp-json\/wp\/v2\/types\/page"}],"author":[{"embeddable":true,"href":"https:\/\/wordpress.nibis.de\/gslessen\/wp-json\/wp\/v2\/users\/9193018"}],"replies":[{"embeddable":true,"href":"https:\/\/wordpress.nibis.de\/gslessen\/wp-json\/wp\/v2\/comments?post=763"}],"version-history":[{"count":15,"href":"https:\/\/wordpress.nibis.de\/gslessen\/wp-json\/wp\/v2\/pages\/763\/revisions"}],"predecessor-version":[{"id":982,"href":"https:\/\/wordpress.nibis.de\/gslessen\/wp-json\/wp\/v2\/pages\/763\/revisions\/982"}],"wp:attachment":[{"href":"https:\/\/wordpress.nibis.de\/gslessen\/wp-json\/wp\/v2\/media?parent=763"}],"curies":[{"name":"wp","href":"https:\/\/api.w.org\/{rel}","templated":true}]}}