{"id":772,"date":"2024-01-03T11:37:00","date_gmt":"2024-01-03T10:37:00","guid":{"rendered":"https:\/\/wordpress.nibis.de\/gslessen\/?page_id=772"},"modified":"2025-01-06T17:54:05","modified_gmt":"2025-01-06T16:54:05","slug":"termine","status":"publish","type":"page","link":"https:\/\/wordpress.nibis.de\/gslessen\/termine\/","title":{"rendered":"Termine"},"content":{"rendered":"\n<p><strong>Ein kleiner Hinweis: <\/strong>Hier finden Sie aktuelle Termine. Sollte bei den Ank\u00fcndigungen keine weitere Information stehen, ben\u00f6tigen die Kinder immer ihren Schulranzen und ein Fr\u00fchst\u00fcck! Handelt es sich um Ausfl\u00fcge oder Besichtigungen, erhalten Sie immer eine Nachricht \u00fcber den Schulplaner! <\/p>\n\n\n\n<p>Wir m\u00f6chte, dass die Kinder selbstst\u00e4ndig werden, Verantwortung \u00fcbernehmen und trauen ihnen zu, sich Dinge zu merken. Deshalb werden klasseninterne Aktivit\u00e4ten hier nicht immer angek\u00fcndigt. Wenn wir im Rahmen des Unterrichts die Kinder bitten, Sachen von zu Hause mitzubringen, geschieht dies nicht immer \u00fcber einen Eintrag im Schulplaner oder die Kinder haben bewusst drauf verzichtet, es sich zu notieren. Sollte die Gegenst\u00e4nde vergessen werden, haben wir immer Ersatz! <\/p>\n\n\n\n<h2 class=\"wp-block-heading\">Das steht an&#8230;<\/h2>\n\n\n\n<p><\/p>\n\n\n\n<p><strong>20.01.2025:<\/strong> Zeugniskonferenzen<\/p>\n\n\n\n<p><\/p>\n","protected":false},"excerpt":{"rendered":"<p>Ein kleiner Hinweis: Hier finden Sie aktuelle Termine. Sollte bei den Ank\u00fcndigungen keine weitere Information stehen, ben\u00f6tigen die Kinder immer ihren Schulranzen und ein Fr\u00fchst\u00fcck! Handelt es sich um Ausfl\u00fcge oder Besichtigungen, erhalten Sie immer eine Nachricht \u00fcber den Schulplaner! Wir m\u00f6chte, dass die Kinder selbstst\u00e4ndig werden, Verantwortung \u00fcbernehmen und trauen ihnen zu, sich Dinge &hellip; <a href=\"https:\/\/wordpress.nibis.de\/gslessen\/termine\/\" class=\"more-link\"><span class=\"screen-reader-text\">Termine<\/span> weiterlesen <span class=\"meta-nav\">&rarr;<\/span><\/a><\/p>\n","protected":false},"author":9193018,"featured_media":0,"parent":0,"menu_order":0,"comment_status":"closed","ping_status":"closed","template":"","meta":{"footnotes":""},"class_list":["post-772","page","type-page","status-publish","hentry"],"_links":{"self":[{"href":"https:\/\/wordpress.nibis.de\/gslessen\/wp-json\/wp\/v2\/pages\/772","targetHints":{"allow":["GET"]}}],"collection":[{"href":"https:\/\/wordpress.nibis.de\/gslessen\/wp-json\/wp\/v2\/pages"}],"about":[{"href":"https:\/\/wordpress.nibis.de\/gslessen\/wp-json\/wp\/v2\/types\/page"}],"author":[{"embeddable":true,"href":"https:\/\/wordpress.nibis.de\/gslessen\/wp-json\/wp\/v2\/users\/9193018"}],"replies":[{"embeddable":true,"href":"https:\/\/wordpress.nibis.de\/gslessen\/wp-json\/wp\/v2\/comments?post=772"}],"version-history":[{"count":10,"href":"https:\/\/wordpress.nibis.de\/gslessen\/wp-json\/wp\/v2\/pages\/772\/revisions"}],"predecessor-version":[{"id":973,"href":"https:\/\/wordpress.nibis.de\/gslessen\/wp-json\/wp\/v2\/pages\/772\/revisions\/973"}],"wp:attachment":[{"href":"https:\/\/wordpress.nibis.de\/gslessen\/wp-json\/wp\/v2\/media?parent=772"}],"curies":[{"name":"wp","href":"https:\/\/api.w.org\/{rel}","templated":true}]}}