{"id":872,"date":"2025-01-05T11:33:14","date_gmt":"2025-01-05T10:33:14","guid":{"rendered":"https:\/\/wordpress.nibis.de\/gslessen\/?page_id=872"},"modified":"2025-01-05T13:47:59","modified_gmt":"2025-01-05T12:47:59","slug":"unser-schultag","status":"publish","type":"page","link":"https:\/\/wordpress.nibis.de\/gslessen\/unser-schultag\/","title":{"rendered":"Unser Schultag"},"content":{"rendered":"\n<div class=\"wp-block-image\"><figure class=\"aligncenter size-full\"><img loading=\"lazy\" decoding=\"async\" width=\"675\" height=\"646\" src=\"https:\/\/wordpress.nibis.de\/gslessen\/files\/2025\/01\/image-2.png\" alt=\"\" class=\"wp-image-929\" srcset=\"https:\/\/wordpress.nibis.de\/gslessen\/files\/2025\/01\/image-2.png 675w, https:\/\/wordpress.nibis.de\/gslessen\/files\/2025\/01\/image-2-300x287.png 300w\" sizes=\"auto, (max-width: 675px) 100vw, 675px\" \/><\/figure><\/div>\n\n\n\n<p> Seit diesem Schuljahr starten wir an vier Schultagen mit den Basiskompetenzen. In dieser Zeit arbeiten die Sch\u00fclerinnen und Sch\u00fcler eigenst\u00e4ndig an selbst gew\u00e4hlte Aufgaben. Schwerpunktm\u00e4\u00dfig sollen sprachliche und mathematische Kompetenzen im Vordergrund stehen.<\/p>\n\n\n\n<p>Am Mittwoch findet unser MyDay statt. Nach einem gemeinsamen Start in der Sporthalle, gehen die Kinder f\u00fcr den ersten Unterrichtsblock in ihre Myday-Gruppen (siehe auch Myday).<\/p>\n\n\n\n<p>Alle Klassen fr\u00fchst\u00fccken immer gemeinsam im Klassenverband. Damit&nbsp; die Kinder der Eingangsstufe&nbsp; den Schulhof auch mal f\u00fcr sich haben, findet die erste gro\u00dfe Pause getrennt von Dritt- und Viertkl\u00e4sslern statt. In der zweiten gro\u00dfen Pause sind dann alle Kinder gemeinsam auf dem Schulhof.<\/p>\n\n\n\n<p>F\u00fcr die Kinder der Eingangsstufe findet in der f\u00fcnften Stunde im Rahmen der Verl\u00e4sslichkeit eine Betreuung statt. Dieses Angebotes ist freiwillig und kann halbj\u00e4hrlich ausgew\u00e4hlt werden. In der sechsten Unterrichtsstunde k\u00f6nnen Sie Ihr Kinder zur Hausaufgabenbetreuung anmelden. <\/p>\n","protected":false},"excerpt":{"rendered":"<p>Seit diesem Schuljahr starten wir an vier Schultagen mit den Basiskompetenzen. In dieser Zeit arbeiten die Sch\u00fclerinnen und Sch\u00fcler eigenst\u00e4ndig an selbst gew\u00e4hlte Aufgaben. Schwerpunktm\u00e4\u00dfig sollen sprachliche und mathematische Kompetenzen im Vordergrund stehen. Am Mittwoch findet unser MyDay statt. Nach einem gemeinsamen Start in der Sporthalle, gehen die Kinder f\u00fcr den ersten Unterrichtsblock in ihre &hellip; <a href=\"https:\/\/wordpress.nibis.de\/gslessen\/unser-schultag\/\" class=\"more-link\"><span class=\"screen-reader-text\">Unser Schultag<\/span> weiterlesen <span class=\"meta-nav\">&rarr;<\/span><\/a><\/p>\n","protected":false},"author":9193018,"featured_media":0,"parent":0,"menu_order":0,"comment_status":"closed","ping_status":"closed","template":"","meta":{"footnotes":""},"class_list":["post-872","page","type-page","status-publish","hentry"],"_links":{"self":[{"href":"https:\/\/wordpress.nibis.de\/gslessen\/wp-json\/wp\/v2\/pages\/872","targetHints":{"allow":["GET"]}}],"collection":[{"href":"https:\/\/wordpress.nibis.de\/gslessen\/wp-json\/wp\/v2\/pages"}],"about":[{"href":"https:\/\/wordpress.nibis.de\/gslessen\/wp-json\/wp\/v2\/types\/page"}],"author":[{"embeddable":true,"href":"https:\/\/wordpress.nibis.de\/gslessen\/wp-json\/wp\/v2\/users\/9193018"}],"replies":[{"embeddable":true,"href":"https:\/\/wordpress.nibis.de\/gslessen\/wp-json\/wp\/v2\/comments?post=872"}],"version-history":[{"count":3,"href":"https:\/\/wordpress.nibis.de\/gslessen\/wp-json\/wp\/v2\/pages\/872\/revisions"}],"predecessor-version":[{"id":930,"href":"https:\/\/wordpress.nibis.de\/gslessen\/wp-json\/wp\/v2\/pages\/872\/revisions\/930"}],"wp:attachment":[{"href":"https:\/\/wordpress.nibis.de\/gslessen\/wp-json\/wp\/v2\/media?parent=872"}],"curies":[{"name":"wp","href":"https:\/\/api.w.org\/{rel}","templated":true}]}}