{"id":91,"date":"2019-11-21T08:57:28","date_gmt":"2019-11-21T07:57:28","guid":{"rendered":"https:\/\/wordpress.nibis.de\/gslessen\/?page_id=91"},"modified":"2024-01-03T11:12:52","modified_gmt":"2024-01-03T10:12:52","slug":"formulare-und-merkblaetter","status":"publish","type":"page","link":"https:\/\/wordpress.nibis.de\/gslessen\/formulare-und-merkblaetter\/","title":{"rendered":"Formulare und Merkbl\u00e4tter"},"content":{"rendered":"\n<p>Hier finden Sie alle wichtigen Formulare und Merkbl\u00e4tter zum Download:<\/p>\n<p>Anmeldung an der Grundschule Gro\u00df Lessen: <a href=\"https:\/\/wordpress.nibis.de\/gslessen\/files\/2019\/11\/Anmeldung.pdf\">Anmeldung<\/a><\/p>\n<p>Merkblatt Sch\u00fclerbef\u00f6rderung: <a href=\"https:\/\/wordpress.nibis.de\/gslessen\/files\/2024\/01\/merkblatt_schuelerbefoerderung_20150929-1.pdf\">Merkblatt Sch\u00fclerbef\u00f6rderung<\/a><\/p>\n<p>Antrag auf Sch\u00fclerbef\u00f6rderung: <a href=\"https:\/\/wordpress.nibis.de\/gslessen\/files\/2024\/01\/antrag_schuelerbefoerderung_stand_07.2022.pdf\">Sch\u00fclerbef\u00f6rderung<\/a><\/p>\n<p>Tabelle Infektionskrankheiten: <a href=\"https:\/\/wordpress.nibis.de\/gslessen\/files\/2024\/01\/wiederzulassungstabelle-1.pdf\">Wiederzulassungstabelle<\/a>\u00a0<\/p>\n<p>Merkblatt Kopfl\u00e4use: <a href=\"https:\/\/wordpress.nibis.de\/gslessen\/files\/2019\/11\/Merkblatt-Kopfl\u00e4use.pdf\">Merkblatt Kopfl\u00e4use<\/a><\/p>\n<p>Merkblatt Witterungsverh\u00e4ltnisse: <a href=\"https:\/\/wordpress.nibis.de\/gslessen\/files\/2024\/01\/2023-11-14-Merkblatt.pdf\">Merkblatt Witterungsverh\u00e4ltnisse<\/a><\/p>\n<p>\u00a0<\/p>\n<p>\u00a0<\/p>\n\n\n\n<p><\/p>\n","protected":false},"excerpt":{"rendered":"<p>Hier finden Sie alle wichtigen Formulare und Merkbl\u00e4tter zum Download: Anmeldung an der Grundschule Gro\u00df Lessen: Anmeldung Merkblatt Sch\u00fclerbef\u00f6rderung: Merkblatt Sch\u00fclerbef\u00f6rderung Antrag auf Sch\u00fclerbef\u00f6rderung: Sch\u00fclerbef\u00f6rderung Tabelle Infektionskrankheiten: Wiederzulassungstabelle\u00a0 Merkblatt Kopfl\u00e4use: Merkblatt Kopfl\u00e4use Merkblatt Witterungsverh\u00e4ltnisse: Merkblatt Witterungsverh\u00e4ltnisse \u00a0 \u00a0<\/p>\n","protected":false},"author":9193018,"featured_media":0,"parent":0,"menu_order":0,"comment_status":"closed","ping_status":"closed","template":"","meta":{"footnotes":""},"class_list":["post-91","page","type-page","status-publish","hentry"],"_links":{"self":[{"href":"https:\/\/wordpress.nibis.de\/gslessen\/wp-json\/wp\/v2\/pages\/91","targetHints":{"allow":["GET"]}}],"collection":[{"href":"https:\/\/wordpress.nibis.de\/gslessen\/wp-json\/wp\/v2\/pages"}],"about":[{"href":"https:\/\/wordpress.nibis.de\/gslessen\/wp-json\/wp\/v2\/types\/page"}],"author":[{"embeddable":true,"href":"https:\/\/wordpress.nibis.de\/gslessen\/wp-json\/wp\/v2\/users\/9193018"}],"replies":[{"embeddable":true,"href":"https:\/\/wordpress.nibis.de\/gslessen\/wp-json\/wp\/v2\/comments?post=91"}],"version-history":[{"count":6,"href":"https:\/\/wordpress.nibis.de\/gslessen\/wp-json\/wp\/v2\/pages\/91\/revisions"}],"predecessor-version":[{"id":760,"href":"https:\/\/wordpress.nibis.de\/gslessen\/wp-json\/wp\/v2\/pages\/91\/revisions\/760"}],"wp:attachment":[{"href":"https:\/\/wordpress.nibis.de\/gslessen\/wp-json\/wp\/v2\/media?parent=91"}],"curies":[{"name":"wp","href":"https:\/\/api.w.org\/{rel}","templated":true}]}}