{"id":1180,"date":"2017-03-27T19:05:58","date_gmt":"2017-03-27T17:05:58","guid":{"rendered":"http:\/\/wordpress.nibis.de\/gslieben\/?page_id=1180"},"modified":"2022-08-26T17:25:44","modified_gmt":"2022-08-26T15:25:44","slug":"impressum","status":"publish","type":"page","link":"https:\/\/wordpress.nibis.de\/gslieben\/impressum\/","title":{"rendered":"Impressum"},"content":{"rendered":"<div class=\"rgs-postcontent clearfix\">\n<div class=\"rgs-article\">\n<p><span style=\"font-family: arial,helvetica,sans-serif\"><strong>Herausgeber der Website:<\/strong><\/span><\/p>\n<p><span style=\"font-family: arial,helvetica,sans-serif\">Grundschule Liebenburg<\/span><br \/>\n<span style=\"font-family: arial,helvetica,sans-serif\">Sch\u00e4ferwiese 18<\/span><br \/>\n<span style=\"font-family: arial,helvetica,sans-serif\"> 38704 Liebenburg<\/span><\/p>\n<p><span style=\"font-family: arial,helvetica,sans-serif\">Tel. 05346-12 95<\/span><br \/>\n<span style=\"font-family: arial,helvetica,sans-serif\">E-Mail: <span style=\"color: #3366ff\"><a style=\"color: #3366ff\" href=\"mail&#116;&#111;&#58;&#107;&#111;&#x6e;&#x74;&#x61;&#x6b;&#x74;&#x40;&#x67;slie&#98;&#101;&#110;&#98;&#117;&#x72;&#x67;&#x2e;&#x6f;&#x6e;&#x6d;&#x69;&#x63;roso&#102;&#116;&#46;&#100;&#101;\">k&#111;&#110;&#x74;&#x61;&#x6b;&#x74;&#64;&#103;&#115;&#108;&#x69;&#x65;&#x62;en&#98;&#117;&#x72;&#x67;&#x2e;on&#109;&#105;&#x63;&#x72;&#x6f;so&#102;&#116;&#x2e;&#x64;&#x65;<\/a><\/span><\/span><\/p>\n<p><span style=\"font-family: arial,helvetica,sans-serif\">Die Gemeinde Liebenburg ist Schultr\u00e4ger der Grundschule Liebenburg. Sie wird gesetzlich vertreten durch die\u00a0Schulleiterin Frau Susanne Wortmann.<\/span><\/p>\n<p><span style=\"font-family: arial,helvetica,sans-serif\"><strong>Schultr\u00e4ger<\/strong><\/span><\/p>\n<p><span style=\"font-family: arial,helvetica,sans-serif\"><a href=\"http:\/\/www.liebenburg.de\/\" target=\"_blank\" rel=\"noopener noreferrer\">Gemeinde Liebenburg<\/a><\/span><\/p>\n<p><span style=\"font-family: arial,helvetica,sans-serif\"><strong>Zust\u00e4ndige Aufsichtsbeh\u00f6rde:<\/strong><\/span><\/p>\n<p><span style=\"font-family: arial,helvetica,sans-serif\"><a href=\"http:\/\/www.mk.niedersachsen.de\/master\/C6796711_N6985436_L20_D0_I579.html\" target=\"_blank\" rel=\"noopener noreferrer\">Landesschulbeh\u00f6rde Braunschweig<\/a><\/span><br \/>\n<span style=\"font-family: arial,helvetica,sans-serif\">Wilhelmstr. 62-69<\/span><br \/>\n<span style=\"font-family: arial,helvetica,sans-serif\">38100 Braunschweig<\/span><br \/>\n<span style=\"font-family: arial,helvetica,sans-serif\">Postfach 30 51<\/span><br \/>\n<span style=\"font-family: arial,helvetica,sans-serif\">38020 Braunschweig<\/span><br \/>\n<span style=\"font-family: arial,helvetica,sans-serif\">Telefon: 0531-484-0<\/span><br \/>\n<span style=\"font-family: arial,helvetica,sans-serif\">E-mail: <span id=\"cloak3eaec561234eb8a46dac5a41ba5f7666\"><a href=\"&#x6d;&#x61;&#105;l&#x74;&#x6f;&#x3a;&#112;o&#x73;&#x74;&#x73;&#116;e&#x6c;&#x6c;&#x65;&#64;l&#x73;&#x63;&#x68;&#98;-&#x6c;&#x67;&#x2e;&#110;i&#x65;&#x64;&#x65;&#114;s&#x61;&#x63;&#x68;&#115;e&#x6e;&#x2e;&#x64;&#101;\">p&#111;&#115;&#116;&#x73;&#x74;&#x65;ll&#101;&#64;&#x6c;&#x73;&#x63;&#x68;b-&#108;&#103;&#x2e;&#x6e;&#x69;&#x65;d&#101;&#114;&#115;&#x61;&#x63;&#x68;se&#110;&#46;&#100;&#x65;<\/a><\/span><\/span><\/p>\n<p><span style=\"font-family: arial,helvetica,sans-serif\"><strong> Inhaltlich Verantwortlich:<\/strong><\/span><\/p>\n<p><span style=\"font-family: arial,helvetica,sans-serif\">Schulleiterin Frau Susanne Wortmann<br \/>\n<\/span><\/p>\n<p><span style=\"font-family: arial,helvetica,sans-serif\"><strong>\u00a0Einrichtung der Website:<\/strong><\/span><\/p>\n<p><strong><span style=\"font-family: arial,helvetica,sans-serif\">Haftungshinweis:<\/span><\/strong><br \/>\n<span style=\"font-family: arial,helvetica,sans-serif\"> Trotz sorgf\u00e4ltiger inhaltlicher Kontrolle \u00fcbernehmen wir keine Haftung f\u00fcr die Inhalte externer Links. F\u00fcr den Inhalt der verlinkten Seiten sind ausschlie\u00dflich deren Betreiber verantwortlich.<\/span><\/p>\n<\/div>\n<\/div>\n","protected":false},"excerpt":{"rendered":"<p>Herausgeber der Website: Grundschule Liebenburg Sch\u00e4ferwiese 18 38704 Liebenburg Tel. 05346-12 95 E-Mail: &#x6b;&#x6f;&#x6e;&#x74;&#97;&#107;t&#64;g&#x73;&#x6c;&#x69;&#x65;&#98;&#101;nbu&#x72;&#x67;&#x2e;&#x6f;&#110;&#109;&#105;cr&#x6f;&#x73;&#x6f;&#x66;&#116;&#46;&#100;e Die Gemeinde Liebenburg ist Schultr\u00e4ger der Grundschule Liebenburg. Sie wird gesetzlich vertreten durch die\u00a0Schulleiterin Frau Susanne Wortmann. Schultr\u00e4ger Gemeinde Liebenburg Zust\u00e4ndige Aufsichtsbeh\u00f6rde: Landesschulbeh\u00f6rde Braunschweig Wilhelmstr. 62-69 38100 Braunschweig Postfach 30 51 38020 Braunschweig Telefon: 0531-484-0 E-mail: &#x70;&#111;s&#x74;&#115;t&#x65;&#108;l&#x65;&#64;l&#x73;&#99;h&#x62;&#45;l&#x67;&#46;n&#x69;&#101;d&#x65;&#114;s&#x61;&#99;h&#x73;&#101;n&#x2e;&#100;e Inhaltlich Verantwortlich: Schulleiterin Frau Susanne Wortmann \u00a0Einrichtung der Website: Haftungshinweis: Trotz sorgf\u00e4ltiger inhaltlicher Kontrolle \u00fcbernehmen wir keine Haftung f\u00fcr die Inhalte externer Links. F\u00fcr den Inhalt der verlinkten Seiten&#8230;<\/p>\n<p class=\"read-more\"><a class=\"btn btn-default\" href=\"https:\/\/wordpress.nibis.de\/gslieben\/impressum\/\">Weiterlesen<span class=\"screen-reader-text\"> Weiterlesen<\/span><\/a><\/p>\n","protected":false},"author":576,"featured_media":0,"parent":0,"menu_order":0,"comment_status":"closed","ping_status":"closed","template":"","meta":{"footnotes":""},"class_list":["post-1180","page","type-page","status-publish","hentry"],"_links":{"self":[{"href":"https:\/\/wordpress.nibis.de\/gslieben\/wp-json\/wp\/v2\/pages\/1180","targetHints":{"allow":["GET"]}}],"collection":[{"href":"https:\/\/wordpress.nibis.de\/gslieben\/wp-json\/wp\/v2\/pages"}],"about":[{"href":"https:\/\/wordpress.nibis.de\/gslieben\/wp-json\/wp\/v2\/types\/page"}],"author":[{"embeddable":true,"href":"https:\/\/wordpress.nibis.de\/gslieben\/wp-json\/wp\/v2\/users\/576"}],"replies":[{"embeddable":true,"href":"https:\/\/wordpress.nibis.de\/gslieben\/wp-json\/wp\/v2\/comments?post=1180"}],"version-history":[{"count":5,"href":"https:\/\/wordpress.nibis.de\/gslieben\/wp-json\/wp\/v2\/pages\/1180\/revisions"}],"predecessor-version":[{"id":2593,"href":"https:\/\/wordpress.nibis.de\/gslieben\/wp-json\/wp\/v2\/pages\/1180\/revisions\/2593"}],"wp:attachment":[{"href":"https:\/\/wordpress.nibis.de\/gslieben\/wp-json\/wp\/v2\/media?parent=1180"}],"curies":[{"name":"wp","href":"https:\/\/api.w.org\/{rel}","templated":true}]}}