{"id":2178,"date":"2019-11-12T21:05:18","date_gmt":"2019-11-12T19:05:18","guid":{"rendered":"https:\/\/wordpress.nibis.de\/gslieben\/?page_id=2178"},"modified":"2019-11-18T18:14:29","modified_gmt":"2019-11-18T16:14:29","slug":"ganztagsschule","status":"publish","type":"page","link":"https:\/\/wordpress.nibis.de\/gslieben\/ganztagsschule\/","title":{"rendered":"Ganztagsschule"},"content":{"rendered":"<p><span style=\"color: #ff0000;font-size: 24pt\"><strong><span style=\"font-family: arial, helvetica, sans-serif\"><span style=\"color: #ff0000\">Ganztagsschule<\/span><\/span><\/strong><\/span><\/p>\n<p><span style=\"font-family: arial, helvetica, sans-serif\">Seit August 2017 ist die Grundschule Liebenburg eine offene Ganztagsschule. Wir bieten an f\u00fcnf Tagen in der Woche eine Ganztagsbetreuung bis 15.10 Uhr an. Der Nachmittag umfasst eine Zeit f\u00fcr Mittagessen und Pause, eine Lernzeit mit Betreuung der Hausaufgaben und ein Kursangebot.<\/span><\/p>\n<p><span style=\"font-family: arial, helvetica, sans-serif\">Die Anmeldung zur Ganztagsschule umfasst jeweils ein Schulhalbjahr.<\/span><\/p>\n<p><span style=\"font-family: arial, helvetica, sans-serif\">Sie k\u00f6nnen selbst entscheiden, ob und an wie vielen Tagen ihr Kind am Nachmittagsangebot teilnimmt. Die Kursangebote variieren. Im aktuellen Halbjahr stehen folgende Kursangebote zur Verf\u00fcgung:<\/span><\/p>\n<p><span style=\"font-family: arial, helvetica, sans-serif\"><strong><em><u>Chor<\/u><\/em><\/strong><\/span><\/p>\n<p><span style=\"font-family: arial, helvetica, sans-serif\">Wir singen mit viel Freude Lieder zu den unterschiedlichen Jahreszeiten und bereichern\u00a0 durch gemeinsame Auftritte unser Schulleben. Auch kleine \u00f6ffentliche Auftritte (z.B. Singen beim Adventsmarkt der Klinik Fontheim, Singen beim Kirschbl\u00fctenfest, Singen bei Schulfesten) geh\u00f6ren dazu.<\/span><\/p>\n<p><span style=\"font-family: arial, helvetica, sans-serif\"><strong><em><u>Spiele f\u00fcr drinnen und drau\u00dfen<\/u><\/em><\/strong><\/span><\/p>\n<p><span style=\"font-family: arial, helvetica, sans-serif\">Wir spielen gemeinsam und werden dabei alte und auch neue Spiele kennen lernen. Die Freude an gemeinsamen Aktivit\u00e4ten und das Umsetzen eigener Ideen stehen dabei im Vordergrund.<\/span><\/p>\n<p><span style=\"font-family: arial, helvetica, sans-serif\"><strong><em><u>Tierexperten<\/u><\/em><\/strong><\/span><\/p>\n<p><span style=\"font-family: arial, helvetica, sans-serif\">Wir wollen gemeinsam verschiedene Tiere kennen lernen und dabei Sachwissen erwerben, dazu basteln, malen und spielen.<\/span><\/p>\n<p><span style=\"font-family: arial, helvetica, sans-serif\"><strong><em><u>Fu\u00dfball f\u00fcr Jungen und M\u00e4dchen<\/u><\/em><\/strong><\/span><\/p>\n<p><span style=\"font-family: arial, helvetica, sans-serif\">Wir trainieren und\u00a0 spielen gemeinsam Fu\u00dfball.<\/span><\/p>\n<p><span style=\"font-family: arial, helvetica, sans-serif\"><strong><em><u>Entspannung<\/u><\/em><\/strong><\/span><\/p>\n<p><span style=\"font-family: arial, helvetica, sans-serif\">Wir wollen gemeinsam Entspannungs\u00fcbungen machen und spannende Fantasiereisen erleben. Wir wollen dabei zur Ruhe kommen, sch\u00f6ne Musik h\u00f6ren und malen.<\/span><\/p>\n<p><span style=\"font-family: arial, helvetica, sans-serif\"><strong><em><u>Kreativzeit<\/u><\/em><\/strong><\/span><\/p>\n<p><span style=\"font-family: arial, helvetica, sans-serif\">In diesem Kurs werden wir zusammen mit verschiedenen Materialien basteln, malen und gestalten. Das Einbringen eigener sch\u00f6pferischer Ideen ist erw\u00fcnscht.<\/span><\/p>\n<p><span style=\"font-family: arial, helvetica, sans-serif\"><strong><em><u>Werken<\/u><\/em><\/strong><\/span><\/p>\n<p><span style=\"font-family: arial, helvetica, sans-serif\">Aus verschiedenen Materialien wollen wir kleine Werkst\u00fccke und Bastelarbeiten fertigen.<\/span><\/p>\n<p><span style=\"font-family: arial, helvetica, sans-serif\"><strong><em><u>Bauen mit Lego<\/u><\/em><\/strong><\/span><\/p>\n<p><span style=\"font-family: arial, helvetica, sans-serif\">Mit Legosteinen wollen wir gemeinsam bauen und spielen. Dabei werden wir sowohl nach Anleitung als auch frei arbeiten.<\/span><\/p>\n<p><span style=\"font-family: arial, helvetica, sans-serif\"><strong><em><u>Schulhofspiele\/Freispiel<\/u><\/em><\/strong><\/span><\/p>\n<p><span style=\"font-family: arial, helvetica, sans-serif\">Wir wollen gemeinsam Schulhofspiele, die bereits unsere Eltern und Gro\u00dfeltern kannten, erproben oder aber die Zeit zum freien Spiel nutzen.<\/span><\/p>\n<p><span style=\"font-family: arial, helvetica, sans-serif\"><strong><em><u>Aus alt mach neu<\/u><\/em><\/strong><\/span><\/p>\n<p><span style=\"font-family: arial, helvetica, sans-serif\">Verschiedenen Alltagsmaterialien wollen wir eine neue Bedeutung geben. Sammeln, Umdeuten und kreatives Gestalten stehen hier im Vordergrund.<\/span><\/p>\n<p><span style=\"font-family: arial, helvetica, sans-serif\"><strong><em><u>Kinderparlament<\/u><\/em><\/strong><\/span><\/p>\n<p><span style=\"font-family: arial, helvetica, sans-serif\">D\u00fcrfen wir \u00fcberhaupt noch Fleisch essen? Kann der Wolf bei uns in Deutschland bleiben? Sollte man Eltern dazu zwingen k\u00f6nnen, ihre Kinder impfen zu lassen?&#8230; Es gibt viele Themen, bei denen es kein klares Ja oder Nein gibt. Wir wollen gemeinsam Themen erarbeiten, die uns besch\u00e4ftigen und dabei lernen, wie man respektvoll durch hei\u00dfe Diskussionen geht.<\/span><\/p>\n<p><span style=\"font-family: arial, helvetica, sans-serif\"><strong><em><u>Sport<\/u><\/em><\/strong><\/span><\/p>\n<p><span style=\"font-family: arial, helvetica, sans-serif\">Gemeinsam werden wir uns in der Sporthalle mit B\u00e4llen oder anderen Kleinger\u00e4ten oder bei sch\u00f6nem Wetter auch drau\u00dfen bewegen. Wir werden zusammen spielen, was uns Spa\u00df macht.<\/span><\/p>\n<p><span style=\"font-family: arial, helvetica, sans-serif\"><strong><em><u>Sch\u00fclerzeitung<\/u><\/em><\/strong><\/span><\/p>\n<p><span style=\"font-family: arial, helvetica, sans-serif\">Wir wollen gemeinsam eine Sch\u00fclerzeitung erstellen. Dabei werden wir als Reporter t\u00e4tig sein, indem wir Interviews f\u00fchren, recherchieren und kleine Artikel schreiben. Dieser Kurs ist f\u00fcr Sch\u00fclerinnen und Sch\u00fcler der Klassen 3 und 4 gedacht.<\/span><\/p>\n<p><a href=\"https:\/\/wordpress.nibis.de\/gslieben\/files\/2019\/04\/Sch\u00fclerzeitung-1.Halbjahr-2017_18.pdf\">Sch\u00fclerzeitung 1.Halbjahr 2017_18<\/a><\/p>\n<p><a href=\"https:\/\/wordpress.nibis.de\/gslieben\/files\/2019\/04\/Sch\u00fclerzeitung-2.Halbjahr-2017_18.pdf\">Sch\u00fclerzeitung 2.Halbjahr 2017_18<\/a><\/p>\n<p><a href=\"https:\/\/wordpress.nibis.de\/gslieben\/files\/2019\/04\/Sch\u00fclerzeitung-Ostern-2018_2019.pdf\">Sch\u00fclerzeitung Ostern 2018_2019<\/a><\/p>\n<p><span style=\"font-family: arial, helvetica, sans-serif\"><strong><em><u>Instrumentenkarussel<\/u><\/em><\/strong><\/span><\/p>\n<p><span style=\"font-family: arial, helvetica, sans-serif\">In diesem Projekt der Kreismusikschule lernen wir verschiedene Musikinstrumente kennen. Wir werden Musik h\u00f6ren, verschiedene Instrumente ansehen, erproben und gemeinsam musizieren. Es werden andere Instrumente als im letzten Halbjahr vorgestellt.<\/span><\/p>\n<p><span style=\"font-family: arial, helvetica, sans-serif\"><strong><em><u>Projekte und Spiele nach Wahl<\/u><\/em><\/strong><\/span><\/p>\n<p><span style=\"font-family: arial, helvetica, sans-serif\">Gemeinsam mit den Kindern wollen wir verschiedene kleine Projekte (z. B. kleine Spazierg\u00e4nge, Backen, Kochen, Gemeinschaftsarbeiten aus dem k\u00fcnstlerischen Bereich) planen und durchf\u00fchren. Auch Zeit zum freien Spiel und Nutzen der vorhandenen Spielm\u00f6glichkeiten soll bleiben.<\/span><\/p>\n","protected":false},"excerpt":{"rendered":"<p>Ganztagsschule Seit August 2017 ist die Grundschule Liebenburg eine offene Ganztagsschule. Wir bieten an f\u00fcnf Tagen in der Woche eine Ganztagsbetreuung bis 15.10 Uhr an. Der Nachmittag umfasst eine Zeit f\u00fcr Mittagessen und Pause, eine Lernzeit mit Betreuung der Hausaufgaben und ein Kursangebot. Die Anmeldung zur Ganztagsschule umfasst jeweils ein Schulhalbjahr. Sie k\u00f6nnen selbst entscheiden, ob und an wie vielen Tagen ihr Kind am Nachmittagsangebot teilnimmt. Die Kursangebote variieren. Im aktuellen Halbjahr stehen folgende Kursangebote zur Verf\u00fcgung: Chor Wir singen&#8230;<\/p>\n<p class=\"read-more\"><a class=\"btn btn-default\" href=\"https:\/\/wordpress.nibis.de\/gslieben\/ganztagsschule\/\">Weiterlesen<span class=\"screen-reader-text\"> Weiterlesen<\/span><\/a><\/p>\n","protected":false},"author":576,"featured_media":0,"parent":0,"menu_order":0,"comment_status":"closed","ping_status":"closed","template":"","meta":{"footnotes":""},"class_list":["post-2178","page","type-page","status-publish","hentry"],"_links":{"self":[{"href":"https:\/\/wordpress.nibis.de\/gslieben\/wp-json\/wp\/v2\/pages\/2178","targetHints":{"allow":["GET"]}}],"collection":[{"href":"https:\/\/wordpress.nibis.de\/gslieben\/wp-json\/wp\/v2\/pages"}],"about":[{"href":"https:\/\/wordpress.nibis.de\/gslieben\/wp-json\/wp\/v2\/types\/page"}],"author":[{"embeddable":true,"href":"https:\/\/wordpress.nibis.de\/gslieben\/wp-json\/wp\/v2\/users\/576"}],"replies":[{"embeddable":true,"href":"https:\/\/wordpress.nibis.de\/gslieben\/wp-json\/wp\/v2\/comments?post=2178"}],"version-history":[{"count":6,"href":"https:\/\/wordpress.nibis.de\/gslieben\/wp-json\/wp\/v2\/pages\/2178\/revisions"}],"predecessor-version":[{"id":2222,"href":"https:\/\/wordpress.nibis.de\/gslieben\/wp-json\/wp\/v2\/pages\/2178\/revisions\/2222"}],"wp:attachment":[{"href":"https:\/\/wordpress.nibis.de\/gslieben\/wp-json\/wp\/v2\/media?parent=2178"}],"curies":[{"name":"wp","href":"https:\/\/api.w.org\/{rel}","templated":true}]}}