{"id":2198,"date":"2019-11-14T20:57:53","date_gmt":"2019-11-14T18:57:53","guid":{"rendered":"https:\/\/wordpress.nibis.de\/gslieben\/?page_id=2198"},"modified":"2020-05-06T20:28:42","modified_gmt":"2020-05-06T18:28:42","slug":"leitgedanken","status":"publish","type":"page","link":"https:\/\/wordpress.nibis.de\/gslieben\/leitgedanken\/","title":{"rendered":"Leitgedanken"},"content":{"rendered":"<p><span style=\"font-family: arial, helvetica, sans-serif;font-size: 24pt\"><strong><span style=\"color: #ff0000\">Leitgedanken<\/span><\/strong><\/span><\/p>\n<p>An unserer Schule sind uns und unseren Sch\u00fclerinnen und Sch\u00fclern folgende Leitgedanken wichtig:<\/p>\n<p><strong>Wir lernen selbstst\u00e4ndig und eigenverantwortlich<\/strong><\/p>\n<p>Wir sind eine Schule, die durch differenzierte Lernangebote die individuellen F\u00e4higkeiten der Kinder entwickelt, st\u00e4rkt und f\u00f6rdert.<\/p>\n<p>Dazu tragen unter anderem eine klare Tagestransparenz, offene Lernformen wie Stationslernen, Lernthekenarbeit und projektorientiertes Lernen\u00a0 sowie regelm\u00e4\u00dfige Lernentwicklungsgespr\u00e4che mit Kindern und Eltern bei.<\/p>\n<p><strong>Wir leben und lernen in angenehmer Lernatmosph\u00e4re<\/strong><\/p>\n<p>Durch ein vielf\u00e4ltiges Schulleben mit zahlreichen gemeinsamen Erlebnissen (Sport- und Spielefeste, Schult\u00e4nze, gemeinsames Singen, Schulfeiern, \u00a0Ausfl\u00fcge, Projekttage,\u2026) st\u00e4rken wir das Wir-Gef\u00fchl.<\/p>\n<p>Sozialtraining und Demokratieerziehung (Klassensprecher, Klassenrat, Sch\u00fclerrat) sind f\u00fcr uns wichtige Bausteine zur F\u00f6rderung der Sozialkompetenz. Ein einheitliches Regelsystem, Erziehung zum gewaltfreien Lernen und die Ausbildung von Buddys (Helferkindern) geben den Kindern Sicherheit.<\/p>\n<p>\u00dcbungen im Entspannungsraum tragen ebenfalls zum Wohlbefinden bei.<\/p>\n<p><strong>Wir entdecken und achten unsere Umwelt<\/strong><\/p>\n<p>Die Grundschule Liebenburg ist\u00a0 bereits mehrfach vom nieders\u00e4chsischen Kultusministerium f\u00fcr ausgew\u00e4hlte Projekte zur Umweltschule zertifiziert worden. Wald- und Wandertage sowie Aktivit\u00e4ten mit dem Regionalen Umweltzentrum sensibilisieren die Kinder f\u00fcr einen respektvollen Umgang mit unserer Umwelt.<\/p>\n<p>Beim Fr\u00fchst\u00fcck appellieren wir an das Vermeiden von Einwegverpackungen und die Auswahl abwechslungsreicher Lebensmittel. Viermal im Jahr bietet der Schulverein mit hilfsbereiten Eltern ein gesundes gemeinsames Fr\u00fchst\u00fcck f\u00fcr alle Kinder an.<\/p>\n<p><strong>Wir f\u00f6rdern Kreativit\u00e4t und Bewegung<\/strong><\/p>\n<p>In unserer Schule spielen Bewegung und Sport eine wichtige Rolle. Bereits dreimal erhielt die Grundschule Liebenburg das Zertifikat \u201eSportfreundliche Schule\u201c.<\/p>\n<p>Regelm\u00e4\u00dfig nehmen unsere Sch\u00fclerinnen und Sch\u00fcler an Turnieren mit anderen Schulen teil. Die Abnahme des Laufabzeichens und ein Sport- und Spielfest werden j\u00e4hrlich durchgef\u00fchrt. Dar\u00fcber hinaus gibt es t\u00e4glich ein Bewegungsangebot im Nachmittagsbereich. Auch finden w\u00e4hrend der Schulnachbetreuung zahlreiche Aktivit\u00e4ten auf dem Schulhof statt.<\/p>\n<p>Vielf\u00e4ltige Angebote aus dem kreativen Bereich mit verschiedenen Materialien sind bei unseren Sch\u00fclern ebenfalls sehr beliebt. Dar\u00fcber hinaus f\u00fchren wir Kreativtage, Theaterbesuche und jahreszeitlich orientierte Bastelaktionen zur Versch\u00f6nerung unserer Schule durch.<\/p>\n<p><strong>Wir sehen Vielfalt als Chance und kooperieren mit anderen<\/strong><\/p>\n<p>Die Grundschule Liebenburg arbeitet mit zahlreichen Kooperationspartnern zusammen.<\/p>\n<p>Dazu geh\u00f6ren zun\u00e4chst\u00a0 die umliegenden Kinderg\u00e4rten und Schulen, aber auch die Kreismusikschule, der \u00f6rtliche Sportverein, der Kulturverein und die Kirche.<\/p>\n<p>Die Kooperationsvereinbarung mit der Lewer D\u00e4le erm\u00f6glicht unseren Sch\u00fclerinnen und Sch\u00fclern\u00a0 den Erwerb des Kulturf\u00fchrerscheins. Dar\u00fcber hinaus bereichern Besuche von au\u00dferschulischen Lernorten wie z.B. Feuerwehr, RUZ, der Goslarschen Zeitung oder ausgew\u00e4hlten Museen den Unterricht. Die Polizei und der ADAC erm\u00f6glichen die Durchf\u00fchrung eines Verkehrssicherheitstrainings und der Radfahrpr\u00fcfung.<\/p>\n<p>Die Zusammenarbeit mit unseren F\u00f6rdervereinen unterst\u00fctzt unser Schulleben in vielf\u00e4ltiger Weise.<\/p>\n<p>Besonders freuen wir uns auch \u00fcber die vertrauensvolle \u00a0Zusammenarbeit mit Ihnen als Eltern unserer Schulkinder!<\/p>\n","protected":false},"excerpt":{"rendered":"<p>Leitgedanken An unserer Schule sind uns und unseren Sch\u00fclerinnen und Sch\u00fclern folgende Leitgedanken wichtig: Wir lernen selbstst\u00e4ndig und eigenverantwortlich Wir sind eine Schule, die durch differenzierte Lernangebote die individuellen F\u00e4higkeiten der Kinder entwickelt, st\u00e4rkt und f\u00f6rdert. Dazu tragen unter anderem eine klare Tagestransparenz, offene Lernformen wie Stationslernen, Lernthekenarbeit und projektorientiertes Lernen\u00a0 sowie regelm\u00e4\u00dfige Lernentwicklungsgespr\u00e4che mit Kindern und Eltern bei. Wir leben und lernen in angenehmer Lernatmosph\u00e4re Durch ein vielf\u00e4ltiges Schulleben mit zahlreichen gemeinsamen Erlebnissen (Sport- und Spielefeste, Schult\u00e4nze, gemeinsames Singen,&#8230;<\/p>\n<p class=\"read-more\"><a class=\"btn btn-default\" href=\"https:\/\/wordpress.nibis.de\/gslieben\/leitgedanken\/\">Weiterlesen<span class=\"screen-reader-text\"> Weiterlesen<\/span><\/a><\/p>\n","protected":false},"author":576,"featured_media":0,"parent":0,"menu_order":0,"comment_status":"closed","ping_status":"closed","template":"","meta":{"footnotes":""},"class_list":["post-2198","page","type-page","status-publish","hentry"],"_links":{"self":[{"href":"https:\/\/wordpress.nibis.de\/gslieben\/wp-json\/wp\/v2\/pages\/2198","targetHints":{"allow":["GET"]}}],"collection":[{"href":"https:\/\/wordpress.nibis.de\/gslieben\/wp-json\/wp\/v2\/pages"}],"about":[{"href":"https:\/\/wordpress.nibis.de\/gslieben\/wp-json\/wp\/v2\/types\/page"}],"author":[{"embeddable":true,"href":"https:\/\/wordpress.nibis.de\/gslieben\/wp-json\/wp\/v2\/users\/576"}],"replies":[{"embeddable":true,"href":"https:\/\/wordpress.nibis.de\/gslieben\/wp-json\/wp\/v2\/comments?post=2198"}],"version-history":[{"count":3,"href":"https:\/\/wordpress.nibis.de\/gslieben\/wp-json\/wp\/v2\/pages\/2198\/revisions"}],"predecessor-version":[{"id":2350,"href":"https:\/\/wordpress.nibis.de\/gslieben\/wp-json\/wp\/v2\/pages\/2198\/revisions\/2350"}],"wp:attachment":[{"href":"https:\/\/wordpress.nibis.de\/gslieben\/wp-json\/wp\/v2\/media?parent=2198"}],"curies":[{"name":"wp","href":"https:\/\/api.w.org\/{rel}","templated":true}]}}