{"id":2200,"date":"2019-11-14T20:59:20","date_gmt":"2019-11-14T18:59:20","guid":{"rendered":"https:\/\/wordpress.nibis.de\/gslieben\/?page_id=2200"},"modified":"2019-11-18T18:18:08","modified_gmt":"2019-11-18T16:18:08","slug":"schulordnung","status":"publish","type":"page","link":"https:\/\/wordpress.nibis.de\/gslieben\/schulordnung\/","title":{"rendered":"Schulordnung"},"content":{"rendered":"<p><strong><span style=\"color: #ff0000;font-family: arial, helvetica, sans-serif;font-size: 24pt\">Schulordnung<\/span><\/strong><\/p>\n<p>Damit sich alle an unserer Schule wohlf\u00fchlen k\u00f6nnen, wurde folgende Schulordnung im Sch\u00fclerrat unserer Schule entwickelt:<\/p>\n<p><strong>Unsere Schulordnung<\/strong><\/p>\n<ol>\n<li>Wir lachen niemanden aus, beleidigen, verletzen oder bedrohen niemanden.<\/li>\n<li>Wir beachten die Buddys.<\/li>\n<li>Wir sind freundlich zueinander.<\/li>\n<li>Wir beachten die Stopp-Regel in drei Schritten.<\/li>\n<li>Wir entschuldigen und vertragen uns.<\/li>\n<li>Wir nehmen \u00fcberall R\u00fccksicht aufeinander.<\/li>\n<li>Wir tragen im Schulgeb\u00e4ude Hausschuhe.<\/li>\n<li>Wir gehen im Schulgeb\u00e4ude langsam.<\/li>\n<li>Wir gehen auf den Treppen vorsichtig rechts.<\/li>\n<li>Wir halten die Toiletten sauber.<\/li>\n<li>Wir werfen den M\u00fcll in die richtigen Beh\u00e4lter.<\/li>\n<li>Wir benutzen Handys nur im Notfall.<\/li>\n<\/ol>\n\n\n<p><\/p>\n","protected":false},"excerpt":{"rendered":"<p>Schulordnung Damit sich alle an unserer Schule wohlf\u00fchlen k\u00f6nnen, wurde folgende Schulordnung im Sch\u00fclerrat unserer Schule entwickelt: Unsere Schulordnung Wir lachen niemanden aus, beleidigen, verletzen oder bedrohen niemanden. Wir beachten die Buddys. Wir sind freundlich zueinander. Wir beachten die Stopp-Regel in drei Schritten. Wir entschuldigen und vertragen uns. Wir nehmen \u00fcberall R\u00fccksicht aufeinander. Wir tragen im Schulgeb\u00e4ude Hausschuhe. Wir gehen im Schulgeb\u00e4ude langsam. Wir gehen auf den Treppen vorsichtig rechts. Wir halten die Toiletten sauber. Wir werfen den M\u00fcll in&#8230;<\/p>\n<p class=\"read-more\"><a class=\"btn btn-default\" href=\"https:\/\/wordpress.nibis.de\/gslieben\/schulordnung\/\">Weiterlesen<span class=\"screen-reader-text\"> Weiterlesen<\/span><\/a><\/p>\n","protected":false},"author":576,"featured_media":0,"parent":0,"menu_order":0,"comment_status":"closed","ping_status":"closed","template":"","meta":{"footnotes":""},"class_list":["post-2200","page","type-page","status-publish","hentry"],"_links":{"self":[{"href":"https:\/\/wordpress.nibis.de\/gslieben\/wp-json\/wp\/v2\/pages\/2200","targetHints":{"allow":["GET"]}}],"collection":[{"href":"https:\/\/wordpress.nibis.de\/gslieben\/wp-json\/wp\/v2\/pages"}],"about":[{"href":"https:\/\/wordpress.nibis.de\/gslieben\/wp-json\/wp\/v2\/types\/page"}],"author":[{"embeddable":true,"href":"https:\/\/wordpress.nibis.de\/gslieben\/wp-json\/wp\/v2\/users\/576"}],"replies":[{"embeddable":true,"href":"https:\/\/wordpress.nibis.de\/gslieben\/wp-json\/wp\/v2\/comments?post=2200"}],"version-history":[{"count":2,"href":"https:\/\/wordpress.nibis.de\/gslieben\/wp-json\/wp\/v2\/pages\/2200\/revisions"}],"predecessor-version":[{"id":2227,"href":"https:\/\/wordpress.nibis.de\/gslieben\/wp-json\/wp\/v2\/pages\/2200\/revisions\/2227"}],"wp:attachment":[{"href":"https:\/\/wordpress.nibis.de\/gslieben\/wp-json\/wp\/v2\/media?parent=2200"}],"curies":[{"name":"wp","href":"https:\/\/api.w.org\/{rel}","templated":true}]}}