{"id":2237,"date":"2019-11-18T18:33:55","date_gmt":"2019-11-18T16:33:55","guid":{"rendered":"https:\/\/wordpress.nibis.de\/gslieben\/?page_id=2237"},"modified":"2024-11-08T10:57:13","modified_gmt":"2024-11-08T08:57:13","slug":"schulverein-der-grundschule-liebenburg","status":"publish","type":"page","link":"https:\/\/wordpress.nibis.de\/gslieben\/schulverein-der-grundschule-liebenburg\/","title":{"rendered":"Schulverein der Grundschule Liebenburg"},"content":{"rendered":"<p style=\"text-align: center\"><span style=\"font-family: arial, helvetica, sans-serif;font-size: 24pt\"><strong><span style=\"color: #ff0000\">Schulverein der Grundschule Liebenburg<\/span><\/strong><\/span><\/p>\n<p>Der Schulverein der Grundschule Liebenburg unterst\u00fctzt in vielf\u00e4ltiger Weise die Schule bei der Erf\u00fcllung ihres Bildungs- und Erziehungsauftrages.<\/p>\n<p>Der Verein bringt sich aktiv bei der Gestaltung eines aktiven Schullebens ein. Viermal im Jahr wird ein gesundes und den Jahreszeiten angepasstes Fr\u00fchst\u00fcck durchgef\u00fchrt. Einmal j\u00e4hrlich wird eine gro\u00dfe Halloween- oder Faschingsparty organisiert und bei allen Schulfesten zeigt sich der Verein ebenfalls mit Rat und Tat pr\u00e4sent.<\/p>\n<p>Bei wichtigen Themen zur Schulentwicklung steht der Verein ebenfalls beratend zum Wohle der Kinder bereit, so wurde aktuell die Umgestaltung des Schulhofes aktiv vorangetrieben und die Planung begleitet.<\/p>\n<p>Das Einwerben von Spendengeldern oder Sachspenden erm\u00f6glicht es dar\u00fcber hinaus, Spielger\u00e4te und Materialien f\u00fcr die Kinder anzuschaffen, die ohne diese Unterst\u00fctzung nicht m\u00f6glich w\u00e4ren. So wurden inzwischen viele Fahrzeuge und Kleinsportger\u00e4te f\u00fcr den Bereich der bewegten Pausen und zur aktiven Gestaltung des Nachmittags \u00fcber den Schulverein angeschafft. Auch f\u00fcr die Fr\u00fchst\u00fccksaktionen konnten inzwischen viele Sponsoren gefunden werden.<\/p>\n<p>Wir w\u00fcrden uns sehr freuen, wenn die Arbeit des Vereins durch Ihr Engagement mitgetragen w\u00fcrde.<\/p>\n<p><u>Ansprechpartner:<\/u><br \/>\nAnsprechpartner:<br \/>\nTina Talke<br \/>\n1. Vorsitzende<\/p>\n<p>&#x74;&#x69;&#110;&#97;&#46;t&#x61;&#x6c;&#x6b;&#101;&#64;gs&#x6c;&#x69;&#x65;&#98;&#101;n&#x62;&#x75;&#x72;&#103;&#46;&#100;e<\/p>\n<p>Julia Sturde<br \/>\n2. Vorsitzende<\/p>\n<p>julia&#46;&#115;&#116;&#117;&#114;&#100;&#101;&#64;&#x67;&#x73;&#x6c;&#x69;&#x65;&#x62;&#x65;&#x6e;&#x62;&#x75;&#x72;&#x67;&#46;de<\/p>\n<p style=\"text-align: center\">\n","protected":false},"excerpt":{"rendered":"<p>Schulverein der Grundschule Liebenburg Der Schulverein der Grundschule Liebenburg unterst\u00fctzt in vielf\u00e4ltiger Weise die Schule bei der Erf\u00fcllung ihres Bildungs- und Erziehungsauftrages. Der Verein bringt sich aktiv bei der Gestaltung eines aktiven Schullebens ein. Viermal im Jahr wird ein gesundes und den Jahreszeiten angepasstes Fr\u00fchst\u00fcck durchgef\u00fchrt. Einmal j\u00e4hrlich wird eine gro\u00dfe Halloween- oder Faschingsparty organisiert und bei allen Schulfesten zeigt sich der Verein ebenfalls mit Rat und Tat pr\u00e4sent. Bei wichtigen Themen zur Schulentwicklung steht der Verein ebenfalls beratend zum&#8230;<\/p>\n<p class=\"read-more\"><a class=\"btn btn-default\" href=\"https:\/\/wordpress.nibis.de\/gslieben\/schulverein-der-grundschule-liebenburg\/\">Weiterlesen<span class=\"screen-reader-text\"> Weiterlesen<\/span><\/a><\/p>\n","protected":false},"author":576,"featured_media":0,"parent":0,"menu_order":0,"comment_status":"closed","ping_status":"closed","template":"","meta":{"footnotes":""},"class_list":["post-2237","page","type-page","status-publish","hentry"],"_links":{"self":[{"href":"https:\/\/wordpress.nibis.de\/gslieben\/wp-json\/wp\/v2\/pages\/2237","targetHints":{"allow":["GET"]}}],"collection":[{"href":"https:\/\/wordpress.nibis.de\/gslieben\/wp-json\/wp\/v2\/pages"}],"about":[{"href":"https:\/\/wordpress.nibis.de\/gslieben\/wp-json\/wp\/v2\/types\/page"}],"author":[{"embeddable":true,"href":"https:\/\/wordpress.nibis.de\/gslieben\/wp-json\/wp\/v2\/users\/576"}],"replies":[{"embeddable":true,"href":"https:\/\/wordpress.nibis.de\/gslieben\/wp-json\/wp\/v2\/comments?post=2237"}],"version-history":[{"count":8,"href":"https:\/\/wordpress.nibis.de\/gslieben\/wp-json\/wp\/v2\/pages\/2237\/revisions"}],"predecessor-version":[{"id":2859,"href":"https:\/\/wordpress.nibis.de\/gslieben\/wp-json\/wp\/v2\/pages\/2237\/revisions\/2859"}],"wp:attachment":[{"href":"https:\/\/wordpress.nibis.de\/gslieben\/wp-json\/wp\/v2\/media?parent=2237"}],"curies":[{"name":"wp","href":"https:\/\/api.w.org\/{rel}","templated":true}]}}