{"id":2244,"date":"2019-11-18T18:50:57","date_gmt":"2019-11-18T16:50:57","guid":{"rendered":"https:\/\/wordpress.nibis.de\/gslieben\/?page_id=2244"},"modified":"2023-03-09T15:37:23","modified_gmt":"2023-03-09T13:37:23","slug":"schulvorstand","status":"publish","type":"page","link":"https:\/\/wordpress.nibis.de\/gslieben\/schulvorstand\/","title":{"rendered":"Schulvorstand"},"content":{"rendered":"<p><strong><span style=\"color: #ff0000;font-family: arial, helvetica, sans-serif;font-size: 24pt\">Schulvorstand<\/span><\/strong><\/p>\n<p><strong><u>Elternvertreter<\/u><\/strong> (gew\u00e4hlt am 11.10.2021)<\/p>\n<ol>\n<li><strong>Frau Brennecke<\/strong><\/li>\n<li><strong>Frau Teuber<\/strong><\/li>\n<li><strong>Frau Skrzypczak<\/strong><\/li>\n<li><strong>Frau Tiefel<\/strong><\/li>\n<\/ol>\n<p>beratende Mitglieder f\u00fcr die <strong>Gesamtkonferenz<\/strong> (gew\u00e4hlt am 11.10.2021):<strong> \u00a0\u00a0 <\/strong><\/p>\n<ol>\n<li><strong>Frau Brennecke<\/strong><\/li>\n<li><strong>Frau Teuber<\/strong><\/li>\n<li><strong>Frau Skrzypczak<\/strong><\/li>\n<li><strong>Frau Tiefel<\/strong><\/li>\n<\/ol>\n<p><strong><u>Lehrervertreter<\/u><\/strong><\/p>\n<ol>\n<li>Frau Susanne <strong>Wortmann<\/strong><\/li>\n<li>Frau Yvonne <strong>Bothe\u00a0<\/strong><\/li>\n<li>Frau Stefanie <strong>Gerlach\u00a0<\/strong><\/li>\n<li>Frau Janine <strong>Klose<\/strong><\/li>\n<\/ol>\n<p><strong>\u00a0\u00a0\u00a0\u00a0\u00a0\u00a0\u00a0\u00a0\u00a0\u00a0\u00a0\u00a0\u00a0\u00a0\u00a0\u00a0\u00a0\u00a0\u00a0\u00a0\u00a0\u00a0\u00a0\u00a0\u00a0\u00a0\u00a0\u00a0\u00a0\u00a0\u00a0\u00a0\u00a0\u00a0\u00a0\u00a0\u00a0\u00a0\u00a0\u00a0\u00a0\u00a0\u00a0\u00a0\u00a0\u00a0 <\/strong><\/p>\n","protected":false},"excerpt":{"rendered":"<p>Schulvorstand Elternvertreter (gew\u00e4hlt am 11.10.2021) Frau Brennecke Frau Teuber Frau Skrzypczak Frau Tiefel beratende Mitglieder f\u00fcr die Gesamtkonferenz (gew\u00e4hlt am 11.10.2021): \u00a0\u00a0 Frau Brennecke Frau Teuber Frau Skrzypczak Frau Tiefel Lehrervertreter Frau Susanne Wortmann Frau Yvonne Bothe\u00a0 Frau Stefanie Gerlach\u00a0 Frau Janine Klose \u00a0\u00a0\u00a0\u00a0\u00a0\u00a0\u00a0\u00a0\u00a0\u00a0\u00a0\u00a0\u00a0\u00a0\u00a0\u00a0\u00a0\u00a0\u00a0\u00a0\u00a0\u00a0\u00a0\u00a0\u00a0\u00a0\u00a0\u00a0\u00a0\u00a0\u00a0\u00a0\u00a0\u00a0\u00a0\u00a0\u00a0\u00a0\u00a0\u00a0\u00a0\u00a0\u00a0\u00a0\u00a0\u00a0<\/p>\n","protected":false},"author":576,"featured_media":0,"parent":0,"menu_order":0,"comment_status":"closed","ping_status":"closed","template":"","meta":{"footnotes":""},"class_list":["post-2244","page","type-page","status-publish","hentry"],"_links":{"self":[{"href":"https:\/\/wordpress.nibis.de\/gslieben\/wp-json\/wp\/v2\/pages\/2244","targetHints":{"allow":["GET"]}}],"collection":[{"href":"https:\/\/wordpress.nibis.de\/gslieben\/wp-json\/wp\/v2\/pages"}],"about":[{"href":"https:\/\/wordpress.nibis.de\/gslieben\/wp-json\/wp\/v2\/types\/page"}],"author":[{"embeddable":true,"href":"https:\/\/wordpress.nibis.de\/gslieben\/wp-json\/wp\/v2\/users\/576"}],"replies":[{"embeddable":true,"href":"https:\/\/wordpress.nibis.de\/gslieben\/wp-json\/wp\/v2\/comments?post=2244"}],"version-history":[{"count":5,"href":"https:\/\/wordpress.nibis.de\/gslieben\/wp-json\/wp\/v2\/pages\/2244\/revisions"}],"predecessor-version":[{"id":2722,"href":"https:\/\/wordpress.nibis.de\/gslieben\/wp-json\/wp\/v2\/pages\/2244\/revisions\/2722"}],"wp:attachment":[{"href":"https:\/\/wordpress.nibis.de\/gslieben\/wp-json\/wp\/v2\/media?parent=2244"}],"curies":[{"name":"wp","href":"https:\/\/api.w.org\/{rel}","templated":true}]}}