{"id":2394,"date":"2021-02-22T14:59:12","date_gmt":"2021-02-22T12:59:12","guid":{"rendered":"https:\/\/wordpress.nibis.de\/gslieben\/?page_id=2394"},"modified":"2024-08-30T08:37:21","modified_gmt":"2024-08-30T06:37:21","slug":"schulsozialarbeit","status":"publish","type":"page","link":"https:\/\/wordpress.nibis.de\/gslieben\/schulsozialarbeit\/","title":{"rendered":"Schulsozialarbeit"},"content":{"rendered":"\n<p><img loading=\"lazy\" decoding=\"async\" class=\"alignleft size-full wp-image-2853\" src=\"https:\/\/wordpress.nibis.de\/gslieben\/files\/2024\/08\/Bild1.png\" alt=\"\" width=\"318\" height=\"481\" srcset=\"https:\/\/wordpress.nibis.de\/gslieben\/files\/2024\/08\/Bild1.png 318w, https:\/\/wordpress.nibis.de\/gslieben\/files\/2024\/08\/Bild1-179x270.png 179w\" sizes=\"auto, (max-width: 318px) 100vw, 318px\" \/>Liebe Eltern und Erziehungsberechtigte,<\/p>\n<p>mein Name ist Viktoria Schimansky und ich bin seit Mai 2024 als Sozialp\u00e4dagogin f\u00fcr die Schulsozialarbeit an der Grundschule in Liebenburg t\u00e4tig. <br \/>Ich habe die Nachfolge meiner Kollegin Jana Fiala angetreten.<\/p>\n<p>Ich sehe Ihre Kinder jeden Tag in der Schule und begleite sie, wenn n\u00f6tig, in schwierigen Situationen. <br \/>Auch bin ich f\u00fcr Ihre Kinder da, wenn sie sich mir mit ihren \u00c4ngsten, Sorgen oder N\u00f6ten anvertrauen m\u00f6chten.<br \/>Wobei ich Sie als Eltern noch unterst\u00fctzen kann, ist sehr individuell.<br \/>Sie k\u00f6nnen sich gerne an mich wenden, wenn Sie Hilfestellung ben\u00f6tigen. <br \/>Gerne unterst\u00fctze ich bei Fragen zu Verhaltensauff\u00e4lligkeiten oder famili\u00e4ren Problemen, die sich auf den Schulalltag Ihrer Kinder auswirken.<\/p>\n<p>Auch wenn Sie das Gef\u00fchl haben, Sie kommen mit Ihrem Kind nicht weiter oder m\u00f6chten Hilfestellung im Alltag mit Ihrem Kind, dann berate ich Sie gern und vermittle Sie bei Bedarf an familienunterst\u00fctzende Stellen.<\/p>\n<p>Ich biete, neben meiner p\u00e4dagogischen Arbeit mit den Kindern, am Montag, Dienstag und Donnerstag, auch eine offene Sprechstunde von 11:40 \u2013 12:25 Uhr an.<\/p>\n<p>Gerne k\u00f6nnen Sie aber auch au\u00dferhalb dieser Zeiten einen Termin f\u00fcr eine Beratung oder ein Gespr\u00e4ch vereinbaren.<br \/>Ich freue mich sehr auf meine Arbeit hier an der Grundschule Liebenburg und w\u00fcnsche uns allen eine gute Zusammenarbeit und einen regen Austausch!<\/p>\n<p>Herzlichste Gr\u00fc\u00dfe<\/p>\n<p>Viktoria Schimansky\u00a0\u00a0\u00a0<\/p>\n<p><u>Sie erreichen mich wie folgt:<br \/>IServ:<\/u><br \/>&#118;&#x69;k&#116;&#x6f;r&#105;&#x61;&#46;&#x73;&#x63;&#104;&#x69;m&#97;&#x6e;s&#107;&#x79;&#64;&#x67;&#x73;&#108;&#x69;&#x65;&#98;&#x65;n&#98;&#x75;r&#103;&#x2e;d&#x65;<br \/><u>Telefon:<\/u> <br \/>05346-2844<br \/><u>Pers\u00f6nlich:<\/u> <br \/>in der 2. Pause auf dem Schulhof oder in der offenen Sprechstunde in meinem B\u00fcro.<\/p>\n<p><a href=\"https:\/\/wordpress.nibis.de\/gslieben\/files\/2024\/08\/Faltblatt-Schule-2024-SSA-Neu.pdf\">Faltblatt-Schule 2024 SSA Neu<\/a><\/p>\n","protected":false},"excerpt":{"rendered":"<p>Liebe Eltern und Erziehungsberechtigte, mein Name ist Viktoria Schimansky und ich bin seit Mai 2024 als Sozialp\u00e4dagogin f\u00fcr die Schulsozialarbeit an der Grundschule in Liebenburg t\u00e4tig. Ich habe die Nachfolge meiner Kollegin Jana Fiala angetreten. Ich sehe Ihre Kinder jeden Tag in der Schule und begleite sie, wenn n\u00f6tig, in schwierigen Situationen. Auch bin ich f\u00fcr Ihre Kinder da, wenn sie sich mir mit ihren \u00c4ngsten, Sorgen oder N\u00f6ten anvertrauen m\u00f6chten.Wobei ich Sie als Eltern noch unterst\u00fctzen kann, ist sehr&#8230;<\/p>\n<p class=\"read-more\"><a class=\"btn btn-default\" href=\"https:\/\/wordpress.nibis.de\/gslieben\/schulsozialarbeit\/\">Weiterlesen<span class=\"screen-reader-text\"> Weiterlesen<\/span><\/a><\/p>\n","protected":false},"author":576,"featured_media":0,"parent":0,"menu_order":0,"comment_status":"closed","ping_status":"closed","template":"","meta":{"footnotes":""},"class_list":["post-2394","page","type-page","status-publish","hentry"],"_links":{"self":[{"href":"https:\/\/wordpress.nibis.de\/gslieben\/wp-json\/wp\/v2\/pages\/2394","targetHints":{"allow":["GET"]}}],"collection":[{"href":"https:\/\/wordpress.nibis.de\/gslieben\/wp-json\/wp\/v2\/pages"}],"about":[{"href":"https:\/\/wordpress.nibis.de\/gslieben\/wp-json\/wp\/v2\/types\/page"}],"author":[{"embeddable":true,"href":"https:\/\/wordpress.nibis.de\/gslieben\/wp-json\/wp\/v2\/users\/576"}],"replies":[{"embeddable":true,"href":"https:\/\/wordpress.nibis.de\/gslieben\/wp-json\/wp\/v2\/comments?post=2394"}],"version-history":[{"count":12,"href":"https:\/\/wordpress.nibis.de\/gslieben\/wp-json\/wp\/v2\/pages\/2394\/revisions"}],"predecessor-version":[{"id":2855,"href":"https:\/\/wordpress.nibis.de\/gslieben\/wp-json\/wp\/v2\/pages\/2394\/revisions\/2855"}],"wp:attachment":[{"href":"https:\/\/wordpress.nibis.de\/gslieben\/wp-json\/wp\/v2\/media?parent=2394"}],"curies":[{"name":"wp","href":"https:\/\/api.w.org\/{rel}","templated":true}]}}