{"id":366,"date":"2014-12-15T20:47:02","date_gmt":"2014-12-15T18:47:02","guid":{"rendered":"http:\/\/wordpress.nibis.de\/gslieben\/?page_id=366"},"modified":"2023-03-24T09:32:13","modified_gmt":"2023-03-24T07:32:13","slug":"aktuelles-2","status":"publish","type":"page","link":"https:\/\/wordpress.nibis.de\/gslieben\/aktuelles-2\/","title":{"rendered":"Presseberichte"},"content":{"rendered":"\n<p style=\"text-align: center\"><span style=\"font-size: 24pt;font-family: arial, helvetica, sans-serif\">Kinderoper<img loading=\"lazy\" decoding=\"async\" class=\"alignnone size-medium wp-image-2775\" src=\"https:\/\/wordpress.nibis.de\/gslieben\/files\/2023\/03\/20230315_092254-2-850x478.jpg\" alt=\"\" width=\"850\" height=\"478\" srcset=\"https:\/\/wordpress.nibis.de\/gslieben\/files\/2023\/03\/20230315_092254-2-850x478.jpg 850w, https:\/\/wordpress.nibis.de\/gslieben\/files\/2023\/03\/20230315_092254-2-1200x675.jpg 1200w, https:\/\/wordpress.nibis.de\/gslieben\/files\/2023\/03\/20230315_092254-2-250x141.jpg 250w\" sizes=\"auto, (max-width: 850px) 100vw, 850px\" \/><\/span><\/p>\n<p>\u00a0<\/p>\n<p style=\"text-align: center\"><strong><span style=\"font-family: arial, helvetica, sans-serif;font-size: 24pt\">Zirkusprojekt<\/span><\/strong><\/p>\n<p>\u00a0<\/p>\n\n\n\n<figure class=\"wp-block-image size-large\"><a href=\"https:\/\/wordpress.nibis.de\/gslieben\/files\/2022\/11\/IMG-20221010-WA00003217-1.jpg\"><img loading=\"lazy\" decoding=\"async\" width=\"1024\" height=\"904\" src=\"https:\/\/wordpress.nibis.de\/gslieben\/files\/2022\/11\/IMG-20221010-WA00003217-1-1024x904.jpg\" alt=\"\" class=\"wp-image-2633\" srcset=\"https:\/\/wordpress.nibis.de\/gslieben\/files\/2022\/11\/IMG-20221010-WA00003217-1-1024x904.jpg 1024w, https:\/\/wordpress.nibis.de\/gslieben\/files\/2022\/11\/IMG-20221010-WA00003217-1-300x265.jpg 300w, https:\/\/wordpress.nibis.de\/gslieben\/files\/2022\/11\/IMG-20221010-WA00003217-1-768x678.jpg 768w, https:\/\/wordpress.nibis.de\/gslieben\/files\/2022\/11\/IMG-20221010-WA00003217-1.jpg 1160w\" sizes=\"auto, (max-width: 1024px) 100vw, 1024px\" \/><\/a><\/figure>\n\n\n\n<p style=\"text-align: center\"><span style=\"font-family: arial, helvetica, sans-serif;font-size: 18pt\">Autorenlesung &#8222;Goslarsche Zeitung 12.05.2022&#8220;<\/span><\/p>\n<p><a href=\"https:\/\/wordpress.nibis.de\/gslieben\/files\/2022\/05\/IMG-20220512-WA0003-1.jpg\"><img loading=\"lazy\" decoding=\"async\" class=\"alignnone wp-image-2565 size-full\" src=\"https:\/\/wordpress.nibis.de\/gslieben\/files\/2022\/05\/IMG-20220512-WA0003-1.jpg\" alt=\"\" width=\"1716\" height=\"630\" srcset=\"https:\/\/wordpress.nibis.de\/gslieben\/files\/2022\/05\/IMG-20220512-WA0003-1.jpg 1716w, https:\/\/wordpress.nibis.de\/gslieben\/files\/2022\/05\/IMG-20220512-WA0003-1-300x110.jpg 300w, https:\/\/wordpress.nibis.de\/gslieben\/files\/2022\/05\/IMG-20220512-WA0003-1-1024x376.jpg 1024w, https:\/\/wordpress.nibis.de\/gslieben\/files\/2022\/05\/IMG-20220512-WA0003-1-768x282.jpg 768w, https:\/\/wordpress.nibis.de\/gslieben\/files\/2022\/05\/IMG-20220512-WA0003-1-1536x564.jpg 1536w\" sizes=\"auto, (max-width: 1716px) 100vw, 1716px\" \/><\/a><\/p>\n\n\n\n<p style=\"text-align: center\"><span style=\"text-decoration: underline\"><span style=\"font-family: arial, helvetica, sans-serif;font-size: 18pt\">Karneval der Tiere &#8222;Salzgitter Zeitung 09.03.2022&#8220;<\/span><\/span><\/p>\n<p><a href=\"https:\/\/wordpress.nibis.de\/gslieben\/files\/2022\/03\/Karneval-der-Tiere.jpg\" target=\"_blank\" rel=\"noopener\"><img loading=\"lazy\" decoding=\"async\" class=\"wp-image-2525 size-full aligncenter\" src=\"https:\/\/wordpress.nibis.de\/gslieben\/files\/2022\/03\/Karneval-der-Tiere.jpg\" alt=\"\" width=\"1266\" height=\"682\" srcset=\"https:\/\/wordpress.nibis.de\/gslieben\/files\/2022\/03\/Karneval-der-Tiere.jpg 1266w, https:\/\/wordpress.nibis.de\/gslieben\/files\/2022\/03\/Karneval-der-Tiere-300x162.jpg 300w, https:\/\/wordpress.nibis.de\/gslieben\/files\/2022\/03\/Karneval-der-Tiere-1024x552.jpg 1024w, https:\/\/wordpress.nibis.de\/gslieben\/files\/2022\/03\/Karneval-der-Tiere-768x414.jpg 768w\" sizes=\"auto, (max-width: 1266px) 100vw, 1266px\" \/><\/a><\/p>\n\n\n<p style=\"text-align: center\"><span style=\"font-size: 18pt;font-family: arial,helvetica,sans-serif;background-color: #0000ff;color: #ffffff\"><span style=\"background-color: #c0c0c0;color: #ffffff;font-size: 18pt\"><span style=\"font-family: arial,helvetica,sans-serif;color: #000000\"><strong><span style=\"text-decoration: underline\"><span style=\"background-color: #ffffff\">Schulung &#8222;Gewaltfrei Lernen&#8220; <\/span><\/span><\/strong><\/span><span style=\"font-family: arial,helvetica,sans-serif\"><strong><span style=\"text-decoration: underline\"><span style=\"font-family: arial,helvetica,sans-serif;text-decoration: underline\"><br \/><\/span><\/span><\/strong><\/span><\/span><\/span><\/p>\n<figure id=\"attachment_815\" aria-describedby=\"caption-attachment-815\" style=\"width: 1024px\" class=\"wp-caption alignnone\"><a href=\"http:\/\/wordpress.nibis.de\/gslieben\/files\/2014\/12\/Gewaltfrei-Lernen-1.jpg\" target=\"_blank\" rel=\"noopener noreferrer\"><img loading=\"lazy\" decoding=\"async\" class=\"wp-image-815 size-full\" src=\"http:\/\/wordpress.nibis.de\/gslieben\/files\/2014\/12\/Gewaltfrei-Lernen-1.jpg\" alt=\"Aus dem &quot;Harzer Panorama amSonntag&quot; vom 07.Februar 2016\" width=\"1024\" height=\"720\" \/><\/a><figcaption id=\"caption-attachment-815\" class=\"wp-caption-text\">Aus dem &#8222;Harzer Panorama amSonntag&#8220; vom 07.Februar 2016<\/figcaption><\/figure>\n<p style=\"text-align: center\"><span style=\"font-size: 18pt;font-family: arial,helvetica,sans-serif;color: #ffffff\"><span style=\"color: #ffffff;font-size: 18pt\"><span style=\"font-family: arial,helvetica,sans-serif;color: #000000\"><strong><span style=\"text-decoration: underline\">Verleihung des Titels &#8222;Umweltschule&#8220;<\/span><\/strong><\/span><\/span><\/span><span style=\"font-size: 18pt;font-family: arial,helvetica,sans-serif;background-color: #0000ff;color: #ffffff\"><span style=\"background-color: #c0c0c0;color: #ffffff;font-size: 18pt\"><span style=\"font-family: arial,helvetica,sans-serif\"><strong><span style=\"text-decoration: underline\"><span style=\"font-family: arial,helvetica,sans-serif\"><br \/><\/span><\/span><\/strong><\/span><\/span><\/span><\/p>\n<p style=\"text-align: center\"><img loading=\"lazy\" decoding=\"async\" class=\"alignnone size-large wp-image-662\" src=\"http:\/\/wordpress.nibis.de\/gslieben\/files\/2014\/12\/USE_Sielmann_gesamt-1-1024x680.jpg\" alt=\"USE_Sielmann_gesamt-1\" width=\"640\" height=\"425\" srcset=\"https:\/\/wordpress.nibis.de\/gslieben\/files\/2014\/12\/USE_Sielmann_gesamt-1.jpg 1024w, https:\/\/wordpress.nibis.de\/gslieben\/files\/2014\/12\/USE_Sielmann_gesamt-1-300x199.jpg 300w\" sizes=\"auto, (max-width: 640px) 100vw, 640px\" \/><\/p>\n<p style=\"text-align: justify\"><span style=\"font-family: arial,helvetica,sans-serif\">Zum wiederholten Mal wurde der Grundschule Liebenburg der Titel &#8222;Umweltschule in Europa&#8220; verliehen.<\/span><\/p>\n<p style=\"text-align: center\"><span style=\"font-size: 18pt;font-family: arial,helvetica,sans-serif;color: #000000\"><span style=\"font-size: 18pt\"><span style=\"text-decoration: underline\"><span style=\"font-family: arial,helvetica,sans-serif\"><strong>Schulung &#8222;Gewaltfrei Lernen&#8220;<\/strong><\/span><\/span><\/span><\/span><span style=\"font-size: 18pt;font-family: arial,helvetica,sans-serif;background-color: #0000ff;color: #ffffff\"><span style=\"background-color: #c0c0c0;color: #ffffff;font-size: 18pt\"><span style=\"font-family: arial,helvetica,sans-serif\"><strong><span style=\"text-decoration: underline\"><span style=\"font-family: arial,helvetica,sans-serif;text-decoration: underline\"><br \/><\/span><\/span><\/strong><\/span><\/span><\/span><\/p>\n<p style=\"text-align: justify\"><a href=\"http:\/\/www.gewaltfreilernen.de\/\"><img loading=\"lazy\" decoding=\"async\" class=\" size-full wp-image-428 aligncenter\" src=\"http:\/\/wordpress.nibis.de\/gslieben\/files\/2014\/12\/Gewaltfrei-Lernen.jpg\" alt=\"Gewaltfrei Lernen\" width=\"177\" height=\"244\" \/><\/a><\/p>\n<p style=\"text-align: justify\"><span style=\"font-family: arial,helvetica,sans-serif\">Vom 19.1. bis zum 30.1.2015 fand an der Grundschule Liebenburg die Schulung mit dem Titel \u201eGewaltfrei Lernen\u201c statt. Unter der Leitung von Oliver Henneke lernten die Kinder, wie sie Konfliktsituationen auf dem Schulhof ohne Gewalt l\u00f6sen k\u00f6nnen. Nicht nur die Sch\u00fclerinnen und Sch\u00fcler wurden geschult, sondern ebenso die Lehrkr\u00e4fte und das Lehrpersonal. Alle sollten gemeinsam lernen, wie Kinder selbstst\u00e4ndig und stark eine Situation l\u00f6sen k\u00f6nnen, die im schlimmsten Fall zu k\u00f6rperlicher Gewalt f\u00fchren kann. Dabei wurden den Kindern Strategien (siehe Zeitungsartikel) an die Hand gegeben und trainiert.<\/span><\/p>\n<p style=\"text-align: justify\"><span style=\"font-family: arial,helvetica,sans-serif\">Diese sehr wirkungsvolle Schulung wurde durch die Sparda-Bank, den Lionsclub Goslar &#8211; Rammelsberg, den Schulverein Liebenburg, den Schulverein D\u00f6hren, den Schulverein D\u00f6rnten und die Elternschaft der Grundschule Liebenburg finanziert.<\/span><\/p>\n<figure id=\"attachment_418\" aria-describedby=\"caption-attachment-418\" style=\"width: 640px\" class=\"wp-caption aligncenter\"><a href=\"http:\/\/wordpress.nibis.de\/gslieben\/files\/2014\/12\/Gewaltfrei-Lernen1.jpg\" target=\"_blank\" rel=\"noopener noreferrer\"><img loading=\"lazy\" decoding=\"async\" class=\"wp-image-418 size-large\" src=\"http:\/\/wordpress.nibis.de\/gslieben\/files\/2014\/12\/Gewaltfrei-Lernen1-1024x653.jpg\" alt=\"Zeitungsartikel \u00fcber die Schulung der Regionalen Zeitung\" width=\"640\" height=\"408\" srcset=\"https:\/\/wordpress.nibis.de\/gslieben\/files\/2014\/12\/Gewaltfrei-Lernen1.jpg 1024w, https:\/\/wordpress.nibis.de\/gslieben\/files\/2014\/12\/Gewaltfrei-Lernen1-300x191.jpg 300w\" sizes=\"auto, (max-width: 640px) 100vw, 640px\" \/><\/a><figcaption id=\"caption-attachment-418\" class=\"wp-caption-text\">Zeitungsartikel \u00fcber die Schulung der Goslarschen Zeitung vom 29.01.2015<\/figcaption><\/figure>\n<p>Einige Eindruck aus den Trainings:<\/p>\n<p><img loading=\"lazy\" decoding=\"async\" class=\"alignnone size-medium wp-image-422\" src=\"http:\/\/wordpress.nibis.de\/gslieben\/files\/2014\/12\/Nein-sagen-300x200.jpg\" alt=\"Nein sagen\" width=\"300\" height=\"200\" srcset=\"https:\/\/wordpress.nibis.de\/gslieben\/files\/2014\/12\/Nein-sagen-300x200.jpg 300w, https:\/\/wordpress.nibis.de\/gslieben\/files\/2014\/12\/Nein-sagen.jpg 640w\" sizes=\"auto, (max-width: 300px) 100vw, 300px\" \/> <img loading=\"lazy\" decoding=\"async\" class=\" size-medium wp-image-423 alignnone\" src=\"http:\/\/wordpress.nibis.de\/gslieben\/files\/2014\/12\/Schraube-300x225.jpg\" alt=\"Schraube\" width=\"300\" height=\"225\" srcset=\"https:\/\/wordpress.nibis.de\/gslieben\/files\/2014\/12\/Schraube-300x225.jpg 300w, https:\/\/wordpress.nibis.de\/gslieben\/files\/2014\/12\/Schraube.jpg 640w\" sizes=\"auto, (max-width: 300px) 100vw, 300px\" \/> <img loading=\"lazy\" decoding=\"async\" class=\"alignnone size-medium wp-image-424\" src=\"http:\/\/wordpress.nibis.de\/gslieben\/files\/2014\/12\/Siegergriff-300x225.jpg\" alt=\"Siegergriff\" width=\"300\" height=\"225\" srcset=\"https:\/\/wordpress.nibis.de\/gslieben\/files\/2014\/12\/Siegergriff-300x225.jpg 300w, https:\/\/wordpress.nibis.de\/gslieben\/files\/2014\/12\/Siegergriff.jpg 640w\" sizes=\"auto, (max-width: 300px) 100vw, 300px\" \/> <img loading=\"lazy\" decoding=\"async\" class=\"alignnone size-medium wp-image-425\" src=\"http:\/\/wordpress.nibis.de\/gslieben\/files\/2014\/12\/Training-300x180.jpg\" alt=\"Training\" width=\"300\" height=\"180\" \/><\/p>","protected":false},"excerpt":{"rendered":"<p>Kinderoper \u00a0 Zirkusprojekt \u00a0 Autorenlesung &#8222;Goslarsche Zeitung 12.05.2022&#8220; Karneval der Tiere &#8222;Salzgitter Zeitung 09.03.2022&#8220; Schulung &#8222;Gewaltfrei Lernen&#8220; Verleihung des Titels &#8222;Umweltschule&#8220; Zum wiederholten Mal wurde der Grundschule Liebenburg der Titel &#8222;Umweltschule in Europa&#8220; verliehen. Schulung &#8222;Gewaltfrei Lernen&#8220; Vom 19.1. bis zum 30.1.2015 fand an der Grundschule Liebenburg die Schulung mit dem Titel \u201eGewaltfrei Lernen\u201c statt. Unter der Leitung von Oliver Henneke lernten die Kinder, wie sie Konfliktsituationen auf dem Schulhof ohne Gewalt l\u00f6sen k\u00f6nnen. Nicht nur die Sch\u00fclerinnen und Sch\u00fcler&#8230;<\/p>\n<p class=\"read-more\"><a class=\"btn btn-default\" href=\"https:\/\/wordpress.nibis.de\/gslieben\/aktuelles-2\/\">Weiterlesen<span class=\"screen-reader-text\"> Weiterlesen<\/span><\/a><\/p>\n","protected":false},"author":576,"featured_media":0,"parent":0,"menu_order":0,"comment_status":"closed","ping_status":"closed","template":"","meta":{"footnotes":""},"class_list":["post-366","page","type-page","status-publish","hentry"],"_links":{"self":[{"href":"https:\/\/wordpress.nibis.de\/gslieben\/wp-json\/wp\/v2\/pages\/366","targetHints":{"allow":["GET"]}}],"collection":[{"href":"https:\/\/wordpress.nibis.de\/gslieben\/wp-json\/wp\/v2\/pages"}],"about":[{"href":"https:\/\/wordpress.nibis.de\/gslieben\/wp-json\/wp\/v2\/types\/page"}],"author":[{"embeddable":true,"href":"https:\/\/wordpress.nibis.de\/gslieben\/wp-json\/wp\/v2\/users\/576"}],"replies":[{"embeddable":true,"href":"https:\/\/wordpress.nibis.de\/gslieben\/wp-json\/wp\/v2\/comments?post=366"}],"version-history":[{"count":40,"href":"https:\/\/wordpress.nibis.de\/gslieben\/wp-json\/wp\/v2\/pages\/366\/revisions"}],"predecessor-version":[{"id":2777,"href":"https:\/\/wordpress.nibis.de\/gslieben\/wp-json\/wp\/v2\/pages\/366\/revisions\/2777"}],"wp:attachment":[{"href":"https:\/\/wordpress.nibis.de\/gslieben\/wp-json\/wp\/v2\/media?parent=366"}],"curies":[{"name":"wp","href":"https:\/\/api.w.org\/{rel}","templated":true}]}}