{"id":41,"date":"2014-09-24T17:48:49","date_gmt":"2014-09-24T15:48:49","guid":{"rendered":"http:\/\/wordpress.nibis.de\/gslieben\/?page_id=41"},"modified":"2023-03-09T15:48:43","modified_gmt":"2023-03-09T13:48:43","slug":"kontakt","status":"publish","type":"page","link":"https:\/\/wordpress.nibis.de\/gslieben\/kontakt\/","title":{"rendered":"Kontakt"},"content":{"rendered":"<p><span style=\"font-family: arial, helvetica, sans-serif;font-size: 24pt\"><strong><span style=\"color: #ff0000\">Kontakt<\/span><\/strong><\/span><\/p>\n<p style=\"text-align: justify\"><strong>Alle, ob Sch\u00fcler, Eltern, Lehrer oder andere G\u00e4ste unserer Homepage k\u00f6nnen sich auf verschiedenen Wegen mit uns in Verbindung setzen.<\/strong><\/p>\n<p><span style=\"text-decoration: underline\">Schulleitung:<\/span><\/p>\n<p>Susanne Wortmann<\/p>\n<p style=\"text-align: justify\"><span style=\"text-decoration: underline\">Anschrift:<\/span><\/p>\n<p style=\"text-align: justify\">Grundschule Liebenburg<br \/>\nSch\u00e4ferwiese 18<br \/>\n38704 Liebenburg<\/p>\n<p style=\"text-align: justify\"><span style=\"text-decoration: underline\">Telefon:<\/span><\/p>\n<p style=\"text-align: justify\">0 53 46 &#8211; 12 95<\/p>\n<p style=\"text-align: justify\"><span style=\"text-decoration: underline\">Email:<\/span><\/p>\n<p style=\"text-align: justify\">allgemeine Informationen:\u00a0<strong>kont&#97;&#107;&#116;&#64;&#103;&#x73;&#x6c;&#x69;&#x65;&#x62;&#x65;&#x6e;burg&#46;&#111;&#110;&#109;&#105;&#x63;&#x72;&#x6f;&#x73;&#x6f;&#x66;&#x74;&#x2e;de<\/strong><\/p>\n<p style=\"text-align: justify\">Webmaster: <span style=\"font-family: arial,helvetica,sans-serif\"><strong><br \/>\n<\/strong><\/span><\/p>\n","protected":false},"excerpt":{"rendered":"<p>Kontakt Alle, ob Sch\u00fcler, Eltern, Lehrer oder andere G\u00e4ste unserer Homepage k\u00f6nnen sich auf verschiedenen Wegen mit uns in Verbindung setzen. Schulleitung: Susanne Wortmann Anschrift: Grundschule Liebenburg Sch\u00e4ferwiese 18 38704 Liebenburg Telefon: 0 53 46 &#8211; 12 95 Email: allgemeine Informationen:\u00a0&#107;o&#x6e;t&#x61;k&#x74;&#64;&#x67;&#115;&#x6c;&#105;e&#x62;e&#x6e;b&#x75;&#114;&#x67;&#46;&#x6f;&#110;&#x6d;&#105;c&#x72;o&#x73;o&#x66;&#116;&#x2e;&#100;&#x65; Webmaster:<\/p>\n","protected":false},"author":576,"featured_media":0,"parent":0,"menu_order":0,"comment_status":"closed","ping_status":"closed","template":"","meta":{"footnotes":""},"class_list":["post-41","page","type-page","status-publish","hentry"],"_links":{"self":[{"href":"https:\/\/wordpress.nibis.de\/gslieben\/wp-json\/wp\/v2\/pages\/41","targetHints":{"allow":["GET"]}}],"collection":[{"href":"https:\/\/wordpress.nibis.de\/gslieben\/wp-json\/wp\/v2\/pages"}],"about":[{"href":"https:\/\/wordpress.nibis.de\/gslieben\/wp-json\/wp\/v2\/types\/page"}],"author":[{"embeddable":true,"href":"https:\/\/wordpress.nibis.de\/gslieben\/wp-json\/wp\/v2\/users\/576"}],"replies":[{"embeddable":true,"href":"https:\/\/wordpress.nibis.de\/gslieben\/wp-json\/wp\/v2\/comments?post=41"}],"version-history":[{"count":10,"href":"https:\/\/wordpress.nibis.de\/gslieben\/wp-json\/wp\/v2\/pages\/41\/revisions"}],"predecessor-version":[{"id":2728,"href":"https:\/\/wordpress.nibis.de\/gslieben\/wp-json\/wp\/v2\/pages\/41\/revisions\/2728"}],"wp:attachment":[{"href":"https:\/\/wordpress.nibis.de\/gslieben\/wp-json\/wp\/v2\/media?parent=41"}],"curies":[{"name":"wp","href":"https:\/\/api.w.org\/{rel}","templated":true}]}}