{"id":1222,"date":"2022-11-28T12:02:46","date_gmt":"2022-11-28T11:02:46","guid":{"rendered":"https:\/\/wordpress.nibis.de\/gslima\/?page_id=1222"},"modified":"2022-11-28T13:20:06","modified_gmt":"2022-11-28T12:20:06","slug":"musikschule-2","status":"publish","type":"page","link":"https:\/\/wordpress.nibis.de\/gslima\/musikschule-2\/","title":{"rendered":"Musikschule"},"content":{"rendered":"\n<h2 class=\"alignwide has-red-background-color has-background wp-block-heading\"><strong>Kooperation mit der Musikschule der Landeshauptstadt Hannover<\/strong><\/h2>\n\n\n\n<div class=\"wp-block-image\"><figure class=\"alignright size-full\"><img loading=\"lazy\" decoding=\"async\" width=\"442\" height=\"183\" src=\"https:\/\/wordpress.nibis.de\/gslima\/files\/2022\/11\/Musikschule.png\" alt=\"\" class=\"wp-image-1260\" srcset=\"https:\/\/wordpress.nibis.de\/gslima\/files\/2022\/11\/Musikschule.png 442w, https:\/\/wordpress.nibis.de\/gslima\/files\/2022\/11\/Musikschule-300x124.png 300w\" sizes=\"auto, (max-width: 442px) 100vw, 442px\" \/><\/figure><\/div>\n\n\n\n<div class=\"wp-block-columns alignfull is-layout-flex wp-container-core-columns-is-layout-d0b3c9c8 wp-block-columns-is-layout-flex\">\n<div class=\"wp-block-column is-layout-flow wp-block-column-is-layout-flow\" style=\"--col-width:100%;flex-basis:100%\">\n<div class=\"wp-block-columns is-layout-flex wp-container-core-columns-is-layout-d0b3c9c8 wp-block-columns-is-layout-flex\">\n<div class=\"wp-block-column is-layout-flow wp-block-column-is-layout-flow\" style=\"--col-width:100%;flex-basis:100%\">\n<ol>\n<li><strong><u>Tandemunterricht<\/u><\/strong><\/li>\n<\/ol>\n<ul>\n<li>Im ersten Schuljahr erhalten zwei erste Klassen im Tandem von einer Grundschullehrkraft und einer Musikschullehrkraft jeweils ein halbes Jahr Musikunterricht.<\/li>\n<\/ul>\n<p>\u00a0<\/p>\n<ol start=\"2\">\n<li><strong><u>Orchester und Instrumentalunterricht in Klasse 3<\/u><\/strong><\/li>\n<\/ol>\n<p>Im dritten Schuljahr wird allen interessierten Sch\u00fcler*innen, durch die Kooperation mit der Musikschule der Landeshauptstadt Hannover, die M\u00f6glichkeit gegeben, ein Instrument zu erlernen. Die Kinder haben einmal in der Woche am Vormittag Instrumentalunterricht und zus\u00e4tzlich am Dienstag oder Mittwoch in der sechsten Stunde Orchesterunterricht.<\/p>\n<p><strong>Vorbereitungen<\/strong><\/p>\n<ul>\n<li>Im zweiten Jahrgang bekommen alle Klassen 7-8 Wochen lang Unterricht zum Thema Basics und die 5 Orchesterinstrumente werden vorgestellt.<\/li>\n<li>Folgende Instrumente stehen zur Auswahl: Akkordeon, Kontrabass, Querfl\u00f6te, Saxonett, Percussion<\/li>\n<li>Im Februar findet immer ein Elternabend f\u00fcr den 2. Jahrgang \u00fcber den Ablauf des Kooperationsprojekts in Klasse 3 statt. Die Kosten die f\u00fcr die Eltern entstehen und die F\u00f6rderm\u00f6glichkeiten werden besprochen.<\/li>\n<\/ul>\n<p><img loading=\"lazy\" decoding=\"async\" class=\"alignnone size-full wp-image-2411\" src=\"https:\/\/sp-ao.shortpixel.ai\/client\/to_webp,q_glossy,ret_img,w_178,h_178\/https:\/\/www.gs-am-lindener-markt.de\/Wordpress\/wp-content\/uploads\/2021\/04\/Floete.jpg\" alt=\"\" width=\"178\" height=\"178\" \/><\/p>\n<ul>\n<li>Im Mai findet ein SCHNUPPERTAG f\u00fcr den 2. Jahrgang (ein Vormittag in der Schule), statt: Zwei Wunschinstrumente k\u00f6nnen 15 Minuten lang bei der Instrumentallehrkraft ausprobiert werden. Anmeldungen werden hier verteilet<\/li>\n<li>Die Anmeldung gilt f\u00fcr das Gesamtprojekt. Ein Anspruch auf die Ausbildung in einem speziellen Instrumentalfach entsteht dadurch nicht.<\/li>\n<li>Bekanntgabe des Instruments und der Gruppen erfolgt durch die Musiklehrkraft der Grundschule vor den Sommerferien.<\/li>\n<\/ul>\n<p>\u00a0<\/p>\n<p><strong>Die Kooperation im dritten Jahrgang<\/strong><\/p>\n<p><strong>Instrumentalunterricht<\/strong><\/p>\n<ul>\n<li>Der Instrumentalunterricht f\u00fcr alle Sch\u00fcler*innen im <strong> Jahrgang<\/strong>, die sich f\u00fcr das Projekt angemeldet haben, wird durch MS- Lehrkr\u00e4fte am Vormittag in der Schule erteilt.<\/li>\n<li>Es gibt ca. 8 Vierergruppen, w\u00e4hrend der Instrumentalunterrichtsstunde fehlen die Sch\u00fcler*innen eine Stunde im Regelunterricht.<\/li>\n<li>Die Teilnahme am Instrumentalunterricht und am Orchester ist f\u00fcr das ganze Schuljahr verpflichtend.<\/li>\n<\/ul>\n<p><img loading=\"lazy\" decoding=\"async\" class=\"alignnone size-full wp-image-2413\" src=\"https:\/\/sp-ao.shortpixel.ai\/client\/to_webp,q_glossy,ret_img,w_178,h_178\/https:\/\/www.gs-am-lindener-markt.de\/Wordpress\/wp-content\/uploads\/2021\/04\/Orchester.jpg\" alt=\"\" width=\"178\" height=\"178\" \/>\u00a0 <img loading=\"lazy\" decoding=\"async\" class=\"alignnone size-full wp-image-2414\" src=\"https:\/\/sp-ao.shortpixel.ai\/client\/to_webp,q_glossy,ret_img,w_178,h_178\/https:\/\/www.gs-am-lindener-markt.de\/Wordpress\/wp-content\/uploads\/2021\/04\/Orchester2.jpg\" alt=\"\" width=\"178\" height=\"178\" \/><\/p>\n<p>\u00a0<\/p>\n<p><strong>Das Orchester<\/strong><\/p>\n<ul>\n<li>Orchesterprobe und Instrumentalunterricht starten direkt nach den Sommerferien.<\/li>\n<li>Das Orchester ist immer am Dienstag oder am Mittwoch in der 6. Stunde.<\/li>\n<li>Am Anfang geht es um das gemeinsame Spielen von Rhythmen auf Rhythmusinstrumenten und den noch neuen Orchesterinstrumenten. Es werden Dirigierspiele gespielt, Lieder gesungen (4. Jahrgang kann die Melodie schon spielen) und die Kinder stellen sich gegenseitig ihre neuen Instrumente vor.<\/li>\n<\/ul>\n<p><img loading=\"lazy\" decoding=\"async\" class=\"alignnone size-full wp-image-2416\" src=\"https:\/\/sp-ao.shortpixel.ai\/client\/to_webp,q_glossy,ret_img,w_178,h_178\/https:\/\/www.gs-am-lindener-markt.de\/Wordpress\/wp-content\/uploads\/2021\/04\/1.jpg\" alt=\"\" width=\"178\" height=\"178\" \/><img loading=\"lazy\" decoding=\"async\" class=\"alignnone size-full wp-image-2417\" src=\"https:\/\/sp-ao.shortpixel.ai\/client\/to_webp,q_glossy,ret_img,w_178,h_178\/https:\/\/www.gs-am-lindener-markt.de\/Wordpress\/wp-content\/uploads\/2021\/04\/2.jpg\" alt=\"\" width=\"178\" height=\"178\" \/><img loading=\"lazy\" decoding=\"async\" class=\"alignnone size-full wp-image-2418\" src=\"https:\/\/sp-ao.shortpixel.ai\/client\/to_webp,q_glossy,ret_img,w_178,h_178\/https:\/\/www.gs-am-lindener-markt.de\/Wordpress\/wp-content\/uploads\/2021\/04\/3.jpg\" alt=\"\" width=\"178\" height=\"178\" \/><\/p>\n<ul>\n<li>Im ersten Halbjahr wird zu verschiedenen Themen improvisiert (Wetter, Uhr, Geisterschloss)<\/li>\n<li>F\u00fcr das Weihnachtskonzert \u00fcben wir Lieder mit einfachen Melodien im F\u00fcnftonraum: Morgen kommt der Weihnachtsmann; Stille,Stille; Durch die Stra\u00dfen; Marily we roll along<\/li>\n<li>Die Kinder aus der vierten Klasse spielen bei vielen Liedern die Melodie und die Kinder aus der dritten Klasse spielen Begleitstimmen. So entsteht eine Mehrstimmigkeit.<\/li>\n<li>Im zweiten Halbjahr werden die St\u00fccke immer anspruchsvoller und differenzierter. Die Drittkl\u00e4ssler spielen dann teilweise auch die Melodiestimmen.<\/li>\n<\/ul>\n<p><img loading=\"lazy\" decoding=\"async\" class=\"alignnone size-full wp-image-2420\" src=\"https:\/\/sp-ao.shortpixel.ai\/client\/to_webp,q_glossy,ret_img,w_178,h_178\/https:\/\/www.gs-am-lindener-markt.de\/Wordpress\/wp-content\/uploads\/2021\/04\/4.jpg\" alt=\"\" width=\"178\" height=\"178\" \/><img loading=\"lazy\" decoding=\"async\" class=\"alignnone size-full wp-image-2421\" src=\"https:\/\/sp-ao.shortpixel.ai\/client\/to_webp,q_glossy,ret_img,w_178,h_178\/https:\/\/www.gs-am-lindener-markt.de\/Wordpress\/wp-content\/uploads\/2021\/04\/5.jpg\" alt=\"\" width=\"178\" height=\"178\" \/><img loading=\"lazy\" decoding=\"async\" class=\"alignnone size-full wp-image-2422\" src=\"https:\/\/sp-ao.shortpixel.ai\/client\/to_webp,q_glossy,ret_img,w_178,h_178\/https:\/\/www.gs-am-lindener-markt.de\/Wordpress\/wp-content\/uploads\/2021\/04\/6.jpg\" alt=\"\" width=\"178\" height=\"178\" \/><\/p>\n<p>\u00a0<\/p>\n<p><strong>Konzerte<\/strong><\/p>\n<ul>\n<li>Im Advent und im Sommer findet jeweils ein Konzert zusammen mit den beiden Ch\u00f6ren der Schule in der Turnhalle statt.<\/li>\n<li>Verschiedene Orchesterst\u00fccke werden aufgef\u00fchrt<\/li>\n<li>Ein gemeinsames St\u00fcck mit den beiden Ch\u00f6ren wird aufgef\u00fchrt<\/li>\n<li>Auff\u00fchrungen der Instrumentalgruppen<\/li>\n<\/ul>\n<p><img loading=\"lazy\" decoding=\"async\" class=\"alignnone size-full wp-image-2423\" src=\"https:\/\/sp-ao.shortpixel.ai\/client\/to_webp,q_glossy,ret_img,w_178,h_178\/https:\/\/www.gs-am-lindener-markt.de\/Wordpress\/wp-content\/uploads\/2021\/04\/7.jpg\" alt=\"\" width=\"178\" height=\"178\" \/><img loading=\"lazy\" decoding=\"async\" class=\"alignnone size-full wp-image-2424\" src=\"https:\/\/sp-ao.shortpixel.ai\/client\/to_webp,q_glossy,ret_img,w_178,h_178\/https:\/\/www.gs-am-lindener-markt.de\/Wordpress\/wp-content\/uploads\/2021\/04\/8.jpg\" alt=\"\" width=\"178\" height=\"178\" \/><\/p>\n<p>\u00a0<\/p>\n<p><strong>Wie geht es nach der dritten Klasse weiter?\u2026<\/strong><\/p>\n<ul>\n<li>Das Projekt endet automatisch nach dem dritten Schuljahr<\/li>\n<li><u>Keine<\/u> K\u00fcndigung durch Eltern erforderlich<\/li>\n<li>Neuanmeldung f\u00fcr einen Regelvertrag (NFU) erforderlich, wenn das Kind im vierten Schuljahr weiter Instrumentalunterricht erhalten soll<\/li>\n<li>Regelvertrag kann nach Vertragsbestimmungen gek\u00fcndigt (- l\u00e4uft nicht aus wie im 3. Schuljahr!)<\/li>\n<li>Unterricht findet nach M\u00f6glichkeit am Vormittag oder im Ganztag an der GS Am Lindener Markt statt<\/li>\n<li>Teilnahme am Schulorchester ist im 4. Schuljahr freiwillig als AG m\u00f6glich<\/li>\n<li>Angebote der Musikschule sind zudem nutzbar: z.B. Schul\u00fcbergreifendes Orchester<\/li>\n<\/ul>\n<p>\u00a0<\/p>\n<p>Text: Malena B\u00f6se<\/p>\n<\/div>\n<\/div>\n<\/div>\n<\/div>\n\n\n\n\n","protected":false},"excerpt":{"rendered":"<p>Kooperation mit der Musikschule der Landeshauptstadt Hannover Tandemunterricht Im ersten Schuljahr erhalten zwei erste Klassen im Tandem von einer Grundschullehrkraft und einer Musikschullehrkraft jeweils ein halbes Jahr Musikunterricht. \u00a0 Orchester und Instrumentalunterricht in Klasse 3 Im dritten Schuljahr wird allen interessierten Sch\u00fcler*innen, durch die Kooperation mit der Musikschule der Landeshauptstadt Hannover, die M\u00f6glichkeit gegeben, ein&hellip; <a class=\"more-link\" href=\"https:\/\/wordpress.nibis.de\/gslima\/musikschule-2\/\"><span class=\"screen-reader-text\">Musikschule<\/span> weiterlesen<\/a><\/p>\n","protected":false},"author":9194019,"featured_media":0,"parent":0,"menu_order":0,"comment_status":"closed","ping_status":"closed","template":"","meta":{"footnotes":""},"class_list":["post-1222","page","type-page","status-publish","hentry","entry"],"_links":{"self":[{"href":"https:\/\/wordpress.nibis.de\/gslima\/wp-json\/wp\/v2\/pages\/1222","targetHints":{"allow":["GET"]}}],"collection":[{"href":"https:\/\/wordpress.nibis.de\/gslima\/wp-json\/wp\/v2\/pages"}],"about":[{"href":"https:\/\/wordpress.nibis.de\/gslima\/wp-json\/wp\/v2\/types\/page"}],"author":[{"embeddable":true,"href":"https:\/\/wordpress.nibis.de\/gslima\/wp-json\/wp\/v2\/users\/9194019"}],"replies":[{"embeddable":true,"href":"https:\/\/wordpress.nibis.de\/gslima\/wp-json\/wp\/v2\/comments?post=1222"}],"version-history":[{"count":4,"href":"https:\/\/wordpress.nibis.de\/gslima\/wp-json\/wp\/v2\/pages\/1222\/revisions"}],"predecessor-version":[{"id":1261,"href":"https:\/\/wordpress.nibis.de\/gslima\/wp-json\/wp\/v2\/pages\/1222\/revisions\/1261"}],"wp:attachment":[{"href":"https:\/\/wordpress.nibis.de\/gslima\/wp-json\/wp\/v2\/media?parent=1222"}],"curies":[{"name":"wp","href":"https:\/\/api.w.org\/{rel}","templated":true}]}}