{"id":1225,"date":"2022-11-28T12:03:07","date_gmt":"2022-11-28T11:03:07","guid":{"rendered":"https:\/\/wordpress.nibis.de\/gslima\/?page_id=1225"},"modified":"2023-11-01T20:53:10","modified_gmt":"2023-11-01T19:53:10","slug":"leselernhelfer","status":"publish","type":"page","link":"https:\/\/wordpress.nibis.de\/gslima\/leselernhelfer\/","title":{"rendered":"Mentor-Leselernhelfer"},"content":{"rendered":"\n<div class=\"wp-block-columns is-layout-flex wp-container-core-columns-is-layout-d0b3c9c8 wp-block-columns-is-layout-flex\">\n<div class=\"wp-block-column is-layout-flow wp-block-column-is-layout-flow\">\n<h2 class=\"wp-block-heading\"><\/h2>\n\n\n\n<div class=\"entry-content\">\n<p>An unserer Schule sind verschiedene Mentoren und Mentorinnen des Vereins MENTOR HANNOVER e.V. im Einsatz. In enger Zusammenarbeit mit den Lehrkr\u00e4ften und Eltern findet eine Einzelbetreuung im Lesen au\u00dferhalb der Unterrichtszeiten statt.<\/p>\n<p><strong>Was wird gemacht?<\/strong><br \/>&#8211; Lesen altersgem\u00e4\u00dfer Texte unter Ber\u00fccksichtigung der W\u00fcnsche von Sch\u00fclerinnen und Sch\u00fcler\u00a0<br \/>&#8211; Gemeinsame Gespr\u00e4che \u00fcber das Gelesene, um das Textverst\u00e4ndnis zu erweitern, Vorlesen von Texten<br \/>&#8211; Individuelle F\u00f6rderung im Lesen und Sprechen<\/p>\n<p>MENTOR hilft durch individuelle Einzelf\u00f6rderung Kindern, die Schwierigkeiten im Umgang mit der deutschen Sprache oder dem Lesen haben. Der Verein organisiert und betreut die Zusammenarbeit zwischen Mentoren, Kindern und Schulen.<br \/>Es werden noch Lese-Mentoren an unserer Schule gesucht. Wenn Sie Interesse haben, wenden Sie sich an den Verein MENTOR HANNOVER e.V. oder an die Lehrkr\u00e4fte der Schule.<br \/>Mehr Informationen finden Sie unter folgendem link:<\/p>\n<p><a href=\"https:\/\/www.mentor-hannover.de\">Mentor-Die Leselernhelfer<\/a><\/p>\n<p><img loading=\"lazy\" decoding=\"async\" class=\"alignnone size-medium wp-image-2094\" src=\"https:\/\/sp-ao.shortpixel.ai\/client\/to_webp,q_glossy,ret_img,w_238,h_300\/https:\/\/www.gs-am-lindener-markt.de\/Wordpress\/wp-content\/uploads\/2020\/04\/image-238x300.png\" alt=\"\" width=\"238\" height=\"300\" \/><\/p>\n<\/div>\n\n\n<\/div>\n<\/div>\n\n\n","protected":false},"excerpt":{"rendered":"<p>An unserer Schule sind verschiedene Mentoren und Mentorinnen des Vereins MENTOR HANNOVER e.V. im Einsatz. In enger Zusammenarbeit mit den Lehrkr\u00e4ften und Eltern findet eine Einzelbetreuung im Lesen au\u00dferhalb der Unterrichtszeiten statt. Was wird gemacht?&#8211; Lesen altersgem\u00e4\u00dfer Texte unter Ber\u00fccksichtigung der W\u00fcnsche von Sch\u00fclerinnen und Sch\u00fcler\u00a0&#8211; Gemeinsame Gespr\u00e4che \u00fcber das Gelesene, um das Textverst\u00e4ndnis zu&hellip; <a class=\"more-link\" href=\"https:\/\/wordpress.nibis.de\/gslima\/leselernhelfer\/\"><span class=\"screen-reader-text\">Mentor-Leselernhelfer<\/span> weiterlesen<\/a><\/p>\n","protected":false},"author":9194019,"featured_media":0,"parent":0,"menu_order":0,"comment_status":"closed","ping_status":"closed","template":"","meta":{"footnotes":""},"class_list":["post-1225","page","type-page","status-publish","hentry","entry"],"_links":{"self":[{"href":"https:\/\/wordpress.nibis.de\/gslima\/wp-json\/wp\/v2\/pages\/1225","targetHints":{"allow":["GET"]}}],"collection":[{"href":"https:\/\/wordpress.nibis.de\/gslima\/wp-json\/wp\/v2\/pages"}],"about":[{"href":"https:\/\/wordpress.nibis.de\/gslima\/wp-json\/wp\/v2\/types\/page"}],"author":[{"embeddable":true,"href":"https:\/\/wordpress.nibis.de\/gslima\/wp-json\/wp\/v2\/users\/9194019"}],"replies":[{"embeddable":true,"href":"https:\/\/wordpress.nibis.de\/gslima\/wp-json\/wp\/v2\/comments?post=1225"}],"version-history":[{"count":6,"href":"https:\/\/wordpress.nibis.de\/gslima\/wp-json\/wp\/v2\/pages\/1225\/revisions"}],"predecessor-version":[{"id":1735,"href":"https:\/\/wordpress.nibis.de\/gslima\/wp-json\/wp\/v2\/pages\/1225\/revisions\/1735"}],"wp:attachment":[{"href":"https:\/\/wordpress.nibis.de\/gslima\/wp-json\/wp\/v2\/media?parent=1225"}],"curies":[{"name":"wp","href":"https:\/\/api.w.org\/{rel}","templated":true}]}}