{"id":1229,"date":"2022-11-28T12:03:39","date_gmt":"2022-11-28T11:03:39","guid":{"rendered":"https:\/\/wordpress.nibis.de\/gslima\/?page_id=1229"},"modified":"2022-11-28T13:29:15","modified_gmt":"2022-11-28T12:29:15","slug":"bingo-umweltstiftung","status":"publish","type":"page","link":"https:\/\/wordpress.nibis.de\/gslima\/bingo-umweltstiftung\/","title":{"rendered":"Bingo Umweltstiftung"},"content":{"rendered":"\n<div class=\"wp-block-columns alignfull is-layout-flex wp-container-core-columns-is-layout-d0b3c9c8 wp-block-columns-is-layout-flex\">\n<div class=\"wp-block-column is-layout-flow wp-block-column-is-layout-flow\">\n<div class=\"wp-block-image\"><figure class=\"aligncenter size-full\"><img loading=\"lazy\" decoding=\"async\" width=\"400\" height=\"108\" src=\"https:\/\/wordpress.nibis.de\/gslima\/files\/2022\/11\/Logo-Header_400.png\" alt=\"\" class=\"wp-image-1250\" srcset=\"https:\/\/wordpress.nibis.de\/gslima\/files\/2022\/11\/Logo-Header_400.png 400w, https:\/\/wordpress.nibis.de\/gslima\/files\/2022\/11\/Logo-Header_400-300x81.png 300w\" sizes=\"auto, (max-width: 400px) 100vw, 400px\" \/><\/figure><\/div>\n<\/div>\n<\/div>\n\n\n\n<div class=\"wp-block-columns alignfull has-green-background-color has-background is-layout-flex wp-container-core-columns-is-layout-d0b3c9c8 wp-block-columns-is-layout-flex\">\n<div class=\"wp-block-column is-layout-flow wp-block-column-is-layout-flow\">\n<p>Unser Schulhof summt und brummt\u201c<\/p>\n\n\n\n<p>Dem Wunsch und der Motivation der Sch\u00fclerinnen und Sch\u00fcler der Grundschule Am Lindener Markt entsprechend, entstand vor gut zwei Jahren die Idee, unseren Schulhof gr\u00fcner zu machen und auch etwas f\u00fcr die heimischen Insekten und Bienen zu tun.<\/p>\n\n\n\n<p>Mit F\u00f6rdergeldern der Nieders\u00e4chsischenUmweltstiftung Bingo! wurde in der Projektwoche im Oktober 2021 dieser Wunsch umgesetzt und es entstanden auf unserem Schulhof&nbsp; insgesamt 5 bienenfreundliche Hochbeete, die unserern Schulhof begr\u00fcnen und zum Schutz von heimischen Insekten beitragen.<\/p>\n\n\n\n<p>Gemeinsam mit den Lehrkr\u00e4ften Frau Schulz-Koffka und Herrn Buchholz haben die Kinder der Klasse 4a&nbsp; zun\u00e4chst die alten Blumenk\u00e4sten uneres Schulhofes entsorgt. Hierbei konnten bereits viele interessante Insekten entdeckt werden.<\/p>\n\n\n\n<p>Die Sch\u00fclerinnen und Sch\u00fcler der Klasse 4a lernten in der Projektwoche allerlei Interessantes \u00fcber die heimischen Insekten, \u00fcber bienenfreundliche Pflanzen und \u00fcber den Naturschutz im Allgemeinen.<\/p>\n\n\n\n<p>Beim Bau der Hochbeete wurde die Klasse tatkr\u00e4ftig von unserem Hausmeister Herrn Cin sowie durch einige Mitarbeitende aus dem Ganztag unterst\u00fctzt.<\/p>\n\n\n\n<p>Im Fr\u00fchjahr 2022 wurden die Beete mit bienenfreundlichen, heimischen Blumen und Stauden bepflanzt und k\u00f6nnen nun von allen Kindern und Erwachsenen der Schule bestaunt werden.<\/p>\n\n\n\n<p>Die Beete werden, so wie auch unser kleiner Schulgarten,&nbsp; mit viel Liebe von Frau Ngyuen gepflegt, die auch die Schulgarten-AG leitet. Im Rahmen dieser AG haben so alle Sch\u00fclerinnen und Sch\u00fcler der Schule die M\u00f6glichkeit sich genauer mit dem naturnahen G\u00e4rtnern zu besch\u00e4ftigen, was zur Umweltbildung zum Naturschutz beitragen wird.<\/p>\n\n\n\n<p>Vielen Dank an alle, die bei der Umsetzung des Projektes beigetragen haben! Ein gro\u00dfes Dankesch\u00f6n auch an die Bingo! Umweltstiftung, ohne die die Umsetzung des Projektes nicht m\u00f6glich gewesen w\u00e4re.<\/p>\n\n\n\n<div class=\"wp-block-image\"><figure class=\"alignleft\"><img decoding=\"async\" src=\"https:\/\/sp-ao.shortpixel.ai\/client\/to_webp,q_glossy,ret_img,w_225,h_300\/https:\/\/www.gs-am-lindener-markt.de\/Wordpress\/wp-content\/uploads\/2022\/05\/IMG-20220210-WA0008-225x300.jpg\" alt=\"\" class=\"wp-image-2790\" \/><\/figure><\/div>\n\n\n\n<div class=\"wp-block-image\"><figure class=\"alignleft\"><img decoding=\"async\" src=\"https:\/\/sp-ao.shortpixel.ai\/client\/to_webp,q_glossy,ret_img,w_225,h_300\/https:\/\/www.gs-am-lindener-markt.de\/Wordpress\/wp-content\/uploads\/2022\/05\/IMG-20220210-WA0003-225x300.jpg\" alt=\"\" class=\"wp-image-2791\" \/><\/figure><\/div>\n\n\n\n<div class=\"wp-block-image\"><figure class=\"alignleft\"><img decoding=\"async\" src=\"https:\/\/sp-ao.shortpixel.ai\/client\/to_webp,q_glossy,ret_img,w_225,h_300\/https:\/\/www.gs-am-lindener-markt.de\/Wordpress\/wp-content\/uploads\/2022\/05\/IMG-20220210-WA0004-225x300.jpg\" alt=\"\" class=\"wp-image-2801\" \/><\/figure><\/div>\n\n\n\n<figure class=\"wp-block-image\"><img decoding=\"async\" src=\"https:\/\/sp-ao.shortpixel.ai\/client\/to_webp,q_glossy,ret_img,w_225,h_300\/https:\/\/www.gs-am-lindener-markt.de\/Wordpress\/wp-content\/uploads\/2022\/05\/IMG-20220210-WA0005-225x300.jpg\" alt=\"\" class=\"wp-image-2802\" \/><\/figure>\n\n\n\n<div class=\"wp-block-image\"><figure class=\"alignleft\"><img decoding=\"async\" src=\"https:\/\/sp-ao.shortpixel.ai\/client\/to_webp,q_glossy,ret_img,w_300,h_225\/https:\/\/www.gs-am-lindener-markt.de\/Wordpress\/wp-content\/uploads\/2022\/05\/IMG-20220210-WA0009-300x225.jpg\" alt=\"\" class=\"wp-image-2803\" \/><\/figure><\/div>\n\n\n\n<div class=\"wp-block-image\"><figure class=\"alignleft\"><img decoding=\"async\" src=\"https:\/\/sp-ao.shortpixel.ai\/client\/to_webp,q_glossy,ret_img,w_300,h_225\/https:\/\/www.gs-am-lindener-markt.de\/Wordpress\/wp-content\/uploads\/2022\/05\/IMG-20220210-WA0012-300x225.jpg\" alt=\"\" class=\"wp-image-2805\" \/><\/figure><\/div>\n\n\n\n<div class=\"wp-block-image\"><figure class=\"alignleft\"><img decoding=\"async\" src=\"https:\/\/sp-ao.shortpixel.ai\/client\/to_webp,q_glossy,ret_img,w_300,h_225\/https:\/\/www.gs-am-lindener-markt.de\/Wordpress\/wp-content\/uploads\/2022\/05\/IMG-20220210-WA0013-300x225.jpg\" alt=\"\" class=\"wp-image-2806\" \/><\/figure><\/div>\n\n\n\n<div class=\"wp-block-image\"><figure class=\"alignleft\"><img decoding=\"async\" src=\"https:\/\/sp-ao.shortpixel.ai\/client\/to_webp,q_glossy,ret_img,w_225,h_300\/https:\/\/www.gs-am-lindener-markt.de\/Wordpress\/wp-content\/uploads\/2022\/05\/IMG-20220210-WA0014-225x300.jpg\" alt=\"\" class=\"wp-image-2807\" \/><\/figure><\/div>\n\n\n\n<div class=\"wp-block-image\"><figure class=\"alignleft\"><img decoding=\"async\" src=\"https:\/\/sp-ao.shortpixel.ai\/client\/to_webp,q_glossy,ret_img,w_300,h_225\/https:\/\/www.gs-am-lindener-markt.de\/Wordpress\/wp-content\/uploads\/2022\/05\/IMG-20220510-WA0012-300x225.jpg\" alt=\"\" class=\"wp-image-2808\" \/><\/figure><\/div>\n\n\n\n<figure class=\"wp-block-image\"><img decoding=\"async\" src=\"https:\/\/sp-ao.shortpixel.ai\/client\/to_webp,q_glossy,ret_img,w_300,h_225\/https:\/\/www.gs-am-lindener-markt.de\/Wordpress\/wp-content\/uploads\/2022\/05\/IMG-20220510-WA0015-300x225.jpg\" alt=\"\" class=\"wp-image-2794\" \/><\/figure>\n\n\n\n<figure class=\"wp-block-image\"><img decoding=\"async\" src=\"https:\/\/sp-ao.shortpixel.ai\/client\/to_webp,q_glossy,ret_img,w_300,h_225\/https:\/\/www.gs-am-lindener-markt.de\/Wordpress\/wp-content\/uploads\/2022\/05\/IMG-20220510-WA0016-300x225.jpg\" alt=\"\" class=\"wp-image-2795\" \/><\/figure>\n\n\n\n<div class=\"wp-block-columns is-layout-flex wp-container-core-columns-is-layout-d0b3c9c8 wp-block-columns-is-layout-flex\">\n<div class=\"wp-block-column is-layout-flow wp-block-column-is-layout-flow\" style=\"--col-width:100%;flex-basis:100%\">\n<figure class=\"wp-block-image is-style-tw-rounded-corners\"><img decoding=\"async\" src=\"https:\/\/sp-ao.shortpixel.ai\/client\/to_webp,q_glossy,ret_img,w_300,h_225\/https:\/\/www.gs-am-lindener-markt.de\/Wordpress\/wp-content\/uploads\/2022\/05\/IMG-20220510-WA0017-300x225.jpg\" alt=\"\" class=\"wp-image-2796\" \/><\/figure>\n<\/div>\n<\/div>\n<\/div>\n<\/div>\n\n\n\n\n","protected":false},"excerpt":{"rendered":"<p>Unser Schulhof summt und brummt\u201c Dem Wunsch und der Motivation der Sch\u00fclerinnen und Sch\u00fcler der Grundschule Am Lindener Markt entsprechend, entstand vor gut zwei Jahren die Idee, unseren Schulhof gr\u00fcner zu machen und auch etwas f\u00fcr die heimischen Insekten und Bienen zu tun. Mit F\u00f6rdergeldern der Nieders\u00e4chsischenUmweltstiftung Bingo! wurde in der Projektwoche im Oktober 2021&hellip; <a class=\"more-link\" href=\"https:\/\/wordpress.nibis.de\/gslima\/bingo-umweltstiftung\/\"><span class=\"screen-reader-text\">Bingo Umweltstiftung<\/span> weiterlesen<\/a><\/p>\n","protected":false},"author":9194019,"featured_media":0,"parent":0,"menu_order":0,"comment_status":"closed","ping_status":"closed","template":"","meta":{"footnotes":""},"class_list":["post-1229","page","type-page","status-publish","hentry","entry"],"_links":{"self":[{"href":"https:\/\/wordpress.nibis.de\/gslima\/wp-json\/wp\/v2\/pages\/1229","targetHints":{"allow":["GET"]}}],"collection":[{"href":"https:\/\/wordpress.nibis.de\/gslima\/wp-json\/wp\/v2\/pages"}],"about":[{"href":"https:\/\/wordpress.nibis.de\/gslima\/wp-json\/wp\/v2\/types\/page"}],"author":[{"embeddable":true,"href":"https:\/\/wordpress.nibis.de\/gslima\/wp-json\/wp\/v2\/users\/9194019"}],"replies":[{"embeddable":true,"href":"https:\/\/wordpress.nibis.de\/gslima\/wp-json\/wp\/v2\/comments?post=1229"}],"version-history":[{"count":7,"href":"https:\/\/wordpress.nibis.de\/gslima\/wp-json\/wp\/v2\/pages\/1229\/revisions"}],"predecessor-version":[{"id":1265,"href":"https:\/\/wordpress.nibis.de\/gslima\/wp-json\/wp\/v2\/pages\/1229\/revisions\/1265"}],"wp:attachment":[{"href":"https:\/\/wordpress.nibis.de\/gslima\/wp-json\/wp\/v2\/media?parent=1229"}],"curies":[{"name":"wp","href":"https:\/\/api.w.org\/{rel}","templated":true}]}}