{"id":1415,"date":"2022-12-14T20:35:13","date_gmt":"2022-12-14T19:35:13","guid":{"rendered":"https:\/\/wordpress.nibis.de\/gslima\/?page_id=1415"},"modified":"2025-05-28T08:47:48","modified_gmt":"2025-05-28T06:47:48","slug":"foerderverein","status":"publish","type":"page","link":"https:\/\/wordpress.nibis.de\/gslima\/foerderverein\/","title":{"rendered":"F\u00f6rderverein"},"content":{"rendered":"\n<div class=\"wp-block-columns alignwide are-vertically-aligned-center has-white-background-color has-background is-layout-flex wp-container-core-columns-is-layout-d0b3c9c8 wp-block-columns-is-layout-flex\">\n<div class=\"wp-block-column is-vertically-aligned-center is-layout-flow wp-block-column-is-layout-flow\" style=\"--col-width:100%;flex-basis:100%\">\n<div class=\"wp-block-group\"><div class=\"wp-block-group__inner-container is-layout-flow wp-block-group-is-layout-flow\">\n<div class=\"wp-block-group alignwide is-style-default has-white-background-color has-background\"><div class=\"wp-block-group__inner-container is-layout-flow wp-block-group-is-layout-flow\">\n<div class=\"wp-block-columns is-layout-flex wp-container-core-columns-is-layout-d0b3c9c8 wp-block-columns-is-layout-flex\">\n<div class=\"wp-block-column is-layout-flow wp-block-column-is-layout-flow\" style=\"--col-width:100%;flex-basis:100%\">\n<div class=\"wp-block-group\"><div class=\"wp-block-group__inner-container is-layout-flow wp-block-group-is-layout-flow\">\n<div class=\"wp-block-group\"><div class=\"wp-block-group__inner-container is-layout-flow wp-block-group-is-layout-flow\">\n<div class=\"wp-block-columns is-layout-flex wp-container-core-columns-is-layout-d0b3c9c8 wp-block-columns-is-layout-flex\">\n<div class=\"wp-block-column is-layout-flow wp-block-column-is-layout-flow\">\n<h3 class=\"wp-block-heading\">Wer sind wir<\/h3>\n<\/div>\n<\/div>\n<\/div><\/div>\n<\/div><\/div>\n<\/div>\n<\/div>\n\n\n\n<p>Der F\u00f6rderverein ist ein Zusammenschluss von Eltern, Lehrerinnen und Lehrern, Freunden und Gesch\u00e4ftsleuten im Stadtteil Hannover-Linden. Der Verein ist im Vereinsregister eingetragen und wegen des Vereinszwecks \u201eF\u00f6rderung der Erziehung\u201c als gemeinn\u00fctzig anerkannt. Gegr\u00fcndet wurde der F\u00f6rderverein 1994 auf Initiative der Elternschaft der Schule.<\/p>\n<\/div><\/div>\n<\/div><\/div>\n<\/div>\n<\/div>\n\n\n\n<div class=\"wp-block-group alignfull\"><div class=\"wp-block-group__inner-container is-layout-flow wp-block-group-is-layout-flow\">\n<div class=\"wp-block-columns alignwide tw-cols-card tw-cols-card-shadow is-layout-flex wp-container-core-columns-is-layout-d0b3c9c8 wp-block-columns-is-layout-flex\">\n<div class=\"wp-block-column is-layout-flow wp-block-column-is-layout-flow\">\n<h3 class=\"has-large-font-size wp-block-heading\">Was wir wollen: Eine Schule f\u00fcr alle!<\/h3>\n\n\n\n<p>Wir halten die Zeit in der Grundschule f\u00fcr unsere Kinder im Alter von 6 bis 11 Jahren f\u00fcr einen entscheidenden Lebensabschnitt. Wir wollen helfen, dass sich unsere Kindern der Grundschule wohl f\u00fchlen. Es ist uns wichtig, dass alle Kinder, deutsche oder ausl\u00e4ndische, behindert oder nicht, arm oder reich, die Schule als ihren gemeinsamen Lebensraum erfahren. Alle Kinder sind bei Klassenfahrten und Ausfl\u00fcgen, Theaterbesuchen usw. dabei. Niemand soll zu Hause bleiben m\u00fcssen, weil das Geld fehlt.<\/p>\n\n\n\n<p>Die Finanzierung unserer Vorstellungen vom Schulleben wird durch den Schultr\u00e4ger, die Stadt Hannover, derzeit nur unzureichend gew\u00e4hrleistet. Die Schule ist deshalb auf die Unterst\u00fctzung durch Eltern, Freunde und Sponsoren angewiesen! Der F\u00f6rderverein der Grundschule am Lindener Markt ist die Organisation, die zus\u00e4tzliches Geld einwirbt und im Sinne unserer Kinder verteilt.<\/p>\n<\/div>\n\n\n\n<div class=\"wp-block-column is-layout-flow wp-block-column-is-layout-flow\">\n<h3 class=\"has-large-font-size wp-block-heading\">Was wir bereits tun<\/h3>\n\n\n\n<p>In den vergangen Jahren konnten mit Hilfe des F\u00f6rdervereins folgende Projekte erm\u00f6glicht werden:<\/p>\n\n\n\n<ul class=\"wp-block-list\"><li>Zusch\u00fcsse f\u00fcr verschiedenste Bereiche des schulischen Lebens, wie z.B. Klassenfahrten, Schulfeste, Theaterprojekte, die Schulk\u00fcche oder die Aufr\u00fcstung von Computern wurden und werden geleistet.<\/li><li>Der Schulkiosk bietet den Kindern in den gro\u00dfen Pausen an mehreren Tagen der Woche ein gesundes Fr\u00fchst\u00fcck an.<\/li><li>Die Gestaltung des Schulhofes nach der Sanierung wurde finanziert; neue Spielger\u00e4te wurden beschafft.<\/li><li>Die Bewegungsstation, die im Jahre 2002 er\u00f6ffnet werden konnte, bietet Kindern die M\u00f6glichkeit, Spiel- und Sportger\u00e4te auszuleihen. Sportger\u00e4te f\u00fcr Turnhalleund Bewegungsstation werden bezuschusst.<\/li><li>Alle vier Jahre wird erm\u00f6glicht, dass eine Woche lang der Mitmach-Zirkus \u201eRasch\u201c auf dem Schulhof gastiert und eine tolle Projektwoche zum Thema stattfindet.<\/li><li>Unterst\u00fctzung f\u00fcr besondere Projekte wie das Musical \u201eTushi Pamoja\u201c, die von der Musikschule begleitet, von den Kindern einstudiert und mehrfach aufgef\u00fchrt werden.<\/li><li>Nicht zuletzt erm\u00f6glicht der F\u00f6rderverein ein, \u00fcber den Unterricht hinausgehendes, zus\u00e4tzliches Angebot f\u00fcr die Kinder, indem er Projektmittel f\u00fcr die Besch\u00e4ftigung von Arbeitskr\u00e4ften im sozialp\u00e4dagogischen Bereich einwirbt.<\/li><\/ul>\n<\/div>\n<\/div>\n\n\n\n<div class=\"wp-block-columns alignwide tw-cols-card tw-cols-card-shadow is-layout-flex wp-container-core-columns-is-layout-d0b3c9c8 wp-block-columns-is-layout-flex\">\n<div class=\"wp-block-column is-layout-flow wp-block-column-is-layout-flow\">\n<div class=\"wp-block-group\"><div class=\"wp-block-group__inner-container is-layout-flow wp-block-group-is-layout-flow\">\n<h3 class=\"has-large-font-size wp-block-heading\">Mitglied werden<\/h3>\n<\/div><\/div>\n\n\n\n<p><a href=\"http:\/\/wordpress.nibis.de\/gslima\/files\/2024\/06\/Beitrittserkla\u0308rung.pdf\" data-type=\"URL\" data-id=\"wordpress.nibis.de\/gslima\/files\/2024\/06\/Beitrittserkla\u0308rung.pdf\">Laden Sie hier<\/a> (Rechtsklick &#8211; Ziel speichern unter) die Beitrittserkl\u00e4rung herunter\u00a0und werden Sie direkt Mitglied. Das Formular k\u00f6nnen Sie uns per E-mail zusenden oder bei der Klassenleitung Ihres Kindes sowie im Sekretariat der Schule abgeben.\u00a0Sollten Sie noch Fragen haben kontaktieren Sie uns gerne unter:<br><br><a href=\"m&#97;&#105;&#108;&#x74;&#x6f;&#x3a;fo&#101;&#114;&#x64;&#x65;&#x72;&#x76;er&#101;&#105;&#x6e;&#x40;&#x67;&#x73;-&#108;&#105;&#109;&#x61;&#x2e;&#x64;e\" data-type=\"mailto\" data-id=\"m&#97;&#105;&#x6c;&#x74;&#x6f;:&#102;&#111;&#x65;&#x72;&#x64;er&#118;&#x65;&#x72;&#x65;in&#64;&#103;&#x73;&#x2d;&#x6c;i&#109;&#97;&#x2e;&#x64;&#x65;\">&#x66;&#x6f;&#101;r&#x64;&#x65;&#114;&#118;e&#x72;&#x65;&#105;&#110;&#64;&#x67;&#x73;&#45;li&#x6d;&#x61;&#46;d&#x65;<\/a><\/p>\n<\/div>\n<\/div>\n<\/div><\/div>\n\n\n","protected":false},"excerpt":{"rendered":"<p>Wer sind wir Der F\u00f6rderverein ist ein Zusammenschluss von Eltern, Lehrerinnen und Lehrern, Freunden und Gesch\u00e4ftsleuten im Stadtteil Hannover-Linden. Der Verein ist im Vereinsregister eingetragen und wegen des Vereinszwecks \u201eF\u00f6rderung der Erziehung\u201c als gemeinn\u00fctzig anerkannt. Gegr\u00fcndet wurde der F\u00f6rderverein 1994 auf Initiative der Elternschaft der Schule. Was wir wollen: Eine Schule f\u00fcr alle! Wir halten&hellip; <a class=\"more-link\" href=\"https:\/\/wordpress.nibis.de\/gslima\/foerderverein\/\"><span class=\"screen-reader-text\">F\u00f6rderverein<\/span> weiterlesen<\/a><\/p>\n","protected":false},"author":9194085,"featured_media":0,"parent":0,"menu_order":0,"comment_status":"closed","ping_status":"closed","template":"","meta":{"footnotes":""},"class_list":["post-1415","page","type-page","status-publish","hentry","entry"],"_links":{"self":[{"href":"https:\/\/wordpress.nibis.de\/gslima\/wp-json\/wp\/v2\/pages\/1415","targetHints":{"allow":["GET"]}}],"collection":[{"href":"https:\/\/wordpress.nibis.de\/gslima\/wp-json\/wp\/v2\/pages"}],"about":[{"href":"https:\/\/wordpress.nibis.de\/gslima\/wp-json\/wp\/v2\/types\/page"}],"author":[{"embeddable":true,"href":"https:\/\/wordpress.nibis.de\/gslima\/wp-json\/wp\/v2\/users\/9194085"}],"replies":[{"embeddable":true,"href":"https:\/\/wordpress.nibis.de\/gslima\/wp-json\/wp\/v2\/comments?post=1415"}],"version-history":[{"count":13,"href":"https:\/\/wordpress.nibis.de\/gslima\/wp-json\/wp\/v2\/pages\/1415\/revisions"}],"predecessor-version":[{"id":2286,"href":"https:\/\/wordpress.nibis.de\/gslima\/wp-json\/wp\/v2\/pages\/1415\/revisions\/2286"}],"wp:attachment":[{"href":"https:\/\/wordpress.nibis.de\/gslima\/wp-json\/wp\/v2\/media?parent=1415"}],"curies":[{"name":"wp","href":"https:\/\/api.w.org\/{rel}","templated":true}]}}