{"id":178,"date":"2022-08-30T12:52:33","date_gmt":"2022-08-30T10:52:33","guid":{"rendered":"https:\/\/wordpress.nibis.de\/gslima\/?page_id=178"},"modified":"2023-02-09T21:58:59","modified_gmt":"2023-02-09T20:58:59","slug":"die-schule","status":"publish","type":"page","link":"https:\/\/wordpress.nibis.de\/gslima\/die-schule\/","title":{"rendered":"Die Schule"},"content":{"rendered":"\n<div class=\"wp-block-media-text alignwide is-stacked-on-mobile\" style=\"grid-template-columns:38% auto\"><figure class=\"wp-block-media-text__media\"><img loading=\"lazy\" decoding=\"async\" width=\"500\" height=\"375\" src=\"http:\/\/wordpress.nibis.de\/gslima\/files\/2022\/10\/2022_Foto_Gebaeude_2.jpeg\" alt=\"\" class=\"wp-image-1129 size-full\" srcset=\"https:\/\/wordpress.nibis.de\/gslima\/files\/2022\/10\/2022_Foto_Gebaeude_2.jpeg 500w, https:\/\/wordpress.nibis.de\/gslima\/files\/2022\/10\/2022_Foto_Gebaeude_2-300x225.jpeg 300w\" sizes=\"auto, (max-width: 500px) 100vw, 500px\" \/><\/figure><div class=\"wp-block-media-text__content\">\n<blockquote class=\"wp-block-quote is-style-tw-medium is-layout-flow wp-block-quote-is-layout-flow\"><p><strong><em>&#8222;Schulen k\u00f6nnen keine Paradiesg\u00e4rten sein, <\/em><\/strong><br><strong><em>vielleicht aber kleine Oasen,<br>wo Kinder in einem Klima <\/em><\/strong><br><strong><em>der Menschlichkeit aufwachsen k\u00f6nnen&#8220;<\/em><\/strong><\/p><\/blockquote>\n<\/div><\/div>\n\n\n\n<h2 class=\"alignwide has-medium-font-size wp-block-heading\">Die Grundschule ist eine Schule f\u00fcr die Kinder im Stadtteil \u2013 sie ist eine gemeinsame Schule&nbsp;f\u00fcr alle Kinder \u2013 und zugleich die Schule f\u00fcr jedes einzelne Kind.<\/h2>\n\n\n\n<h2 class=\"alignwide has-medium-font-size wp-block-heading\">Hieraus ergibt sich das folgende Leitbild unserer Schule:<\/h2>\n\n\n\n<div class=\"wp-block-group alignwide has-green-background-color has-background\"><div class=\"wp-block-group__inner-container is-layout-flow wp-block-group-is-layout-flow\">\n<div class=\"wp-block-columns alignwide has-green-background-color has-background is-layout-flex wp-container-core-columns-is-layout-d0b3c9c8 wp-block-columns-is-layout-flex\">\n<div class=\"wp-block-column is-layout-flow wp-block-column-is-layout-flow\">\n<h3 class=\"has-large-font-size wp-block-heading\">1. Individualit\u00e4t<\/h3>\n\n\n\n<p class=\"has-small-font-size\">Im schulischen Miteinander bem\u00fchen wir uns darum, jeden Menschen als eigenst\u00e4ndige&nbsp;Pers\u00f6nlichkeit wahrzunehmen und anzuerkennen.<br><br>F\u00fcr den Unterricht bedeutet das:<\/p>\n\n\n\n<ul class=\"is-style-tw-arrow has-small-font-size wp-block-list\"><li>individuelles Arbeiten an einem gemeinsamen Thema zu unterst\u00fctzen und zu f\u00f6rdern<\/li><li>in allen Lerngruppen die St\u00e4rken und Schw\u00e4chen jedes Kindes zu erkennen und wertzusch\u00e4tzen,<\/li><li>den individuellen F\u00e4higkeiten und Fertigkeiten entsprechend den Unterricht&nbsp;zu planen und zu gestalten. <\/li><\/ul>\n<\/div>\n\n\n\n<div class=\"wp-block-column is-layout-flow wp-block-column-is-layout-flow\">\n<h3 class=\"has-large-font-size wp-block-heading\">2. Miteinander<\/h3>\n\n\n\n<p class=\"has-small-font-size\">Um ein positives Schulklima zu erreichen, ist es f\u00fcr uns wichtig, dass alle am Schulleben beteiligten Menschen vertrauensvoll, wertsch\u00e4tzend, verl\u00e4sslich und respektvoll miteinander umgehen.<\/p>\n<\/div>\n\n\n\n<div class=\"wp-block-column is-layout-flow wp-block-column-is-layout-flow\">\n<h3 class=\"has-large-font-size wp-block-heading\">3. Inklusion<\/h3>\n\n\n\n<ul class=\"is-style-tw-arrow has-small-font-size wp-block-list\"><li>Inklusion bedeutet f\u00fcr uns die Arbeit an einer Schule f\u00fcr alle Kinder im Stadtteil.<\/li><li>Jedes Kind soll die Chance bekommen, gemeinsames Leben und Lernen zu erfahren.<\/li><li>Wir erkennen jedes Kind in seiner Einmaligkeit an; unser Ziel ist die Erziehung und Bildung eines jeden Kindes.<\/li><\/ul>\n<\/div>\n\n\n\n<div class=\"wp-block-column is-layout-flow wp-block-column-is-layout-flow\">\n<h3 class=\"has-large-font-size wp-block-heading\">4. Lernen<\/h3>\n\n\n\n<p class=\"has-small-font-size\">Unser Verst\u00e4ndnis von Lernen zeigt sich besonders in einem Unterricht<\/p>\n\n\n\n<ul class=\"is-style-tw-arrow has-small-font-size wp-block-list\"><li>der an den Interessen und Fragen der Sch\u00fcler und Sch\u00fclerinnen ankn\u00fcpft,<\/li><li>der dazu beitr\u00e4gt, selbst\u00e4ndig Lernen zu lernen und dabei verschiedene Wege zul\u00e4sst,<\/li><li>in dem Kinder voneinander und miteinander lernen,<\/li><li>der in einer positiven Lernatmosph\u00e4re stattfindet<\/li><\/ul>\n<\/div>\n<\/div>\n<\/div><\/div>\n\n\n\n<figure class=\"wp-block-pullquote alignwide\"><blockquote><p><strong>\u201e<em>Die wichtigsten Vorgaben f\u00fcr jede Schule sind die ihr anvertrauten Kinder \u2013 so wie sie sind&nbsp;und nicht so, wie wir sie uns w\u00fcnschen m\u00f6gen.<\/em>\u201c<\/strong><\/p><cite>\u2013 Blick \u00fcber den Zaun, Arbeitskreis reformp\u00e4dagogischer Schulen \u2013 <\/cite><\/blockquote><\/figure>\n\n\n","protected":false},"excerpt":{"rendered":"<p>&#8222;Schulen k\u00f6nnen keine Paradiesg\u00e4rten sein, vielleicht aber kleine Oasen,wo Kinder in einem Klima der Menschlichkeit aufwachsen k\u00f6nnen&#8220; Die Grundschule ist eine Schule f\u00fcr die Kinder im Stadtteil \u2013 sie ist eine gemeinsame Schule&nbsp;f\u00fcr alle Kinder \u2013 und zugleich die Schule f\u00fcr jedes einzelne Kind. Hieraus ergibt sich das folgende Leitbild unserer Schule: 1. Individualit\u00e4t Im&hellip; <a class=\"more-link\" href=\"https:\/\/wordpress.nibis.de\/gslima\/die-schule\/\"><span class=\"screen-reader-text\">Die Schule<\/span> weiterlesen<\/a><\/p>\n","protected":false},"author":9194019,"featured_media":0,"parent":0,"menu_order":0,"comment_status":"closed","ping_status":"closed","template":"","meta":{"footnotes":""},"class_list":["post-178","page","type-page","status-publish","hentry","entry"],"_links":{"self":[{"href":"https:\/\/wordpress.nibis.de\/gslima\/wp-json\/wp\/v2\/pages\/178","targetHints":{"allow":["GET"]}}],"collection":[{"href":"https:\/\/wordpress.nibis.de\/gslima\/wp-json\/wp\/v2\/pages"}],"about":[{"href":"https:\/\/wordpress.nibis.de\/gslima\/wp-json\/wp\/v2\/types\/page"}],"author":[{"embeddable":true,"href":"https:\/\/wordpress.nibis.de\/gslima\/wp-json\/wp\/v2\/users\/9194019"}],"replies":[{"embeddable":true,"href":"https:\/\/wordpress.nibis.de\/gslima\/wp-json\/wp\/v2\/comments?post=178"}],"version-history":[{"count":18,"href":"https:\/\/wordpress.nibis.de\/gslima\/wp-json\/wp\/v2\/pages\/178\/revisions"}],"predecessor-version":[{"id":1530,"href":"https:\/\/wordpress.nibis.de\/gslima\/wp-json\/wp\/v2\/pages\/178\/revisions\/1530"}],"wp:attachment":[{"href":"https:\/\/wordpress.nibis.de\/gslima\/wp-json\/wp\/v2\/media?parent=178"}],"curies":[{"name":"wp","href":"https:\/\/api.w.org\/{rel}","templated":true}]}}