{"id":180,"date":"2022-08-30T12:52:52","date_gmt":"2022-08-30T10:52:52","guid":{"rendered":"https:\/\/wordpress.nibis.de\/gslima\/?page_id=180"},"modified":"2022-12-19T11:24:46","modified_gmt":"2022-12-19T10:24:46","slug":"ganztag","status":"publish","type":"page","link":"https:\/\/wordpress.nibis.de\/gslima\/ganztag\/","title":{"rendered":"Unser Ganztag"},"content":{"rendered":"\n<div class=\"wp-block-media-text alignwide is-stacked-on-mobile is-vertically-aligned-top\" style=\"grid-template-columns:41% auto\"><figure class=\"wp-block-media-text__media\"><img loading=\"lazy\" decoding=\"async\" width=\"1000\" height=\"750\" src=\"http:\/\/wordpress.nibis.de\/gslima\/files\/2022\/10\/2022_Foto_Schulhof_2_1000x750.jpg\" alt=\"\" class=\"wp-image-1119 size-full\" srcset=\"https:\/\/wordpress.nibis.de\/gslima\/files\/2022\/10\/2022_Foto_Schulhof_2_1000x750.jpg 1000w, https:\/\/wordpress.nibis.de\/gslima\/files\/2022\/10\/2022_Foto_Schulhof_2_1000x750-300x225.jpg 300w, https:\/\/wordpress.nibis.de\/gslima\/files\/2022\/10\/2022_Foto_Schulhof_2_1000x750-768x576.jpg 768w\" sizes=\"auto, (max-width: 1000px) 100vw, 1000px\" \/><\/figure><div class=\"wp-block-media-text__content\">\n<p>Seit Beginn des Schuljahres 2016\/2017 ist die Grundschule Am Lindener Markt eine offene Ganztagsschule. \u201eGanztag\u201c interpretieren wir bei uns als integrativen Bestandteil unseres Schullebens, sodass Schule und Kooperationspartner in enger Zusammenarbeit agieren.<\/p>\n\n\n\n<p>Familien k\u00f6nnen die Tage, an denen sie ihre Kinder f\u00fcr den Ganztag anmelden, nach individuellem Bedarf w\u00e4hlen. An diesen Tagen bleiben die Kinder bis 16:00 Uhr bei uns in der Schule. <br><br>Der offene Ganztagsbereich umfasst den Zeitrahmen von 13:00 \u2013 16:00 Uhr. Bei vorheriger Anmeldung k\u00f6nnen auch Fr\u00fch- und Sp\u00e4tdienst, ab 7:00 Uhr und bis 17:00 Uhr, in Anspruch genommen werden. <br>Die Teilnahme am Ganztag ist nach der Anmeldung verbindlich.<\/p>\n\n\n\n<p>Das Ganztagsangebot ist grunds\u00e4tzlich kostenfrei. Es entstehen lediglich Kosten f\u00fcr die\u00a0Teilnahme am Mittagessen durch den Caterer \u201eWi!DasFamilienlokal\u201c.<\/p>\n\n\n\n<p>Verantwortlich f\u00fcr die inhaltliche Planung und Organisation ist der Stadtsportbund Hannover e.V. als Kooperationspartner der Schule.<\/p>\n\n\n\n<p><\/p>\n\n\n\n<div class=\"wp-block-image\"><figure class=\"alignleft size-full is-resized\"><img loading=\"lazy\" decoding=\"async\" src=\"http:\/\/wordpress.nibis.de\/gslima\/files\/2022\/12\/ssb-logo-2.png\" alt=\"\" class=\"wp-image-1405\" width=\"302\" height=\"117\" \/><\/figure><\/div>\n<\/div><\/div>\n\n\n\n<p class=\"tw-text-wide has-large-font-size\">                                       <br><\/p>\n\n\n\n<div class=\"wp-block-columns is-layout-flex wp-container-core-columns-is-layout-d0b3c9c8 wp-block-columns-is-layout-flex\">\n<div class=\"wp-block-column is-layout-flow wp-block-column-is-layout-flow\" style=\"--col-width:100%;flex-basis:100%\"><\/div>\n<\/div>\n\n\n\n<div class=\"wp-block-columns are-vertically-aligned-center is-layout-flex wp-container-core-columns-is-layout-d0b3c9c8 wp-block-columns-is-layout-flex\">\n<div class=\"wp-block-column is-vertically-aligned-center is-layout-flow wp-block-column-is-layout-flow\" style=\"--col-width:74%;flex-basis:74%\"><\/div>\n\n\n\n<div class=\"wp-block-column is-vertically-aligned-center is-layout-flow wp-block-column-is-layout-flow\" style=\"--col-width:26%;flex-basis:26%\"><\/div>\n<\/div>\n\n\n","protected":false},"excerpt":{"rendered":"","protected":false},"author":9194019,"featured_media":0,"parent":0,"menu_order":0,"comment_status":"closed","ping_status":"closed","template":"","meta":{"footnotes":""},"class_list":["post-180","page","type-page","status-publish","hentry","entry"],"_links":{"self":[{"href":"https:\/\/wordpress.nibis.de\/gslima\/wp-json\/wp\/v2\/pages\/180","targetHints":{"allow":["GET"]}}],"collection":[{"href":"https:\/\/wordpress.nibis.de\/gslima\/wp-json\/wp\/v2\/pages"}],"about":[{"href":"https:\/\/wordpress.nibis.de\/gslima\/wp-json\/wp\/v2\/types\/page"}],"author":[{"embeddable":true,"href":"https:\/\/wordpress.nibis.de\/gslima\/wp-json\/wp\/v2\/users\/9194019"}],"replies":[{"embeddable":true,"href":"https:\/\/wordpress.nibis.de\/gslima\/wp-json\/wp\/v2\/comments?post=180"}],"version-history":[{"count":5,"href":"https:\/\/wordpress.nibis.de\/gslima\/wp-json\/wp\/v2\/pages\/180\/revisions"}],"predecessor-version":[{"id":1451,"href":"https:\/\/wordpress.nibis.de\/gslima\/wp-json\/wp\/v2\/pages\/180\/revisions\/1451"}],"wp:attachment":[{"href":"https:\/\/wordpress.nibis.de\/gslima\/wp-json\/wp\/v2\/media?parent=180"}],"curies":[{"name":"wp","href":"https:\/\/api.w.org\/{rel}","templated":true}]}}