{"id":184,"date":"2022-08-30T12:53:30","date_gmt":"2022-08-30T10:53:30","guid":{"rendered":"https:\/\/wordpress.nibis.de\/gslima\/?page_id=184"},"modified":"2022-11-22T18:51:14","modified_gmt":"2022-11-22T17:51:14","slug":"schulsozialarbeit","status":"publish","type":"page","link":"https:\/\/wordpress.nibis.de\/gslima\/schulsozialarbeit\/","title":{"rendered":"Schulsozialarbeit"},"content":{"rendered":"\n<div class=\"wp-block-group alignfull\"><div class=\"wp-block-group__inner-container is-layout-flow wp-block-group-is-layout-flow\">\n<div class=\"wp-block-media-text alignwide has-media-on-the-right is-stacked-on-mobile is-vertically-aligned-top is-style-default tw-stack-md\"><figure class=\"wp-block-media-text__media\"><img loading=\"lazy\" decoding=\"async\" width=\"1024\" height=\"683\" src=\"https:\/\/wordpress.nibis.de\/gslima\/files\/2022\/11\/kOx85xCkNz-1024x683.jpg\" alt=\"\" class=\"wp-image-1182 size-full\" srcset=\"https:\/\/wordpress.nibis.de\/gslima\/files\/2022\/11\/kOx85xCkNz-1024x683.jpg 1024w, https:\/\/wordpress.nibis.de\/gslima\/files\/2022\/11\/kOx85xCkNz-300x200.jpg 300w, https:\/\/wordpress.nibis.de\/gslima\/files\/2022\/11\/kOx85xCkNz-768x513.jpg 768w, https:\/\/wordpress.nibis.de\/gslima\/files\/2022\/11\/kOx85xCkNz-1536x1025.jpg 1536w, https:\/\/wordpress.nibis.de\/gslima\/files\/2022\/11\/kOx85xCkNz-2048x1367.jpg 2048w, https:\/\/wordpress.nibis.de\/gslima\/files\/2022\/11\/kOx85xCkNz-1568x1046.jpg 1568w\" sizes=\"auto, (max-width: 1024px) 100vw, 1024px\" \/><\/figure><div class=\"wp-block-media-text__content\">\n<p class=\"has-small-font-size\">Mein Name ist Sascia Matei (Sozialarbeiterin B.A.) und ich bin an der Grundschule Am Lindener Markt als sozialp\u00e4dagogische Fachkraft in schulischer Verantwortung t\u00e4tig.<br><br>Eine meiner Hauptaufgaben ist die\u00a0<strong><em>Beratung<\/em><\/strong>. Diese basiert auf\u00a0<strong><em>Freiwilligkeit<\/em><\/strong>. Gespr\u00e4che unterliegen der\u00a0<strong><em>Schweigepflicht<\/em><\/strong>\u00a0und sind vertraulich. Was besprochen wird, wird nicht an Dritte weitergegeben.<\/p>\n\n\n\n<p class=\"has-small-font-size\"><strong>Als Sch\u00fclerIn kannst du dich an mich wenden, wenn:<\/strong><\/p>\n\n\n\n<ul class=\"has-small-font-size wp-block-list\"><li>du Stress mit Mitsch\u00fclerInnen, LehrerInnen, oder Schwierigkeiten zu Hause hast<\/li><li>du Problem hast, die dich belasten<\/li><li>du jemanden zum Reden brauchst<\/li><li>du Fragen hast, die du sonst niemandem stellen kannst<\/li><\/ul>\n\n\n\n<p class=\"has-small-font-size\"><strong>Sie als Eltern k\u00f6nnen sich an mich wenden, wenn\u2026<\/strong><\/p>\n\n\n\n<ul class=\"has-small-font-size wp-block-list\"><li>Sie Ihr Kind im Schulalltag unterst\u00fctzen m\u00f6chten<\/li><li>Sie f\u00fcrchten, die Erziehung w\u00e4chst Ihnen \u00fcber den Kopf<\/li><li>Sie Informationen z.B. \u00fcber finanzielle Unterst\u00fctzungsm\u00f6glichkeiten ben\u00f6tigen, die Ihrem&nbsp;Kind im Rahmen von&nbsp;Bildung und Teilhabe (BuT) zustehen<\/li><\/ul>\n\n\n\n<p class=\"has-small-font-size\"><strong>Als<\/strong><strong>&nbsp;sozialp\u00e4dagogische Fachkraft in schulischer Verantwortung<\/strong><\/p>\n\n\n\n<ul class=\"has-small-font-size wp-block-list\"><li>biete ich pers\u00f6nliche und vertrauliche Beratung<\/li><li>suche ich gemeinsam mit Euch\/Ihnen nach Unterst\u00fctzungsm\u00f6glichkeiten und\u00a0L\u00f6sungen<\/li><\/ul>\n\n\n\n<p class=\"has-small-font-size\">Ich bin unter folgender&nbsp;<strong><em>Telefonnummer<\/em><\/strong>&nbsp;in meinem B\u00fcro im Erdgeschoss montags bis freitags von 07:45 bis 16:15 Uhr&nbsp;<strong><em>0511\/16833083<\/em><\/strong>&nbsp;oder unter der&nbsp;<strong><em>Email&nbsp;<\/em><\/strong><a href=\"&#x6d;&#97;&#105;l&#x74;&#x6f;&#58;s&#x61;&#x73;&#99;i&#x61;&#x2e;&#109;a&#x74;&#x65;&#105;&#64;&#x67;&#x73;&#45;l&#x69;&#x6d;&#97;&#46;d&#x65;\">s&#97;&#x73;&#x63;i&#97;&#x2e;&#x6d;a&#116;&#x65;&#x69;&#64;&#103;&#x73;&#x2d;l&#105;&#x6d;&#x61;&#46;&#100;&#101;<\/a>&nbsp;zu erreichen. Falls ich einmal nicht ans Telefon gehen sollte, bin ich im Schulgeb\u00e4ude unterwegs und rufe zeitnah zur\u00fcck.<\/p>\n<\/div><\/div>\n<\/div><\/div>\n\n\n","protected":false},"excerpt":{"rendered":"<p>Mein Name ist Sascia Matei (Sozialarbeiterin B.A.) und ich bin an der Grundschule Am Lindener Markt als sozialp\u00e4dagogische Fachkraft in schulischer Verantwortung t\u00e4tig. Eine meiner Hauptaufgaben ist die\u00a0Beratung. Diese basiert auf\u00a0Freiwilligkeit. Gespr\u00e4che unterliegen der\u00a0Schweigepflicht\u00a0und sind vertraulich. Was besprochen wird, wird nicht an Dritte weitergegeben. Als Sch\u00fclerIn kannst du dich an mich wenden, wenn: du Stress&hellip; <a class=\"more-link\" href=\"https:\/\/wordpress.nibis.de\/gslima\/schulsozialarbeit\/\"><span class=\"screen-reader-text\">Schulsozialarbeit<\/span> weiterlesen<\/a><\/p>\n","protected":false},"author":9194019,"featured_media":0,"parent":0,"menu_order":0,"comment_status":"closed","ping_status":"closed","template":"","meta":{"footnotes":""},"class_list":["post-184","page","type-page","status-publish","hentry","entry"],"_links":{"self":[{"href":"https:\/\/wordpress.nibis.de\/gslima\/wp-json\/wp\/v2\/pages\/184","targetHints":{"allow":["GET"]}}],"collection":[{"href":"https:\/\/wordpress.nibis.de\/gslima\/wp-json\/wp\/v2\/pages"}],"about":[{"href":"https:\/\/wordpress.nibis.de\/gslima\/wp-json\/wp\/v2\/types\/page"}],"author":[{"embeddable":true,"href":"https:\/\/wordpress.nibis.de\/gslima\/wp-json\/wp\/v2\/users\/9194019"}],"replies":[{"embeddable":true,"href":"https:\/\/wordpress.nibis.de\/gslima\/wp-json\/wp\/v2\/comments?post=184"}],"version-history":[{"count":24,"href":"https:\/\/wordpress.nibis.de\/gslima\/wp-json\/wp\/v2\/pages\/184\/revisions"}],"predecessor-version":[{"id":1200,"href":"https:\/\/wordpress.nibis.de\/gslima\/wp-json\/wp\/v2\/pages\/184\/revisions\/1200"}],"wp:attachment":[{"href":"https:\/\/wordpress.nibis.de\/gslima\/wp-json\/wp\/v2\/media?parent=184"}],"curies":[{"name":"wp","href":"https:\/\/api.w.org\/{rel}","templated":true}]}}