{"id":204,"date":"2022-08-30T13:13:54","date_gmt":"2022-08-30T11:13:54","guid":{"rendered":"https:\/\/wordpress.nibis.de\/gslima\/?page_id=204"},"modified":"2022-10-18T16:03:57","modified_gmt":"2022-10-18T14:03:57","slug":"kooperationen-2","status":"publish","type":"page","link":"https:\/\/wordpress.nibis.de\/gslima\/kooperationen-2\/","title":{"rendered":"Kooperationen"},"content":{"rendered":"\n<div class=\"wp-block-group alignfull\"><div class=\"wp-block-group__inner-container is-layout-flow wp-block-group-is-layout-flow\">\n<div class=\"wp-block-columns alignwide tw-cols-card tw-cols-card-shadow is-layout-flex wp-container-core-columns-is-layout-d0b3c9c8 wp-block-columns-is-layout-flex\">\n<div class=\"wp-block-column is-layout-flow wp-block-column-is-layout-flow\">\n<h3 class=\"has-large-font-size wp-block-heading\">\ud83e\udde0 Kooperation mit der Wissensfabrik<\/h3>\n\n\n\n<p class=\"has-small-font-size\">Seit 2 Jahren sind wir Kooperationspartner \u2013 die Wissensfabrik \u2013 Unternehmen f\u00fcr Deutschland und die Grundschule Am Lindener Markt.<br><br>Dabei wurde ein Kooperationsvertrag zwischen der Wissensfabrik und der Schule geschlossen der beinhaltet, dass die Schule versucht, die Sch\u00fclerinnen und Sch\u00fcler durch Experimente im Unterricht an naturwissenschaftliches Denken und Experimentieren heranzuf\u00fchren.<br><br>Einige Kolleginnen haben an Fortbildungsveranstaltungen bei Siemens und dem T\u00dcV Nord (f\u00fcr NaWi, NaWi plus und KiTec) teilgenommen und den Umgang mit den Experimentier-, Material- und Werkzeugskisten ausprobiert. Kurze Zeit sp\u00e4ter wurden uns die NaWi- und KiTec-Kisten sowie die Skripte kostenfrei zur Verf\u00fcgung gestellt. Die Kisten beinhalten nahezu alle Materialien, die f\u00fcr die naturwissenschaftlichen Experimente ben\u00f6tigt werden in Gruppenst\u00e4rke, so dass die Kinder Erfahrungen aus erster Hand machen k\u00f6nnen und nicht nur Zuschauer sind.<\/p>\n<\/div>\n\n\n\n<div class=\"wp-block-column is-layout-flow wp-block-column-is-layout-flow\">\n<h3 class=\"has-large-font-size wp-block-heading\">\ud83d\udcda Leselernhelfer Mentor<\/h3>\n\n\n\n<p class=\"has-small-font-size\">An unserer Schule sind verschiedene Mentoren und Mentorinnen des Vereins MENTOR HANNOVER e.V. &nbsp; im Einsatz. In Zusammenarbeit mit den Lehrkr\u00e4ften und in Absprache mit den Eltern findet eine Einzelbetreuung im Lesen statt.<br><br>Was wird gemacht?<\/p>\n\n\n\n<ul class=\"has-small-font-size wp-block-list\"><li>Lesen altersgem\u00e4\u00dfer Texte, W\u00fcnsche der Sch\u00fclerinnen und Sch\u00fcler werden dabei ber\u00fccksichtigt.<\/li><li>Gemeinsame Gespr\u00e4che \u00fcber das Gelesene, um das Textverst\u00e4ndnis zu erweitern<\/li><li>Vorlesen von Texten<\/li><li>individuelle F\u00f6rderung im Lesen und Sprechen<\/li><li>Die F\u00f6rderung findet au\u00dferhalb des Schulunterrichts statt.<\/li><\/ul>\n\n\n\n<p class=\"has-small-font-size\">MENTOR hilft durch individuelle Einzelf\u00f6rderung Kindern, die Schwierigkeiten im Umgang mit der deutschen Sprache oder dem Lesen haben. Der Verein organisiert und betreut die Zusammenarbeit zwischen Mentoren, Kindern und Schulen.<br><br>Es werden noch Lese-Mentoren an unserer Schule gesucht. Wenn Sie Interesse haben, wenden Sie sich an den Verein MENTOR HANNOVER e.V. oder an die Lehrkr\u00e4fte der Schule.<\/p>\n<\/div>\n<\/div>\n\n\n\n<div class=\"wp-block-columns alignwide tw-cols-card tw-cols-card-shadow is-layout-flex wp-container-core-columns-is-layout-d0b3c9c8 wp-block-columns-is-layout-flex\">\n<div class=\"wp-block-column is-layout-flow wp-block-column-is-layout-flow\">\n<h3 class=\"has-large-font-size wp-block-heading\">\u270f\ufe0f Hausaufgabenhilfe<\/h3>\n\n\n\n<p class=\"has-small-font-size\">Ein nicht allt\u00e4gliches Angebot ist diese Unterst\u00fctzung der&nbsp;Sch\u00fclerinnen und Sch\u00fcler im Anschluss an den Unterricht. Es werden kleine Gruppen teils jahrgangsintern, teils jahrgangs\u00fcbergreifend zusammengesetzt. Die Kinder arbeiten unter qualifizierter p\u00e4dagogischer Anleitung an ihren Hausaufgaben f\u00fcr alle Schulf\u00e4cher.<\/p>\n\n\n\n<ul class=\"has-small-font-size wp-block-list\"><li>Sie lernen ihren Wochenplan einzuteilen und eigenverantwortlich vollst\u00e4ndig zu bearbeiten.<\/li><li>Sie \u00fcben mit sinnvollen Fragen Hilfe einzufordern.<\/li><li>Sie bekommen fachkundige Anleitung bei Schwierigkeiten.<\/li><li>Sie sammeln Erfahrungen selbstst\u00e4ndig Probleme zu l\u00f6sen.<\/li><li>Sie lernen Hilfsmittel zur Bearbeitung der Hausaufgaben sinnvoll zu nutzen.<\/li><li>Sie verbessern den Gebrauch der deutschen Sprache.<\/li><\/ul>\n\n\n\n<p class=\"has-small-font-size\">Ein Ziel der Hausaufgabenhilfe ist, dass die Sch\u00fclerinnen und Sch\u00fcler in die Lage versetzt werden, ihre Hausaufgaben selbst\u00e4ndig und vollst\u00e4ndig zu bearbeiten und dabei ihnen bekannte Hilfsmittel, wie z.B. das W\u00f6rterbuch einsetzen. Neben der Rechtschreibung wird auch f\u00fcr die deutsche Grammatik viel Hilfe angeboten.<\/p>\n<\/div>\n<\/div>\n\n\n\n<div class=\"wp-block-columns alignwide tw-cols-card tw-cols-card-shadow is-layout-flex wp-container-core-columns-is-layout-d0b3c9c8 wp-block-columns-is-layout-flex\">\n<div class=\"wp-block-column is-layout-flow wp-block-column-is-layout-flow\">\n<h3 class=\"has-large-font-size wp-block-heading\">\ud83c\udfb7 Kooperation mit der Musikschule der    Landeshauptstadt Hannover<\/h3>\n\n\n\n<h5 class=\"wp-block-heading\">1. Tandemunterricht<\/h5>\n\n\n\n<p class=\"has-small-font-size\">Im ersten Schuljahr erhalten zwei erste Klassen im Tandem von einer Grundschullehrkraft und einer Musikschullehrkraft jeweils ein halbes Jahr Musikunterricht.<\/p>\n\n\n\n<h5 class=\"wp-block-heading\">2. Orchester und Instrumentalunterricht in Klasse 3<\/h5>\n\n\n\n<p class=\"has-small-font-size\">Im dritten Schuljahr wird allen interessierten Sch\u00fcler*innen, durch die Kooperation mit der Musikschule der Landeshauptstadt Hannover, die M\u00f6glichkeit gegeben, ein Instrument zu erlernen. Die Kinder haben einmal in der Woche am Vormittag Instrumentalunterricht und zus\u00e4tzlich am Dienstag oder Mittwoch in der sechsten Stunde Orchesterunterricht.<\/p>\n<\/div>\n\n\n\n<div class=\"wp-block-column is-layout-flow wp-block-column-is-layout-flow\">\n<h3 class=\"has-large-font-size wp-block-heading\">\ud83d\udedd Kita und Schule<\/h3>\n\n\n\n<p class=\"has-small-font-size\">Die Grundschule Am Lindener Markt m\u00f6chte die Kinder in der \u00dcbergangssituation vom Kindergarten zur Schule unterst\u00fctzen und kooperiert daher im Rahmen des \u201eBr\u00fcckenjahrs\u201c mit den umliegenden Kindertagesst\u00e4tten. Hospitationen in der Schule, gemeinsame Sport- und Bastelaktionen, sowie ein gezielter Austausch \u00fcber individuelle F\u00f6rderm\u00f6glichkeiten sollen Kinder in ihrem letzten Kindergartenjahr auf die kommende Lernsituation vorbereiten und ihnen den Eintritt in unsere Schule erleichtern.r die naturwissenschaftlichen Experimente ben\u00f6tigt werden in Gruppenst\u00e4rke, so dass die Kinder Erfahrungen aus erster Hand machen k\u00f6nnen und nicht nur Zuschauer sind.<\/p>\n<\/div>\n<\/div>\n\n\n\n<div class=\"wp-block-columns alignwide tw-cols-card tw-cols-card-shadow is-layout-flex wp-container-core-columns-is-layout-d0b3c9c8 wp-block-columns-is-layout-flex\">\n<div class=\"wp-block-column is-layout-flow wp-block-column-is-layout-flow\">\n<h3 class=\"has-large-font-size wp-block-heading\">\ud83c\udf4e EU-Schulprogramm Schulobst und -gem\u00fcse<\/h3>\n\n\n\n<p class=\"has-small-font-size\">Bereits seit dem Schuljahr 19\/20 wird unsere Schule \u00fcber das EU Schulprogramm Niedersachsen 1 mal pro Woche mit leckerem Obst und Gem\u00fcse beliefert. So ist in jeder Klasse und auch im Nachmittag gen\u00fcgend Obst da, das von den Kindern sehr gerne verzehrt wird.<\/p>\n<\/div>\n\n\n\n<div class=\"wp-block-column is-layout-flow wp-block-column-is-layout-flow\">\n<h3 class=\"has-large-font-size wp-block-heading\">\ud83d\udea8 Kontaktbeamter<\/h3>\n\n\n\n<p class=\"has-small-font-size\">Herr Siegmund arbeitet nicht nur im Bereich Mobilit\u00e4t als \u201eKontaktbeamter\u201c eng mit unserer Schule zusammen,&nbsp;sondern steht uns Lehrkr\u00e4ften auch bei anderen relevanten Themen beratend zur Seite: <br>&#8222;Herr Siegmund ist auf Anfrage stets bereit vertrauensvoll und nachhaltig mit Klassen oder einzelnen Sch\u00fclern aktuelle Problematiken zu er\u00f6rtern.&#8220;<\/p>\n<\/div>\n<\/div>\n\n\n\n<div class=\"wp-block-columns alignwide tw-cols-card tw-cols-card-shadow is-layout-flex wp-container-core-columns-is-layout-d0b3c9c8 wp-block-columns-is-layout-flex\">\n<div class=\"wp-block-column is-layout-flow wp-block-column-is-layout-flow\">\n<h3 class=\"has-large-font-size wp-block-heading\">\ud83d\udc1d Bingo! Umweltstiftung Niedersachsen<br>\u201eUnser Schulhof summt und brummt\u201c<\/h3>\n\n\n\n<p class=\"has-small-font-size\">Dem Wunsch und der Motivation der Sch\u00fclerinnen und Sch\u00fcler der Grundschule Am Lindener Markt entsprechend, entstand vor gut zwei Jahren die Idee, unseren Schulhof gr\u00fcner zu machen und auch etwas f\u00fcr die heimischen Insekten und Bienen zu tun. <br><br>Mit F\u00f6rdergeldern der Nieders\u00e4chsischenUmweltstiftung Bingo! wurde in der Projektwoche im Oktober 2021 dieser Wunsch umgesetzt und es entstanden auf unserem Schulhof  insgesamt 5 bienenfreundliche Hochbeete, die unserern Schulhof begr\u00fcnen und zum Schutz von heimischen Insekten beitragen. <br><br> Gemeinsam mit den Lehrkr\u00e4ften Frau Schulz-Koffka und Herrn Buchholz haben die Kinder der Klasse 4a  zun\u00e4chst die alten Blumenk\u00e4sten uneres Schulhofes entsorgt. Hierbei konnten bereits viele interessante Insekten entdeckt werden. <br><br> Die Sch\u00fclerinnen und Sch\u00fcler der Klasse 4a lernten in der Projektwoche allerlei Interessantes \u00fcber die heimischen Insekten, \u00fcber bienenfreundliche Pflanzen und \u00fcber den Naturschutz im Allgemeinen. <br><br> Beim Bau der Hochbeete wurde die Klasse tatkr\u00e4ftig von unserem Hausmeister Herrn Cin sowie durch einige Mitarbeitende aus dem Ganztag unterst\u00fctzt. <br><br> Im Fr\u00fchjahr 2022 wurden die Beete mit bienenfreundlichen, heimischen Blumen und Stauden bepflanzt und k\u00f6nnen nun von allen Kindern und Erwachsenen der Schule bestaunt werden. <br><br> Die Beete werden, so wie auch unser kleiner Schulgarten,  mit viel Liebe von Frau Ngyuen gepflegt, die auch die Schulgarten-AG leitet. Im Rahmen dieser AG haben so alle Sch\u00fclerinnen und Sch\u00fcler der Schule die M\u00f6glichkeit sich genauer mit dem naturnahen G\u00e4rtnern zu besch\u00e4ftigen, was zur Umweltbildung zum Naturschutz beitragen wird. <br><br> Vielen Dank an alle, die bei der Umsetzung des Projektes beigetragen haben! Ein gro\u00dfes Dankesch\u00f6n auch an die Bingo! Umweltstiftung, ohne die die Umsetzung des Projektes nicht m\u00f6glich gewesen w\u00e4re.<\/p>\n<\/div>\n<\/div>\n<\/div><\/div>\n","protected":false},"excerpt":{"rendered":"<p>\ud83e\udde0 Kooperation mit der Wissensfabrik Seit 2 Jahren sind wir Kooperationspartner \u2013 die Wissensfabrik \u2013 Unternehmen f\u00fcr Deutschland und die Grundschule Am Lindener Markt. Dabei wurde ein Kooperationsvertrag zwischen der Wissensfabrik und der Schule geschlossen der beinhaltet, dass die Schule versucht, die Sch\u00fclerinnen und Sch\u00fcler durch Experimente im Unterricht an naturwissenschaftliches Denken und Experimentieren heranzuf\u00fchren.&hellip; <a class=\"more-link\" href=\"https:\/\/wordpress.nibis.de\/gslima\/kooperationen-2\/\"><span class=\"screen-reader-text\">Kooperationen<\/span> weiterlesen<\/a><\/p>\n","protected":false},"author":9194019,"featured_media":0,"parent":0,"menu_order":0,"comment_status":"closed","ping_status":"closed","template":"","meta":{"footnotes":""},"class_list":["post-204","page","type-page","status-publish","hentry","entry"],"_links":{"self":[{"href":"https:\/\/wordpress.nibis.de\/gslima\/wp-json\/wp\/v2\/pages\/204","targetHints":{"allow":["GET"]}}],"collection":[{"href":"https:\/\/wordpress.nibis.de\/gslima\/wp-json\/wp\/v2\/pages"}],"about":[{"href":"https:\/\/wordpress.nibis.de\/gslima\/wp-json\/wp\/v2\/types\/page"}],"author":[{"embeddable":true,"href":"https:\/\/wordpress.nibis.de\/gslima\/wp-json\/wp\/v2\/users\/9194019"}],"replies":[{"embeddable":true,"href":"https:\/\/wordpress.nibis.de\/gslima\/wp-json\/wp\/v2\/comments?post=204"}],"version-history":[{"count":38,"href":"https:\/\/wordpress.nibis.de\/gslima\/wp-json\/wp\/v2\/pages\/204\/revisions"}],"predecessor-version":[{"id":1172,"href":"https:\/\/wordpress.nibis.de\/gslima\/wp-json\/wp\/v2\/pages\/204\/revisions\/1172"}],"wp:attachment":[{"href":"https:\/\/wordpress.nibis.de\/gslima\/wp-json\/wp\/v2\/media?parent=204"}],"curies":[{"name":"wp","href":"https:\/\/api.w.org\/{rel}","templated":true}]}}