{"id":206,"date":"2022-08-30T13:14:43","date_gmt":"2022-08-30T11:14:43","guid":{"rendered":"https:\/\/wordpress.nibis.de\/gslima\/?page_id=206"},"modified":"2022-10-18T16:02:32","modified_gmt":"2022-10-18T14:02:32","slug":"projekte","status":"publish","type":"page","link":"https:\/\/wordpress.nibis.de\/gslima\/projekte\/","title":{"rendered":"Projekte"},"content":{"rendered":"\n<h2 class=\"alignwide has-medium-font-size wp-block-heading\" id=\"we-re-a-studio-in-berlin-with-an-international-practice-in-architecture-urban-planning-and-interior-design-we-believe-in-sharing-knowledge-and-promoting-dialogue-to-increase-the-creative-potential-of-collaboration\" style=\"line-height:1.1\">An der Grundschule Am Lindener Markt wird immer wieder auch in und an Projekten gearbeitet und gelernt.\nIn diesem Bereich&nbsp;werden beendete aber auch laufende oder wiederkehrende Projekte vorgestellt.<\/h2>\n\n\n\n<div class=\"wp-block-group alignfull has-purple-background-color has-background\"><div class=\"wp-block-group__inner-container is-layout-flow wp-block-group-is-layout-flow\">\n<div style=\"height:70px\" aria-hidden=\"true\" class=\"wp-block-spacer\"><\/div>\n\n\n\n<div class=\"wp-block-columns alignwide are-vertically-aligned-center is-layout-flex wp-container-core-columns-is-layout-d0b3c9c8 wp-block-columns-is-layout-flex\">\n<div class=\"wp-block-column is-layout-flow wp-block-column-is-layout-flow\" style=\"--col-width:50%;flex-basis:50%\">\n<p class=\"has-text-color\" style=\"color:#000000;font-size:30px;line-height:1.1\">Projektwoche<\/p>\n<\/div>\n\n\n\n<div class=\"wp-block-column is-layout-flow wp-block-column-is-layout-flow\" style=\"--col-width:50%;flex-basis:50%\">\n<hr class=\"wp-block-separator has-text-color has-background is-style-wide\" style=\"background-color:#000000;color:#000000\" \/>\n<\/div>\n<\/div>\n\n\n\n<div class=\"wp-block-columns alignwide is-layout-flex wp-container-core-columns-is-layout-d0b3c9c8 wp-block-columns-is-layout-flex\">\n<div class=\"wp-block-column is-layout-flow wp-block-column-is-layout-flow\"><\/div>\n\n\n\n<div class=\"wp-block-column is-layout-flow wp-block-column-is-layout-flow\">\n<p class=\"has-text-color has-small-font-size\" style=\"color:#000000\">An unserer Schule findet im Fr\u00fchjahr (jahrgangs\u00fcbergreifend) und im Herbst (im Klassenverband) eine Woche der ganz besonderen Art statt: Die Projektwochen.<br><br>Bei einer jahrgangs\u00fcbergreifenden Projektwoche schlagen die Kinder zun\u00e4chst vor, an welchen Themen sie arbeiten m\u00f6chten. Zu diesen Themen bereiten die Lehrer und Lehrerinnen dann die Woche inhaltlich vor und die Kinder k\u00f6nnen das Thema w\u00e4hlen, welches sie interessiert.<br><br>F\u00fcr die klasseninternen Projektwochen w\u00e4hlen sich die Klassen entweder&nbsp; ein eigenes Thema, zu dem gearbeitet wird oder die Schulgemeinschaft beschlie\u00dft ein Thema \/ Motto, zu dem in den Klassen gearbeitet wird. So ist die Projektwoche im Jahr 2011 dem Thema Schule fr\u00fcher und heute gewidmet, da an ihrem Ende das 125j\u00e4hrige Schuljubil\u00e4um gefeiert wird.<\/p>\n<\/div>\n\n\n\n<div class=\"wp-block-column is-layout-flow wp-block-column-is-layout-flow\">\n<p class=\"has-text-color has-small-font-size\" style=\"color:#000000\">Spiele, Musik, Tiere und vieles andere mehr. F\u00fcr eine ganze Woche besch\u00e4ftigen sich die Kinder und Lehrer intensiv mit einem Thema.<\/p>\n<\/div>\n<\/div>\n\n\n\n<div style=\"height:40px\" aria-hidden=\"true\" class=\"wp-block-spacer\"><\/div>\n<\/div><\/div>\n\n\n\n<div class=\"wp-block-group alignfull has-background\" style=\"background-color:#f2f0e9\"><div class=\"wp-block-group__inner-container is-layout-flow wp-block-group-is-layout-flow\">\n<div style=\"height:70px\" aria-hidden=\"true\" class=\"wp-block-spacer\"><\/div>\n\n\n\n<div class=\"wp-block-columns alignwide are-vertically-aligned-center is-layout-flex wp-container-core-columns-is-layout-d0b3c9c8 wp-block-columns-is-layout-flex\">\n<div class=\"wp-block-column is-layout-flow wp-block-column-is-layout-flow\" style=\"--col-width:50%;flex-basis:50%\">\n<p class=\"has-text-color\" style=\"color:#000000;font-size:30px;line-height:1.1\">NaWi \u2013 geht das ?<br>NaWi plus<\/p>\n<\/div>\n\n\n\n<div class=\"wp-block-column is-layout-flow wp-block-column-is-layout-flow\" style=\"--col-width:50%;flex-basis:50%\">\n<hr class=\"wp-block-separator has-text-color has-background is-style-wide\" style=\"background-color:#000000;color:#000000\" \/>\n<\/div>\n<\/div>\n\n\n\n<div class=\"wp-block-columns alignwide is-layout-flex wp-container-core-columns-is-layout-d0b3c9c8 wp-block-columns-is-layout-flex\">\n<div class=\"wp-block-column is-layout-flow wp-block-column-is-layout-flow\"><\/div>\n\n\n\n<div class=\"wp-block-column is-layout-flow wp-block-column-is-layout-flow\">\n<p class=\"has-text-color has-small-font-size\" style=\"color:#000000\">Die NaWi-Experimente liefern Grundsch\u00fclern auf kindgerechte Weise Antworten auf Fragen aus der Welt der Naturwissenschaften. Der Ansatz ist praxisnah und handlungsorientiert: Die Kinder d\u00fcrfen zu zweit oder in Gruppen ausprobieren, beobachten und schlussfolgern. Auf diese Weise entwickeln sie ein nat\u00fcrliches Interesse am Experimentieren.<\/p>\n<\/div>\n\n\n\n<div class=\"wp-block-column is-layout-flow wp-block-column-is-layout-flow\">\n<p class=\"has-text-color has-small-font-size\" style=\"color:#000000\">Die Versuche mit vertrauten Gegenst\u00e4nden wie zum Beispiel Teelicht, L\u00f6ffel, Eisw\u00fcrfel oder Magnet, Schere und Lupe sind ungef\u00e4hrlich, gelingen praktisch immer und beziehen sich auf die allt\u00e4gliche Lebenswelt von Kindern. In NaWi \u2013 geht das? stehen die Themen Wasser, Luft und Lebensmittel im Zentrum. Durch den gro\u00dfen Erfolg dieses Leuchtturmprojekts gibt es inzwischen eine Fortsetzung: NaWi plus zielt auf die Themen \u201eStoffe und ihre Eigenschaften\u201c, \u201eUmweltschutz und Recycling\u201c sowie \u201eFeuer und Brandschutz\u201c.<\/p>\n\n\n\n<p class=\"has-text-color has-extra-small-font-size\" style=\"color:#000000\">(Quelle: <a rel=\"noreferrer noopener\" href=\"http:\/\/www.wissensfabrik-deutschland.de\/\" target=\"_blank\">www.wissensfabrik-Deutschland.de<\/a>)<\/p>\n<\/div>\n<\/div>\n\n\n\n<div style=\"height:40px\" aria-hidden=\"true\" class=\"wp-block-spacer\"><\/div>\n<\/div><\/div>\n\n\n\n<div class=\"wp-block-group alignfull has-green-background-color has-background\"><div class=\"wp-block-group__inner-container is-layout-flow wp-block-group-is-layout-flow\">\n<div style=\"height:70px\" aria-hidden=\"true\" class=\"wp-block-spacer\"><\/div>\n\n\n\n<div class=\"wp-block-columns alignwide are-vertically-aligned-center is-layout-flex wp-container-core-columns-is-layout-d0b3c9c8 wp-block-columns-is-layout-flex\">\n<div class=\"wp-block-column is-layout-flow wp-block-column-is-layout-flow\" style=\"--col-width:50%;flex-basis:50%\">\n<p class=\"has-text-color\" style=\"color:#000000;font-size:30px;line-height:1.1\">Technik gestalten. KiTec<br>Kinder entdecken Technik<\/p>\n<\/div>\n\n\n\n<div class=\"wp-block-column is-layout-flow wp-block-column-is-layout-flow\" style=\"--col-width:50%;flex-basis:50%\">\n<hr class=\"wp-block-separator has-text-color has-background is-style-wide\" style=\"background-color:#000000;color:#000000\" \/>\n<\/div>\n<\/div>\n\n\n\n<div class=\"wp-block-columns alignwide is-layout-flex wp-container-core-columns-is-layout-d0b3c9c8 wp-block-columns-is-layout-flex\">\n<div class=\"wp-block-column is-layout-flow wp-block-column-is-layout-flow\"><\/div>\n\n\n\n<div class=\"wp-block-column is-layout-flow wp-block-column-is-layout-flow\">\n<p class=\"has-text-color has-small-font-size\" style=\"color:#000000\">Was macht eine Br\u00fccke so stabil, dass sogar schwere Lastwagen dar\u00fcber fahren k\u00f6nnen? Wie funktioniert die Lenkung im Auto? Fragen \u00fcber Fragen, die zeigen: Kinder besitzen ein nat\u00fcrliches Interesse an technischen Zusammenh\u00e4ngen und versuchen schon fr\u00fch, diese zu begreifen. An deutschen Grundschulen hat die intensive Besch\u00e4ftigung mit Technik und ihren Funktionen allerdings nach wie vor Seltenheitswert. Dabei kann eine F\u00f6rderung der kindlichen Freude am Bauen und T\u00fcfteln die Wurzeln daf\u00fcr legen, dass das Technikinteresse im weiteren Lebensweg bestehen bleibt und auch die Berufswahl beeinflusst.<\/p>\n<\/div>\n\n\n\n<div class=\"wp-block-column is-layout-flow wp-block-column-is-layout-flow\">\n<p class=\"has-text-color has-small-font-size\" style=\"color:#000000\">it unserem Leuchtturmprojekt KiTec \u2013 Kinder entdecken Technik wollen wir den Erfindergeist der Kinder wecken und einen Beitrag dazu leisten, dass jedes einzelne Kind seine praktischen Fertigkeiten im Bauen und Konstruieren entwickeln kann \u2013 im Team mit anderen.<\/p>\n\n\n\n<p class=\"has-text-color has-extra-small-font-size\" style=\"color:#000000\">(Quelle: <a rel=\"noreferrer noopener\" href=\"http:\/\/www.wissensfabrik-deutschland.de\/\" target=\"_blank\">www.wissensfabrik-Deutschland.de<\/a>)<\/p>\n<\/div>\n<\/div>\n\n\n\n<div style=\"height:40px\" aria-hidden=\"true\" class=\"wp-block-spacer\"><\/div>\n<\/div><\/div>\n\n\n\n<div class=\"wp-block-group alignfull has-red-background-color has-background\"><div class=\"wp-block-group__inner-container is-layout-flow wp-block-group-is-layout-flow\">\n<div style=\"height:70px\" aria-hidden=\"true\" class=\"wp-block-spacer\"><\/div>\n\n\n\n<div class=\"wp-block-columns alignwide are-vertically-aligned-center is-layout-flex wp-container-core-columns-is-layout-d0b3c9c8 wp-block-columns-is-layout-flex\">\n<div class=\"wp-block-column is-layout-flow wp-block-column-is-layout-flow\" style=\"--col-width:50%;flex-basis:50%\">\n<p class=\"has-text-color\" style=\"color:#000000;font-size:30px;line-height:1.1\">Zirkus<\/p>\n<\/div>\n\n\n\n<div class=\"wp-block-column is-layout-flow wp-block-column-is-layout-flow\" style=\"--col-width:50%;flex-basis:50%\">\n<hr class=\"wp-block-separator has-text-color has-background is-style-wide\" style=\"background-color:#000000;color:#000000\" \/>\n<\/div>\n<\/div>\n\n\n\n<div class=\"wp-block-columns alignwide is-layout-flex wp-container-core-columns-is-layout-d0b3c9c8 wp-block-columns-is-layout-flex\">\n<div class=\"wp-block-column is-layout-flow wp-block-column-is-layout-flow\"><\/div>\n\n\n\n<div class=\"wp-block-column is-layout-flow wp-block-column-is-layout-flow\">\n<p class=\"has-text-color has-small-font-size\" style=\"color:#000000\">Alle vier Jahre gastiert an der Grundschule Am Lindener Markt auf dem Schulhof f\u00fcr eine Woche der&nbsp;<a href=\"https:\/\/www.zirkusrasch.de\" target=\"_blank\" rel=\"noreferrer noopener\">Zirkus Rasch<\/a>.&nbsp; Dann geht es in allen Klassen eine (Projekt-) Woche lang um das Thema Zirkus. Die Familie Rasch arbeitet dabei t\u00e4glich von Montag bis Donnerstag jahrgangs\u00fcbergreifend mit unseren Sch\u00fcler\/innen. Jedes Grundschulkind hat dabei die Gelegenheit, an einem der vier ersten Tage der Woche dort etwas einzustudieren und am gleichen Tag von&nbsp;<strong>18.-19.45<\/strong> Uhr&nbsp;in einer&nbsp;<strong>Vorstellung im Zirkuszelt f\u00fcr die Familie<\/strong>&nbsp;aufzutreten.&nbsp; Bereits um 17:00 Uhr ist Treffpunkt zum Schminken, Umziehen etc.. Am&nbsp;<strong>Freitag von 10:00 Uhr bis 11:00<\/strong> Uhr&nbsp;findet die&nbsp;<strong>Galavorstellung<\/strong>&nbsp;statt. Dazu wird ein Eintrittspreis von 2,50 \u20ac f\u00fcr externe G\u00e4ste erhoben. Anschlie\u00dfend helfen alle Sch\u00fcler des 4. Jahrgangs beim Abbau.<\/p>\n<\/div>\n\n\n\n<div class=\"wp-block-column is-layout-flow wp-block-column-is-layout-flow\">\n<p class=\"has-text-color has-small-font-size\" style=\"color:#000000\">Das Projekt \u201eZirkus\u201c wird gro\u00dfz\u00fcgig durch den&nbsp;F\u00f6rderverein der Grundschule&nbsp;unterst\u00fctzt, sodass nur ein kleiner Eigenbetrag ausreicht, um teilnehmen zu k\u00f6nnen. Unten sehen Sie Impressionen aus dem Sommer 2011.<\/p>\n<\/div>\n<\/div>\n\n\n\n<div style=\"height:40px\" aria-hidden=\"true\" class=\"wp-block-spacer\"><\/div>\n<\/div><\/div>\n","protected":false},"excerpt":{"rendered":"<p>An der Grundschule Am Lindener Markt wird immer wieder auch in und an Projekten gearbeitet und gelernt. In diesem Bereich&nbsp;werden beendete aber auch laufende oder wiederkehrende Projekte vorgestellt. Projektwoche An unserer Schule findet im Fr\u00fchjahr (jahrgangs\u00fcbergreifend) und im Herbst (im Klassenverband) eine Woche der ganz besonderen Art statt: Die Projektwochen. Bei einer jahrgangs\u00fcbergreifenden Projektwoche schlagen&hellip; <a class=\"more-link\" href=\"https:\/\/wordpress.nibis.de\/gslima\/projekte\/\"><span class=\"screen-reader-text\">Projekte<\/span> weiterlesen<\/a><\/p>\n","protected":false},"author":9194019,"featured_media":0,"parent":0,"menu_order":0,"comment_status":"closed","ping_status":"closed","template":"","meta":{"footnotes":""},"class_list":["post-206","page","type-page","status-publish","hentry","entry"],"_links":{"self":[{"href":"https:\/\/wordpress.nibis.de\/gslima\/wp-json\/wp\/v2\/pages\/206","targetHints":{"allow":["GET"]}}],"collection":[{"href":"https:\/\/wordpress.nibis.de\/gslima\/wp-json\/wp\/v2\/pages"}],"about":[{"href":"https:\/\/wordpress.nibis.de\/gslima\/wp-json\/wp\/v2\/types\/page"}],"author":[{"embeddable":true,"href":"https:\/\/wordpress.nibis.de\/gslima\/wp-json\/wp\/v2\/users\/9194019"}],"replies":[{"embeddable":true,"href":"https:\/\/wordpress.nibis.de\/gslima\/wp-json\/wp\/v2\/comments?post=206"}],"version-history":[{"count":24,"href":"https:\/\/wordpress.nibis.de\/gslima\/wp-json\/wp\/v2\/pages\/206\/revisions"}],"predecessor-version":[{"id":1170,"href":"https:\/\/wordpress.nibis.de\/gslima\/wp-json\/wp\/v2\/pages\/206\/revisions\/1170"}],"wp:attachment":[{"href":"https:\/\/wordpress.nibis.de\/gslima\/wp-json\/wp\/v2\/media?parent=206"}],"curies":[{"name":"wp","href":"https:\/\/api.w.org\/{rel}","templated":true}]}}