{"id":208,"date":"2022-08-30T13:14:59","date_gmt":"2022-08-30T11:14:59","guid":{"rendered":"https:\/\/wordpress.nibis.de\/gslima\/?page_id=208"},"modified":"2023-06-21T16:13:45","modified_gmt":"2023-06-21T14:13:45","slug":"veranstaltungen","status":"publish","type":"page","link":"https:\/\/wordpress.nibis.de\/gslima\/veranstaltungen\/","title":{"rendered":"Veranstaltungen"},"content":{"rendered":"\n<div class=\"wp-block-group alignfull has-subtle-background-color has-background\"><div class=\"wp-block-group__inner-container is-layout-flow wp-block-group-is-layout-flow\">\n<div style=\"height:70px\" aria-hidden=\"true\" class=\"wp-block-spacer\"><\/div>\n\n\n\n<div class=\"wp-block-columns alignwide are-vertically-aligned-center is-layout-flex wp-container-core-columns-is-layout-d0b3c9c8 wp-block-columns-is-layout-flex\">\n<div class=\"wp-block-column is-layout-flow wp-block-column-is-layout-flow\" style=\"--col-width:50%;flex-basis:50%\">\n<p class=\"has-text-color\" style=\"color:#000000;font-size:30px;line-height:1.1\"><strong>Spiel\u2013 und Sportfest<\/strong><\/p>\n<\/div>\n\n\n\n<div class=\"wp-block-column is-layout-flow wp-block-column-is-layout-flow\" style=\"--col-width:50%;flex-basis:50%\">\n<hr class=\"wp-block-separator has-text-color has-background is-style-wide\" style=\"background-color:#000000;color:#000000\" \/>\n<\/div>\n<\/div>\n\n\n\n<div class=\"wp-block-columns alignwide is-layout-flex wp-container-core-columns-is-layout-d0b3c9c8 wp-block-columns-is-layout-flex\">\n<div class=\"wp-block-column is-layout-flow wp-block-column-is-layout-flow\">\n<figure class=\"wp-block-image size-large\"><img loading=\"lazy\" decoding=\"async\" width=\"768\" height=\"1024\" src=\"https:\/\/wordpress.nibis.de\/gslima\/files\/2023\/06\/Sportfest-2023-1-768x1024.jpg\" alt=\"\" class=\"wp-image-1656\" srcset=\"https:\/\/wordpress.nibis.de\/gslima\/files\/2023\/06\/Sportfest-2023-1-768x1024.jpg 768w, https:\/\/wordpress.nibis.de\/gslima\/files\/2023\/06\/Sportfest-2023-1-225x300.jpg 225w, https:\/\/wordpress.nibis.de\/gslima\/files\/2023\/06\/Sportfest-2023-1-1152x1536.jpg 1152w, https:\/\/wordpress.nibis.de\/gslima\/files\/2023\/06\/Sportfest-2023-1-1536x2048.jpg 1536w, https:\/\/wordpress.nibis.de\/gslima\/files\/2023\/06\/Sportfest-2023-1-1568x2091.jpg 1568w, https:\/\/wordpress.nibis.de\/gslima\/files\/2023\/06\/Sportfest-2023-1-scaled.jpg 1920w\" sizes=\"auto, (max-width: 768px) 100vw, 768px\" \/><figcaption>Sportfest 2023<\/figcaption><\/figure>\n<\/div>\n\n\n\n<div class=\"wp-block-column is-layout-flow wp-block-column-is-layout-flow\">\n<p class=\"has-text-color has-small-font-size\" style=\"color:#000000\">Jedes Jahr im Sommer findet das Schul-Sportfest auf der Mehrkampfanlage nahe dem Stadion statt. Die Klassen gelangen gemeinsam zu Fu\u00df dorthin.<br><br>Das Fest beginnt immer um 9.00 Uhr mit dem \u201eTurn-Tiger\u201c, bei dem sich alle warm tanzen k\u00f6nnen.<br><br>Anschlie\u00dfend durchlaufen alle Sch\u00fcler einen Parcours von Stationen, von denen jede Klasse eine ausrichtet.<\/p>\n<\/div>\n\n\n\n<div class=\"wp-block-column is-layout-flow wp-block-column-is-layout-flow\">\n<p class=\"has-text-color has-small-font-size\" style=\"color:#000000\">Parallel finden Jahrgangsstaffell\u00e4ufe statt, bei dem die einen laufen und die anderen anfeuern, was das Zeug h\u00e4lt. Zum Abschluss laufen alle Kinder so viele Minuten am St\u00fcck, wie sie Jahre alt sind.<br><br>F\u00fcr das leibliche Wohl sorgt \u2013 neben Muttis Pausenbroten \u2013 vor allem frisches Obst, das  unterst\u00fctzt von der Elternschaft und dem F\u00f6rderverein in einer logistischen Meisterleistung f\u00fcr alle bereit stellt.<\/p>\n<\/div>\n<\/div>\n\n\n\n<div style=\"height:0px\" aria-hidden=\"true\" class=\"wp-block-spacer\"><\/div>\n<\/div><\/div>\n\n\n\n<div class=\"wp-block-group alignfull has-yellow-background-color has-background\"><div class=\"wp-block-group__inner-container is-layout-flow wp-block-group-is-layout-flow\">\n<div style=\"height:70px\" aria-hidden=\"true\" class=\"wp-block-spacer\"><\/div>\n\n\n\n<div class=\"wp-block-columns alignwide are-vertically-aligned-center is-layout-flex wp-container-core-columns-is-layout-d0b3c9c8 wp-block-columns-is-layout-flex\">\n<div class=\"wp-block-column is-layout-flow wp-block-column-is-layout-flow\" style=\"--col-width:50%;flex-basis:50%\">\n<p class=\"has-text-color\" style=\"color:#000000;font-size:30px;line-height:1.1\"><strong>Adventsbasar<\/strong><\/p>\n<\/div>\n\n\n\n<div class=\"wp-block-column is-layout-flow wp-block-column-is-layout-flow\" style=\"--col-width:50%;flex-basis:50%\">\n<hr class=\"wp-block-separator has-text-color has-background is-style-wide\" style=\"background-color:#000000;color:#000000\" \/>\n<\/div>\n<\/div>\n\n\n\n<div class=\"wp-block-columns alignwide is-layout-flex wp-container-core-columns-is-layout-d0b3c9c8 wp-block-columns-is-layout-flex\">\n<div class=\"wp-block-column is-layout-flow wp-block-column-is-layout-flow\"><\/div>\n\n\n\n<div class=\"wp-block-column is-layout-flow wp-block-column-is-layout-flow\">\n<p class=\"has-text-color has-small-font-size\" style=\"color:#000000\">Am ersten Dienstagvormittag im Dezember findet traditionell unser Adventsbasar statt. Alle Eltern, Gro\u00dfeltern, Geschwister, Lindener sowie alle Interessierten sind herzlich eingeladen, den Adventsbasar zu besuchen.<br><br>Jede Klasse bereitet im Vorfeld etwas f\u00fcr diesen Tag vor. Wir sind jedes Jahr wieder von der Vielfalt der Angebote an Bastelobjekten \u00fcberrascht.<\/p>\n<\/div>\n\n\n\n<div class=\"wp-block-column is-layout-flow wp-block-column-is-layout-flow\">\n<p class=\"has-text-color has-small-font-size\" style=\"color:#000000\">Die Sch\u00fclerinnen und Sch\u00fcler entscheiden selbst, wof\u00fcr der Erl\u00f6s des Adventsbasars verwendet, bzw. gespendet wird.<br><br>Auch f\u00fcr das leibliche Wohl wird gesorgt.<br><br>F\u00fcr alle Beteiligten ist dieser Adventsbasar immer ein besonderes Erlebnis.<\/p>\n<\/div>\n<\/div>\n\n\n\n<div style=\"height:40px\" aria-hidden=\"true\" class=\"wp-block-spacer\"><\/div>\n<\/div><\/div>\n\n\n\n<div class=\"wp-block-group alignfull has-orange-background-color has-background\"><div class=\"wp-block-group__inner-container is-layout-flow wp-block-group-is-layout-flow\">\n<div style=\"height:70px\" aria-hidden=\"true\" class=\"wp-block-spacer\"><\/div>\n\n\n\n<div class=\"wp-block-columns alignwide are-vertically-aligned-center is-layout-flex wp-container-core-columns-is-layout-d0b3c9c8 wp-block-columns-is-layout-flex\">\n<div class=\"wp-block-column is-layout-flow wp-block-column-is-layout-flow\" style=\"--col-width:50%;flex-basis:50%\">\n<p class=\"has-text-color\" style=\"color:#000000;font-size:30px;line-height:1.1\"><strong>Lehrer\u2013Eltern\u2013Party<\/strong><\/p>\n<\/div>\n\n\n\n<div class=\"wp-block-column is-layout-flow wp-block-column-is-layout-flow\" style=\"--col-width:50%;flex-basis:50%\">\n<hr class=\"wp-block-separator has-text-color has-background is-style-wide\" style=\"background-color:#000000;color:#000000\" \/>\n<\/div>\n<\/div>\n\n\n\n<div class=\"wp-block-columns alignwide is-layout-flex wp-container-core-columns-is-layout-d0b3c9c8 wp-block-columns-is-layout-flex\">\n<div class=\"wp-block-column is-layout-flow wp-block-column-is-layout-flow\"><\/div>\n\n\n\n<div class=\"wp-block-column is-layout-flow wp-block-column-is-layout-flow\">\n<p class=\"has-text-color has-small-font-size\" style=\"color:#000000\">Mit der Eltern-Lehrer-Party wurde im Jahr 2009 eine sch\u00f6ne Tradition wieder zum Leben erweckt.<br><br>Die Feier fand seitdem bereits vier Mal statt und bot LehrerInnen und Eltern die Gelegenheit, sich einmal in ganz ungezwungener Umgebung kennen zu lernen.<\/p>\n<\/div>\n\n\n\n<div class=\"wp-block-column is-layout-flow wp-block-column-is-layout-flow\">\n<p class=\"has-text-color has-small-font-size\" style=\"color:#000000\">Im Anschluss an das eine oder andere Schulfest wurde im Schulhof ab 19.00 bis tief in die Nacht gefeiert und getanzt.<\/p>\n<\/div>\n<\/div>\n\n\n\n<div style=\"height:40px\" aria-hidden=\"true\" class=\"wp-block-spacer\"><\/div>\n<\/div><\/div>\n\n\n\n<div class=\"wp-block-group alignfull has-blue-background-color has-background\"><div class=\"wp-block-group__inner-container is-layout-flow wp-block-group-is-layout-flow\">\n<div style=\"height:70px\" aria-hidden=\"true\" class=\"wp-block-spacer\"><\/div>\n\n\n\n<div class=\"wp-block-columns alignwide are-vertically-aligned-center is-layout-flex wp-container-core-columns-is-layout-d0b3c9c8 wp-block-columns-is-layout-flex\">\n<div class=\"wp-block-column is-layout-flow wp-block-column-is-layout-flow\" style=\"--col-width:50%;flex-basis:50%\">\n<p class=\"has-text-color\" style=\"color:#000000;font-size:30px;line-height:1.1\"><strong>Fest\u2013 und Jubil\u00e4umsfeiern<\/strong><\/p>\n<\/div>\n\n\n\n<div class=\"wp-block-column is-layout-flow wp-block-column-is-layout-flow\" style=\"--col-width:50%;flex-basis:50%\">\n<hr class=\"wp-block-separator has-text-color has-background is-style-wide\" style=\"background-color:#000000;color:#000000\" \/>\n<\/div>\n<\/div>\n\n\n\n<div class=\"wp-block-columns alignwide is-layout-flex wp-container-core-columns-is-layout-d0b3c9c8 wp-block-columns-is-layout-flex\">\n<div class=\"wp-block-column is-layout-flow wp-block-column-is-layout-flow\"><\/div>\n\n\n\n<div class=\"wp-block-column is-layout-flow wp-block-column-is-layout-flow\">\n<p class=\"has-text-color has-small-font-size\" style=\"color:#000000\">Unsere Schulfeiern sind fester Bestandteil des Schullebens: Zusammen mit einem sich engagiert beteiligendem F\u00f6rderverein und in bew\u00e4hrter Kooperation mit der F\u00f6rderschule Wilhelm-Schade gelingen uns immer wieder Fest- und Jubil\u00e4umstage, die allen im Ged\u00e4chtnis bleiben.<br><br>Am 17. Juni 2011 haben wir das <strong>125j\u00e4hrige Jubil\u00e4um<\/strong> des Schulgeb\u00e4udes der GS Am Lindener Markt gefeiert. In der Woche davor haben sich unsere Sch\u00fcler und Sch\u00fclerinnen intensiv mit der Geschichte der Schule befasst. So war das Fest gleichzeitig die Pr\u00e4sentation der Unterrichtsergebnisse und die Besucher konnten staunend feststellen, in welcher Vielf\u00e4ltigkeit man sich Geschichte n\u00e4hern kann.<\/p>\n<\/div>\n\n\n\n<div class=\"wp-block-column is-layout-flow wp-block-column-is-layout-flow\">\n<p class=\"has-text-color has-small-font-size\" style=\"color:#000000\">Sehr viele positive R\u00fcckmeldungen haben wir zum Musical \u201eTuishi pamoja\u201c erhalten. Dieses wunderbare Projekt haben sich Frau Feldt und Frau B\u00f6se vorgenommen und professionell durchgef\u00fchrt. Herzlichen Dank an die beiden und die vielen Helfer im Hintergrund.<br><br>Wir k\u00f6nnen mit Stolz feststellen: Unser Schulfest war ein gro\u00dfer Erfolg und hat wieder einmal unser Schulleben sehr bereichert.<\/p>\n<\/div>\n<\/div>\n\n\n\n<div style=\"height:40px\" aria-hidden=\"true\" class=\"wp-block-spacer\"><\/div>\n<\/div><\/div>\n","protected":false},"excerpt":{"rendered":"<p>Spiel\u2013 und Sportfest Jedes Jahr im Sommer findet das Schul-Sportfest auf der Mehrkampfanlage nahe dem Stadion statt. Die Klassen gelangen gemeinsam zu Fu\u00df dorthin. Das Fest beginnt immer um 9.00 Uhr mit dem \u201eTurn-Tiger\u201c, bei dem sich alle warm tanzen k\u00f6nnen. Anschlie\u00dfend durchlaufen alle Sch\u00fcler einen Parcours von Stationen, von denen jede Klasse eine ausrichtet.&hellip; <a class=\"more-link\" href=\"https:\/\/wordpress.nibis.de\/gslima\/veranstaltungen\/\"><span class=\"screen-reader-text\">Veranstaltungen<\/span> weiterlesen<\/a><\/p>\n","protected":false},"author":9194019,"featured_media":0,"parent":0,"menu_order":0,"comment_status":"closed","ping_status":"closed","template":"","meta":{"footnotes":""},"class_list":["post-208","page","type-page","status-publish","hentry","entry"],"_links":{"self":[{"href":"https:\/\/wordpress.nibis.de\/gslima\/wp-json\/wp\/v2\/pages\/208","targetHints":{"allow":["GET"]}}],"collection":[{"href":"https:\/\/wordpress.nibis.de\/gslima\/wp-json\/wp\/v2\/pages"}],"about":[{"href":"https:\/\/wordpress.nibis.de\/gslima\/wp-json\/wp\/v2\/types\/page"}],"author":[{"embeddable":true,"href":"https:\/\/wordpress.nibis.de\/gslima\/wp-json\/wp\/v2\/users\/9194019"}],"replies":[{"embeddable":true,"href":"https:\/\/wordpress.nibis.de\/gslima\/wp-json\/wp\/v2\/comments?post=208"}],"version-history":[{"count":22,"href":"https:\/\/wordpress.nibis.de\/gslima\/wp-json\/wp\/v2\/pages\/208\/revisions"}],"predecessor-version":[{"id":1657,"href":"https:\/\/wordpress.nibis.de\/gslima\/wp-json\/wp\/v2\/pages\/208\/revisions\/1657"}],"wp:attachment":[{"href":"https:\/\/wordpress.nibis.de\/gslima\/wp-json\/wp\/v2\/media?parent=208"}],"curies":[{"name":"wp","href":"https:\/\/api.w.org\/{rel}","templated":true}]}}