{"id":217,"date":"2022-08-30T13:16:47","date_gmt":"2022-08-30T11:16:47","guid":{"rendered":"https:\/\/wordpress.nibis.de\/gslima\/?page_id=217"},"modified":"2025-05-20T17:11:39","modified_gmt":"2025-05-20T15:11:39","slug":"ausstattung","status":"publish","type":"page","link":"https:\/\/wordpress.nibis.de\/gslima\/ausstattung\/","title":{"rendered":"Ausstattung"},"content":{"rendered":"\n<p class=\"tw-text-wide has-medium-font-size\">Die \u00e4ltesten Teile des Schulgeb\u00e4udes stammen aus dem letzten Jahrzehnt des 19. Jahrhunderts. Vom Herbst 2005 bis zum Fr\u00fchjahr 2007 wurde die Grundschule Am Lindener Markt umfassend saniert und befindet sich seither in einem sehr guten Zustand. Durch den Einbau von Fahrst\u00fchlen ist seit 2016 eine grunds\u00e4tzliche Barrierefreiheit gew\u00e4hrt. <br>Zum Schuljahr 2016\/17 startete der Ganztagsbetrieb.&nbsp;In diesem Zusammhang wurde das Schulgeb\u00e4ude zwischen 2015 und 2016 um eine&nbsp;<strong>Mensa<\/strong>&nbsp;mit angeschlossenem&nbsp;<strong>Pausenraum<\/strong>&nbsp;erweitert, au\u00dferdem wurden weitere&nbsp;<strong>F\u00f6rderr\u00e4ume<\/strong>, ein&nbsp;<strong>Freizeitbereich<\/strong>, ein&nbsp;<strong>Snoozle-Raum<\/strong>&nbsp;und ein&nbsp;<strong>Bewegungsraum<\/strong>&nbsp;eingerichtet.<\/p>\n\n\n\n<p class=\"tw-text-wide has-medium-font-size\">Das Schulgel\u00e4nde wird durch die innerst\u00e4dtisch zentrale Lage der Schule bestimmt. Die Gr\u00f6\u00dfe der Au\u00dfenfl\u00e4che ist also begrenzter als bei anderen Schulen, erf\u00fcllt aber die zentralen Bed\u00fcrfnisse von Kindern im Grundschulalter. Hier kann geturnt, gespielt (auch Fu\u00dfball) und getobt werden. Eine von Sch\u00fclern organisierte&nbsp;<strong>Bewegungsstation<\/strong> erm\u00f6glicht die Ausleihe von spannenden Spielger\u00e4ten. Einige selbst angelegte und gepflegte Blumenbeete versch\u00f6nern den Schulhof zus\u00e4tzlich. Schulgartenarbeit kann zudem im nahe gelegenen&nbsp;<strong>Schulgarten<\/strong>&nbsp;des Schulbiologiezentrums der Stadt Hannover erfolgen.<\/p>\n\n\n\n<div class=\"wp-block-group alignfull\"><div class=\"wp-block-group__inner-container is-layout-flow wp-block-group-is-layout-flow\">\n<div class=\"wp-block-media-text alignwide has-media-on-the-right is-stacked-on-mobile is-style-tw-overlap has-subtle-background-color has-background\" style=\"grid-template-columns:auto 56%\"><figure class=\"wp-block-media-text__media\"><img loading=\"lazy\" decoding=\"async\" width=\"1000\" height=\"750\" src=\"http:\/\/wordpress.nibis.de\/gslima\/files\/2022\/10\/2022_Foto_Klassenraum_2_1000x750.jpg\" alt=\"\" class=\"wp-image-1114 size-full\" srcset=\"https:\/\/wordpress.nibis.de\/gslima\/files\/2022\/10\/2022_Foto_Klassenraum_2_1000x750.jpg 1000w, https:\/\/wordpress.nibis.de\/gslima\/files\/2022\/10\/2022_Foto_Klassenraum_2_1000x750-300x225.jpg 300w, https:\/\/wordpress.nibis.de\/gslima\/files\/2022\/10\/2022_Foto_Klassenraum_2_1000x750-768x576.jpg 768w\" sizes=\"auto, (max-width: 1000px) 100vw, 1000px\" \/><\/figure><div class=\"wp-block-media-text__content\">\n<h2 class=\"has-extra-large-font-size wp-block-heading\">Klassenr\u00e4ume<\/h2>\n\n\n\n<p class=\"tw-text-wide has-small-font-size\">Die&nbsp;<strong>Klassenr\u00e4ume<\/strong>&nbsp;der Schule sind so gestaltet, dass sie vielf\u00e4ltige Lernangebote bieten, Kinderinteressen anregen und M\u00f6glichkeiten zu Gestaltung freier Unterrichtsphasen bieten. <br>Alle Klassen sind mit einer <em>digitalen Tafel<\/em> sowie <em>ergonomischem Mobiliar<\/em> ausgestattet.<br>Die R\u00e4umlichkeiten werden nach dem Unterricht ebenfalls am Nachmittag von den Ganztagsgruppen genutzt. <\/p>\n<\/div><\/div>\n\n\n\n<div class=\"wp-block-media-text alignwide is-stacked-on-mobile is-style-tw-overlap has-subtle-background-color has-background\" style=\"grid-template-columns:56% auto\"><figure class=\"wp-block-media-text__media\"><img loading=\"lazy\" decoding=\"async\" width=\"750\" height=\"1000\" src=\"http:\/\/wordpress.nibis.de\/gslima\/files\/2022\/10\/2022_Foto_Schulgarten_2_750x1000.jpg\" alt=\"\" class=\"wp-image-1117 size-full\" srcset=\"https:\/\/wordpress.nibis.de\/gslima\/files\/2022\/10\/2022_Foto_Schulgarten_2_750x1000.jpg 750w, https:\/\/wordpress.nibis.de\/gslima\/files\/2022\/10\/2022_Foto_Schulgarten_2_750x1000-225x300.jpg 225w\" sizes=\"auto, (max-width: 750px) 100vw, 750px\" \/><\/figure><div class=\"wp-block-media-text__content\">\n<h2 class=\"has-extra-large-font-size wp-block-heading\">Gruppen-\/F\u00f6rderr\u00e4ume<\/h2>\n\n\n\n<p class=\"has-small-font-size\">An einige Klassenr\u00e4ume grenzen <strong>Gruppen- bzw. F\u00f6rderr\u00e4ume<\/strong>, die differenzierenden Unterricht erm\u00f6glichen.<\/p>\n<\/div><\/div>\n\n\n\n<div class=\"wp-block-media-text alignwide has-media-on-the-right is-stacked-on-mobile is-style-tw-overlap has-subtle-background-color has-background\" style=\"grid-template-columns:auto 56%\"><figure class=\"wp-block-media-text__media\"><img loading=\"lazy\" decoding=\"async\" width=\"750\" height=\"1000\" src=\"http:\/\/wordpress.nibis.de\/gslima\/files\/2022\/10\/2022_Foto_Schulgarten_2_750x1000.jpg\" alt=\"\" class=\"wp-image-1117 size-full\" srcset=\"https:\/\/wordpress.nibis.de\/gslima\/files\/2022\/10\/2022_Foto_Schulgarten_2_750x1000.jpg 750w, https:\/\/wordpress.nibis.de\/gslima\/files\/2022\/10\/2022_Foto_Schulgarten_2_750x1000-225x300.jpg 225w\" sizes=\"auto, (max-width: 750px) 100vw, 750px\" \/><\/figure><div class=\"wp-block-media-text__content\">\n<h2 class=\"has-extra-large-font-size wp-block-heading\">Turnhalle \/ Schwimmbad<\/h2>\n\n\n\n<p class=\"has-small-font-size\">Der&nbsp;<strong>Turnhallen-Bereich<\/strong>&nbsp;stellt mit einer gro\u00dfen Halle und einem Gymnastikraum die M\u00f6glichkeit zum Sportunterricht. Der Schwimmunterricht findet im nahe gelegenen&nbsp;<strong>F\u00f6ssebad<\/strong> statt.<\/p>\n<\/div><\/div>\n\n\n\n<div class=\"wp-block-media-text alignwide is-stacked-on-mobile is-style-tw-overlap has-subtle-background-color has-background\" style=\"grid-template-columns:56% auto\"><figure class=\"wp-block-media-text__media\"><img loading=\"lazy\" decoding=\"async\" width=\"768\" height=\"1024\" src=\"http:\/\/wordpress.nibis.de\/gslima\/files\/2025\/05\/Sport1-768x1024.jpg\" alt=\"\" class=\"wp-image-2277 size-full\" srcset=\"https:\/\/wordpress.nibis.de\/gslima\/files\/2025\/05\/Sport1-768x1024.jpg 768w, https:\/\/wordpress.nibis.de\/gslima\/files\/2025\/05\/Sport1-225x300.jpg 225w, https:\/\/wordpress.nibis.de\/gslima\/files\/2025\/05\/Sport1-rotated.jpg 900w\" sizes=\"auto, (max-width: 768px) 100vw, 768px\" \/><\/figure><div class=\"wp-block-media-text__content\">\n<h2 class=\"has-extra-large-font-size wp-block-heading\">Gymnastikraum<\/h2>\n\n\n\n<p class=\"has-small-font-size\">Highlight des <strong>Gymnastiksraums<\/strong> ist die Spiegelwand. Diese bietet den Kindern u.a. die M\u00f6glichkeit ihre Bewegungen bewusster wahrzunehmen.<\/p>\n<\/div><\/div>\n\n\n\n<div class=\"wp-block-media-text alignwide has-media-on-the-right is-stacked-on-mobile is-style-tw-overlap has-subtle-background-color has-background\" style=\"grid-template-columns:auto 56%\"><figure class=\"wp-block-media-text__media\"><img loading=\"lazy\" decoding=\"async\" width=\"750\" height=\"1000\" src=\"http:\/\/wordpress.nibis.de\/gslima\/files\/2022\/10\/2022_Foto_Schulgarten_2_750x1000.jpg\" alt=\"\" class=\"wp-image-1117 size-full\" srcset=\"https:\/\/wordpress.nibis.de\/gslima\/files\/2022\/10\/2022_Foto_Schulgarten_2_750x1000.jpg 750w, https:\/\/wordpress.nibis.de\/gslima\/files\/2022\/10\/2022_Foto_Schulgarten_2_750x1000-225x300.jpg 225w\" sizes=\"auto, (max-width: 750px) 100vw, 750px\" \/><\/figure><div class=\"wp-block-media-text__content\">\n<h2 class=\"has-extra-large-font-size wp-block-heading\">Musikraum<\/h2>\n\n\n\n<p class=\"has-small-font-size\">Der&nbsp;<strong>Musikraum<\/strong>&nbsp;ist mit vielen Instrumenten ausgestattet und bietet eine ansprechende Umgebung, um gemeinsam zu musizieren. <\/p>\n<\/div><\/div>\n\n\n\n<div class=\"wp-block-media-text alignwide is-stacked-on-mobile is-style-tw-overlap has-subtle-background-color has-background\" style=\"grid-template-columns:56% auto\"><figure class=\"wp-block-media-text__media\"><img loading=\"lazy\" decoding=\"async\" width=\"1000\" height=\"750\" src=\"http:\/\/wordpress.nibis.de\/gslima\/files\/2022\/10\/2022_Foto_Aula_1000x750.jpg\" alt=\"\" class=\"wp-image-1108 size-full\" srcset=\"https:\/\/wordpress.nibis.de\/gslima\/files\/2022\/10\/2022_Foto_Aula_1000x750.jpg 1000w, https:\/\/wordpress.nibis.de\/gslima\/files\/2022\/10\/2022_Foto_Aula_1000x750-300x225.jpg 300w, https:\/\/wordpress.nibis.de\/gslima\/files\/2022\/10\/2022_Foto_Aula_1000x750-768x576.jpg 768w\" sizes=\"auto, (max-width: 1000px) 100vw, 1000px\" \/><\/figure><div class=\"wp-block-media-text__content\">\n<h2 class=\"has-extra-large-font-size wp-block-heading\">Aula<\/h2>\n\n\n\n<p class=\"has-small-font-size\">Die <strong>Aula<\/strong> bietet Raum f\u00fcr diverse Veranstaltungen und Auff\u00fchrungen. Im Rahmen der Monatsb\u00fchne pr\u00e4sentieren die Kinder regelm\u00e4\u00dfig Ergebenisse aus dem Unterrichtsalltag und wachsen auf der gro\u00dfen B\u00fchne \u00fcber sich hinaus. <\/p>\n<\/div><\/div>\n\n\n\n<div class=\"wp-block-media-text alignwide has-media-on-the-right is-stacked-on-mobile is-style-tw-overlap has-subtle-background-color has-background\" style=\"grid-template-columns:auto 56%\"><figure class=\"wp-block-media-text__media\"><img loading=\"lazy\" decoding=\"async\" width=\"768\" height=\"1024\" src=\"http:\/\/wordpress.nibis.de\/gslima\/files\/2025\/05\/Werkraum-768x1024.jpg\" alt=\"\" class=\"wp-image-2275 size-full\" srcset=\"https:\/\/wordpress.nibis.de\/gslima\/files\/2025\/05\/Werkraum-768x1024.jpg 768w, https:\/\/wordpress.nibis.de\/gslima\/files\/2025\/05\/Werkraum-225x300.jpg 225w, https:\/\/wordpress.nibis.de\/gslima\/files\/2025\/05\/Werkraum-rotated.jpg 900w\" sizes=\"auto, (max-width: 768px) 100vw, 768px\" \/><\/figure><div class=\"wp-block-media-text__content\">\n<h2 class=\"has-extra-large-font-size wp-block-heading\">Werkraum<\/h2>\n\n\n\n<p class=\"has-small-font-size\">Der&nbsp;<strong>Werkraum<\/strong>&nbsp;bietet unseren Sch\u00fclerinnen und Sch\u00fclern einen geeigneten Arbeitsplatz. Hier k\u00f6nnen die Kinder ihre Werkst\u00fccke mit sch\u00fclergerechten Werkzeugen selbstst\u00e4ndig anfertigen. <\/p>\n<\/div><\/div>\n\n\n\n<div class=\"wp-block-media-text alignwide is-stacked-on-mobile is-style-tw-overlap has-subtle-background-color has-background\" style=\"grid-template-columns:56% auto\"><figure class=\"wp-block-media-text__media\"><img loading=\"lazy\" decoding=\"async\" width=\"768\" height=\"1024\" src=\"http:\/\/wordpress.nibis.de\/gslima\/files\/2025\/05\/Kueche-768x1024.jpg\" alt=\"\" class=\"wp-image-2274 size-full\" srcset=\"https:\/\/wordpress.nibis.de\/gslima\/files\/2025\/05\/Kueche-768x1024.jpg 768w, https:\/\/wordpress.nibis.de\/gslima\/files\/2025\/05\/Kueche-225x300.jpg 225w, https:\/\/wordpress.nibis.de\/gslima\/files\/2025\/05\/Kueche-rotated.jpg 900w\" sizes=\"auto, (max-width: 768px) 100vw, 768px\" \/><\/figure><div class=\"wp-block-media-text__content\">\n<h2 class=\"has-extra-large-font-size wp-block-heading\">Schulk\u00fcche<\/h2>\n\n\n\n<p class=\"has-small-font-size\">In der&nbsp;<strong>K\u00fcche<\/strong>&nbsp;werden viele Leckereien produziert. Ein Ort der handlungsorientiertes Lernen erm\u00f6glicht!  <\/p>\n<\/div><\/div>\n\n\n\n<div class=\"wp-block-media-text alignwide has-media-on-the-right is-stacked-on-mobile is-style-tw-overlap has-subtle-background-color has-background\" style=\"grid-template-columns:auto 56%\"><figure class=\"wp-block-media-text__media\"><img loading=\"lazy\" decoding=\"async\" width=\"1000\" height=\"750\" src=\"http:\/\/wordpress.nibis.de\/gslima\/files\/2022\/10\/2022_Foto_Computerraum_1000x750.jpg\" alt=\"\" class=\"wp-image-1112 size-full\" srcset=\"https:\/\/wordpress.nibis.de\/gslima\/files\/2022\/10\/2022_Foto_Computerraum_1000x750.jpg 1000w, https:\/\/wordpress.nibis.de\/gslima\/files\/2022\/10\/2022_Foto_Computerraum_1000x750-300x225.jpg 300w, https:\/\/wordpress.nibis.de\/gslima\/files\/2022\/10\/2022_Foto_Computerraum_1000x750-768x576.jpg 768w\" sizes=\"auto, (max-width: 1000px) 100vw, 1000px\" \/><\/figure><div class=\"wp-block-media-text__content\">\n<h2 class=\"has-extra-large-font-size wp-block-heading\">PC-Raum<\/h2>\n\n\n\n<p class=\"has-small-font-size\">Medien geh\u00f6ren zum Alltag unserer Sch\u00fcler und Sch\u00fclerinnen. In dem&nbsp;<strong>PC-Raum<\/strong>&nbsp;mit Internet k\u00f6nnen die Kinder ihre digitalen Kompetenzen erweitern und einen bewussten Umgang entwickeln. Zus\u00e4tzlich zum PC-Raum ist die Schule mit iPads ausgestattet.<\/p>\n<\/div><\/div>\n\n\n\n<div class=\"wp-block-media-text alignwide is-stacked-on-mobile is-style-tw-overlap has-subtle-background-color has-background\" style=\"grid-template-columns:56% auto\"><figure class=\"wp-block-media-text__media\"><img loading=\"lazy\" decoding=\"async\" width=\"1000\" height=\"750\" src=\"http:\/\/wordpress.nibis.de\/gslima\/files\/2022\/10\/2022_Foto_Buecherei_3_1000x750.jpg\" alt=\"\" class=\"wp-image-1110 size-full\" srcset=\"https:\/\/wordpress.nibis.de\/gslima\/files\/2022\/10\/2022_Foto_Buecherei_3_1000x750.jpg 1000w, https:\/\/wordpress.nibis.de\/gslima\/files\/2022\/10\/2022_Foto_Buecherei_3_1000x750-300x225.jpg 300w, https:\/\/wordpress.nibis.de\/gslima\/files\/2022\/10\/2022_Foto_Buecherei_3_1000x750-768x576.jpg 768w\" sizes=\"auto, (max-width: 1000px) 100vw, 1000px\" \/><\/figure><div class=\"wp-block-media-text__content\">\n<h2 class=\"has-extra-large-font-size wp-block-heading\">Sch\u00fclerb\u00fccherei<\/h2>\n\n\n\n<p class=\"has-small-font-size\">Die&nbsp;vielseitig ausgestattete <strong>Sch\u00fclerb\u00fccherei<\/strong> ist w\u00e4hrend des Schultages f\u00fcr die Kinder ge\u00f6ffnet. Unterschiedliche Leseorte laden neben den Tischgruppen zum Betrachten und Lesen von B\u00fcchern ein. Eine Ausleihe der B\u00fccher ist ebenfalls m\u00f6glich.<\/p>\n<\/div><\/div>\n\n\n\n<div class=\"wp-block-media-text alignwide has-media-on-the-right is-stacked-on-mobile is-style-tw-overlap has-subtle-background-color has-background\" style=\"grid-template-columns:auto 56%\"><figure class=\"wp-block-media-text__media\"><img loading=\"lazy\" decoding=\"async\" width=\"1000\" height=\"750\" src=\"http:\/\/wordpress.nibis.de\/gslima\/files\/2022\/10\/2022_Foto_Toberaum_1000x750.jpg\" alt=\"\" class=\"wp-image-1125 size-full\" srcset=\"https:\/\/wordpress.nibis.de\/gslima\/files\/2022\/10\/2022_Foto_Toberaum_1000x750.jpg 1000w, https:\/\/wordpress.nibis.de\/gslima\/files\/2022\/10\/2022_Foto_Toberaum_1000x750-300x225.jpg 300w, https:\/\/wordpress.nibis.de\/gslima\/files\/2022\/10\/2022_Foto_Toberaum_1000x750-768x576.jpg 768w\" sizes=\"auto, (max-width: 1000px) 100vw, 1000px\" \/><\/figure><div class=\"wp-block-media-text__content\">\n<h2 class=\"has-extra-large-font-size wp-block-heading\">Bewegungsraum<\/h2>\n\n\n\n<p class=\"has-small-font-size\">Der&nbsp;<strong>Bewegungsraum<\/strong> ist ein Ort, den Kinder aufsuchen k\u00f6nnen, um anschlie\u00dfend bestenfalls wieder frei f\u00fcr sachbezogene Arbeiten im Unterricht zu sein. Dort kann u.a. der eigene Bewegungsdrang oder pers\u00f6nlicher Frust reguliert werden. <\/p>\n<\/div><\/div>\n\n\n\n<div class=\"wp-block-media-text alignwide is-stacked-on-mobile is-style-tw-overlap has-subtle-background-color has-background\" style=\"grid-template-columns:56% auto\"><figure class=\"wp-block-media-text__media\"><img loading=\"lazy\" decoding=\"async\" width=\"1000\" height=\"750\" src=\"http:\/\/wordpress.nibis.de\/gslima\/files\/2022\/10\/2022_Foto_Snoozleraum_1000x750.jpg\" alt=\"\" class=\"wp-image-1122 size-full\" srcset=\"https:\/\/wordpress.nibis.de\/gslima\/files\/2022\/10\/2022_Foto_Snoozleraum_1000x750.jpg 1000w, https:\/\/wordpress.nibis.de\/gslima\/files\/2022\/10\/2022_Foto_Snoozleraum_1000x750-300x225.jpg 300w, https:\/\/wordpress.nibis.de\/gslima\/files\/2022\/10\/2022_Foto_Snoozleraum_1000x750-768x576.jpg 768w\" sizes=\"auto, (max-width: 1000px) 100vw, 1000px\" \/><\/figure><div class=\"wp-block-media-text__content\">\n<h2 class=\"has-extra-large-font-size wp-block-heading\">Snoezelen-Raum<\/h2>\n\n\n\n<p class=\"has-small-font-size\">Der <strong>Snoezelen-Raum<\/strong> l\u00e4sst sich in einen gem\u00fctlichen, angenehm warmen Raum verwandeln, in dem es sich die Kinder, umgeben von leisen Kl\u00e4ngen und Melodien, bequem machen k\u00f6nnen. Dabei k\u00f6nnen sie Lichteffekte betrachten. Das gezielt ausgesuchte Angebot steuert und ordnet die Reize und weckt das Interesse der Kinder. <\/p>\n<\/div><\/div>\n\n\n\n<div class=\"wp-block-media-text alignwide has-media-on-the-right is-stacked-on-mobile is-style-tw-overlap has-subtle-background-color has-background\" style=\"grid-template-columns:auto 56%\"><figure class=\"wp-block-media-text__media\"><img loading=\"lazy\" decoding=\"async\" width=\"750\" height=\"1000\" src=\"http:\/\/wordpress.nibis.de\/gslima\/files\/2022\/10\/2022_Foto_Schulgarten_2_750x1000.jpg\" alt=\"\" class=\"wp-image-1117 size-full\" srcset=\"https:\/\/wordpress.nibis.de\/gslima\/files\/2022\/10\/2022_Foto_Schulgarten_2_750x1000.jpg 750w, https:\/\/wordpress.nibis.de\/gslima\/files\/2022\/10\/2022_Foto_Schulgarten_2_750x1000-225x300.jpg 225w\" sizes=\"auto, (max-width: 750px) 100vw, 750px\" \/><\/figure><div class=\"wp-block-media-text__content\">\n<h2 class=\"has-extra-large-font-size wp-block-heading\">Schulhof<\/h2>\n\n\n\n<p class=\"has-small-font-size\">Unser <strong>Schulhof<\/strong>&nbsp;bietet verschiedene Kletter-, Turn-, Bewegungsm\u00f6glichkeiten. Zudem stehen den Kindern unterschiedliche Schaukeln zur Verf\u00fcgung. Der neue gro\u00dfe Sandkasten l\u00e4dt zum Bauen und Spielen im Sand ein. Zus\u00e4tzlich wird in der Pause auf dem Hof ein Fu\u00dfballfeld aufgebaut. Aus unserem Bewegungscontainer k\u00f6nnen sich die Kinder mit ihrem Sch\u00fclerausweis weitere Spielger\u00e4te ausleihen. <\/p>\n<\/div><\/div>\n\n\n\n<div class=\"wp-block-media-text alignwide is-stacked-on-mobile is-style-tw-overlap has-subtle-background-color has-background\" style=\"grid-template-columns:56% auto\"><figure class=\"wp-block-media-text__media\"><img loading=\"lazy\" decoding=\"async\" width=\"768\" height=\"1024\" src=\"http:\/\/wordpress.nibis.de\/gslima\/files\/2025\/05\/Mensa1-768x1024.jpg\" alt=\"\" class=\"wp-image-2276 size-full\" srcset=\"https:\/\/wordpress.nibis.de\/gslima\/files\/2025\/05\/Mensa1-768x1024.jpg 768w, https:\/\/wordpress.nibis.de\/gslima\/files\/2025\/05\/Mensa1-225x300.jpg 225w, https:\/\/wordpress.nibis.de\/gslima\/files\/2025\/05\/Mensa1-rotated.jpg 900w\" sizes=\"auto, (max-width: 768px) 100vw, 768px\" \/><\/figure><div class=\"wp-block-media-text__content\">\n<h2 class=\"has-extra-large-font-size wp-block-heading\">Pausenraum<\/h2>\n\n\n\n<p class=\"has-small-font-size\">Der <strong>Pausenraum<\/strong> vor unserer Mensa kann beispielsweise in Regenpause als Treffpunkt f\u00fcr das gemeinsame Spielen von Gesellschaftsspielen genutzt werden.<\/p>\n<\/div><\/div>\n\n\n\n<div class=\"wp-block-media-text alignwide has-media-on-the-right is-stacked-on-mobile is-style-tw-overlap has-subtle-background-color has-background\" style=\"grid-template-columns:auto 56%\"><figure class=\"wp-block-media-text__media\"><img loading=\"lazy\" decoding=\"async\" width=\"1024\" height=\"768\" src=\"http:\/\/wordpress.nibis.de\/gslima\/files\/2025\/05\/GT1-1024x768.jpg\" alt=\"\" class=\"wp-image-2272 size-full\" srcset=\"https:\/\/wordpress.nibis.de\/gslima\/files\/2025\/05\/GT1-1024x768.jpg 1024w, https:\/\/wordpress.nibis.de\/gslima\/files\/2025\/05\/GT1-300x225.jpg 300w, https:\/\/wordpress.nibis.de\/gslima\/files\/2025\/05\/GT1-768x576.jpg 768w, https:\/\/wordpress.nibis.de\/gslima\/files\/2025\/05\/GT1.jpg 1200w\" sizes=\"auto, (max-width: 1024px) 100vw, 1024px\" \/><\/figure><div class=\"wp-block-media-text__content\">\n<h2 class=\"has-extra-large-font-size wp-block-heading\">Freizeitbereich<\/h2>\n\n\n\n<p class=\"has-small-font-size\">Der&nbsp;<strong>Freizeitbereich<\/strong> wird prim\u00e4r von unserem Ganztag genutzt.<br>Neben einer Bastel- und Malecke, finden die Kinder dort ein Kinderspielhaus zum Spielen und Toben, einen Tischkicker sowie R\u00fcckzugsm\u00f6glichkeiten f\u00fcr ruhigere Aktivit\u00e4ten im Nebenraum. <\/p>\n<\/div><\/div>\n<\/div><\/div>\n","protected":false},"excerpt":{"rendered":"<p>Die \u00e4ltesten Teile des Schulgeb\u00e4udes stammen aus dem letzten Jahrzehnt des 19. Jahrhunderts. Vom Herbst 2005 bis zum Fr\u00fchjahr 2007 wurde die Grundschule Am Lindener Markt umfassend saniert und befindet sich seither in einem sehr guten Zustand. Durch den Einbau von Fahrst\u00fchlen ist seit 2016 eine grunds\u00e4tzliche Barrierefreiheit gew\u00e4hrt. Zum Schuljahr 2016\/17 startete der Ganztagsbetrieb.&nbsp;In&hellip; <a class=\"more-link\" href=\"https:\/\/wordpress.nibis.de\/gslima\/ausstattung\/\"><span class=\"screen-reader-text\">Ausstattung<\/span> weiterlesen<\/a><\/p>\n","protected":false},"author":9194019,"featured_media":0,"parent":0,"menu_order":0,"comment_status":"closed","ping_status":"closed","template":"","meta":{"footnotes":""},"class_list":["post-217","page","type-page","status-publish","hentry","entry"],"_links":{"self":[{"href":"https:\/\/wordpress.nibis.de\/gslima\/wp-json\/wp\/v2\/pages\/217","targetHints":{"allow":["GET"]}}],"collection":[{"href":"https:\/\/wordpress.nibis.de\/gslima\/wp-json\/wp\/v2\/pages"}],"about":[{"href":"https:\/\/wordpress.nibis.de\/gslima\/wp-json\/wp\/v2\/types\/page"}],"author":[{"embeddable":true,"href":"https:\/\/wordpress.nibis.de\/gslima\/wp-json\/wp\/v2\/users\/9194019"}],"replies":[{"embeddable":true,"href":"https:\/\/wordpress.nibis.de\/gslima\/wp-json\/wp\/v2\/comments?post=217"}],"version-history":[{"count":35,"href":"https:\/\/wordpress.nibis.de\/gslima\/wp-json\/wp\/v2\/pages\/217\/revisions"}],"predecessor-version":[{"id":2279,"href":"https:\/\/wordpress.nibis.de\/gslima\/wp-json\/wp\/v2\/pages\/217\/revisions\/2279"}],"wp:attachment":[{"href":"https:\/\/wordpress.nibis.de\/gslima\/wp-json\/wp\/v2\/media?parent=217"}],"curies":[{"name":"wp","href":"https:\/\/api.w.org\/{rel}","templated":true}]}}