{"id":219,"date":"2022-08-30T13:17:10","date_gmt":"2022-08-30T11:17:10","guid":{"rendered":"https:\/\/wordpress.nibis.de\/gslima\/?page_id=219"},"modified":"2026-02-08T23:17:22","modified_gmt":"2026-02-08T22:17:22","slug":"schulprogramm","status":"publish","type":"page","link":"https:\/\/wordpress.nibis.de\/gslima\/schulprogramm\/","title":{"rendered":"Schulprogramm"},"content":{"rendered":"\n<h3 class=\"wp-block-heading alignwide has-medium-font-size\" id=\"we-re-a-studio-in-berlin-with-an-international-practice-in-architecture-urban-planning-and-interior-design-we-believe-in-sharing-knowledge-and-promoting-dialogue-to-increase-the-creative-potential-of-collaboration\">Schulprogramm der Grundschule am Lindener Markt<br>Stand 2015, evaluiert und erg\u00e4nzt 2021<\/h3>\n\n\n\n<div class=\"wp-block-group alignfull\"><div class=\"wp-block-group__inner-container is-layout-flow wp-block-group-is-layout-flow\">\n<div class=\"wp-block-columns alignwide tw-cols-stack-md tw-gutter-large is-layout-flex wp-container-core-columns-is-layout-d0b3c9c8 wp-block-columns-is-layout-flex\">\n<div class=\"wp-block-column is-layout-flow wp-block-column-is-layout-flow\">\n<h2 class=\"wp-block-heading has-h-3-font-size\">1. Informationen zur Schule<\/h2>\n\n\n\n<p class=\"has-small-font-size\">Grundschule Am Lindener Markt<br>Davenstedter Str. 14<br>30449 Hannover<br>Tel.: 0511-168 43426<br>E-Mail: &#x47;&#83;&#65;m&#x4c;&#x69;&#110;d&#x65;&#x6e;&#101;rM&#x61;&#114;&#107;t&#x40;&#x48;&#97;n&#x6e;&#x6f;&#118;&#101;r&#x2d;&#x73;&#116;a&#x64;&#x74;&#46;d&#x65;<br>Website: www.gs-lima.de<\/p>\n\n\n\n<div style=\"height:50px\" aria-hidden=\"true\" class=\"wp-block-spacer\"><\/div>\n\n\n\n<p><strong>Ansprechpartnerinnen und Ansprechpartner:<\/strong><\/p>\n\n\n\n<p class=\"has-small-font-size\"><strong>Schulleiterin:<\/strong> Christiane Reineke<br><strong>Konrektorin:<\/strong> Annette Behrens<br><strong>Weitere Mitglieder der kollegialen Schulleitung:<\/strong> Paul Wiedbrauk, Sarah Gruppe<br><strong>Hausmeister:<\/strong> Neycip Cin<br><strong>Schulassistent:<\/strong> Dietmar Sawinski<br><strong>Schulverwaltungskr\u00e4fte:<\/strong> Kirsten Brandes, Ines Wilgotzki<br><strong>Ganztagskooperationspartner:<\/strong> Stadtsportbund Hannover Koordination: Marina Meves, Lisa Koppehel<br><strong>Schultr\u00e4ger:<\/strong> Stadt Hannover<\/p>\n<\/div>\n\n\n\n<div class=\"wp-block-column is-layout-flow wp-block-column-is-layout-flow\">\n<p class=\"has-small-font-size\">Die Grundschule Am Lindener Markt liegt mitten im Stadtteil Hannover-Linden Mitte. Der Einzugsbereich der Schule ist dicht besiedelt und durch kulturelle Vielfalt gepr\u00e4gt. Im Einzugsbereich sind alle Sozialschichten vertreten. Im Stadtteil Linden wohnen Familien unterschiedlicher Nationalit\u00e4ten. Die gegenseitige Akzeptanz pr\u00e4gt das Miteinander und macht Linden zu einem beliebten Stadtteil. Insgesamt ist die Zusammensetzung der Bev\u00f6lkerung ausgewogen.<br><br>Das Schulgeb\u00e4ude stammt aus dem letzten Jahrzehnt des 19. Jahrhunderts. Vom Herbst 2005 bis zum Fr\u00fchjahr 2007 wurde es umfassend saniert und befindet sich jetzt in einem sehr guten Zustand. Im Rahmen dieser Sanierung ist es gelungen, architektonische Besonderheiten zu erhalten und moderne Anforderungen zu ber\u00fccksichtigen.<br><br>Seit 1992 arbeitete die Schule nach dem Konzept einer \u201eVollen Halbtagsschule\u201c. Im Jahr 2010 musste die Schule auf das Konzept einer \u201eVerl\u00e4sslichen Grundschule\u201c umstellen. Seit August 2016 ist die Schule \u201eOffene Ganztagsschule\u201c , Kooperationspartner f\u00fcr den Ganztag ist der Stadtsportbund Hannover. Umbauma\u00dfnahmen und der Bau einer Schulmensa erfolgten 2015\/16.<\/p>\n\n\n\n<p class=\"has-small-font-size\">Seit \u00fcber 20 Jahren versteht sich die Schule als \u201eEine Schule f\u00fcr alle\u201c, die sich im Bereich inklusiver Beschulung st\u00e4ndig weiterentwickelt. Durch die vielf\u00e4ltig erworbenen<\/p>\n\n\n\n<p class=\"has-small-font-size\">Kompetenzen des Kollegiums und aller Mitarbeiter ist die inklusive Arbeit zu unserem Alltag geworden (vgl. Inklusionskonzept). Die Umgestaltung zur \u201eOffenen Ganztagsschule\u201c erm\u00f6glichte&nbsp; den barrierefreien Zugang zur Schule. Seit 2012 ist die Grundschule Am Lindener Markt an das F\u00f6rderzentrum Nord-West angegliedert.<\/p>\n<\/div>\n<\/div>\n<\/div><\/div>\n\n\n\n<div class=\"wp-block-group alignfull has-green-background-color has-background\"><div class=\"wp-block-group__inner-container is-layout-flow wp-block-group-is-layout-flow\">\n<div class=\"wp-block-columns alignwide has-green-background-color has-background is-layout-flex wp-container-core-columns-is-layout-d0b3c9c8 wp-block-columns-is-layout-flex\">\n<div class=\"wp-block-column is-layout-flow wp-block-column-is-layout-flow\">\n<h3 class=\"wp-block-heading has-large-font-size\">1. Individualit\u00e4t<\/h3>\n\n\n\n<p class=\"has-small-font-size\">Im schulischen Miteinander bem\u00fchen wir uns darum, jeden Menschen als eigenst\u00e4ndige&nbsp;Pers\u00f6nlichkeit wahrzunehmen und anzuerkennen.<br><br>F\u00fcr den Unterricht bedeutet das:<\/p>\n\n\n\n<ul class=\"wp-block-list is-style-tw-arrow has-small-font-size\">\n<li>individuelles Arbeiten an einem gemeinsamen Thema zu unterst\u00fctzen und zu f\u00f6rdern<\/li>\n\n\n\n<li>in allen Lerngruppen die St\u00e4rken und Schw\u00e4chen jedes Kindes zu erkennen und wertzusch\u00e4tzen,<\/li>\n\n\n\n<li>den individuellen F\u00e4higkeiten und Fertigkeiten entsprechend den Unterricht\u00a0zu planen und zu gestalten. <\/li>\n<\/ul>\n<\/div>\n\n\n\n<div class=\"wp-block-column is-layout-flow wp-block-column-is-layout-flow\">\n<h3 class=\"wp-block-heading has-large-font-size\">2. Miteinander<\/h3>\n\n\n\n<p class=\"has-small-font-size\">Um ein positives Schulklima zu erreichen, ist es f\u00fcr uns wichtig, dass alle am Schulleben beteiligten Menschen vertrauensvoll, wertsch\u00e4tzend, verl\u00e4sslich und respektvoll miteinander umgehen.<\/p>\n<\/div>\n\n\n\n<div class=\"wp-block-column is-layout-flow wp-block-column-is-layout-flow\">\n<h3 class=\"wp-block-heading has-large-font-size\">3. Inklusion<\/h3>\n\n\n\n<ul class=\"wp-block-list is-style-tw-arrow has-small-font-size\">\n<li>Inklusion bedeutet f\u00fcr uns die Arbeit an einer Schule f\u00fcr alle Kinder im Stadtteil.<\/li>\n\n\n\n<li>Jedes Kind soll die Chance bekommen, gemeinsames Leben und Lernen zu erfahren.<\/li>\n\n\n\n<li>Wir erkennen jedes Kind in seiner Einmaligkeit an; unser Ziel ist die Erziehung und Bildung eines jeden Kindes.<\/li>\n<\/ul>\n<\/div>\n\n\n\n<div class=\"wp-block-column is-layout-flow wp-block-column-is-layout-flow\">\n<h3 class=\"wp-block-heading has-large-font-size\">4. Lernen<\/h3>\n\n\n\n<p class=\"has-small-font-size\">Unser Verst\u00e4ndnis von Lernen zeigt sich besonders in einem Unterricht<\/p>\n\n\n\n<ul class=\"wp-block-list is-style-tw-arrow has-small-font-size\">\n<li>der an den Interessen und Fragen der Sch\u00fcler und Sch\u00fclerinnen ankn\u00fcpft,<\/li>\n\n\n\n<li>der dazu beitr\u00e4gt, selbst\u00e4ndig Lernen zu lernen und dabei verschiedene Wege zul\u00e4sst,<\/li>\n\n\n\n<li>in dem Kinder voneinander und miteinander lernen,<\/li>\n\n\n\n<li>der in einer positiven Lernatmosph\u00e4re stattfindet<\/li>\n<\/ul>\n<\/div>\n<\/div>\n<\/div><\/div>\n\n\n\n<div class=\"wp-block-group alignfull\"><div class=\"wp-block-group__inner-container is-layout-flow wp-block-group-is-layout-flow\">\n<div class=\"wp-block-columns alignwide tw-cols-stack-md tw-gutter-large is-layout-flex wp-container-core-columns-is-layout-d0b3c9c8 wp-block-columns-is-layout-flex\">\n<div class=\"wp-block-column is-layout-flow wp-block-column-is-layout-flow\">\n<h2 class=\"wp-block-heading has-h-3-font-size\">3. Situationsanalyse<br>Bestandsaufnahme<\/h2>\n<\/div>\n\n\n\n<div class=\"wp-block-column is-layout-flow wp-block-column-is-layout-flow\">\n<p class=\"has-small-font-size\">Das Schulprogramm der Grundschule Am Lindener Markt entspricht den Vorgaben zur Qualit\u00e4tsentwicklung der Nieders\u00e4chsischen Landesschulbeh\u00f6rde. Es ist das schriftlich fixierte Handlungskonzept unserer Schule. Das Schulprogramm beschreibt auf der Grundlage der staatlichen Rahmenvorgaben (Schulgesetz, Grundsatzerlass, Curriculare Vorgaben u. a.) die Situation unserer Schule, das p\u00e4dagogische Grundverst\u00e4ndnis unseres Kollegiums, unsere p\u00e4dagogischen Ziele und die inhaltlichen, methodischen und organisatorischen Schwerpunkte der Unterrichts- und Erziehungsarbeit. Seit November 1999 arbeiten Schulleitung, Kollegium und Elternvertreter an der Weiterentwicklung des Schulprogramms der Grundschule Am Lindener Markt.<br><br>Das Handlungskonzept unserer Schule besteht aus verschiedenen Einzelkonzepten, die regelm\u00e4\u00dfig evaluiert und erweitert werden. Jedes Einzelkonzept beinhaltet die jeweiligen p\u00e4dagogischen Grunds\u00e4tze und Ziele, nimmt Bezug zum Leitbild und zum Orientierungsrahmen Schulqualit\u00e4t in Niedersachsen, legt inhaltliche Ma\u00dfnahmen fest und gibt eine Evaluationsform vor. Ist ein Konzept mit Hilfe von Zielsetzungen und Ma\u00dfnahmen fertig gestellt, erfolgt eine Implementierung in das Schulkonzept der Schule.<br> <br><\/p>\n\n\n\n<h3 class=\"wp-block-heading\">Einzelkonzepte:<\/h3>\n\n\n\n<ul class=\"wp-block-list has-small-font-size\">\n<li><strong>Inklusionskonzept<\/strong><\/li>\n\n\n\n<li><strong>Konzept zur Einschulung der Schulanf\u00e4nger<\/strong><\/li>\n\n\n\n<li><strong>Konzept zur Lernentwicklung und Lernberatung<\/strong><\/li>\n\n\n\n<li><strong>Konzept zur Zusammenarbeit von Elternhaus und Schule<\/strong><\/li>\n\n\n\n<li><strong>F\u00f6rderkonzept<\/strong><\/li>\n\n\n\n<li><strong>Vertretungskonzept<\/strong><\/li>\n\n\n\n<li><strong>Beschwerdekonzept<\/strong><\/li>\n\n\n\n<li><strong>Pr\u00e4ventionskonzept<\/strong><\/li>\n\n\n\n<li><strong>Sicherheitskonzept<\/strong><\/li>\n\n\n\n<li><strong>Konzept RIK Nord-West<\/strong><\/li>\n\n\n\n<li><strong>Sprachf\u00f6rderkonzept<\/strong><\/li>\n\n\n\n<li><strong>Konzept offene Ganztagsschule<\/strong><\/li>\n\n\n\n<li><strong>Medienkonzept<\/strong><\/li>\n<\/ul>\n<\/div>\n<\/div>\n<\/div><\/div>\n\n\n\n<div class=\"wp-block-group alignfull\"><div class=\"wp-block-group__inner-container is-layout-flow wp-block-group-is-layout-flow\">\n<div class=\"wp-block-columns alignwide tw-cols-stack-md tw-gutter-large is-layout-flex wp-container-core-columns-is-layout-d0b3c9c8 wp-block-columns-is-layout-flex\">\n<div class=\"wp-block-column is-layout-flow wp-block-column-is-layout-flow\">\n<h2 class=\"wp-block-heading has-h-3-font-size\">4. Entwicklungsziele (mittelfristig)<\/h2>\n<\/div>\n\n\n\n<div class=\"wp-block-column is-layout-flow wp-block-column-is-layout-flow\">\n<ul class=\"wp-block-list has-small-font-size\">\n<li>Implementierung der curricularen Vorgaben der einzelnen F\u00f6rderschwerpunkte und dem Erlass zur sonderp\u00e4dagogischen F\u00f6rderung in die schuleigenen Lehrpl\u00e4ne durch die Fachkonferenzen<\/li>\n\n\n\n<li>Evaluation und Optimierungsm\u00f6glichkeiten der Zeitstruktur in der offenen Ganztagsschule<\/li>\n<\/ul>\n<\/div>\n<\/div>\n<\/div><\/div>\n\n\n\n<div class=\"wp-block-group alignfull\"><div class=\"wp-block-group__inner-container is-layout-flow wp-block-group-is-layout-flow\">\n<div class=\"wp-block-columns alignwide tw-cols-stack-md tw-gutter-large is-layout-flex wp-container-core-columns-is-layout-d0b3c9c8 wp-block-columns-is-layout-flex\">\n<div class=\"wp-block-column is-layout-flow wp-block-column-is-layout-flow\">\n<h2 class=\"wp-block-heading has-h-3-font-size\">5. Ma\u00dfnahmenplanung f\u00fcr die n\u00e4chsten ein bis zwei Jahre<\/h2>\n<\/div>\n\n\n\n<div class=\"wp-block-column is-layout-flow wp-block-column-is-layout-flow\">\n<ul class=\"wp-block-list has-small-font-size\">\n<li>Evaluation: Fortbildung sowie Arbeit in den Klassen zum Thema \u201eGewaltfreie Kommunikation\u201c (vgl. Pr\u00e4ventionskonzept) erfolgt fortlaufend<\/li>\n\n\n\n<li>regelm\u00e4\u00dfige Evaluation: Optimierung der Medienausstattung und Nutzung neuer Medien<\/li>\n\n\n\n<li>Weiterf\u00fchrung des Projekts \u201eBewegte Schule\u201c<\/li>\n\n\n\n<li>Entwicklung von M\u00f6glichkeiten der individuellen Lernzeit<\/li>\n\n\n\n<li>\u00dcberarbeitung der Einzelkonzepte (s.o.)<\/li>\n\n\n\n<li>Weiterentwicklung\u00a0 der notenfreien Schule<\/li>\n\n\n\n<li>Implemetierung des KIKUS Sprachf\u00f6rderprogramms<\/li>\n\n\n\n<li>Umsetzung des Startchancenprogramms und\u00a0 des Freir\u00e4umeprojekts<\/li>\n<\/ul>\n<\/div>\n<\/div>\n<\/div><\/div>\n\n\n\n<div class=\"wp-block-group alignfull\"><div class=\"wp-block-group__inner-container is-layout-flow wp-block-group-is-layout-flow\">\n<div class=\"wp-block-columns alignwide tw-cols-stack-md tw-gutter-large is-layout-flex wp-container-core-columns-is-layout-d0b3c9c8 wp-block-columns-is-layout-flex\">\n<div class=\"wp-block-column is-layout-flow wp-block-column-is-layout-flow\"><\/div>\n\n\n\n<div class=\"wp-block-column is-layout-flow wp-block-column-is-layout-flow\"><\/div>\n<\/div>\n<\/div><\/div>\n\n\n\n<div class=\"wp-block-group alignfull\"><div class=\"wp-block-group__inner-container is-layout-flow wp-block-group-is-layout-flow\">\n<div class=\"wp-block-columns alignwide tw-cols-stack-md tw-gutter-large is-layout-flex wp-container-core-columns-is-layout-d0b3c9c8 wp-block-columns-is-layout-flex\">\n<div class=\"wp-block-column is-layout-flow wp-block-column-is-layout-flow\">\n<h2 class=\"wp-block-heading has-h-3-font-size\">6. Fortbildungskonzept\/ Qualifizierungsplanung<\/h2>\n<\/div>\n\n\n\n<div class=\"wp-block-column is-layout-flow wp-block-column-is-layout-flow\">\n<p class=\"has-small-font-size\">Das Kollegium der Grundschule Am Lindener Markt strebt eine kontinuierliche Weiterentwicklung und Weiterqualifizierung in allen wesentlichen Aufgabenfeldern der Schule an (vgl. Qualifizierungskonzept).<\/p>\n<\/div>\n<\/div>\n<\/div><\/div>\n\n\n\n<div class=\"wp-block-group alignfull\"><div class=\"wp-block-group__inner-container is-layout-flow wp-block-group-is-layout-flow\">\n<div class=\"wp-block-columns alignwide tw-cols-stack-md tw-gutter-large is-layout-flex wp-container-core-columns-is-layout-d0b3c9c8 wp-block-columns-is-layout-flex\">\n<div class=\"wp-block-column is-layout-flow wp-block-column-is-layout-flow\">\n<h2 class=\"wp-block-heading has-h-3-font-size\">7. Qualit\u00e4tssicherung<br>Evaluation<\/h2>\n<\/div>\n\n\n\n<div class=\"wp-block-column is-layout-flow wp-block-column-is-layout-flow\">\n<p class=\"has-small-font-size\">Wir sichern unter Beteiligung unserer Gremien (Schulvorstand, Gesamtkonferenz, Fachkonferenzen, Schulelternrat, Sch\u00fclerforum) die Qualit\u00e4t unserer schulischen Arbeit nachhaltig und kontinuierlich auf der Grundlage des Qualit\u00e4tszyklus nieders\u00e4chsischer Schulen. Durch Prozessmanagement werden wichtige Prozesse in unserer Schule in ihrem Verlauf festgelegt und durch regelm\u00e4\u00dfige Evaluation gepr\u00fcft .<\/p>\n\n\n\n<h3 class=\"wp-block-heading has-h-3-font-size\">7.1 Umgesetzte Ma\u00dfnahmen<\/h3>\n\n\n\n<ul class=\"wp-block-list has-small-font-size\">\n<li>Einf\u00fchrung der \u201eOffenen Ganztagsschule\u201c =&gt; umgesetzt zum 1.8.2016<\/li>\n\n\n\n<li>P\u00e4dagogische Umsetzung der offenen Ganztagsschule \u00e0 Entwicklung eines Konzeptes =&gt; erfolgt; Evaluation erfolgt alle 2 Jahre<\/li>\n\n\n\n<li>Unterrichtsbesuche und Beratung der Lehrkr\u00e4fte durch die Schulleitung =&gt; eingef\u00fchrt und im Terminkalender eingeplant<\/li>\n\n\n\n<li>Umbauma\u00dfnahmen zur \u201eOffenen Ganztagsschule\u201c (Fahrstuhl, Mensa, Freizeitbereich, F\u00f6rderr\u00e4ume, Toilettenbereiche etc.) abgeschlossen im Herbst 2016<\/li>\n\n\n\n<li>Kooperationsaufbau mit den weiterf\u00fchrenden Stadtteilschulen ist erfolgt im Schuljahr 2017\/18. Optimierung soll weitergef\u00fchrt werden. Verantwortlich: Schulleitung<\/li>\n\n\n\n<li>Ein Medienkonzept wurde entwicklt und wird regelm\u00e4\u00dfig evaluiert \u00a0<\/li>\n\n\n\n<li>Evaluation:\u00a0 Fortbildung sowie Arbeit in den Klassen zum Thema \u201eGewaltfreie Kommunikation\u201c (vgl. Pr\u00e4ventionskonzept)\u00a0<\/li>\n\n\n\n<li>regelm\u00e4\u00dfige Lernzeit am Computer ist f\u00fcr alle Klassen fest im Stundenplan verankert<\/li>\n\n\n\n<li>Start der notenfreien Schule aufsteigend ab der 3. Klasse ab dem Schuljahr 2024\/25<\/li>\n\n\n\n<li>\u00a0Projekt \u201eBewegte Schule\u201c; Neugestaltung des Schulhofes abgeschlossen in Schuljahr 2023\/24<\/li>\n\n\n\n<li>Schulordnung wurde erstellt<\/li>\n\n\n\n<li>Schulplaner eingef\u00fchrt im Schuljahr 2028\/19<\/li>\n\n\n\n<li>Arbeitsschutz und Gesundheitsmanagement in Schulen: Einrichtung einer Arbeitsschutzgruppe ist erfolgt<\/li>\n\n\n\n<li>Willkommensmappe Grundschule\/Ganztag f\u00fcr neue Mitarbeitende wurde erstellt<\/li>\n<\/ul>\n<\/div>\n<\/div>\n<\/div><\/div>\n\n\n","protected":false},"excerpt":{"rendered":"<p>Schulprogramm der Grundschule am Lindener MarktStand 2015, evaluiert und erg\u00e4nzt 2021 1. Informationen zur Schule Grundschule Am Lindener MarktDavenstedter Str. 1430449 HannoverTel.: 0511-168 43426E-Mail: &#71;&#x53;&#65;&#x6d;L&#105;&#x6e;&#100;&#x65;n&#x65;r&#77;&#x61;&#114;&#x6b;t&#x40;&#x48;&#97;&#x6e;n&#x6f;v&#101;&#x72;&#45;&#x73;t&#x61;d&#116;&#x2e;&#100;&#x65;Website: www.gs-lima.de Ansprechpartnerinnen und Ansprechpartner: Schulleiterin: Christiane ReinekeKonrektorin: Annette BehrensWeitere Mitglieder der kollegialen Schulleitung: Paul Wiedbrauk, Sarah GruppeHausmeister: Neycip CinSchulassistent: Dietmar SawinskiSchulverwaltungskr\u00e4fte: Kirsten Brandes, Ines WilgotzkiGanztagskooperationspartner: Stadtsportbund Hannover Koordination: Marina Meves,&hellip; <a class=\"more-link\" href=\"https:\/\/wordpress.nibis.de\/gslima\/schulprogramm\/\"><span class=\"screen-reader-text\">Schulprogramm<\/span> weiterlesen<\/a><\/p>\n","protected":false},"author":9194019,"featured_media":0,"parent":0,"menu_order":0,"comment_status":"closed","ping_status":"closed","template":"","meta":{"footnotes":""},"class_list":["post-219","page","type-page","status-publish","hentry","entry"],"_links":{"self":[{"href":"https:\/\/wordpress.nibis.de\/gslima\/wp-json\/wp\/v2\/pages\/219","targetHints":{"allow":["GET"]}}],"collection":[{"href":"https:\/\/wordpress.nibis.de\/gslima\/wp-json\/wp\/v2\/pages"}],"about":[{"href":"https:\/\/wordpress.nibis.de\/gslima\/wp-json\/wp\/v2\/types\/page"}],"author":[{"embeddable":true,"href":"https:\/\/wordpress.nibis.de\/gslima\/wp-json\/wp\/v2\/users\/9194019"}],"replies":[{"embeddable":true,"href":"https:\/\/wordpress.nibis.de\/gslima\/wp-json\/wp\/v2\/comments?post=219"}],"version-history":[{"count":88,"href":"https:\/\/wordpress.nibis.de\/gslima\/wp-json\/wp\/v2\/pages\/219\/revisions"}],"predecessor-version":[{"id":2412,"href":"https:\/\/wordpress.nibis.de\/gslima\/wp-json\/wp\/v2\/pages\/219\/revisions\/2412"}],"wp:attachment":[{"href":"https:\/\/wordpress.nibis.de\/gslima\/wp-json\/wp\/v2\/media?parent=219"}],"curies":[{"name":"wp","href":"https:\/\/api.w.org\/{rel}","templated":true}]}}