{"id":221,"date":"2022-08-30T13:17:27","date_gmt":"2022-08-30T11:17:27","guid":{"rendered":"https:\/\/wordpress.nibis.de\/gslima\/?page_id=221"},"modified":"2022-12-01T14:36:48","modified_gmt":"2022-12-01T13:36:48","slug":"das-kollegium","status":"publish","type":"page","link":"https:\/\/wordpress.nibis.de\/gslima\/das-kollegium\/","title":{"rendered":"Das Kollegium"},"content":{"rendered":"\n<h2 id=\"we-re-a-studio-in-berlin-with-an-international-practice-in-architecture-urban-planning-and-interior-design-we-believe-in-sharing-knowledge-and-promoting-dialogue-to-increase-the-creative-potential-of-collaboration\" class=\"alignwide has-medium-font-size\">An der GS Am Lindener Markt arbeiten wir in multiprofessionellen Teams. Gemeinsam planen und gestalten wir den Unterrichtsalltag der jeweiligen Klassen.\u00a0<\/h2>\n<h2 id=\"we-re-a-studio-in-berlin-with-an-international-practice-in-architecture-urban-planning-and-interior-design-we-believe-in-sharing-knowledge-and-promoting-dialogue-to-increase-the-creative-potential-of-collaboration\" class=\"alignwide has-medium-font-size\">Die F\u00e4higkeit und Bereitschaft zur Teamarbeit ist eine Grundvoraussetzung f\u00fcr die erfolgreiche Arbeit an unserer Schule, um die Integration und den inklusiven Unterricht f\u00fcr alle Kinder zu gew\u00e4hrleisten.<\/h2>\n\n\n\n<figure class=\"wp-block-image size-large\"><img loading=\"lazy\" decoding=\"async\" width=\"1024\" height=\"560\" src=\"https:\/\/wordpress.nibis.de\/gslima\/files\/2022\/11\/Screenshot_20221128_103333-1024x560.jpg\" alt=\"\" class=\"wp-image-1235\" srcset=\"https:\/\/wordpress.nibis.de\/gslima\/files\/2022\/11\/Screenshot_20221128_103333-1024x560.jpg 1024w, https:\/\/wordpress.nibis.de\/gslima\/files\/2022\/11\/Screenshot_20221128_103333-300x164.jpg 300w, https:\/\/wordpress.nibis.de\/gslima\/files\/2022\/11\/Screenshot_20221128_103333-768x420.jpg 768w, https:\/\/wordpress.nibis.de\/gslima\/files\/2022\/11\/Screenshot_20221128_103333.jpg 1054w\" sizes=\"auto, (max-width: 1024px) 100vw, 1024px\" \/><\/figure>\n\n\n","protected":false},"excerpt":{"rendered":"<p>An der GS Am Lindener Markt arbeiten wir in multiprofessionellen Teams. Gemeinsam planen und gestalten wir den Unterrichtsalltag der jeweiligen Klassen.\u00a0 Die F\u00e4higkeit und Bereitschaft zur Teamarbeit ist eine Grundvoraussetzung f\u00fcr die erfolgreiche Arbeit an unserer Schule, um die Integration und den inklusiven Unterricht f\u00fcr alle Kinder zu gew\u00e4hrleisten.<\/p>\n","protected":false},"author":9194019,"featured_media":0,"parent":0,"menu_order":0,"comment_status":"closed","ping_status":"closed","template":"","meta":{"footnotes":""},"class_list":["post-221","page","type-page","status-publish","hentry","entry"],"_links":{"self":[{"href":"https:\/\/wordpress.nibis.de\/gslima\/wp-json\/wp\/v2\/pages\/221","targetHints":{"allow":["GET"]}}],"collection":[{"href":"https:\/\/wordpress.nibis.de\/gslima\/wp-json\/wp\/v2\/pages"}],"about":[{"href":"https:\/\/wordpress.nibis.de\/gslima\/wp-json\/wp\/v2\/types\/page"}],"author":[{"embeddable":true,"href":"https:\/\/wordpress.nibis.de\/gslima\/wp-json\/wp\/v2\/users\/9194019"}],"replies":[{"embeddable":true,"href":"https:\/\/wordpress.nibis.de\/gslima\/wp-json\/wp\/v2\/comments?post=221"}],"version-history":[{"count":19,"href":"https:\/\/wordpress.nibis.de\/gslima\/wp-json\/wp\/v2\/pages\/221\/revisions"}],"predecessor-version":[{"id":1751,"href":"https:\/\/wordpress.nibis.de\/gslima\/wp-json\/wp\/v2\/pages\/221\/revisions\/1751"}],"wp:attachment":[{"href":"https:\/\/wordpress.nibis.de\/gslima\/wp-json\/wp\/v2\/media?parent=221"}],"curies":[{"name":"wp","href":"https:\/\/api.w.org\/{rel}","templated":true}]}}