{"id":223,"date":"2022-08-30T13:17:49","date_gmt":"2022-08-30T11:17:49","guid":{"rendered":"https:\/\/wordpress.nibis.de\/gslima\/?page_id=223"},"modified":"2025-05-28T08:42:34","modified_gmt":"2025-05-28T06:42:34","slug":"die-elternschaft","status":"publish","type":"page","link":"https:\/\/wordpress.nibis.de\/gslima\/die-elternschaft\/","title":{"rendered":"Die Elternschaft"},"content":{"rendered":"\n<div class=\"wp-block-group alignfull has-yellow-background-color has-background\"><div class=\"wp-block-group__inner-container is-layout-flow wp-block-group-is-layout-flow\">\n<div class=\"wp-block-columns alignwide tw-gutter-large tw-cols-stack-md is-layout-flex wp-container-core-columns-is-layout-d0b3c9c8 wp-block-columns-is-layout-flex\">\n<div class=\"wp-block-column is-layout-flow wp-block-column-is-layout-flow\">\n<h2 class=\"wp-block-heading\">Elternmitarbeit<\/h2>\n<\/div>\n\n\n\n<div class=\"wp-block-column is-layout-flow wp-block-column-is-layout-flow\">\n<p class=\"has-small-font-size\">Elternmitarbeit ist ein wichtiger Baustein in der eigenverantwortlichen Schule. Elternmitarbeit bedeutet in erster Linie ein aktives Mitgestalten. Der Schulelternrat stellt die Verbindung zwischen Schule und Elternhaus dar. Wir als Schulelternrat verstehen es als unsere Aufgabe,&nbsp; das Schulleben aktiv mit&nbsp; zu gestalten und bem\u00fchen uns um einen konstruktiven Dialog mit der Schule. Unser Ziel ist es, das Lernumfeld unserer Kinder gemeinsam mit der Schulleitung und den Lehrern zu verbessern. Wir Elternvertreter wollen uns einmischen, wo es n\u00f6tig ist, um positive Ver\u00e4nderungen zu erm\u00f6glichen.<\/p>\n\n\n\n<h3 class=\"wp-block-heading\">Allgemeine Elternmitarbeit<\/h3>\n\n\n\n<p class=\"has-small-font-size\">F\u00fcr eine erfolgreiche Zusammenarbeit zwischen Lehrern und Eltern und somit auch den Kindern ist eine regelm\u00e4\u00dfige Teilnahme an den Elternabenden erforderlich. Dort werden wichtige Belange der ganzen Klasse besprochen und Informationen weitergeleitet.<br><br>Tradition an der GS Am Lindener Markt ist es, dass kleine Aufgaben von bestimmten Jahrg\u00e4ngen \u00fcbernommen werden:<\/p>\n\n\n\n<ul class=\"has-small-font-size wp-block-list\"><li>Der erste Jhg. \u00fcbernimmt die Gestaltung des Anmeldecaf\u00e9s der Schulanf\u00e4nger im Fr\u00fchjahr mit einem kleinen Kaffee- und Kuchenbuffet.<\/li><li>Der zweite Jhg. gestaltet das Rahmenprogramm des Einschulungstages nach den Sommerferien; w\u00e4hrend der dritte Jhg. die Ausrichtung des Einschulungscaf\u00e9s an diesem Tag \u00fcbernimmt.<\/li><li>Das Caf\u00e9 zum allj\u00e4hrlichen Weihnachtsbasar wird vom 4.Jhg best\u00fcckt.<\/li><li>M\u00f6gliche Mithilfe z.B. beim Sportfest oder bei Klassenaktionen werden \u00fcber die Elternpost durch die Schule bzw. die KlassenlehrerIn nachgefragt.<\/li><li>Die GS Am Lindener Markt hat au\u00dferdem einen lebendigen F\u00f6rderverein, der das Schulleben aller Kinder immer wieder unterst\u00fctzt und viele Aktionen erm\u00f6glicht. Auch er lebt von der Mitgliedschaft viele Eltern.<\/li><\/ul>\n\n\n\n<h3 class=\"wp-block-heading\">Aufgaben der Elternvertreter auf Klassenebene<\/h3>\n\n\n\n<p class=\"has-small-font-size\">Die Eltern einer Klasse w\u00e4hlen 2 gleichberechtigte ElternvertreterInnen, d.h. die Zust\u00e4ndigkeit ist f\u00fcr beide gleicherma\u00dfen gegeben. Beide sind damit automatisch Mitglieder im Schulelternrat (SER). Ebenso werden 2 Klassenkonferenzvertreter gew\u00e4hlt mitsamt Stellvertretern. Eine Klassenkonferenz tritt zusammen zur Besprechung der Zeugnisse bzw. Lernentwicklungsberichte und f\u00fcr den Fall, dass es ein klasseninternes Problem gibt. Aus diesem Grund ist es ratsam, wenn einer der Elternvertreter auch in der Klassenkonferenz sitzt. Die Wahl erfolgt f\u00fcr zwei Jahre.<\/p>\n<\/div>\n<\/div>\n<\/div><\/div>\n\n\n\n<div class=\"wp-block-group alignfull has-subtle-background-color has-background\"><div class=\"wp-block-group__inner-container is-layout-flow wp-block-group-is-layout-flow\">\n<div class=\"wp-block-columns alignwide tw-gutter-large tw-cols-stack-md is-layout-flex wp-container-core-columns-is-layout-d0b3c9c8 wp-block-columns-is-layout-flex\">\n<div class=\"wp-block-column is-layout-flow wp-block-column-is-layout-flow\">\n<h2 class=\"wp-block-heading\">Schulelternrat<\/h2>\n<\/div>\n\n\n\n<div class=\"wp-block-column is-layout-flow wp-block-column-is-layout-flow\">\n<h3 class=\"wp-block-heading\">Was ist der Schulelternrat ?<\/h3>\n\n\n\n<p class=\"has-small-font-size\">Der Schulelternrat (SER) ist ein eigenst\u00e4ndiges Organ der Schule nach dem NSchG. Der Schulelternrat wird nicht gew\u00e4hlt, sondern aus den beiden gleichberechtigten Elternvertreterinnen und -vertetern (EV) aller Klassenelternschaften gebildet. Die Mitglieder des Schulelternrates, deren Kinder die Schule noch nicht verlassen haben, f\u00fchren \u2013 nach Ablauf ihrer Wahlperiode \u2013 ihr Amt bis zu den Neuwahlen (l\u00e4ngstens f\u00fcr einen Zeitraum von 3 Monaten) fort. (Elternvertreter im Schulvorstand, die nicht dem SER angeh\u00f6ren, sind beratende Mitglieder des SER.)<br><br>Der SER w\u00e4hlt in seiner ersten Sitzung im Schuljahr seine Vertreterinnen und Vertreter in den Schulgremien sowie f\u00fcr den Stadtelternrat (StER) und den Regionselternrat (RegER). Zu den Schulgremien geh\u00f6ren der Schulvorstand (SV) (ca. 4 x pro Jahr), die Gesamtkonferenz (GK) (ca. 2 x pro Jahr), sowie die Fachkonferenzen (FK) (ca. 2-3 x pro Jahr).<\/p>\n\n\n\n<h3 class=\"wp-block-heading\">Aufgaben des Schulelternrates<\/h3>\n\n\n\n<p class=\"has-small-font-size\">Die Mitglieder des SER vertreten die Interessen der Elternschaft der Schule. Sie arbeiten vertrauensvoll und konstruktiv zusammen. Sie f\u00fchren ihr Amt in eigener Verantwortung und unparteiisch zum Wohl der Schule. Dieses bedingt eine vertrauensvolle Zusammenarbeit zwischen Eltern, Lehrern und Sch\u00fclern. Die Mitglieder des SER berichten in ihrer Klassenelternschaft \u00fcber ihre T\u00e4tigkeit unter Wahrung der gegebenenfalls gebotenen Vertraulichkeit.<br><br>Vom SER k\u00f6nnen alle schulischen Fragen er\u00f6rtert werden; vor allem muss der Schulelternrat vor wichtigen Entscheidungen in der Schule \u2013 z.B. bei Aufstellung von Grunds\u00e4tzen f\u00fcr die Leistungsbewertung, bei \u00c4nderungen der Organisation in der Schule, z.B. bei der Teilung von Klassen, bei der Einf\u00fchrung von neuen Schulb\u00fcchern \u2013 geh\u00f6rt werden. Die Schulleitung hat dem SER die f\u00fcr seine Arbeit erforderlichen Ausk\u00fcnfte zu geben (\u00a7 96 (3) NSchG).<br><br>Die gew\u00e4hlten ElternvertreterInnen in den Konferenzen und Aussch\u00fcssen (\u00a7 39 NSchG) berichten dem SER regelm\u00e4\u00dfig \u00fcber ihre T\u00e4tigkeit (\u00a7 96 (2) NSchG). Das Gebot der Vertraulichkeit ist gegebenenfalls zu beachten (\u00a7 41(2) NSchG). Der\/die Vorsitzende leitet die Sitzungen und Veranstaltungen des SER. Die Leitung kann im Einzelfall auf ein Mitglied des Vorstandes \u00fcbertragen werden.<br><br>Der Schulelternrat kann in Versammlungen aller Erziehungsberechtigten der Sch\u00fcler der Schule \u00fcber seine T\u00e4tigkeit berichten.<\/p>\n\n\n\n<h3 class=\"wp-block-heading\">Aufgaben der Mitglieder im Schulelternrat<\/h3>\n\n\n\n<p class=\"has-small-font-size\">Zu den Aufgaben der Elternvertreter geh\u00f6ren:<\/p>\n\n\n\n<ul class=\"has-small-font-size wp-block-list\"><li>der Besuch der SER-Sitzung<\/li><li>die Information der Klassenelternschaften in Form eines Berichts \u2013auch m\u00fcndlich- \u00fcber die SER-Sitzung auf den Klassenelternabenden.<\/li><li>die Ausf\u00fchrung der Beschl\u00fcsse des SER auf den Klassenelternabenden<\/li><li>die Information des SER \u00fcber in den Klassen gefasste Beschl\u00fcsse.Die EV der Klassenelternschaften sollen ihre Post regelm\u00e4\u00dfig lesen, sofern sie \u00fcber einen Internetzugang verf\u00fcgen, und diese Informationen an ihre per E-Mail nicht erreichbaren Partner aus den Klassenelternschaften weitergeben. Falls kein EV einer Klassenelternschaft \u00fcber das Internet erreichbar ist, ist der SER-Vorstand f\u00fcr die Weiterleitung der Informationen verantwortlich<\/li><\/ul>\n<\/div>\n<\/div>\n<\/div><\/div>\n\n\n\n<div class=\"wp-block-group alignfull has-green-background-color has-background\"><div class=\"wp-block-group__inner-container is-layout-flow wp-block-group-is-layout-flow\">\n<div class=\"wp-block-columns alignwide tw-gutter-large tw-cols-stack-md is-layout-flex wp-container-core-columns-is-layout-d0b3c9c8 wp-block-columns-is-layout-flex\">\n<div class=\"wp-block-column is-layout-flow wp-block-column-is-layout-flow\">\n<h2 class=\"wp-block-heading\">F\u00f6rderverein<\/h2>\n<\/div>\n\n\n\n<div class=\"wp-block-column is-layout-flow wp-block-column-is-layout-flow\">\n<h3 class=\"wp-block-heading\">Wer sind wir ?<\/h3>\n\n\n\n<p class=\"has-small-font-size\">Der F\u00f6rderverein ist ein Zusammenschluss von Eltern, Lehrerinnen und Lehrern, Freunden und Gesch\u00e4ftsleuten im Stadtteil Hannover-Linden. Der Verein ist im Vereinsregister eingetragen und wegen des Vereinszwecks \u201eF\u00f6rderung der Erziehung\u201c als gemeinn\u00fctzig anerkannt. Gegr\u00fcndet wurde der F\u00f6rderverein 1994 auf Initiative der Elternschaft der Schule.<\/p>\n\n\n\n<h3 class=\"wp-block-heading\">Was wir wollen: Eine Schule f\u00fcr alle !<\/h3>\n\n\n\n<p class=\"has-small-font-size\">Wir halten die Zeit in der Grundschule f\u00fcr unsere Kinder im Alter von 6 bis 11 Jahren f\u00fcr einen entscheidenden Lebensabschnitt. Wir wollen helfen, dass sich unsere Kindern der Grundschule wohl f\u00fchlen. Es ist uns wichtig, dass alle Kinder, deutsche oder ausl\u00e4ndische, behindert oder nicht, arm oder reich, die Schule als ihren gemeinsamen Lebensraum erfahren. Alle Kinder sind bei Klassenfahrten und Ausfl\u00fcgen, Theaterbesuchen usw. dabei. Niemand soll zu Hause bleiben m\u00fcssen, weil das Geld fehlt.<br><br>Die Finanzierung unserer Vorstellungen vom Schulleben wird durch den Schultr\u00e4ger, die Stadt Hannover, derzeit nur unzureichend gew\u00e4hrleistet. Die Schule ist deshalb auf die Unterst\u00fctzung durch Eltern, Freunde und Sponsoren angewiesen! Der F\u00f6rderverein der Grundschule am Lindener Markt ist die Organisation, die zus\u00e4tzliches Geld einwirbt und im Sinne unserer Kinder verteilt.<\/p>\n\n\n\n<h3 class=\"wp-block-heading\">Was wir schon tun<\/h3>\n\n\n\n<p class=\"has-small-font-size\">In den vergangen Jahren konnten mit Hilfe des F\u00f6rdervereins folgende Projekte erm\u00f6glicht werden:<\/p>\n\n\n\n<ul class=\"has-small-font-size wp-block-list\"><li>Zusch\u00fcsse f\u00fcr verschiedenste Bereiche des schulischen Lebens, wie z.B. Klassenfahrten, Schulfeste, Theaterprojekte, die Schulk\u00fcche oder die Aufr\u00fcstung von Computern wurden und werden geleistet.<\/li><li>Der Schulkiosk bietet den Kindern in den gro\u00dfen Pausen an mehreren Tagen der Woche ein gesundes Fr\u00fchst\u00fcck an.<\/li><li>Die Gestaltung des Schulhofes nach der Sanierung wurde finanziert; neue Spielger\u00e4te wurden beschafft.<\/li><li>Die Bewegungsstation, die im Jahre 2002 er\u00f6ffnet werden konnte, bietet Kindern die M\u00f6glichkeit, Spiel- und Sportger\u00e4te auszuleihen. Sportger\u00e4te f\u00fcr Turnhalleund Bewegungsstation werden bezuschusst.<\/li><li>Alle vier Jahre wird erm\u00f6glicht, dass eine Woche lang der Mitmach-Zirkus \u201eRasch\u201c auf dem Schulhof gastiert und eine tolle Projektwoche zum Thema stattfindet.<\/li><li>Unterst\u00fctzung f\u00fcr besondere Projekte wie das Musical \u201eTushi Pamoja\u201c, die von der Musikschule begleitet, von den Kindern einstudiert und mehrfach aufgef\u00fchrt werden.<\/li><li>Nicht zuletzt erm\u00f6glicht der F\u00f6rderverein ein, \u00fcber den Unterricht hinausgehendes, zus\u00e4tzliches Angebot f\u00fcr die Kinder, indem er Projektmittel f\u00fcr die Besch\u00e4ftigung von Arbeitskr\u00e4ften im sozialp\u00e4dagogischen Bereich einwirbt.<\/li><\/ul>\n\n\n\n<p><a href=\"http:\/\/wordpress.nibis.de\/gslima\/files\/2024\/06\/Beitrittserkla\u0308rung.pdf\" data-type=\"URL\" data-id=\"http:\/\/wordpress.nibis.de\/gslima\/files\/2024\/06\/Beitrittserkla\u0308rung.pdf\">Laden Sie hier<\/a> (Rechtsklick &#8211; Ziel speichern unter) die Beitrittserkl\u00e4rung herunter\u00a0und werden Sie direkt Mitglied. Das Formular k\u00f6nnen Sie uns per E-mail zusenden oder bei der Klassenleitung Ihres Kindes sowie im Sekretariat der Schule abgeben.\u00a0Sollten Sie noch Fragen haben kontaktieren Sie uns gerne unter:<br><br><a href=\"&#x6d;a&#x69;&#108;&#x74;&#x6f;:&#x66;&#111;&#x65;&#x72;d&#x65;&#114;&#x76;&#x65;r&#x65;&#105;&#x6e;&#x40;g&#x73;&#45;&#x6c;&#x69;m&#x61;&#46;&#x64;&#x65;\" data-type=\"mailto\" data-id=\"m&#97;&#x69;&#x6c;t&#111;&#58;&#x66;&#x6f;e&#114;&#x64;&#x65;r&#118;&#101;&#x72;&#x65;i&#110;&#x40;&#x67;s&#45;&#108;&#x69;&#x6d;a&#46;&#x64;&#x65;\">f&#111;&#x65;&#x72;d&#101;&#114;&#x76;&#x65;r&#101;&#x69;&#x6e;&#64;&#103;&#115;&#x2d;&#x6c;i&#109;&#x61;&#x2e;d&#101;<\/a><\/p>\n<\/div>\n<\/div>\n<\/div><\/div>\n","protected":false},"excerpt":{"rendered":"<p>Elternmitarbeit Elternmitarbeit ist ein wichtiger Baustein in der eigenverantwortlichen Schule. Elternmitarbeit bedeutet in erster Linie ein aktives Mitgestalten. Der Schulelternrat stellt die Verbindung zwischen Schule und Elternhaus dar. Wir als Schulelternrat verstehen es als unsere Aufgabe,&nbsp; das Schulleben aktiv mit&nbsp; zu gestalten und bem\u00fchen uns um einen konstruktiven Dialog mit der Schule. Unser Ziel ist&hellip; <a class=\"more-link\" href=\"https:\/\/wordpress.nibis.de\/gslima\/die-elternschaft\/\"><span class=\"screen-reader-text\">Die Elternschaft<\/span> weiterlesen<\/a><\/p>\n","protected":false},"author":9194019,"featured_media":0,"parent":0,"menu_order":0,"comment_status":"closed","ping_status":"closed","template":"","meta":{"footnotes":""},"class_list":["post-223","page","type-page","status-publish","hentry","entry"],"_links":{"self":[{"href":"https:\/\/wordpress.nibis.de\/gslima\/wp-json\/wp\/v2\/pages\/223","targetHints":{"allow":["GET"]}}],"collection":[{"href":"https:\/\/wordpress.nibis.de\/gslima\/wp-json\/wp\/v2\/pages"}],"about":[{"href":"https:\/\/wordpress.nibis.de\/gslima\/wp-json\/wp\/v2\/types\/page"}],"author":[{"embeddable":true,"href":"https:\/\/wordpress.nibis.de\/gslima\/wp-json\/wp\/v2\/users\/9194019"}],"replies":[{"embeddable":true,"href":"https:\/\/wordpress.nibis.de\/gslima\/wp-json\/wp\/v2\/comments?post=223"}],"version-history":[{"count":35,"href":"https:\/\/wordpress.nibis.de\/gslima\/wp-json\/wp\/v2\/pages\/223\/revisions"}],"predecessor-version":[{"id":2285,"href":"https:\/\/wordpress.nibis.de\/gslima\/wp-json\/wp\/v2\/pages\/223\/revisions\/2285"}],"wp:attachment":[{"href":"https:\/\/wordpress.nibis.de\/gslima\/wp-json\/wp\/v2\/media?parent=223"}],"curies":[{"name":"wp","href":"https:\/\/api.w.org\/{rel}","templated":true}]}}