{"id":231,"date":"2022-08-30T13:19:48","date_gmt":"2022-08-30T11:19:48","guid":{"rendered":"https:\/\/wordpress.nibis.de\/gslima\/?page_id=231"},"modified":"2026-03-10T11:12:21","modified_gmt":"2026-03-10T10:12:21","slug":"allgemeines","status":"publish","type":"page","link":"https:\/\/wordpress.nibis.de\/gslima\/ganztag\/allgemeines\/","title":{"rendered":"Allgemeines"},"content":{"rendered":"\n<div class=\"wp-block-group alignfull has-subtle-background-color has-background\"><div class=\"wp-block-group__inner-container is-layout-flow wp-block-group-is-layout-flow\">\n<div class=\"wp-block-columns alignwide tw-cols-stack-md tw-gutter-large is-layout-flex wp-container-core-columns-is-layout-d0b3c9c8 wp-block-columns-is-layout-flex\">\n<div class=\"wp-block-column is-layout-flow wp-block-column-is-layout-flow\">\n<h2 class=\"wp-block-heading\">Organisation<\/h2>\n<\/div>\n\n\n\n<div class=\"wp-block-column is-layout-flow wp-block-column-is-layout-flow\">\n<p>Zwei Koordinationskr\u00e4fte und ein diverses, multiprofessionelles Team unseres Kooperationspartners \u00fcbernehmen in Abstimmung und gemeinsam mit Kolleg:innen des schulischen Vormittags die Begleitung unserer Ganztagskinder. <br>Im Rahmen dessen sind alle Kinder einer festen Gruppe zugeteilt. Aktuell haben wir elf Ganztagsgruppen. Im ersten und zweiten Jahrgang arbeiten wir teilweise jahrgangsintern <em>und<\/em> offen. Ganztagskinder des dritten und vierten Jahrgangs sind jahrgangs\u00fcbergreifend offen organisiert.<\/p>\n<\/div>\n<\/div>\n<\/div><\/div>\n\n\n\n<div class=\"wp-block-group alignfull has-yellow-background-color has-background\"><div class=\"wp-block-group__inner-container is-layout-flow wp-block-group-is-layout-flow\">\n<div class=\"wp-block-columns alignwide tw-cols-stack-md tw-gutter-large is-layout-flex wp-container-core-columns-is-layout-d0b3c9c8 wp-block-columns-is-layout-flex\">\n<div class=\"wp-block-column is-layout-flow wp-block-column-is-layout-flow\">\n<h2 class=\"wp-block-heading\">Struktur<\/h2>\n<\/div>\n\n\n\n<div class=\"wp-block-column is-layout-flow wp-block-column-is-layout-flow\">\n<p><strong>Erster Jahrgang:<\/strong><br>12:00 &#8211; 12:55 Uhr: Mittagessen (Verl\u00e4ssliche Grundschule)<br>13:00 &#8211; 14:30 Uhr: Hausaufgaben, gruppeninterne Begleitung &amp; flexibler Mittag<\/p>\n\n\n\n<p><strong>Zweiter Jahrgang:<\/strong><br>13:00 &#8211; 14:30 Uhr: Mittagessen, Hausaufgaben &amp; flexibler Mittag<br>14:30 &#8211; 16:00 Uhr: Gruppen- und jahrgangsinterne Angebote<\/p>\n\n\n\n<p><strong>Dritter &amp; Vierter Jahrgang:<\/strong><br>13:00 &#8211; 14:30 Uhr: Flexibler Mittag (Mittagessen, freies und angeleitetes Spielen in unterschiedlichen R\u00e4umen oder auf dem Schulhof &amp; Hausaufgaben)<br>14:30 &#8211; 16:00 Uhr: AG-Angebote<\/p>\n\n\n\n<p><strong>Montags:<\/strong> Alle Ganztagskinder aus den Jahrg\u00e4ngen 3 &amp; 4 haben in der Zeit von 13:00 bis 13:45 eine <em>verpflichtende<\/em> Lernzeit, in der sie Hausaufgaben oder andere Schularbeiten erledigen m\u00fcssen.<\/p>\n<p><strong>Dienstags bis Donnerstags:\u00a0<\/strong>Alle Ganztagskinder aus den Jahrg\u00e4ngen 3 &amp; 4 haben in der Zeit von 13:00 bis 13:45 Uhr die M\u00f6glichkeit im Rahmen des flexiblen Mittags <em>freiwillig<\/em> in zwei Klassenr\u00e4umen Hausaufgaben oder andere Schularbeiten zu erledigen.<\/p>\n\n\n\n<p>Ab 14:30 Uhr k\u00f6nnen die Kinder des 3. und 4. Jahrgangs zwischen verschiedenen AG-Angeboten w\u00e4hlen. Die Angebote werden immer f\u00fcr ein gesamtes Schuljahr fest gew\u00e4hlt. Die Wahlen finden immer innerhalb des Ganztags statt. Durchgef\u00fchrt werden die Angebote sowohl von externen Kooperationspartnern, als auch von Mitarbeitenden des Ganztagsteams.<br><\/p>\n<\/div>\n<\/div>\n<\/div><\/div>\n\n\n\n<div class=\"wp-block-group alignfull has-blue-background-color has-background\"><div class=\"wp-block-group__inner-container is-layout-flow wp-block-group-is-layout-flow\">\n<div class=\"wp-block-columns alignwide tw-cols-stack-md tw-gutter-large is-layout-flex wp-container-core-columns-is-layout-d0b3c9c8 wp-block-columns-is-layout-flex\">\n<div class=\"wp-block-column is-layout-flow wp-block-column-is-layout-flow\">\n<h2 class=\"wp-block-heading\">P\u00e4dagogische Zielsetzung<\/h2>\n<\/div>\n\n\n\n<div class=\"wp-block-column is-layout-flow wp-block-column-is-layout-flow\">\n<p>Als <em>Schule f\u00fcr alle<\/em> m\u00f6chten wir unseren Ganztagssch\u00fcler:innen die Schule als Ort des Lernens &amp; Lebens erlebbar machen. Die vielen, auf unserem Gel\u00e4nde verbrachten, Stunden er\u00f6ffnen den Kindern vielf\u00e4ltige Erfahrungswelten.  <\/p>\n\n\n\n<p>Gemeinsam mit den Sch\u00fcler:innen m\u00f6chten wir innerhalb dieser eine positive und wertsch\u00e4tzende Atmosph\u00e4re f\u00fcr alle schaffen. Im Rahmen der uns vorgegebenen zeitlichen und organisatorischen Struktur bieten wir den Kindern sowohl M\u00f6glichkeiten zur eigenst\u00e4ndigen Gestaltung der Freizeit, als auch zur Teilhabe an angeleiteten Aktivit\u00e4ten. Erlangung und St\u00e4rkung schulisch relevanter Ressourcen sind dabei ebenso ein Kernelement unserer Arbeit, wie die m\u00f6glichst freie Entfaltung einer jeden Pers\u00f6nlichkeit.<br><br>Dar\u00fcberhinaus arbeiten wir an einer Vernetzung mit Vereinen und Institutionen unseres Stadtteils. So m\u00f6chten wir die H\u00fcrden zu Angeboten gesellschaftlicher Teilhabe im au\u00dferschulischen Bereich f\u00fcr unsere Sch\u00fclerschaft senken.<br>Als politische Vertretung der Sportvereine unserer Stadt pflegen wir, der Stadtsportbund Hannover e.V., besonders gute Beziehungen zu diesen.  <br><br>Wir freuen uns darauf, Ihre Kinder im Ganztag begr\u00fc\u00dfen zu k\u00f6nnen!<\/p>\n<\/div>\n<\/div>\n<\/div><\/div>\n\n\n\n<div class=\"wp-block-columns alignwide is-layout-flex wp-container-core-columns-is-layout-d0b3c9c8 wp-block-columns-is-layout-flex\">\n<div class=\"wp-block-column is-layout-flow wp-block-column-is-layout-flow\">\n<p class=\"has-h-2-font-size\">Anmeldung<\/p>\n<\/div>\n\n\n\n<div class=\"wp-block-column is-layout-flow wp-block-column-is-layout-flow\">\n<p>Die Anmeldung zum Ganztag ist f\u00fcr ein <em>gesamtes<\/em> Schuljahr bindend. Eine erneute Abfrage zum Schulhalbjahr erfolgt nicht. Zum jeweiligen Halbjahreswechsel sind Neuanmeldungen nur nach Absprache und in Ausnahmef\u00e4llen m\u00f6glich. <\/p>\n<\/div>\n<\/div>\n\n\n","protected":false},"excerpt":{"rendered":"<p>Organisation Zwei Koordinationskr\u00e4fte und ein diverses, multiprofessionelles Team unseres Kooperationspartners \u00fcbernehmen in Abstimmung und gemeinsam mit Kolleg:innen des schulischen Vormittags die Begleitung unserer Ganztagskinder. Im Rahmen dessen sind alle Kinder einer festen Gruppe zugeteilt. Aktuell haben wir elf Ganztagsgruppen. Im ersten und zweiten Jahrgang arbeiten wir teilweise jahrgangsintern und offen. Ganztagskinder des dritten und vierten&hellip; <a class=\"more-link\" href=\"https:\/\/wordpress.nibis.de\/gslima\/ganztag\/allgemeines\/\"><span class=\"screen-reader-text\">Allgemeines<\/span> weiterlesen<\/a><\/p>\n","protected":false},"author":9194019,"featured_media":0,"parent":180,"menu_order":0,"comment_status":"closed","ping_status":"closed","template":"","meta":{"footnotes":""},"class_list":["post-231","page","type-page","status-publish","hentry","entry"],"_links":{"self":[{"href":"https:\/\/wordpress.nibis.de\/gslima\/wp-json\/wp\/v2\/pages\/231","targetHints":{"allow":["GET"]}}],"collection":[{"href":"https:\/\/wordpress.nibis.de\/gslima\/wp-json\/wp\/v2\/pages"}],"about":[{"href":"https:\/\/wordpress.nibis.de\/gslima\/wp-json\/wp\/v2\/types\/page"}],"author":[{"embeddable":true,"href":"https:\/\/wordpress.nibis.de\/gslima\/wp-json\/wp\/v2\/users\/9194019"}],"replies":[{"embeddable":true,"href":"https:\/\/wordpress.nibis.de\/gslima\/wp-json\/wp\/v2\/comments?post=231"}],"version-history":[{"count":31,"href":"https:\/\/wordpress.nibis.de\/gslima\/wp-json\/wp\/v2\/pages\/231\/revisions"}],"predecessor-version":[{"id":2441,"href":"https:\/\/wordpress.nibis.de\/gslima\/wp-json\/wp\/v2\/pages\/231\/revisions\/2441"}],"up":[{"embeddable":true,"href":"https:\/\/wordpress.nibis.de\/gslima\/wp-json\/wp\/v2\/pages\/180"}],"wp:attachment":[{"href":"https:\/\/wordpress.nibis.de\/gslima\/wp-json\/wp\/v2\/media?parent=231"}],"curies":[{"name":"wp","href":"https:\/\/api.w.org\/{rel}","templated":true}]}}