{"id":233,"date":"2022-08-30T13:20:05","date_gmt":"2022-08-30T11:20:05","guid":{"rendered":"https:\/\/wordpress.nibis.de\/gslima\/?page_id=233"},"modified":"2024-11-11T11:06:27","modified_gmt":"2024-11-11T10:06:27","slug":"erreichbarkeit","status":"publish","type":"page","link":"https:\/\/wordpress.nibis.de\/gslima\/ganztag\/erreichbarkeit\/","title":{"rendered":"Erreichbarkeit"},"content":{"rendered":"\n<div class=\"wp-block-group alignfull\"><div class=\"wp-block-group__inner-container is-layout-flow wp-block-group-is-layout-flow\">\n<div class=\"wp-block-columns alignwide are-vertically-aligned-center tw-gutter-large tw-cols-stack-md is-layout-flex wp-container-core-columns-is-layout-d0b3c9c8 wp-block-columns-is-layout-flex\">\n<div class=\"wp-block-column is-vertically-aligned-center is-layout-flow wp-block-column-is-layout-flow\">\n<h2 class=\"has-medium-font-size wp-block-heading\">Ganztagskoordination der Grundschule am Lindener Markt<\/h2>\n\n\n\n<p class=\"has-medium-font-size\">Unser B\u00fcro befindet sich im Erdgeschoss und ist in der Regel von\u00a0<strong>montags bis freitags von 9:00 \u2013 15:30 Uhr<\/strong>\u00a0\u00a0besetzt.<\/p>\n\n\n\n<p class=\"has-medium-font-size\">Gerne sind wir auch pers\u00f6nlich f\u00fcr Ihre Fragen und Anliegen da. Aufgrund von ausw\u00e4rtigen Terminen k\u00f6nnen wir eine sofortige pers\u00f6nliche Erreichbarkeit jedoch nicht immer garantieren.<\/p>\n\n\n\n<p class=\"has-medium-font-size\"> <br><\/p>\n<\/div>\n\n\n\n<div class=\"wp-block-column is-vertically-aligned-center is-layout-flow wp-block-column-is-layout-flow\">\n<div class=\"wp-block-group has-white-background-color has-background tw-shadow\"><div class=\"wp-block-group__inner-container is-layout-flow wp-block-group-is-layout-flow\">\n<h3 class=\"tw-mb-2 has-small-font-size wp-block-heading\"><strong>Zust\u00e4ndige Personen<\/strong><\/h3>\n\n\n\n<p class=\"has-small-font-size\">Marina Mewes <br>Lisa Koppehel<\/p>\n\n\n\n<h3 class=\"tw-mb-2 has-small-font-size wp-block-heading\"><strong>Telefon<\/strong><\/h3>\n\n\n\n<p class=\"has-small-font-size\">0511 16831302 mit Anrufbeantworter<\/p>\n\n\n\n<h3 class=\"has-small-font-size wp-block-heading\"><strong>Handy<\/strong> (nur w\u00e4hrend der Ferienbetreuung)<\/h3>\n\n\n\n<p class=\"has-small-font-size\">0151 65456578 <\/p>\n\n\n\n<h3 class=\"tw-mb-2 has-small-font-size wp-block-heading\"><strong>Email<\/strong><\/h3>\n\n\n\n<p class=\"tw-link-hover-underline has-small-font-size\">&#103;s&#x2e;l&#x69;&#110;&#x64;&#101;&#x6e;&#101;r&#x6d;a&#x72;&#107;&#x74;&#45;&#x6b;&#111;&#x40;&#115;s&#x62;-&#x68;&#97;&#x6e;&#110;&#x6f;&#118;e&#x72;&#46;&#x64;&#101;<\/p>\n<\/div><\/div>\n<\/div>\n<\/div>\n<\/div><\/div>\n","protected":false},"excerpt":{"rendered":"<p>Ganztagskoordination der Grundschule am Lindener Markt Unser B\u00fcro befindet sich im Erdgeschoss und ist in der Regel von\u00a0montags bis freitags von 9:00 \u2013 15:30 Uhr\u00a0\u00a0besetzt. Gerne sind wir auch pers\u00f6nlich f\u00fcr Ihre Fragen und Anliegen da. Aufgrund von ausw\u00e4rtigen Terminen k\u00f6nnen wir eine sofortige pers\u00f6nliche Erreichbarkeit jedoch nicht immer garantieren. Zust\u00e4ndige Personen Marina Mewes Lisa&hellip; <a class=\"more-link\" href=\"https:\/\/wordpress.nibis.de\/gslima\/ganztag\/erreichbarkeit\/\"><span class=\"screen-reader-text\">Erreichbarkeit<\/span> weiterlesen<\/a><\/p>\n","protected":false},"author":9194019,"featured_media":0,"parent":180,"menu_order":0,"comment_status":"closed","ping_status":"closed","template":"","meta":{"footnotes":""},"class_list":["post-233","page","type-page","status-publish","hentry","entry"],"_links":{"self":[{"href":"https:\/\/wordpress.nibis.de\/gslima\/wp-json\/wp\/v2\/pages\/233","targetHints":{"allow":["GET"]}}],"collection":[{"href":"https:\/\/wordpress.nibis.de\/gslima\/wp-json\/wp\/v2\/pages"}],"about":[{"href":"https:\/\/wordpress.nibis.de\/gslima\/wp-json\/wp\/v2\/types\/page"}],"author":[{"embeddable":true,"href":"https:\/\/wordpress.nibis.de\/gslima\/wp-json\/wp\/v2\/users\/9194019"}],"replies":[{"embeddable":true,"href":"https:\/\/wordpress.nibis.de\/gslima\/wp-json\/wp\/v2\/comments?post=233"}],"version-history":[{"count":13,"href":"https:\/\/wordpress.nibis.de\/gslima\/wp-json\/wp\/v2\/pages\/233\/revisions"}],"predecessor-version":[{"id":2105,"href":"https:\/\/wordpress.nibis.de\/gslima\/wp-json\/wp\/v2\/pages\/233\/revisions\/2105"}],"up":[{"embeddable":true,"href":"https:\/\/wordpress.nibis.de\/gslima\/wp-json\/wp\/v2\/pages\/180"}],"wp:attachment":[{"href":"https:\/\/wordpress.nibis.de\/gslima\/wp-json\/wp\/v2\/media?parent=233"}],"curies":[{"name":"wp","href":"https:\/\/api.w.org\/{rel}","templated":true}]}}